{"id":1107,"date":"2021-11-15T09:48:05","date_gmt":"2021-11-15T09:48:05","guid":{"rendered":"https:\/\/teamsorare.com\/?page_id=1107"},"modified":"2021-11-17T20:50:26","modified_gmt":"2021-11-17T20:50:26","slug":"ressourcen-und-werkzeuge","status":"publish","type":"page","link":"https:\/\/teamsorare.com\/de\/universitaet\/ressourcen-und-werkzeuge\/","title":{"rendered":"Sorare Resources und Links \u2013 Die besten Tools 2022"},"content":{"rendered":"\n<p>Niemand kann bei <a href=\"https:\/\/teamsorare.com\/go\/sorare\" target=\"_blank\" rel=\"noreferrer noopener sponsored nofollow\">Sorare<\/a> erfolgreich sein ohne auf entsprechende Tools zur\u00fcck zu greifen. Die besten Manager bauen ihre eigenen Tools um sie bei Scouting, Einkauf und Management zu unterst\u00fctzen. Aber diese Manager verdienen auch vierstellig im Monat und da lohnt sich das nat\u00fcrlich. Wenn du anf\u00e4ngst, sieht es wohl erstmal anders aus und du solltest nutzen was kostenlos verf\u00fcgbar ist. Das Gute ist: hier gibt es auch schon einige Resourcen, die du nutzen kannst. Wir stellen sie dir hier vor und priorisieren diese Liste. Das hei\u00dft, die Resourcen und Links sind absteigend nach ihrem Nutzen:<\/p>\n\n\n\n<h2 class=\"wp-block-heading\">#1: Soraredata<\/h2>\n\n\n\n<p>Eigentlich ein kurzes Wochenendprojekt aber daraus hat sich ein echtes Startup entwickelt in das inzwischen sogar Sorare selbst investiert ist. Ansonsten k\u00f6nntest du dich nicht einfach mit deinem Sorare Konto dort registrieren. Das solltest du auch tun, denn damit kannst du deinen Kader von Sorare \u00fcber Soraredata managen und z.B. Spieleraufstellungen machen \u2013 zumindest als Entwurf.<\/p>\n\n\n\n<p><a href=\"https:\/\/www.soraredata.com\/\">Soraredata<\/a> ist mit Abstand das beste Tool das du f\u00fcr Sorare nutzen kannst und es ist vor allem f\u00fcrs Scouting der beste Einstieg. Sprich, du kannst die Auktionen und Transferm\u00e4rkte entsprechend filtern. Das ist auch wichtig, denn der Filter bei Sorare selbst ist sehr vereinfacht und erlaubt kein detailliertes Scouting. Du kannst damit z.B. zu teure Auktionen oder Angebote auf dem Transfermarkt ausschlie\u00dfen.<\/p>\n\n\n\n<p>Mit dem \u201eCard Finder\u201c ist es m\u00f6glich unabh\u00e4ngig vom Angebot bestimmte Spieler genau nach deinen Kriterien zu finden. Dir sind hier wirklich wenig Grenzen gesetzt und am besten spielst du selbst einmal damit herum.<\/p>\n\n\n\n<p>Du musst dich allerdings einloggen um diese Funktionen nutzen zu k\u00f6nnen und auch um die Details der jeweiligen Spieler einzusehen. Daf\u00fcr verkn\u00fcpfst du am besten Sorare mit Soraredata. Damit erlaubst du lediglich Lesezugriff auf deine Spieler. Soraredata kann mit deinen Spielern nichts machen. Du brauchst also keine Angst zu haben, dass sie dir einfach deine Aufstellung durcheinander bringen. Hast du dich auf diesem Weg eingeloggt kannst du alle Funktionen nutzen.<\/p>\n\n\n\n<p>Und eine weitere hilfreiche Funktion dabei ist das Aufstellungs-Tool. Dieses zeigt nicht nur den Punktewert des letzten Spiels an, sondern die erwarteten Punkte aufgrund des bevorstehenden Gegners. Das ist ein sehr wichtiger Unterschied, denn du m\u00f6chtest ja im folgenden Spiel gut punkten und nicht in der Vergangenheit. So kannst du jedenfalls bessere Entscheidungen f\u00fcr deine Aufstellung treffen und abspeichern.<\/p>\n\n\n\n<p class=\"has-text-align-center\"><br><strong>Bitte beachte: Soraredata \u00fcbernimmt nicht die Teamanmeldung f\u00fcr dich, sondern hilft lediglich bei der Aufstellung. Du musst noch selbst manuell bei Sorare deine Spieler melden.<\/strong><\/p>\n\n\n\n<p><strong>Fazit<\/strong>: Aktuell kommt kein Tool an Soraredata heran. Es ist kostenlos und liefert einfach die Grundlage f\u00fcr 80% deiner erfolgreichen Managert\u00e4tigkeit.<\/p>\n\n\n\n<figure class=\"wp-block-image size-large\"><img loading=\"lazy\" decoding=\"async\" width=\"1024\" height=\"707\" src=\"https:\/\/teamsorare.com\/wp-content\/uploads\/sites\/2\/2021\/11\/Soraredata-1024x707.png\" alt=\"\" class=\"wp-image-1108\" srcset=\"https:\/\/teamsorare.com\/de\/wp-content\/uploads\/sites\/2\/2021\/11\/Soraredata-1024x707.png 1024w, https:\/\/teamsorare.com\/de\/wp-content\/uploads\/sites\/2\/2021\/11\/Soraredata-300x207.png 300w, https:\/\/teamsorare.com\/de\/wp-content\/uploads\/sites\/2\/2021\/11\/Soraredata-768x530.png 768w, https:\/\/teamsorare.com\/de\/wp-content\/uploads\/sites\/2\/2021\/11\/Soraredata.png 1350w\" sizes=\"auto, (max-width: 1024px) 100vw, 1024px\" \/><\/figure>\n\n\n\n<h2 class=\"wp-block-heading\">#2: Transfermarkt.com<\/h2>\n\n\n\n<p>Es gibt gewisse Dinge, die mit Soraredata nicht m\u00f6glich sind. Hierf\u00fcr muss man wiederum andere Quellen heran ziehen. Eine davon ist z.B. <a href=\"https:\/\/www.transfermarkt.com\/\">Transfermarkt<\/a> weil man dar\u00fcber wichtige Infos zu einzelnen Spielern einholen kann. Au\u00dferdem ist diese Seite bei Transferger\u00fcchten die erste Anlaufstelle. Auch das ist kein unwichtiger Faktor. Du solltest wissen ob ein Spieler evtl. in eine Liga wechselt, die nicht von Sorare abgedeckt wird. Oder wenn ein Stammspieler von einem schwachen, zu einem starken Club wechselt wo er mehr Konkurrenz hat. Auch solltest du wissen ob ein Spieler in der Nationalmannschaft spielt, welche Verletzungshistorie er hat, usw. So ziemlich alles ist \u00fcber Transfermarkt mit etwas eigener Recherche herauszufinden. Auch kannst du einsehen welche genaue Position der Spieler spielt, ob er oft rot-gef\u00e4hrdet ist, etc.<\/p>\n\n\n\n<p class=\"has-text-align-center\"><strong>Kurz gesagt: Transfermarkt erlaubt es dir sehr gut ins Detail zu gehen und einen Spieler bzw. dessen zuk\u00fcnftige Performance und Marktwertentwicklung besser zu beurteilen.<\/strong><\/p>\n\n\n\n<figure class=\"wp-block-image size-large\"><img loading=\"lazy\" decoding=\"async\" width=\"1024\" height=\"808\" src=\"https:\/\/teamsorare.com\/wp-content\/uploads\/sites\/2\/2021\/11\/Transfermarkt-1024x808.png\" alt=\"\" class=\"wp-image-1109\" srcset=\"https:\/\/teamsorare.com\/de\/wp-content\/uploads\/sites\/2\/2021\/11\/Transfermarkt-1024x808.png 1024w, https:\/\/teamsorare.com\/de\/wp-content\/uploads\/sites\/2\/2021\/11\/Transfermarkt-300x237.png 300w, https:\/\/teamsorare.com\/de\/wp-content\/uploads\/sites\/2\/2021\/11\/Transfermarkt-768x606.png 768w, https:\/\/teamsorare.com\/de\/wp-content\/uploads\/sites\/2\/2021\/11\/Transfermarkt.png 1052w\" sizes=\"auto, (max-width: 1024px) 100vw, 1024px\" \/><\/figure>\n\n\n\n<h2 class=\"wp-block-heading\">#3: Rotowire<\/h2>\n\n\n\n<p>Vor allem f\u00fcr American Football bekannt, aber auch eine sehr gute Quelle f\u00fcr Fu\u00dfball, insbesondere wenn es um die Premier League geht. Was <a href=\"https:\/\/www.rotowire.com\/soccer\/\">Rotowire<\/a> z.B. besser macht als Transfermarkt ist die Verletzungshistorie und aktuelle Verletzungen besser darzustellen. Hier hat Rotowire scheinbar deutlich bessere Daten zur Verf\u00fcgung und wei\u00df immer sehr genau bescheid wie es um einen Spieler bestellt ist. Ebenfalls sehr interessant ist, dass man die \u201eScoring Historie\u201c verschiedenstener Fantasy Football Seiten ansehen kann wie z.B. FanDuel, Draftkings, Yahoo und auch Sorare. Man sieht somit sehr genau wo die St\u00e4rken und Schw\u00e4chen liegen und eben auch wie wahrscheinlich es ist, dass der Spieler trotz einer (auskurierten) Verletzung spielen wird.<\/p>\n\n\n\n<p>Rotowire hat auch eine Bezahlversion, die noch mehr Insights liefert. Allerdings ist die kostenlose Version in der Regel ausreichend.<\/p>\n\n\n\n<figure class=\"wp-block-image size-large\"><img loading=\"lazy\" decoding=\"async\" width=\"1024\" height=\"768\" src=\"https:\/\/teamsorare.com\/wp-content\/uploads\/sites\/2\/2021\/11\/Rotowire-1024x768.png\" alt=\"\" class=\"wp-image-1110\" srcset=\"https:\/\/teamsorare.com\/de\/wp-content\/uploads\/sites\/2\/2021\/11\/Rotowire-1024x768.png 1024w, https:\/\/teamsorare.com\/de\/wp-content\/uploads\/sites\/2\/2021\/11\/Rotowire-300x225.png 300w, https:\/\/teamsorare.com\/de\/wp-content\/uploads\/sites\/2\/2021\/11\/Rotowire-768x576.png 768w, https:\/\/teamsorare.com\/de\/wp-content\/uploads\/sites\/2\/2021\/11\/Rotowire.png 1222w\" sizes=\"auto, (max-width: 1024px) 100vw, 1024px\" \/><\/figure>\n\n\n\n<h2 class=\"wp-block-heading\">#4 ScoutPad<\/h2>\n\n\n\n<p>Nun sind wir bei einem Tool angelangt, das auch von echten Scouts eingesetzt wird um Talente zu finden. Die Gratisversion ist recht limitiert aber f\u00fcr die meisten Manager ebenfalls ausreichend. Du kannst allerdings nur 5 Spieler auf die Watchlist setzen und bekommst nicht ann\u00e4hernd so viele Details zum Spieler.<\/p>\n\n\n\n<p><a href=\"https:\/\/scoutpad.com\/\">ScoutPad<\/a> ist vor allem interessant wenn du in U23 Ligen spielst und wirklich so fr\u00fch wie m\u00f6glich Talente unter Vertrag nehmen willst. Wahrscheinlich h\u00e4ttest du bei entsprechender Anwendung einen Haaland oder Musiala bereits viel fr\u00fcher auf dem Radar gehabt als 99% der Sorare Manager. Das bringt dir einen klaren Vorteil im Einkauf.<\/p>\n\n\n\n<p><strong>Fazit: Wenn du jemand bist der gerne fr\u00fch Talente kauft ist Scoutpad definitiv einen Versuch wert. Auch die Bezahlversion ist mit $11\/Monat nicht wirklich teuer.<\/strong><\/p>\n\n\n\n<figure class=\"wp-block-image size-large\"><img loading=\"lazy\" decoding=\"async\" width=\"1024\" height=\"711\" src=\"https:\/\/teamsorare.com\/wp-content\/uploads\/sites\/2\/2021\/11\/Scoutpad-1024x711.png\" alt=\"\" class=\"wp-image-1111\" srcset=\"https:\/\/teamsorare.com\/de\/wp-content\/uploads\/sites\/2\/2021\/11\/Scoutpad-1024x711.png 1024w, https:\/\/teamsorare.com\/de\/wp-content\/uploads\/sites\/2\/2021\/11\/Scoutpad-300x208.png 300w, https:\/\/teamsorare.com\/de\/wp-content\/uploads\/sites\/2\/2021\/11\/Scoutpad-768x534.png 768w, https:\/\/teamsorare.com\/de\/wp-content\/uploads\/sites\/2\/2021\/11\/Scoutpad.png 1212w\" sizes=\"auto, (max-width: 1024px) 100vw, 1024px\" \/><\/figure>\n\n\n\n<h2 class=\"wp-block-heading\">Sorare Ressourcen und Fazit<\/h2>\n\n\n\n<p>Das sind aktuell unsere besten Tools f\u00fcr Sorare. Ja, es gibt durchaus noch andere aber unserer Meinung nach sind diese absolut ausreichend f\u00fcr erfolgreiches Management. Es ist aber auch immer sehr individuell und jeder Manager tickt etwas anders. Du erstellst wom\u00f6glich eine ganz andere Rangliste als wir.<\/p>\n\n\n\n<p>Du kannst gerne die Kommentarfunktion nutzen und deine Meinung abgeben.<\/p>\n","protected":false},"excerpt":{"rendered":"<p>Niemand kann bei Sorare erfolgreich sein ohne auf entsprechende Tools zur\u00fcck zu greifen. Die besten Manager bauen ihre eigenen Tools um sie bei Scouting, Einkauf und Management zu unterst\u00fctzen. Aber diese Manager verdienen auch vierstellig im Monat und da lohnt sich das nat\u00fcrlich. Wenn du anf\u00e4ngst, sieht es wohl erstmal anders aus und du solltest &hellip;<\/p>\n<p class=\"read-more\"> <a class=\"\" href=\"https:\/\/teamsorare.com\/de\/universitaet\/ressourcen-und-werkzeuge\/\"> <span class=\"screen-reader-text\">Sorare Resources und Links \u2013 Die besten Tools 2022<\/span> Read More &raquo;<\/a><\/p>\n","protected":false},"author":1,"featured_media":0,"parent":886,"menu_order":0,"comment_status":"open","ping_status":"closed","template":"","meta":{"site-sidebar-layout":"","site-content-layout":"","ast-main-header-display":"","ast-hfb-above-header-display":"","ast-hfb-below-header-display":"","ast-hfb-mobile-header-display":"","site-post-title":"","ast-breadcrumbs-content":"","ast-featured-img":"","footer-sml-layout":"","theme-transparent-header-meta":"","adv-header-id-meta":"","stick-header-meta":"","header-above-stick-meta":"","header-main-stick-meta":"","header-below-stick-meta":"","footnotes":""},"class_list":["post-1107","page","type-page","status-publish","hentry"],"yoast_head":"<!-- This site is optimized with the Yoast SEO plugin v26.9 - https:\/\/yoast.com\/product\/yoast-seo-wordpress\/ -->\n<title>Sorare Resources und Links \u2013 Die besten Tools 2022 - TeamSorare<\/title>\n<meta name=\"robots\" content=\"index, follow, max-snippet:-1, max-image-preview:large, max-video-preview:-1\" \/>\n<link rel=\"canonical\" href=\"https:\/\/teamsorare.com\/de\/universitaet\/ressourcen-und-werkzeuge\/\" \/>\n<meta property=\"og:locale\" content=\"en_US\" \/>\n<meta property=\"og:type\" content=\"article\" \/>\n<meta property=\"og:title\" content=\"Sorare Resources und Links \u2013 Die besten Tools 2022 - TeamSorare\" \/>\n<meta property=\"og:description\" content=\"Niemand kann bei Sorare erfolgreich sein ohne auf entsprechende Tools zur\u00fcck zu greifen. Die besten Manager bauen ihre eigenen Tools um sie bei Scouting, Einkauf und Management zu unterst\u00fctzen. Aber diese Manager verdienen auch vierstellig im Monat und da lohnt sich das nat\u00fcrlich. Wenn du anf\u00e4ngst, sieht es wohl erstmal anders aus und du solltest &hellip; Sorare Resources und Links \u2013 Die besten Tools 2022 Read More &raquo;\" \/>\n<meta property=\"og:url\" content=\"https:\/\/teamsorare.com\/de\/universitaet\/ressourcen-und-werkzeuge\/\" \/>\n<meta property=\"og:site_name\" content=\"TeamSorare\" \/>\n<meta property=\"article:modified_time\" content=\"2021-11-17T20:50:26+00:00\" \/>\n<meta property=\"og:image\" content=\"https:\/\/teamsorare.com\/wp-content\/uploads\/sites\/2\/2021\/11\/Soraredata-1024x707.png\" \/>\n<meta name=\"twitter:card\" content=\"summary_large_image\" \/>\n<meta name=\"twitter:label1\" content=\"Est. reading time\" \/>\n\t<meta name=\"twitter:data1\" content=\"5 minutes\" \/>\n<script type=\"application\/ld+json\" class=\"yoast-schema-graph\">{\"@context\":\"https:\/\/schema.org\",\"@graph\":[{\"@type\":\"WebPage\",\"@id\":\"https:\/\/teamsorare.com\/de\/universitaet\/ressourcen-und-werkzeuge\/\",\"url\":\"https:\/\/teamsorare.com\/de\/universitaet\/ressourcen-und-werkzeuge\/\",\"name\":\"Sorare Resources und Links \u2013 Die besten Tools 2022 - TeamSorare\",\"isPartOf\":{\"@id\":\"https:\/\/teamsorare.com\/de\/#website\"},\"primaryImageOfPage\":{\"@id\":\"https:\/\/teamsorare.com\/de\/universitaet\/ressourcen-und-werkzeuge\/#primaryimage\"},\"image\":{\"@id\":\"https:\/\/teamsorare.com\/de\/universitaet\/ressourcen-und-werkzeuge\/#primaryimage\"},\"thumbnailUrl\":\"https:\/\/teamsorare.com\/wp-content\/uploads\/sites\/2\/2021\/11\/Soraredata-1024x707.png\",\"datePublished\":\"2021-11-15T09:48:05+00:00\",\"dateModified\":\"2021-11-17T20:50:26+00:00\",\"breadcrumb\":{\"@id\":\"https:\/\/teamsorare.com\/de\/universitaet\/ressourcen-und-werkzeuge\/#breadcrumb\"},\"inLanguage\":\"en-US\",\"potentialAction\":[{\"@type\":\"ReadAction\",\"target\":[\"https:\/\/teamsorare.com\/de\/universitaet\/ressourcen-und-werkzeuge\/\"]}]},{\"@type\":\"ImageObject\",\"inLanguage\":\"en-US\",\"@id\":\"https:\/\/teamsorare.com\/de\/universitaet\/ressourcen-und-werkzeuge\/#primaryimage\",\"url\":\"https:\/\/teamsorare.com\/wp-content\/uploads\/sites\/2\/2021\/11\/Soraredata-1024x707.png\",\"contentUrl\":\"https:\/\/teamsorare.com\/wp-content\/uploads\/sites\/2\/2021\/11\/Soraredata-1024x707.png\"},{\"@type\":\"BreadcrumbList\",\"@id\":\"https:\/\/teamsorare.com\/de\/universitaet\/ressourcen-und-werkzeuge\/#breadcrumb\",\"itemListElement\":[{\"@type\":\"ListItem\",\"position\":1,\"name\":\"Home\",\"item\":\"https:\/\/teamsorare.com\/de\/\"},{\"@type\":\"ListItem\",\"position\":2,\"name\":\"Sorare Universit\u00e4t &#8211; Sorare Scouting, Strategien &#038; How To&#8217;s\",\"item\":\"https:\/\/teamsorare.com\/de\/universitaet\/\"},{\"@type\":\"ListItem\",\"position\":3,\"name\":\"Sorare Resources und Links \u2013 Die besten Tools 2022\"}]},{\"@type\":\"WebSite\",\"@id\":\"https:\/\/teamsorare.com\/de\/#website\",\"url\":\"https:\/\/teamsorare.com\/de\/\",\"name\":\"TeamSorare\",\"description\":\"NFT Sammelkarten &amp; Fu\u00dfball Fantasy Manager\",\"publisher\":{\"@id\":\"https:\/\/teamsorare.com\/de\/#organization\"},\"potentialAction\":[{\"@type\":\"SearchAction\",\"target\":{\"@type\":\"EntryPoint\",\"urlTemplate\":\"https:\/\/teamsorare.com\/de\/?s={search_term_string}\"},\"query-input\":{\"@type\":\"PropertyValueSpecification\",\"valueRequired\":true,\"valueName\":\"search_term_string\"}}],\"inLanguage\":\"en-US\"},{\"@type\":\"Organization\",\"@id\":\"https:\/\/teamsorare.com\/de\/#organization\",\"name\":\"TeamSorare\",\"url\":\"https:\/\/teamsorare.com\/de\/\",\"logo\":{\"@type\":\"ImageObject\",\"inLanguage\":\"en-US\",\"@id\":\"https:\/\/teamsorare.com\/de\/#\/schema\/logo\/image\/\",\"url\":\"https:\/\/teamsorare.com\/de\/wp-content\/uploads\/sites\/2\/2021\/11\/TeamSorare-NFTs-and-Data.png\",\"contentUrl\":\"https:\/\/teamsorare.com\/de\/wp-content\/uploads\/sites\/2\/2021\/11\/TeamSorare-NFTs-and-Data.png\",\"width\":200,\"height\":200,\"caption\":\"TeamSorare\"},\"image\":{\"@id\":\"https:\/\/teamsorare.com\/de\/#\/schema\/logo\/image\/\"}}]}<\/script>\n<!-- \/ Yoast SEO plugin. -->","yoast_head_json":{"title":"Sorare Resources und Links \u2013 Die besten Tools 2022 - TeamSorare","robots":{"index":"index","follow":"follow","max-snippet":"max-snippet:-1","max-image-preview":"max-image-preview:large","max-video-preview":"max-video-preview:-1"},"canonical":"https:\/\/teamsorare.com\/de\/universitaet\/ressourcen-und-werkzeuge\/","og_locale":"en_US","og_type":"article","og_title":"Sorare Resources und Links \u2013 Die besten Tools 2022 - TeamSorare","og_description":"Niemand kann bei Sorare erfolgreich sein ohne auf entsprechende Tools zur\u00fcck zu greifen. Die besten Manager bauen ihre eigenen Tools um sie bei Scouting, Einkauf und Management zu unterst\u00fctzen. Aber diese Manager verdienen auch vierstellig im Monat und da lohnt sich das nat\u00fcrlich. Wenn du anf\u00e4ngst, sieht es wohl erstmal anders aus und du solltest &hellip; Sorare Resources und Links \u2013 Die besten Tools 2022 Read More &raquo;","og_url":"https:\/\/teamsorare.com\/de\/universitaet\/ressourcen-und-werkzeuge\/","og_site_name":"TeamSorare","article_modified_time":"2021-11-17T20:50:26+00:00","og_image":[{"url":"https:\/\/teamsorare.com\/wp-content\/uploads\/sites\/2\/2021\/11\/Soraredata-1024x707.png","type":"","width":"","height":""}],"twitter_card":"summary_large_image","twitter_misc":{"Est. reading time":"5 minutes"},"schema":{"@context":"https:\/\/schema.org","@graph":[{"@type":"WebPage","@id":"https:\/\/teamsorare.com\/de\/universitaet\/ressourcen-und-werkzeuge\/","url":"https:\/\/teamsorare.com\/de\/universitaet\/ressourcen-und-werkzeuge\/","name":"Sorare Resources und Links \u2013 Die besten Tools 2022 - TeamSorare","isPartOf":{"@id":"https:\/\/teamsorare.com\/de\/#website"},"primaryImageOfPage":{"@id":"https:\/\/teamsorare.com\/de\/universitaet\/ressourcen-und-werkzeuge\/#primaryimage"},"image":{"@id":"https:\/\/teamsorare.com\/de\/universitaet\/ressourcen-und-werkzeuge\/#primaryimage"},"thumbnailUrl":"https:\/\/teamsorare.com\/wp-content\/uploads\/sites\/2\/2021\/11\/Soraredata-1024x707.png","datePublished":"2021-11-15T09:48:05+00:00","dateModified":"2021-11-17T20:50:26+00:00","breadcrumb":{"@id":"https:\/\/teamsorare.com\/de\/universitaet\/ressourcen-und-werkzeuge\/#breadcrumb"},"inLanguage":"en-US","potentialAction":[{"@type":"ReadAction","target":["https:\/\/teamsorare.com\/de\/universitaet\/ressourcen-und-werkzeuge\/"]}]},{"@type":"ImageObject","inLanguage":"en-US","@id":"https:\/\/teamsorare.com\/de\/universitaet\/ressourcen-und-werkzeuge\/#primaryimage","url":"https:\/\/teamsorare.com\/wp-content\/uploads\/sites\/2\/2021\/11\/Soraredata-1024x707.png","contentUrl":"https:\/\/teamsorare.com\/wp-content\/uploads\/sites\/2\/2021\/11\/Soraredata-1024x707.png"},{"@type":"BreadcrumbList","@id":"https:\/\/teamsorare.com\/de\/universitaet\/ressourcen-und-werkzeuge\/#breadcrumb","itemListElement":[{"@type":"ListItem","position":1,"name":"Home","item":"https:\/\/teamsorare.com\/de\/"},{"@type":"ListItem","position":2,"name":"Sorare Universit\u00e4t &#8211; Sorare Scouting, Strategien &#038; How To&#8217;s","item":"https:\/\/teamsorare.com\/de\/universitaet\/"},{"@type":"ListItem","position":3,"name":"Sorare Resources und Links \u2013 Die besten Tools 2022"}]},{"@type":"WebSite","@id":"https:\/\/teamsorare.com\/de\/#website","url":"https:\/\/teamsorare.com\/de\/","name":"TeamSorare","description":"NFT Sammelkarten &amp; Fu\u00dfball Fantasy Manager","publisher":{"@id":"https:\/\/teamsorare.com\/de\/#organization"},"potentialAction":[{"@type":"SearchAction","target":{"@type":"EntryPoint","urlTemplate":"https:\/\/teamsorare.com\/de\/?s={search_term_string}"},"query-input":{"@type":"PropertyValueSpecification","valueRequired":true,"valueName":"search_term_string"}}],"inLanguage":"en-US"},{"@type":"Organization","@id":"https:\/\/teamsorare.com\/de\/#organization","name":"TeamSorare","url":"https:\/\/teamsorare.com\/de\/","logo":{"@type":"ImageObject","inLanguage":"en-US","@id":"https:\/\/teamsorare.com\/de\/#\/schema\/logo\/image\/","url":"https:\/\/teamsorare.com\/de\/wp-content\/uploads\/sites\/2\/2021\/11\/TeamSorare-NFTs-and-Data.png","contentUrl":"https:\/\/teamsorare.com\/de\/wp-content\/uploads\/sites\/2\/2021\/11\/TeamSorare-NFTs-and-Data.png","width":200,"height":200,"caption":"TeamSorare"},"image":{"@id":"https:\/\/teamsorare.com\/de\/#\/schema\/logo\/image\/"}}]}},"_links":{"self":[{"href":"https:\/\/teamsorare.com\/de\/wp-json\/wp\/v2\/pages\/1107","targetHints":{"allow":["GET"]}}],"collection":[{"href":"https:\/\/teamsorare.com\/de\/wp-json\/wp\/v2\/pages"}],"about":[{"href":"https:\/\/teamsorare.com\/de\/wp-json\/wp\/v2\/types\/page"}],"author":[{"embeddable":true,"href":"https:\/\/teamsorare.com\/de\/wp-json\/wp\/v2\/users\/1"}],"replies":[{"embeddable":true,"href":"https:\/\/teamsorare.com\/de\/wp-json\/wp\/v2\/comments?post=1107"}],"version-history":[{"count":3,"href":"https:\/\/teamsorare.com\/de\/wp-json\/wp\/v2\/pages\/1107\/revisions"}],"predecessor-version":[{"id":1189,"href":"https:\/\/teamsorare.com\/de\/wp-json\/wp\/v2\/pages\/1107\/revisions\/1189"}],"up":[{"embeddable":true,"href":"https:\/\/teamsorare.com\/de\/wp-json\/wp\/v2\/pages\/886"}],"wp:attachment":[{"href":"https:\/\/teamsorare.com\/de\/wp-json\/wp\/v2\/media?parent=1107"}],"curies":[{"name":"wp","href":"https:\/\/api.w.org\/{rel}","templated":true}]}}