{"id":1120,"date":"2021-11-15T14:01:22","date_gmt":"2021-11-15T14:01:22","guid":{"rendered":"https:\/\/teamsorare.com\/?page_id=1120"},"modified":"2021-11-17T20:51:53","modified_gmt":"2021-11-17T20:51:53","slug":"warum-investieren","status":"publish","type":"page","link":"https:\/\/teamsorare.com\/de\/universitaet\/warum-investieren\/","title":{"rendered":"Warum sollte man in NFTs wie bei Sorare investieren?"},"content":{"rendered":"\n<p>Disclaimer: Dieser Artikel ist keine Anlageberatung. Du musst selbst abw\u00e4gen ob eine Investition f\u00fcr dich sinnvoll erscheint. Wir zeigen nur Argumente und Gegenargumente auf, die f\u00fcr oder gegen Sorare NFTs sprechen.<\/p>\n\n\n\n<p>Zum eigentlichen Thema: Sp\u00e4testens seit der Corona Krise ist klar: Es war noch nie so viel Geld im Umlauf wie aktuell. Die Geldmenge hat sich in den letzten zwei Jahren vervielfacht \u2013 und das obwohl sie bis zur Finanzkrise 2008 nur sehr moderat angestiegen ist. 2008 ging es aber langsam los. Bailouts um gr\u00f6\u00dfere Krisen zu verhindern. Angefangen mit Amerikanischen Banken und sp\u00e4ter Staaten wie Griechenland. Keine dieser Krisen wurde tats\u00e4chlich gel\u00f6st sondern nur mit der Gelddruckmaschine in die Zukunft verschoben. Sp\u00e4testens seit dem \u201eWiederaufbaufond\u201c nach Corona ist klar wohin die Reise geht \u2013 nicht nur in Europa. Staaten und Unternehmen werden am Leben gehalten indem man Anleihen und Aktien aufkauft und g\u00fcnstig h\u00e4lt. Kurz gesagt: es wird einfach ohne Ende Geld ins System gepumpt. Die Auswirkungen sind klar sichtbar:<\/p>\n\n\n\n<p>Immobilien werden unbezahlbar, egal wohin man schaut. Die Aktienm\u00e4rkte haben sich nach Corona im Rekordtempo erholt und wandern von Allzeithoch zu Allzeithoch. Und dann kommt Bitcoin und Ethereum, die sich einfach mal mehr als verf\u00fcnffacht haben in k\u00fcrzester Zeit.<\/p>\n\n\n\n<h2 class=\"wp-block-heading\"><strong>Wohin geht also die Reise?<\/strong><\/h2>\n\n\n\n<p>Zugegeben, mit den Entwicklungen der letzten Jahre hatte kein Lehrbuch und kein Experte wirklich rechnen k\u00f6nnen. Es sieht so aus als w\u00e4re jede Theorie au\u00dfer Kraft gesetzt. Daher macht es Sinn sich auf die fundamentalen Gesetze der Volkswirtschaft zu konzentrieren. Und diese besagen z.B. dass eine Erh\u00f6hung der Geldmenge mit Inflation einher gehen muss. Vor Corona betraf die Inflation allerdings nur Assets, also Immobilien, Aktien und Co. Mit Corona kam noch ein zweiterer wichtiger Faktor hinzu und zwar die Verknappung von G\u00fctern. Beides ist eine extrem giftige Kombination die wir gerade (Winter 21\/22) erleben mit astronomisch hohen Energiepreisen und seit Jahrzehnten nicht da gewesener Verbrauchsg\u00fcterinflation. Jeder, der dies nicht hat kommen sehen sollte noch einmal zur\u00fcck an die Uni\u2026<\/p>\n\n\n\n<p>Kurz gesagt: es war noch nie so viel Geld im Umlauf wie gerade und was fehlt sind Investitionsm\u00f6glichkeiten. Aktien sind bereits extrem teuer und die niedrigen Zinsen l\u00e4ngst mit eingepreist. Manche Aktien wie Tesla wurden bereits mit 1 Million Euro pro verkauftem Auto bewertet. Immobilien in halbwegs guten Lagen bringen vielleicht noch 1% Mietrendite und das ohne faire Ber\u00fccksichtigung von Risiken. Attraktiv ist anders.<\/p>\n\n\n\n<p>Auch Immobilien haben das Problem, dass ihr Wert stark vom Zinsniveau abh\u00e4ngt. Und dieses kann sich jederzeit \u00e4ndern und den Markt wieder auf den Kopf stellen.<\/p>\n\n\n\n<h2 class=\"wp-block-heading\">Ok, aber was ist die L\u00f6sung?<\/h2>\n\n\n\n<p>Da w\u00e4re es doch sch\u00f6n wenn es Investitionsm\u00f6glichkeiten geben, die nicht vom Zinsniveau abh\u00e4ngen und deren Wert nicht einfach so von Zentralbanken vernichtet werden kann, oder? Willkommen im Krypto Zeitalter. Bitcoin z.B. ist eine deflation\u00e4re W\u00e4hrung und im Prinzip genau die Antwort auf diese Probleme. Niemand kann die Gesamtmenge an Bitcoin einfach so erh\u00f6hen. Er ist mit 21 Millionen gedeckelt.<\/p>\n\n\n\n<p>Aber auch Bitcoin hat ein Problem: Es liefert im Gegensatz zu Aktien und Immobilien keine innere Rendite, also keine Dividende oder Miete. Daf\u00fcr gibt es Kryptow\u00e4hrungen, die z.B. mit Proof of Stake funktionieren und ebenfalls eine Rendite erwirtschaften nur daf\u00fcr, dass man eine solche Kryptow\u00e4hrung besitzt. Auch kann man seine Kryptow\u00e4hrungen auf \u201eTauschb\u00f6rsen\u201c zur Verf\u00fcgung stellen und eine Fee kassieren.<\/p>\n\n\n\n<p>Es gibt also bereits L\u00f6sungen f\u00fcr dieses Problem \u2013 zumindest au\u00dferhalb von Bitcoin selbst.<\/p>\n\n\n\n<h2 class=\"wp-block-heading\">NFTs mit innerer Rendite<\/h2>\n\n\n\n<p>Noch einmal, das ist keine Anlageberatung und nur meine pers\u00f6nliche Meinung. Aber sogenannte NFTs (Non fungible Tokens), die eine innere Rendite erzielen k\u00f6nnen sind f\u00fcr mich der logische Schritt in die Zukunft. Und hier hat man noch nicht einmal angefangen die M\u00f6glichkeiten auszuloten.<\/p>\n\n\n\n<p>Kurz gesagt ist es m\u00f6glich so ziemlich alles in einen NFT zu packen. Auch eine Rolex. Oder Musik. Oder eine Immobilie. Nicht nur ein verpixeltes Bild wie einen Crypto Punk. Der gro\u00dfe Vorteil ist der: ein NFT ist f\u00e4lschungssicher, kann frei gehandelt werden und \u00fcber Smart Contracts z.B. auch \u201everliehen\u201c werden. Ich kann einen NFT eines Musikst\u00fccks kaufen und bekomme jedesmal wenn dieses St\u00fcck im Radio gespielt wird eine Lizenzgeb\u00fchr. Genau das meine ich mit innerer Rendite\u2026<\/p>\n\n\n\n<p>Nun kommen wir aber einmal zu NFTs und Sorare. Auch Sorare funktioniert mit diesen NFTs. Sorare ist kein zentraler Anbieter wie ein Fifa Ultimate Team oder \u00e4hnliches. Nur dir geh\u00f6ren die Karten, die du dort kaufst. Du kannst sich jederzeit auf einem Marktplatz wie OpenSea handeln. Du bist nicht auf Sorare angewiesen.<\/p>\n\n\n\n<p>Und f\u00fcr die innere Rendite ist auch gesorgt. Theoretisch ist es denkbar einen solchen NFT zu verleihen f\u00fcr eine bestimmte Geb\u00fchr. Ob das in K\u00fcrze m\u00f6glich sein wird und du dir als Manager einfach mal einen Rare Kilian Mbappe f\u00fcr 0.01 ETH\/Woche ausleihen kannst wird sich zeigen. Fakt ist: Mit NFTs ist prinzipiell alles realisierbar.<\/p>\n\n\n\n<p>Was Sorare NFTs eben so besonders macht ist, dass sie eben auch eine Rendite in Form von Preisgeldern erwirtschaften k\u00f6nnen. Diese Rendite h\u00e4ngt vor allem von den Preisgeldern und den Kosten f\u00fcr ben\u00f6tigte Karten ab. Aktuell kannst du mit z.B. 1.000\u20ac Investition noch in einer Threshold Liga spielen, die ca. 30\u20ac pro Spieltag auszahlt. Zwar nicht immer, aber in den allermeisten F\u00e4llen.<\/p>\n\n\n\n<h2 class=\"wp-block-heading\">Die Gefahren mit NFTs<\/h2>\n\n\n\n<p>Im Prinzip sind die Gefahren schnell erkl\u00e4rt und auch einleuchtend: NFTs k\u00f6nnen im Prinzip ohne jedes Limit gedruckt werden und sind damit inflation\u00e4r. Sorare limitiert die Anzahl nat\u00fcrlich und so gibt es auch tat\u00e4schlich nur eine \u201eUnique\u201c Karte (pro Saison). Sorare kann sich also nicht einfach entscheiden hunderte davon zu machen \u2013 das w\u00fcrde den Preis implodieren lassen.<\/p>\n\n\n\n<p>Es ist definitiv keine Strategie blind NFTs zu kaufen nur weil sie scheinbar \u201edie Zukunft\u201c sind. Gerade seit 2021 springen viele auf den NFT Zug auf und versuchen aus Mist Gold zu machen. Du musst dir immer eines vor Augen halten: Ein NFT ist immer so viel wert wie dir jemand bereit ist am Markt daf\u00fcr zu bezahlen. Daher hast du fundamentales Interesse daran wie sich der Markt um bestimmte NFTs entwickeln wird. Hier kommt es z.B. gerade auch darauf an welche Community dahinter steht und welche Vision diese hat. Und nat\u00fcrlich auch wie sich die Community selbst limitiert z.B. was die Ver\u00f6ffentlichung \u00e4hnlicher NFTs angeht.<\/p>\n\n\n\n<p>Ebenfalls riskant ist der Kauf von NFTs ohne innere Rendite, also z.B. Kunst, die nicht verliehen wird. Hier bist zu 100% abh\u00e4ngig vom Wertzuwachs. Nat\u00fcrlich kannst du damit auch Erfolg haben, aber im Prinzip gewinnst du nur in der Blase, also wenn irgendjemand immer bereit ist dir sp\u00e4ter sehr viel mehr daf\u00fcr zu bezahlen. Die Kombination aus der Abh\u00e4ngigkeit von Wertzuwachs und der inflation\u00e4ren Natur von NFTs ist durchaus problematisch und kann zu einem Totalverlust f\u00fchren. Niemand wird einen NFT kaufen wollen, den es in dieser Form im Prinzip unz\u00e4hlige Male gibt, der nicht aus der Masse heraus sticht, der keine innere Rendite hat und praktisch unendlich oft gedruckt werden kann \u2013 wenn auch in leicht adaptierter Form.<\/p>\n\n\n\n<h2 class=\"wp-block-heading\">Fazit: NFTs in der Zukunft<\/h2>\n\n\n\n<p>Wir sind keine Hellseher. Wir behaupten nicht zu wissen wohin die Reise gehen wird. NFTs sind grunds\u00e4tzlich riskant weil sie schwer zu bewerten sind, insbesondere diejenigen hinter denen kein klarer Wert z.B. in Form einer Dividende oder Lizenzgeb\u00fchren steckt. Aber sie bringen auch unendlich viele Chancen an die man heute vielleicht noch gar nicht denken mag. Fakt ist, dass NFT Werte nicht zu faken sind und damit auch den Ausdruck von echten Wohlstand wiedergeben. Niemand kann einen Cryptopunk, der Millionen Euro wert ist f\u00e4lschen und sich als Eigent\u00fcmer ausgeben. Aber ich kann mit relativ wenig Geld zwei Tage lang einen Lamborghini fahren und 200\u20ac Champagnerflaschen im Club k\u00f6pfen. Das eine ist echter Wohlstand, das andere nur gefakter Wohlstand.<\/p>\n\n\n\n<p>Sorare hat es geschafft ein eigenes \u00d6kosystem auf die Beine zu stellen mit NFTs, die eine innere Rendite in Form von Preisgeldern vorweisen k\u00f6nnen. Sorare hat sich die Lizenzen gesichert und da wird kein zweiter Anbieter mehr heran kommen.<\/p>\n\n\n\n<p>Wirklich interessant wird es wenn auch institutionelle Anleger bei NFTs mitspielen und z.B. der Derivatehandel erm\u00f6glicht wird. Denn hier flie\u00dft das eigentliche Geld. Da dies jedoch selbst bei Kryptow\u00e4hrungen erst schleppend der Fall ist, sind wir hiervon vermutlich noch ein paar Jahre weg. Umso interessanter ist es aber daher sich bereits jetzt mit NFTs zu befassen.<\/p>\n\n\n\n<p>Wenn dich das Thema n\u00e4her interessiert und du mit NFTs bei Sorare durchstarten m\u00f6chtest, <a href=\"https:\/\/teamsorare.com\/go\/sorare\" target=\"_blank\" rel=\"noreferrer noopener sponsored nofollow\">klicke einfach hier<\/a>.<\/p>\n","protected":false},"excerpt":{"rendered":"<p>Disclaimer: Dieser Artikel ist keine Anlageberatung. Du musst selbst abw\u00e4gen ob eine Investition f\u00fcr dich sinnvoll erscheint. Wir zeigen nur Argumente und Gegenargumente auf, die f\u00fcr oder gegen Sorare NFTs sprechen. Zum eigentlichen Thema: Sp\u00e4testens seit der Corona Krise ist klar: Es war noch nie so viel Geld im Umlauf wie aktuell. Die Geldmenge hat &hellip;<\/p>\n<p class=\"read-more\"> <a class=\"\" href=\"https:\/\/teamsorare.com\/de\/universitaet\/warum-investieren\/\"> <span class=\"screen-reader-text\">Warum sollte man in NFTs wie bei Sorare investieren?<\/span> Read More &raquo;<\/a><\/p>\n","protected":false},"author":1,"featured_media":0,"parent":886,"menu_order":0,"comment_status":"closed","ping_status":"closed","template":"","meta":{"site-sidebar-layout":"","site-content-layout":"","ast-main-header-display":"","ast-hfb-above-header-display":"","ast-hfb-below-header-display":"","ast-hfb-mobile-header-display":"","site-post-title":"","ast-breadcrumbs-content":"","ast-featured-img":"","footer-sml-layout":"","theme-transparent-header-meta":"","adv-header-id-meta":"","stick-header-meta":"","header-above-stick-meta":"","header-main-stick-meta":"","header-below-stick-meta":"","footnotes":""},"class_list":["post-1120","page","type-page","status-publish","hentry"],"yoast_head":"<!-- This site is optimized with the Yoast SEO plugin v26.9 - https:\/\/yoast.com\/product\/yoast-seo-wordpress\/ -->\n<title>Warum sollte man in NFTs wie bei Sorare investieren? - TeamSorare<\/title>\n<meta name=\"robots\" content=\"index, follow, max-snippet:-1, max-image-preview:large, max-video-preview:-1\" \/>\n<link rel=\"canonical\" href=\"https:\/\/teamsorare.com\/de\/universitaet\/warum-investieren\/\" \/>\n<meta property=\"og:locale\" content=\"en_US\" \/>\n<meta property=\"og:type\" content=\"article\" \/>\n<meta property=\"og:title\" content=\"Warum sollte man in NFTs wie bei Sorare investieren? - TeamSorare\" \/>\n<meta property=\"og:description\" content=\"Disclaimer: Dieser Artikel ist keine Anlageberatung. Du musst selbst abw\u00e4gen ob eine Investition f\u00fcr dich sinnvoll erscheint. Wir zeigen nur Argumente und Gegenargumente auf, die f\u00fcr oder gegen Sorare NFTs sprechen. Zum eigentlichen Thema: Sp\u00e4testens seit der Corona Krise ist klar: Es war noch nie so viel Geld im Umlauf wie aktuell. Die Geldmenge hat &hellip; Warum sollte man in NFTs wie bei Sorare investieren? Read More &raquo;\" \/>\n<meta property=\"og:url\" content=\"https:\/\/teamsorare.com\/de\/universitaet\/warum-investieren\/\" \/>\n<meta property=\"og:site_name\" content=\"TeamSorare\" \/>\n<meta property=\"article:modified_time\" content=\"2021-11-17T20:51:53+00:00\" \/>\n<meta name=\"twitter:card\" content=\"summary_large_image\" \/>\n<meta name=\"twitter:label1\" content=\"Est. reading time\" \/>\n\t<meta name=\"twitter:data1\" content=\"6 minutes\" \/>\n<script type=\"application\/ld+json\" class=\"yoast-schema-graph\">{\"@context\":\"https:\/\/schema.org\",\"@graph\":[{\"@type\":\"WebPage\",\"@id\":\"https:\/\/teamsorare.com\/de\/universitaet\/warum-investieren\/\",\"url\":\"https:\/\/teamsorare.com\/de\/universitaet\/warum-investieren\/\",\"name\":\"Warum sollte man in NFTs wie bei Sorare investieren? - TeamSorare\",\"isPartOf\":{\"@id\":\"https:\/\/teamsorare.com\/de\/#website\"},\"datePublished\":\"2021-11-15T14:01:22+00:00\",\"dateModified\":\"2021-11-17T20:51:53+00:00\",\"breadcrumb\":{\"@id\":\"https:\/\/teamsorare.com\/de\/universitaet\/warum-investieren\/#breadcrumb\"},\"inLanguage\":\"en-US\",\"potentialAction\":[{\"@type\":\"ReadAction\",\"target\":[\"https:\/\/teamsorare.com\/de\/universitaet\/warum-investieren\/\"]}]},{\"@type\":\"BreadcrumbList\",\"@id\":\"https:\/\/teamsorare.com\/de\/universitaet\/warum-investieren\/#breadcrumb\",\"itemListElement\":[{\"@type\":\"ListItem\",\"position\":1,\"name\":\"Home\",\"item\":\"https:\/\/teamsorare.com\/de\/\"},{\"@type\":\"ListItem\",\"position\":2,\"name\":\"Sorare Universit\u00e4t &#8211; Sorare Scouting, Strategien &#038; How To&#8217;s\",\"item\":\"https:\/\/teamsorare.com\/de\/universitaet\/\"},{\"@type\":\"ListItem\",\"position\":3,\"name\":\"Warum sollte man in NFTs wie bei Sorare investieren?\"}]},{\"@type\":\"WebSite\",\"@id\":\"https:\/\/teamsorare.com\/de\/#website\",\"url\":\"https:\/\/teamsorare.com\/de\/\",\"name\":\"TeamSorare\",\"description\":\"NFT Sammelkarten &amp; Fu\u00dfball Fantasy Manager\",\"publisher\":{\"@id\":\"https:\/\/teamsorare.com\/de\/#organization\"},\"potentialAction\":[{\"@type\":\"SearchAction\",\"target\":{\"@type\":\"EntryPoint\",\"urlTemplate\":\"https:\/\/teamsorare.com\/de\/?s={search_term_string}\"},\"query-input\":{\"@type\":\"PropertyValueSpecification\",\"valueRequired\":true,\"valueName\":\"search_term_string\"}}],\"inLanguage\":\"en-US\"},{\"@type\":\"Organization\",\"@id\":\"https:\/\/teamsorare.com\/de\/#organization\",\"name\":\"TeamSorare\",\"url\":\"https:\/\/teamsorare.com\/de\/\",\"logo\":{\"@type\":\"ImageObject\",\"inLanguage\":\"en-US\",\"@id\":\"https:\/\/teamsorare.com\/de\/#\/schema\/logo\/image\/\",\"url\":\"https:\/\/teamsorare.com\/de\/wp-content\/uploads\/sites\/2\/2021\/11\/TeamSorare-NFTs-and-Data.png\",\"contentUrl\":\"https:\/\/teamsorare.com\/de\/wp-content\/uploads\/sites\/2\/2021\/11\/TeamSorare-NFTs-and-Data.png\",\"width\":200,\"height\":200,\"caption\":\"TeamSorare\"},\"image\":{\"@id\":\"https:\/\/teamsorare.com\/de\/#\/schema\/logo\/image\/\"}}]}<\/script>\n<!-- \/ Yoast SEO plugin. -->","yoast_head_json":{"title":"Warum sollte man in NFTs wie bei Sorare investieren? - TeamSorare","robots":{"index":"index","follow":"follow","max-snippet":"max-snippet:-1","max-image-preview":"max-image-preview:large","max-video-preview":"max-video-preview:-1"},"canonical":"https:\/\/teamsorare.com\/de\/universitaet\/warum-investieren\/","og_locale":"en_US","og_type":"article","og_title":"Warum sollte man in NFTs wie bei Sorare investieren? - TeamSorare","og_description":"Disclaimer: Dieser Artikel ist keine Anlageberatung. Du musst selbst abw\u00e4gen ob eine Investition f\u00fcr dich sinnvoll erscheint. Wir zeigen nur Argumente und Gegenargumente auf, die f\u00fcr oder gegen Sorare NFTs sprechen. Zum eigentlichen Thema: Sp\u00e4testens seit der Corona Krise ist klar: Es war noch nie so viel Geld im Umlauf wie aktuell. Die Geldmenge hat &hellip; Warum sollte man in NFTs wie bei Sorare investieren? Read More &raquo;","og_url":"https:\/\/teamsorare.com\/de\/universitaet\/warum-investieren\/","og_site_name":"TeamSorare","article_modified_time":"2021-11-17T20:51:53+00:00","twitter_card":"summary_large_image","twitter_misc":{"Est. reading time":"6 minutes"},"schema":{"@context":"https:\/\/schema.org","@graph":[{"@type":"WebPage","@id":"https:\/\/teamsorare.com\/de\/universitaet\/warum-investieren\/","url":"https:\/\/teamsorare.com\/de\/universitaet\/warum-investieren\/","name":"Warum sollte man in NFTs wie bei Sorare investieren? - TeamSorare","isPartOf":{"@id":"https:\/\/teamsorare.com\/de\/#website"},"datePublished":"2021-11-15T14:01:22+00:00","dateModified":"2021-11-17T20:51:53+00:00","breadcrumb":{"@id":"https:\/\/teamsorare.com\/de\/universitaet\/warum-investieren\/#breadcrumb"},"inLanguage":"en-US","potentialAction":[{"@type":"ReadAction","target":["https:\/\/teamsorare.com\/de\/universitaet\/warum-investieren\/"]}]},{"@type":"BreadcrumbList","@id":"https:\/\/teamsorare.com\/de\/universitaet\/warum-investieren\/#breadcrumb","itemListElement":[{"@type":"ListItem","position":1,"name":"Home","item":"https:\/\/teamsorare.com\/de\/"},{"@type":"ListItem","position":2,"name":"Sorare Universit\u00e4t &#8211; Sorare Scouting, Strategien &#038; How To&#8217;s","item":"https:\/\/teamsorare.com\/de\/universitaet\/"},{"@type":"ListItem","position":3,"name":"Warum sollte man in NFTs wie bei Sorare investieren?"}]},{"@type":"WebSite","@id":"https:\/\/teamsorare.com\/de\/#website","url":"https:\/\/teamsorare.com\/de\/","name":"TeamSorare","description":"NFT Sammelkarten &amp; Fu\u00dfball Fantasy Manager","publisher":{"@id":"https:\/\/teamsorare.com\/de\/#organization"},"potentialAction":[{"@type":"SearchAction","target":{"@type":"EntryPoint","urlTemplate":"https:\/\/teamsorare.com\/de\/?s={search_term_string}"},"query-input":{"@type":"PropertyValueSpecification","valueRequired":true,"valueName":"search_term_string"}}],"inLanguage":"en-US"},{"@type":"Organization","@id":"https:\/\/teamsorare.com\/de\/#organization","name":"TeamSorare","url":"https:\/\/teamsorare.com\/de\/","logo":{"@type":"ImageObject","inLanguage":"en-US","@id":"https:\/\/teamsorare.com\/de\/#\/schema\/logo\/image\/","url":"https:\/\/teamsorare.com\/de\/wp-content\/uploads\/sites\/2\/2021\/11\/TeamSorare-NFTs-and-Data.png","contentUrl":"https:\/\/teamsorare.com\/de\/wp-content\/uploads\/sites\/2\/2021\/11\/TeamSorare-NFTs-and-Data.png","width":200,"height":200,"caption":"TeamSorare"},"image":{"@id":"https:\/\/teamsorare.com\/de\/#\/schema\/logo\/image\/"}}]}},"_links":{"self":[{"href":"https:\/\/teamsorare.com\/de\/wp-json\/wp\/v2\/pages\/1120","targetHints":{"allow":["GET"]}}],"collection":[{"href":"https:\/\/teamsorare.com\/de\/wp-json\/wp\/v2\/pages"}],"about":[{"href":"https:\/\/teamsorare.com\/de\/wp-json\/wp\/v2\/types\/page"}],"author":[{"embeddable":true,"href":"https:\/\/teamsorare.com\/de\/wp-json\/wp\/v2\/users\/1"}],"replies":[{"embeddable":true,"href":"https:\/\/teamsorare.com\/de\/wp-json\/wp\/v2\/comments?post=1120"}],"version-history":[{"count":4,"href":"https:\/\/teamsorare.com\/de\/wp-json\/wp\/v2\/pages\/1120\/revisions"}],"predecessor-version":[{"id":1191,"href":"https:\/\/teamsorare.com\/de\/wp-json\/wp\/v2\/pages\/1120\/revisions\/1191"}],"up":[{"embeddable":true,"href":"https:\/\/teamsorare.com\/de\/wp-json\/wp\/v2\/pages\/886"}],"wp:attachment":[{"href":"https:\/\/teamsorare.com\/de\/wp-json\/wp\/v2\/media?parent=1120"}],"curies":[{"name":"wp","href":"https:\/\/api.w.org\/{rel}","templated":true}]}}