{"id":1282,"date":"2021-11-22T14:16:45","date_gmt":"2021-11-22T14:16:45","guid":{"rendered":"https:\/\/teamsorare.com\/de\/?page_id=1282"},"modified":"2021-12-11T10:28:39","modified_gmt":"2021-12-11T10:28:39","slug":"erfahrungen","status":"publish","type":"page","link":"https:\/\/teamsorare.com\/de\/erfahrungen\/","title":{"rendered":"Sorare Erfahrungen \u2013 Ist Sorare seri\u00f6s oder Betrug?"},"content":{"rendered":"\n<p>Bevor wir uns dem eigentlichen Thema widmen: Am besten machst du dir parallel zum Lesen gleich selbst ein Bild und <a href=\"https:\/\/teamsorare.com\/go\/sorare\" target=\"_blank\" rel=\"noreferrer noopener sponsored nofollow\">klickst hier<\/a> um zu Sorare zu gelangen.<\/p>\n\n\n\n<p>Kein Zweifel. Sorare ist ein komplett neues Konzept und nat\u00fcrlich eine noch recht unbekannte Marke. Die meisten vertrauen weder etwas Neuem, noch etwas Unbekanntem sofort. Daher stellt sich die berichtigte Frage:<\/p>\n\n\n\n<h2 class=\"wp-block-heading\"><strong>Ist Sorare seri\u00f6s oder Betrug?<\/strong><\/h2>\n\n\n\n<p>Es ist wichtig zun\u00e4chst einmal die Funktionsweise von Sorare zu verstehen. Auf Sorare kannst du NFTs von Fu\u00dfballspielern kaufen. Das sind im Grunde Sammelkarten, die in der Blockchain sind und dir geh\u00f6ren. Das ist wichtig, denn das ist alles andere als selbstverst\u00e4ndlich. Normalerweise werden solche Karten von einem zentralen Anbieter heraus gegeben und k\u00f6nnen dir jederzeit weg genommen werden. Das ist bei Sorare nicht m\u00f6glich.<\/p>\n\n\n\n<p>Mit diesen Karten kannst du kleine Fu\u00dfballteams aus 5 Spielern erstellen und in verschiedenen Ligen antreten. Wenn du jetzt denkst \u201edas ist ja wie Comunio\u201c solltest du bedenken, dass Sorare richtig viel Preisgelder aussch\u00fcttet und manche Manager inzwischen sogar davon leben k\u00f6nnen. Bei Sorare gibt es nicht nur weitere Karten als Preisgeld sondern eben auch Preisgeld in Form von Ethereum (oder auch Euro wenn man will).<\/p>\n\n\n\n<p>Mit der richtigen Strategie ist es ohne Weiteres m\u00f6glich ein Team f\u00fcr 600-800\u20ac zu kaufen (Stand Dezember 2021) und regelm\u00e4\u00dfig, also alle 1 bis 3 Spieltage im Preisgeld zu landen und je nach Leistung belohnt zu werden. Das k\u00f6nnen umgerechnet locker 30-80\u20ac sein. Das ist keine schlechte Rendite und nat\u00fcrlich musst du dich fragen: Wie kann das gehen?<\/p>\n\n\n\n<h2 class=\"wp-block-heading\">Wie macht Sorare Geld?<\/h2>\n\n\n\n<p>Sorare muss nat\u00fcrlich erst einmal Geld verdienen um derart attraktive Preisgelder aussch\u00fctten zu k\u00f6nnen. Und das geschieht durch das \u201eminten\u201c von Karten. Das hei\u00dft, Sorare gibt erstmalig Spielerkarten heraus und versteigert diese. 100% des Erl\u00f6ses wandern an Sorare weil Sorare eben auch Eigent\u00fcmer der Karten ist. Erwirbst du Karten von anderen Managern auf dem Transfermarkt, erh\u00e4lt Sorare nicht einmal eine Geb\u00fchr.<\/p>\n\n\n\n<p>Dieses Gesch\u00e4ftsmodell ist durchaus lukrativ wenn du dir vorstellst, dass es \u00fcber 200 Clubs gibt und von jedem Spieler theoretisch 1111 Karten pro Saison. Nur ein Bruchteil dieser Karten wird jedoch heraus gegeben so dass deutlich weniger im Umlauf sind. Dennoch hat Sorare die M\u00f6glichkeit alle diese Karten in Geld zu verwandeln auch wenn manche Karten von unbekannten Spielern z.B. nur 3-4 Euro wert sind.<\/p>\n\n\n\n<h2 class=\"wp-block-heading\">Warum l\u00e4sst sich so viel Geld gewinnen?<\/h2>\n\n\n\n<p>Die Preisgelder von Sorare sind so attraktiv, dass man sich fragen muss:<\/p>\n\n\n\n<p><strong>Wenn ich mit gutem Einkauf und Management 5-10% \u201eRendite\u201c pro Woche machen kann, wie geht es dann anderen Managern?<\/strong><\/p>\n\n\n\n<p>Grunds\u00e4tzlich muss Sorare ein Nullsummenspiel sein, das bedeutet, dass du nur Preisgeld bekommst wenn viele anderen daran scheitern. Und so ist es auch. Keine 10% landen in der Regel im Preisgeld. Viele Manager kaufen teilweise zu teure Karten, setzen sie falsch ein oder spielen in den falschen Ligen (in denen sie keine Chance haben). Einige hoffen darauf, dass sie sp\u00e4ter ihre Karten wieder teuer verkaufen k\u00f6nnen, aber so einfach ist das nicht.<\/p>\n\n\n\n<p>Denn Karten sind bei Sorare grunds\u00e4tzlich inflation\u00e4r und es werden pro Saison neue gedruckt. Neue Sorare Karten haben einen 5% Bonus der nat\u00fcrlich attraktiv ist. In der n\u00e4chsten Saison verliert die Karte dann diesen Bonus was sie im Wert fallen l\u00e4sst. Nicht dramatisch, aber immerhin. Wenn ich jetzt blind 100 Karten kaufe wird sicherlich die H\u00e4lfte davon in ein paar Monaten deutlich weniger Wert haben. Kurz gesagt: Es gibt eben auch sehr viele M\u00f6glichkeiten Geld bei Sorare zu verlieren oder sagen wir mal: \u201eung\u00fcnstig zu investieren\u201c. Denn Sorare Karten sind eigentlich eine Investition und kein Wetteinsatz oder dergleichen. Das macht dieses Spiel auch so reizvoll.<\/p>\n\n\n\n<h2 class=\"wp-block-heading\">Ist Sorare seri\u00f6s?<\/h2>\n\n\n\n<p>Sorare ist wie gesagt noch sehr neu. Ich bin dort seit M\u00e4rz 2021 aktiv. Das sagt leider noch nicht viel. Niemand kann sagen, dass er schon jahrelange Erfahrung mit Sorare gesammelt hat. Das geht nicht.<\/p>\n\n\n\n<p>Tatsache ist aber eines: Sorare hat im Herbst 2021 eine 680 Millionen Finanzierungsrunde abgeschlossen. Sie haben definitiv eine Menge Geld. Und sie haben vor allem ein sehr lukratives Gesch\u00e4ftsmodell (ansonsten w\u00e4re die Finanzierung in dieser Form kaum m\u00f6glich gewesen). Sie w\u00e4ren extrem dumm wenn sie sich das versauen w\u00fcrden.<\/p>\n\n\n\n<p>Die Spielerkarten von Sorare sind in der Blockchain und sie k\u00f6nnen dir nicht geklaut werden. Du brauchst also keine Angst zu haben, dass Sorare damit einfach das Weite sucht. Nat\u00fcrlich ist es aber so, wenn Sorare die Ligen nicht mehr veranstalten sollte, verlieren die Karten an Wert. Du kannst sie zwar noch auf Marktpl\u00e4tzen wie OpenSea verkaufen aber wirst sicher nicht mehr so viel daf\u00fcr bekommen.<\/p>\n\n\n\n<p>Sorare ist immerhin ein Franz\u00f6sisches Unternehmen und damit in der EU, also nicht in einem Steuerparadies auf den Kanalinseln.<\/p>\n\n\n\n<h2 class=\"wp-block-heading\">Wie sehen meine Erfahrungen mit Sorare aus?<\/h2>\n\n\n\n<p>Bislang funktionierte alles reibungslos. Sowohl die Auszahlung als auch Einzahlung via Kreditkarte mit Euro oder Ethereum mit Metamask. Das Geld wird sofort gutgeschrieben, die Geb\u00fchren sind die, die angezeigt werden. \u00c4rgerlich sind nat\u00fcrlich die hohen Gas Fees f\u00fcr Ethereum Transaktionen \u2013 aber daf\u00fcr kann Sorare nat\u00fcrlich nichts (und sollte sich mit Ethereum 2.0 hoffentlich auch \u00e4ndern).<\/p>\n\n\n\n<p>Die Verifizierung funktioniert leider nicht bei jedem reibungslos, was allerdings am Zahlungsdienstleister (Ramp) liegt \u2013 nicht an Sorare. Aber das ist ein Punkt der meiner Meinung nach durchaus Verbesserungspotential hat. Es gab schon so manchen Manager der frustriert wieder ausgestiegen ist weil sein Einzahlungslimit auf 100\u20ac beschr\u00e4nkt blieb.<\/p>\n\n\n\n<p>Rein technisch funktioniert die Plattform tadellos. Hier habe ich bisher weder Probleme bei den Aufstellungen, noch auf dem Transfermarkt erfahren. Aus dieser Sicht hat Sorare definitiv seine Hausaufgaben gemacht.<\/p>\n\n\n\n<h2 class=\"wp-block-heading\">Fazit<\/h2>\n\n\n\n<p>Es gibt einiges zu bedenken wenn es darum geht die Seriosit\u00e4t von Sorare zu beurteilen. Es ist einfach ein komplett neues Konzept und niemand kann behaupten, dass es absolut sicher ist dort einzusteigen. Es gibt keine Garantie, dass du Preisgelder gewinnst. Es gibt keine Garantie, dass die Karten die du heute kaufst in einem Jahr noch genauso viel wert sind. Es ist jederzeit m\u00f6glich, dass z.B. der Ethereum Kurs einbricht und eine Karte, die du f\u00fcr heute umgerechnet 100\u20ac gekauft hast, in wenigen Wochen nur noch 50\u20ac wert ist. Es ist auch m\u00f6glich, dass die Kartenwerte generell einbrechen aus welchem Grund auch immer. Du musst dir dessen einfach bewusst sein. Sorarekarten haben au\u00dferhalb von Sorare deutlich weniger Wert. Man kann also nicht einfach sagen: wenn es Sorare nicht mehr gibt, spiele ich mit den Karten halt woanders\u2026 Mag sein, dass das mal m\u00f6glich sein wird.<\/p>\n\n\n\n<p>Von daher: sei dir des Risikos bewusst und riskiere nur Geld, das du auch verlieren kannst. Wenn du das befolgst kannst du wesentlich entspannter an die Sache heran gehen. Denn es wird dir niemand zu 100% die Seriosit\u00e4t best\u00e4tigen k\u00f6nnen.<\/p>\n","protected":false},"excerpt":{"rendered":"<p>Bevor wir uns dem eigentlichen Thema widmen: Am besten machst du dir parallel zum Lesen gleich selbst ein Bild und klickst hier um zu Sorare zu gelangen. Kein Zweifel. Sorare ist ein komplett neues Konzept und nat\u00fcrlich eine noch recht unbekannte Marke. Die meisten vertrauen weder etwas Neuem, noch etwas Unbekanntem sofort. Daher stellt sich &hellip;<\/p>\n<p class=\"read-more\"> <a class=\"\" href=\"https:\/\/teamsorare.com\/de\/erfahrungen\/\"> <span class=\"screen-reader-text\">Sorare Erfahrungen \u2013 Ist Sorare seri\u00f6s oder Betrug?<\/span> Read More &raquo;<\/a><\/p>\n","protected":false},"author":1,"featured_media":0,"parent":0,"menu_order":0,"comment_status":"open","ping_status":"closed","template":"","meta":{"site-sidebar-layout":"","site-content-layout":"","ast-main-header-display":"","ast-hfb-above-header-display":"","ast-hfb-below-header-display":"","ast-hfb-mobile-header-display":"","site-post-title":"","ast-breadcrumbs-content":"","ast-featured-img":"","footer-sml-layout":"","theme-transparent-header-meta":"","adv-header-id-meta":"","stick-header-meta":"","header-above-stick-meta":"","header-main-stick-meta":"","header-below-stick-meta":"","footnotes":""},"class_list":["post-1282","page","type-page","status-publish","hentry"],"yoast_head":"<!-- This site is optimized with the Yoast SEO plugin v26.9 - https:\/\/yoast.com\/product\/yoast-seo-wordpress\/ -->\n<title>Sorare Erfahrungen \u2013 Ist Sorare seri\u00f6s oder Betrug? - TeamSorare<\/title>\n<meta name=\"robots\" content=\"index, follow, max-snippet:-1, max-image-preview:large, max-video-preview:-1\" \/>\n<link rel=\"canonical\" href=\"https:\/\/teamsorare.com\/de\/erfahrungen\/\" \/>\n<meta property=\"og:locale\" content=\"en_US\" \/>\n<meta property=\"og:type\" content=\"article\" \/>\n<meta property=\"og:title\" content=\"Sorare Erfahrungen \u2013 Ist Sorare seri\u00f6s oder Betrug? - TeamSorare\" \/>\n<meta property=\"og:description\" content=\"Bevor wir uns dem eigentlichen Thema widmen: Am besten machst du dir parallel zum Lesen gleich selbst ein Bild und klickst hier um zu Sorare zu gelangen. Kein Zweifel. Sorare ist ein komplett neues Konzept und nat\u00fcrlich eine noch recht unbekannte Marke. Die meisten vertrauen weder etwas Neuem, noch etwas Unbekanntem sofort. Daher stellt sich &hellip; Sorare Erfahrungen \u2013 Ist Sorare seri\u00f6s oder Betrug? Read More &raquo;\" \/>\n<meta property=\"og:url\" content=\"https:\/\/teamsorare.com\/de\/erfahrungen\/\" \/>\n<meta property=\"og:site_name\" content=\"TeamSorare\" \/>\n<meta property=\"article:modified_time\" content=\"2021-12-11T10:28:39+00:00\" \/>\n<meta name=\"twitter:card\" content=\"summary_large_image\" \/>\n<meta name=\"twitter:label1\" content=\"Est. reading time\" \/>\n\t<meta name=\"twitter:data1\" content=\"5 minutes\" \/>\n<script type=\"application\/ld+json\" class=\"yoast-schema-graph\">{\"@context\":\"https:\/\/schema.org\",\"@graph\":[{\"@type\":\"WebPage\",\"@id\":\"https:\/\/teamsorare.com\/de\/erfahrungen\/\",\"url\":\"https:\/\/teamsorare.com\/de\/erfahrungen\/\",\"name\":\"Sorare Erfahrungen \u2013 Ist Sorare seri\u00f6s oder Betrug? - TeamSorare\",\"isPartOf\":{\"@id\":\"https:\/\/teamsorare.com\/de\/#website\"},\"datePublished\":\"2021-11-22T14:16:45+00:00\",\"dateModified\":\"2021-12-11T10:28:39+00:00\",\"breadcrumb\":{\"@id\":\"https:\/\/teamsorare.com\/de\/erfahrungen\/#breadcrumb\"},\"inLanguage\":\"en-US\",\"potentialAction\":[{\"@type\":\"ReadAction\",\"target\":[\"https:\/\/teamsorare.com\/de\/erfahrungen\/\"]}]},{\"@type\":\"BreadcrumbList\",\"@id\":\"https:\/\/teamsorare.com\/de\/erfahrungen\/#breadcrumb\",\"itemListElement\":[{\"@type\":\"ListItem\",\"position\":1,\"name\":\"Home\",\"item\":\"https:\/\/teamsorare.com\/de\/\"},{\"@type\":\"ListItem\",\"position\":2,\"name\":\"Sorare Erfahrungen \u2013 Ist Sorare seri\u00f6s oder Betrug?\"}]},{\"@type\":\"WebSite\",\"@id\":\"https:\/\/teamsorare.com\/de\/#website\",\"url\":\"https:\/\/teamsorare.com\/de\/\",\"name\":\"TeamSorare\",\"description\":\"NFT Sammelkarten &amp; Fu\u00dfball Fantasy Manager\",\"publisher\":{\"@id\":\"https:\/\/teamsorare.com\/de\/#organization\"},\"potentialAction\":[{\"@type\":\"SearchAction\",\"target\":{\"@type\":\"EntryPoint\",\"urlTemplate\":\"https:\/\/teamsorare.com\/de\/?s={search_term_string}\"},\"query-input\":{\"@type\":\"PropertyValueSpecification\",\"valueRequired\":true,\"valueName\":\"search_term_string\"}}],\"inLanguage\":\"en-US\"},{\"@type\":\"Organization\",\"@id\":\"https:\/\/teamsorare.com\/de\/#organization\",\"name\":\"TeamSorare\",\"url\":\"https:\/\/teamsorare.com\/de\/\",\"logo\":{\"@type\":\"ImageObject\",\"inLanguage\":\"en-US\",\"@id\":\"https:\/\/teamsorare.com\/de\/#\/schema\/logo\/image\/\",\"url\":\"https:\/\/teamsorare.com\/de\/wp-content\/uploads\/sites\/2\/2021\/11\/TeamSorare-NFTs-and-Data.png\",\"contentUrl\":\"https:\/\/teamsorare.com\/de\/wp-content\/uploads\/sites\/2\/2021\/11\/TeamSorare-NFTs-and-Data.png\",\"width\":200,\"height\":200,\"caption\":\"TeamSorare\"},\"image\":{\"@id\":\"https:\/\/teamsorare.com\/de\/#\/schema\/logo\/image\/\"}}]}<\/script>\n<!-- \/ Yoast SEO plugin. -->","yoast_head_json":{"title":"Sorare Erfahrungen \u2013 Ist Sorare seri\u00f6s oder Betrug? - TeamSorare","robots":{"index":"index","follow":"follow","max-snippet":"max-snippet:-1","max-image-preview":"max-image-preview:large","max-video-preview":"max-video-preview:-1"},"canonical":"https:\/\/teamsorare.com\/de\/erfahrungen\/","og_locale":"en_US","og_type":"article","og_title":"Sorare Erfahrungen \u2013 Ist Sorare seri\u00f6s oder Betrug? - TeamSorare","og_description":"Bevor wir uns dem eigentlichen Thema widmen: Am besten machst du dir parallel zum Lesen gleich selbst ein Bild und klickst hier um zu Sorare zu gelangen. Kein Zweifel. Sorare ist ein komplett neues Konzept und nat\u00fcrlich eine noch recht unbekannte Marke. Die meisten vertrauen weder etwas Neuem, noch etwas Unbekanntem sofort. Daher stellt sich &hellip; Sorare Erfahrungen \u2013 Ist Sorare seri\u00f6s oder Betrug? Read More &raquo;","og_url":"https:\/\/teamsorare.com\/de\/erfahrungen\/","og_site_name":"TeamSorare","article_modified_time":"2021-12-11T10:28:39+00:00","twitter_card":"summary_large_image","twitter_misc":{"Est. reading time":"5 minutes"},"schema":{"@context":"https:\/\/schema.org","@graph":[{"@type":"WebPage","@id":"https:\/\/teamsorare.com\/de\/erfahrungen\/","url":"https:\/\/teamsorare.com\/de\/erfahrungen\/","name":"Sorare Erfahrungen \u2013 Ist Sorare seri\u00f6s oder Betrug? - TeamSorare","isPartOf":{"@id":"https:\/\/teamsorare.com\/de\/#website"},"datePublished":"2021-11-22T14:16:45+00:00","dateModified":"2021-12-11T10:28:39+00:00","breadcrumb":{"@id":"https:\/\/teamsorare.com\/de\/erfahrungen\/#breadcrumb"},"inLanguage":"en-US","potentialAction":[{"@type":"ReadAction","target":["https:\/\/teamsorare.com\/de\/erfahrungen\/"]}]},{"@type":"BreadcrumbList","@id":"https:\/\/teamsorare.com\/de\/erfahrungen\/#breadcrumb","itemListElement":[{"@type":"ListItem","position":1,"name":"Home","item":"https:\/\/teamsorare.com\/de\/"},{"@type":"ListItem","position":2,"name":"Sorare Erfahrungen \u2013 Ist Sorare seri\u00f6s oder Betrug?"}]},{"@type":"WebSite","@id":"https:\/\/teamsorare.com\/de\/#website","url":"https:\/\/teamsorare.com\/de\/","name":"TeamSorare","description":"NFT Sammelkarten &amp; Fu\u00dfball Fantasy Manager","publisher":{"@id":"https:\/\/teamsorare.com\/de\/#organization"},"potentialAction":[{"@type":"SearchAction","target":{"@type":"EntryPoint","urlTemplate":"https:\/\/teamsorare.com\/de\/?s={search_term_string}"},"query-input":{"@type":"PropertyValueSpecification","valueRequired":true,"valueName":"search_term_string"}}],"inLanguage":"en-US"},{"@type":"Organization","@id":"https:\/\/teamsorare.com\/de\/#organization","name":"TeamSorare","url":"https:\/\/teamsorare.com\/de\/","logo":{"@type":"ImageObject","inLanguage":"en-US","@id":"https:\/\/teamsorare.com\/de\/#\/schema\/logo\/image\/","url":"https:\/\/teamsorare.com\/de\/wp-content\/uploads\/sites\/2\/2021\/11\/TeamSorare-NFTs-and-Data.png","contentUrl":"https:\/\/teamsorare.com\/de\/wp-content\/uploads\/sites\/2\/2021\/11\/TeamSorare-NFTs-and-Data.png","width":200,"height":200,"caption":"TeamSorare"},"image":{"@id":"https:\/\/teamsorare.com\/de\/#\/schema\/logo\/image\/"}}]}},"_links":{"self":[{"href":"https:\/\/teamsorare.com\/de\/wp-json\/wp\/v2\/pages\/1282","targetHints":{"allow":["GET"]}}],"collection":[{"href":"https:\/\/teamsorare.com\/de\/wp-json\/wp\/v2\/pages"}],"about":[{"href":"https:\/\/teamsorare.com\/de\/wp-json\/wp\/v2\/types\/page"}],"author":[{"embeddable":true,"href":"https:\/\/teamsorare.com\/de\/wp-json\/wp\/v2\/users\/1"}],"replies":[{"embeddable":true,"href":"https:\/\/teamsorare.com\/de\/wp-json\/wp\/v2\/comments?post=1282"}],"version-history":[{"count":1,"href":"https:\/\/teamsorare.com\/de\/wp-json\/wp\/v2\/pages\/1282\/revisions"}],"predecessor-version":[{"id":1290,"href":"https:\/\/teamsorare.com\/de\/wp-json\/wp\/v2\/pages\/1282\/revisions\/1290"}],"wp:attachment":[{"href":"https:\/\/teamsorare.com\/de\/wp-json\/wp\/v2\/media?parent=1282"}],"curies":[{"name":"wp","href":"https:\/\/api.w.org\/{rel}","templated":true}]}}