{"id":1283,"date":"2021-11-22T14:14:40","date_gmt":"2021-11-22T14:14:40","guid":{"rendered":"https:\/\/teamsorare.com\/de\/?page_id=1283"},"modified":"2021-11-22T14:14:57","modified_gmt":"2021-11-22T14:14:57","slug":"verkaufen","status":"publish","type":"page","link":"https:\/\/teamsorare.com\/de\/universitaet\/verkaufen\/","title":{"rendered":"Sorare Karten verkaufen"},"content":{"rendered":"\n<p>Eines kann man im Vorfeld bereits sagen: Die Bedienung von Sorare ist tats\u00e4chlich sehr einfach und meistens auch selbsterkl\u00e4rend. Dennoch ist gerade der Verkauf ein sensibles Thema und man darf hier keinen Mist bauen. Deswegen zeigen wir dir in diesem Leitfaden wie der Verkauf geht, welche M\u00f6glichkeiten du hast und was zu beachten ist.<\/p>\n\n\n\n<h2 class=\"wp-block-heading\">Angebot auf dem Transfermarkt erstellen<\/h2>\n\n\n\n<p>Du erstellst einfach ein Angebot mit Summe X und die Karte steht dann f\u00fcr 48 Stunden zum Verkauf. Findet sich kein K\u00e4ufer wird das Angebot zur\u00fcck gezogen.<\/p>\n\n\n\n<p>Um ein solches Angebot zu erstellen gehst du einfach auf \u201eMeine Karten\u201c und w\u00e4hlst den Spieler aus den du verkaufen m\u00f6chtest.<\/p>\n\n\n\n<div class=\"wp-block-image\"><figure class=\"aligncenter size-full\"><img decoding=\"async\" src=\"https:\/\/teamsorare.com\/wp-content\/uploads\/2021\/11\/Sorare-My-Cards.png\" alt=\"\" class=\"wp-image-1207\"\/><\/figure><\/div>\n\n\n\n<p>Nun klickst du auf \u201eList my Card\u201c und wirst dann gefragt zu welchem Preis zu den Spieler verkaufen m\u00f6chtest.<\/p>\n\n\n\n<div class=\"wp-block-image\"><figure class=\"aligncenter size-large\"><img decoding=\"async\" src=\"https:\/\/teamsorare.com\/wp-content\/uploads\/2021\/11\/Soraredata-List-Card-1024x678.png\" alt=\"\" class=\"wp-image-1208\"\/><\/figure><\/div>\n\n\n\n<p>WICHTIG: Wenn du keine Ahnung hast wie viel dein Spieler wert ist, gehe zu Soraredata und schau dort wie hoch das \u201eBest Market Offer\u201c ist:<\/p>\n\n\n\n<div class=\"wp-block-image\"><figure class=\"aligncenter size-large\"><img decoding=\"async\" src=\"https:\/\/teamsorare.com\/wp-content\/uploads\/2021\/11\/Soraredata-Overview-1024x386.png\" alt=\"\" class=\"wp-image-1209\"\/><\/figure><\/div>\n\n\n\n<p>In diesem Fall ist es 0,003 ETH was auch dem durchschnittlichen Verkaufspreis der letzten 3 Tage entspricht. Das w\u00e4re dann also auch ein \u201efairer\u201c Wert den du verlangen solltest. Mehr zu verlangen ergibt wenig Sinn, gerade bei Spielern deren Nachfrage sich in Grenzen h\u00e4lt. Bei unserem jungen Mann aus der \u00d6sterreichischen Bundesliga ist das definitiv der Fall. Hier werden wir keinen K\u00e4ufer finden, der mehr als das Best Market Offer bezahlt.<\/p>\n\n\n\n<p>Das Best Market Offer ist der Preis der g\u00fcnstigsten Karte auf dem Transfermarkt. Nebenbei bemerkt. Wenn du bei Auktionen teilnimmst, schau immer auf das Best Market Offer. Es ergibt keinen Sinn bei einer Auktion den Best Market Price oder dar\u00fcber zu bieten weil du die Karte mindestens genauso g\u00fcnstig auf dem Transfermarkt kaufen kannst. Und noch dazu hast du bei Managerverk\u00e4ufen meist noch Erfahrungspunkte die zum Teil \u00fcbernommen werden. Daher, Vorsicht bei Auktionen.<\/p>\n\n\n\n<p>Es ist auch wichtig zu sehen wie viele Best Price Angebote es gibt. In unserem Fall sind bereits zwei Karten bei 0,003:<\/p>\n\n\n\n<div class=\"wp-block-image\"><figure class=\"aligncenter size-large\"><img decoding=\"async\" src=\"https:\/\/teamsorare.com\/wp-content\/uploads\/2021\/11\/Soraredata-Best-Market-Price-1024x599.png\" alt=\"\" class=\"wp-image-1210\"\/><\/figure><\/div>\n\n\n\n<p>Wenn wir jetzt ebenfalls 0,003 verlangen, ist es gut m\u00f6glich dass wir die Karte innerhalb der 48 Stunden gar nicht verkaufen. Au\u00dfer der Spieler gewinnt noch irgendwie an Wert z.B. weil er am n\u00e4chsten Spieltag gut performed. Aber dazu sp\u00e4ter mehr.<\/p>\n\n\n\n<h2 class=\"wp-block-heading\">Der Mindestpreis<\/h2>\n\n\n\n<p>Bei Sorare kannst du grunds\u00e4tzlich bei jeder Karte auf dem Transfermarkt ein Angebot abgeben. Und du wirst schnell merken: das kann sehr l\u00e4stig sein. Denn es gibt viele Manager, die ihr Gl\u00fcck mit l\u00e4cherlich niedrigen Angeboten probieren. Das kannst du verhindern indem du einen Mindestpreis definierst. Wenn du gar keine Lust auf Verhandeln hast w\u00e4hlst du den Mindestpreis einfach so hoch wie den Angebotspreis. Den Mindestpreis kannst du direkt sichtbar machen oder verstecken. Das spielt aber keine gro\u00dfe Rolle. Die wichtigste Funktion des Mindestpreises ist es unseri\u00f6se oder zu niedrige Angebote direkt auszuschlie\u00dfen. Daher solltest du immer einen Mindestpreis festlegen.<\/p>\n\n\n\n<p>Wir stellen ihn nun auf den gleichen Betrag mit 0,003:<\/p>\n\n\n\n<div class=\"wp-block-image\"><figure class=\"aligncenter size-full\"><img decoding=\"async\" src=\"https:\/\/teamsorare.com\/wp-content\/uploads\/2021\/11\/Sorare-Select-Min-Bid.png\" alt=\"\" class=\"wp-image-1211\"\/><\/figure><\/div>\n\n\n\n<p>Und stellen die Karte ebenfalls zu dem Betrag ein:<\/p>\n\n\n\n<div class=\"wp-block-image\"><figure class=\"aligncenter size-full\"><img decoding=\"async\" src=\"https:\/\/teamsorare.com\/wp-content\/uploads\/2021\/11\/Sorare-Confirm-Sale.png\" alt=\"\" class=\"wp-image-1212\"\/><\/figure><\/div>\n\n\n\n<p>Nun musst du den Verkauf noch mit deinem Passwort best\u00e4tigen:<\/p>\n\n\n\n<p>Es dauert zwei Minuten bis der Verkauf sichtbar wird. Du solltest wissen, dass Soraredata tats\u00e4chlich fast in Echtzeit abl\u00e4uft. Das hei\u00dft, sobald die Karte eingestellt wird, ist es dort f\u00fcr andere Manager sichtbar.<\/p>\n\n\n\n<div class=\"wp-block-image\"><figure class=\"aligncenter size-full\"><img decoding=\"async\" src=\"https:\/\/teamsorare.com\/wp-content\/uploads\/2021\/11\/Sorare-Listing-Confirmation.png\" alt=\"\" class=\"wp-image-1213\"\/><\/figure><\/div>\n\n\n\n<h2 class=\"wp-block-heading\">Angebote zum Tauschen<\/h2>\n\n\n\n<p>Nun wirst du immer wieder Tauschangebote erhalten. Zu 80% kannst du diese Angebote ignorieren, denn die meisten Manager versuchen dir einfach wertlose Karten unterzujubeln nur um g\u00fcnstig an deine Karte zu kommen.<\/p>\n\n\n\n<p>Zu 95% bekommst du Karten von Spieler, die du gar nicht kennst. Du hast also in der Regel keine Ahnung wie wertvoll sie sind.<\/p>\n\n\n\n<p>Den besten Anhaltspunkt f\u00fcr eine schnelle Bewertung liefert wieder Soraredata:<\/p>\n\n\n\n<div class=\"wp-block-image\"><figure class=\"aligncenter size-large\"><img decoding=\"async\" src=\"https:\/\/teamsorare.com\/wp-content\/uploads\/2021\/11\/Soraredata-Fair-Value-1024x449.png\" alt=\"\" class=\"wp-image-1214\"\/><\/figure><\/div>\n\n\n\n<p>Und hier solltest du zum einen nach dem durchschnittlichen Verkaufspreis der letzten 3 Tage und wieder dem Best Market Offer gehen. Bekommst du mehrere Karten angeboten musst du die Kartenwerte nat\u00fcrlich addieren. Das alleine ist aber nur die halbe Miete. Du siehst aber sehr schnell wie weit weg das Tauschangebot vom Wert deiner Karte ist. Oft kannst du an dieser Stelle bereits ablehnen.<\/p>\n\n\n\n<p>Macht dir ein Manager aber ein gutes Angebot, solltest du die Karten genauer anschauen. Von welcher Saison sind sie? Wie viele Erfahrungspunkte haben sie? Wie beliebt ist der Spieler? Wie viele Karten sind von ihm auf dem Transfermarkt und kannst du ihn zum Best Market Price auch tats\u00e4chlich verkaufen? Und nat\u00fcrlich: kannst du ihn f\u00fcr deine Ligen einsetzen.<\/p>\n\n\n\n<h2 class=\"wp-block-heading\">Der beste Zeitpunkt f\u00fcr einen Verkauf<\/h2>\n\n\n\n<p>Beim Zeitpunkt gibt es vor allem zwei Dinge zu beachten: Wie lange geht die Spielzeit noch in der Liga?<\/p>\n\n\n\n<p>Je k\u00fcrzer die Restlaufzeit der Liga, desto geringer der noch zu erwartete Punktewert den eine Karte einbringen kann und desto geringer der Wert. Ein guter Verkaufszeitpunkt ist in der Regel kurz vor Beginn der Spielzeit und nach dem Start oder der Winterpausen. Ein schlechter Verkaufszeitpunkt ist immer gegen Ende der Saison, langen Winterpausen oder in der Saisonpause. Hier ist die Nachfrage meist zu gering.<\/p>\n\n\n\n<p><a href=\"https:\/\/teamsorare.com\/de\/universitaet\/schedule-of-sorare-leagues\/\" target=\"_blank\" rel=\"noreferrer noopener\">Hier kannst du dir unseren Leitfaden zu den jeweiligen Saisons anschauen.<\/a><\/p>\n\n\n\n<p>Der n\u00e4chste wichtige Punkt ist der Zeitpunkt vor den Spieltagen, denn hier schlagen viele Manager noch einmal zu um ihre Aufstellung zu komplettieren oder zu optimieren. Wenn sie z.B. sehen, dass ein Spieler aus ihrer Aufstellung gar nicht spielen wird, ben\u00f6tigen sie wom\u00f6glich kurzfristig Ersatz.<\/p>\n\n\n\n<p>Du musst dir aber auch klar sein, dass du den Spieler dann auch nicht mehr einsetzen kannst. Dennoch ist die Chance eines Verkaufs kurz vor der Meldung am h\u00f6chsten.<\/p>\n\n\n\n<h2 class=\"wp-block-heading\">Was passiert wenn du einen Spieler w\u00e4hrend des Spieltags verkaufst?<\/h2>\n\n\n\n<p>Zum Gl\u00fcck gar nichts. Bei Sorare gibt es feste Meldezeiten, das hei\u00dft bis zu diesem Zeitpunkt musst du ein Team gemeldet haben und die Karten m\u00fcssen in deinem Konto sein. Alles was danach passiert ist egal. Wenn du also einen Spieler am Samstag verkaufst, den du aber im Einsatz hast tritt er immer noch f\u00fcr dich an. Der Manager, der ihn gekauft hat, kann ihn aber erst zum n\u00e4chsten Spieltag nutzen. Er wird also nicht doppelt eingesetzt. Insofern eine faire Regelung von Sorare.<\/p>\n","protected":false},"excerpt":{"rendered":"<p>Eines kann man im Vorfeld bereits sagen: Die Bedienung von Sorare ist tats\u00e4chlich sehr einfach und meistens auch selbsterkl\u00e4rend. Dennoch ist gerade der Verkauf ein sensibles Thema und man darf hier keinen Mist bauen. Deswegen zeigen wir dir in diesem Leitfaden wie der Verkauf geht, welche M\u00f6glichkeiten du hast und was zu beachten ist. Angebot &hellip;<\/p>\n<p class=\"read-more\"> <a class=\"\" href=\"https:\/\/teamsorare.com\/de\/universitaet\/verkaufen\/\"> <span class=\"screen-reader-text\">Sorare Karten verkaufen<\/span> Read More &raquo;<\/a><\/p>\n","protected":false},"author":1,"featured_media":0,"parent":886,"menu_order":0,"comment_status":"closed","ping_status":"closed","template":"","meta":{"site-sidebar-layout":"","site-content-layout":"","ast-main-header-display":"","ast-hfb-above-header-display":"","ast-hfb-below-header-display":"","ast-hfb-mobile-header-display":"","site-post-title":"","ast-breadcrumbs-content":"","ast-featured-img":"","footer-sml-layout":"","theme-transparent-header-meta":"","adv-header-id-meta":"","stick-header-meta":"","header-above-stick-meta":"","header-main-stick-meta":"","header-below-stick-meta":"","footnotes":""},"class_list":["post-1283","page","type-page","status-publish","hentry"],"yoast_head":"<!-- This site is optimized with the Yoast SEO plugin v26.9 - https:\/\/yoast.com\/product\/yoast-seo-wordpress\/ -->\n<title>Sorare Karten verkaufen - TeamSorare<\/title>\n<meta name=\"robots\" content=\"index, follow, max-snippet:-1, max-image-preview:large, max-video-preview:-1\" \/>\n<link rel=\"canonical\" href=\"https:\/\/teamsorare.com\/de\/universitaet\/verkaufen\/\" \/>\n<meta property=\"og:locale\" content=\"en_US\" \/>\n<meta property=\"og:type\" content=\"article\" \/>\n<meta property=\"og:title\" content=\"Sorare Karten verkaufen - TeamSorare\" \/>\n<meta property=\"og:description\" content=\"Eines kann man im Vorfeld bereits sagen: Die Bedienung von Sorare ist tats\u00e4chlich sehr einfach und meistens auch selbsterkl\u00e4rend. Dennoch ist gerade der Verkauf ein sensibles Thema und man darf hier keinen Mist bauen. Deswegen zeigen wir dir in diesem Leitfaden wie der Verkauf geht, welche M\u00f6glichkeiten du hast und was zu beachten ist. Angebot &hellip; Sorare Karten verkaufen Read More &raquo;\" \/>\n<meta property=\"og:url\" content=\"https:\/\/teamsorare.com\/de\/universitaet\/verkaufen\/\" \/>\n<meta property=\"og:site_name\" content=\"TeamSorare\" \/>\n<meta property=\"article:modified_time\" content=\"2021-11-22T14:14:57+00:00\" \/>\n<meta property=\"og:image\" content=\"https:\/\/teamsorare.com\/wp-content\/uploads\/2021\/11\/Sorare-My-Cards.png\" \/>\n<meta name=\"twitter:card\" content=\"summary_large_image\" \/>\n<meta name=\"twitter:label1\" content=\"Est. reading time\" \/>\n\t<meta name=\"twitter:data1\" content=\"6 minutes\" \/>\n<script type=\"application\/ld+json\" class=\"yoast-schema-graph\">{\"@context\":\"https:\/\/schema.org\",\"@graph\":[{\"@type\":\"WebPage\",\"@id\":\"https:\/\/teamsorare.com\/de\/universitaet\/verkaufen\/\",\"url\":\"https:\/\/teamsorare.com\/de\/universitaet\/verkaufen\/\",\"name\":\"Sorare Karten verkaufen - TeamSorare\",\"isPartOf\":{\"@id\":\"https:\/\/teamsorare.com\/de\/#website\"},\"primaryImageOfPage\":{\"@id\":\"https:\/\/teamsorare.com\/de\/universitaet\/verkaufen\/#primaryimage\"},\"image\":{\"@id\":\"https:\/\/teamsorare.com\/de\/universitaet\/verkaufen\/#primaryimage\"},\"thumbnailUrl\":\"https:\/\/teamsorare.com\/wp-content\/uploads\/2021\/11\/Sorare-My-Cards.png\",\"datePublished\":\"2021-11-22T14:14:40+00:00\",\"dateModified\":\"2021-11-22T14:14:57+00:00\",\"breadcrumb\":{\"@id\":\"https:\/\/teamsorare.com\/de\/universitaet\/verkaufen\/#breadcrumb\"},\"inLanguage\":\"en-US\",\"potentialAction\":[{\"@type\":\"ReadAction\",\"target\":[\"https:\/\/teamsorare.com\/de\/universitaet\/verkaufen\/\"]}]},{\"@type\":\"ImageObject\",\"inLanguage\":\"en-US\",\"@id\":\"https:\/\/teamsorare.com\/de\/universitaet\/verkaufen\/#primaryimage\",\"url\":\"https:\/\/teamsorare.com\/wp-content\/uploads\/2021\/11\/Sorare-My-Cards.png\",\"contentUrl\":\"https:\/\/teamsorare.com\/wp-content\/uploads\/2021\/11\/Sorare-My-Cards.png\"},{\"@type\":\"BreadcrumbList\",\"@id\":\"https:\/\/teamsorare.com\/de\/universitaet\/verkaufen\/#breadcrumb\",\"itemListElement\":[{\"@type\":\"ListItem\",\"position\":1,\"name\":\"Home\",\"item\":\"https:\/\/teamsorare.com\/de\/\"},{\"@type\":\"ListItem\",\"position\":2,\"name\":\"Sorare Universit\u00e4t &#8211; Sorare Scouting, Strategien &#038; How To&#8217;s\",\"item\":\"https:\/\/teamsorare.com\/de\/universitaet\/\"},{\"@type\":\"ListItem\",\"position\":3,\"name\":\"Sorare Karten verkaufen\"}]},{\"@type\":\"WebSite\",\"@id\":\"https:\/\/teamsorare.com\/de\/#website\",\"url\":\"https:\/\/teamsorare.com\/de\/\",\"name\":\"TeamSorare\",\"description\":\"NFT Sammelkarten &amp; Fu\u00dfball Fantasy Manager\",\"publisher\":{\"@id\":\"https:\/\/teamsorare.com\/de\/#organization\"},\"potentialAction\":[{\"@type\":\"SearchAction\",\"target\":{\"@type\":\"EntryPoint\",\"urlTemplate\":\"https:\/\/teamsorare.com\/de\/?s={search_term_string}\"},\"query-input\":{\"@type\":\"PropertyValueSpecification\",\"valueRequired\":true,\"valueName\":\"search_term_string\"}}],\"inLanguage\":\"en-US\"},{\"@type\":\"Organization\",\"@id\":\"https:\/\/teamsorare.com\/de\/#organization\",\"name\":\"TeamSorare\",\"url\":\"https:\/\/teamsorare.com\/de\/\",\"logo\":{\"@type\":\"ImageObject\",\"inLanguage\":\"en-US\",\"@id\":\"https:\/\/teamsorare.com\/de\/#\/schema\/logo\/image\/\",\"url\":\"https:\/\/teamsorare.com\/de\/wp-content\/uploads\/sites\/2\/2021\/11\/TeamSorare-NFTs-and-Data.png\",\"contentUrl\":\"https:\/\/teamsorare.com\/de\/wp-content\/uploads\/sites\/2\/2021\/11\/TeamSorare-NFTs-and-Data.png\",\"width\":200,\"height\":200,\"caption\":\"TeamSorare\"},\"image\":{\"@id\":\"https:\/\/teamsorare.com\/de\/#\/schema\/logo\/image\/\"}}]}<\/script>\n<!-- \/ Yoast SEO plugin. -->","yoast_head_json":{"title":"Sorare Karten verkaufen - TeamSorare","robots":{"index":"index","follow":"follow","max-snippet":"max-snippet:-1","max-image-preview":"max-image-preview:large","max-video-preview":"max-video-preview:-1"},"canonical":"https:\/\/teamsorare.com\/de\/universitaet\/verkaufen\/","og_locale":"en_US","og_type":"article","og_title":"Sorare Karten verkaufen - TeamSorare","og_description":"Eines kann man im Vorfeld bereits sagen: Die Bedienung von Sorare ist tats\u00e4chlich sehr einfach und meistens auch selbsterkl\u00e4rend. Dennoch ist gerade der Verkauf ein sensibles Thema und man darf hier keinen Mist bauen. Deswegen zeigen wir dir in diesem Leitfaden wie der Verkauf geht, welche M\u00f6glichkeiten du hast und was zu beachten ist. Angebot &hellip; Sorare Karten verkaufen Read More &raquo;","og_url":"https:\/\/teamsorare.com\/de\/universitaet\/verkaufen\/","og_site_name":"TeamSorare","article_modified_time":"2021-11-22T14:14:57+00:00","og_image":[{"url":"https:\/\/teamsorare.com\/wp-content\/uploads\/2021\/11\/Sorare-My-Cards.png","type":"","width":"","height":""}],"twitter_card":"summary_large_image","twitter_misc":{"Est. reading time":"6 minutes"},"schema":{"@context":"https:\/\/schema.org","@graph":[{"@type":"WebPage","@id":"https:\/\/teamsorare.com\/de\/universitaet\/verkaufen\/","url":"https:\/\/teamsorare.com\/de\/universitaet\/verkaufen\/","name":"Sorare Karten verkaufen - TeamSorare","isPartOf":{"@id":"https:\/\/teamsorare.com\/de\/#website"},"primaryImageOfPage":{"@id":"https:\/\/teamsorare.com\/de\/universitaet\/verkaufen\/#primaryimage"},"image":{"@id":"https:\/\/teamsorare.com\/de\/universitaet\/verkaufen\/#primaryimage"},"thumbnailUrl":"https:\/\/teamsorare.com\/wp-content\/uploads\/2021\/11\/Sorare-My-Cards.png","datePublished":"2021-11-22T14:14:40+00:00","dateModified":"2021-11-22T14:14:57+00:00","breadcrumb":{"@id":"https:\/\/teamsorare.com\/de\/universitaet\/verkaufen\/#breadcrumb"},"inLanguage":"en-US","potentialAction":[{"@type":"ReadAction","target":["https:\/\/teamsorare.com\/de\/universitaet\/verkaufen\/"]}]},{"@type":"ImageObject","inLanguage":"en-US","@id":"https:\/\/teamsorare.com\/de\/universitaet\/verkaufen\/#primaryimage","url":"https:\/\/teamsorare.com\/wp-content\/uploads\/2021\/11\/Sorare-My-Cards.png","contentUrl":"https:\/\/teamsorare.com\/wp-content\/uploads\/2021\/11\/Sorare-My-Cards.png"},{"@type":"BreadcrumbList","@id":"https:\/\/teamsorare.com\/de\/universitaet\/verkaufen\/#breadcrumb","itemListElement":[{"@type":"ListItem","position":1,"name":"Home","item":"https:\/\/teamsorare.com\/de\/"},{"@type":"ListItem","position":2,"name":"Sorare Universit\u00e4t &#8211; Sorare Scouting, Strategien &#038; How To&#8217;s","item":"https:\/\/teamsorare.com\/de\/universitaet\/"},{"@type":"ListItem","position":3,"name":"Sorare Karten verkaufen"}]},{"@type":"WebSite","@id":"https:\/\/teamsorare.com\/de\/#website","url":"https:\/\/teamsorare.com\/de\/","name":"TeamSorare","description":"NFT Sammelkarten &amp; Fu\u00dfball Fantasy Manager","publisher":{"@id":"https:\/\/teamsorare.com\/de\/#organization"},"potentialAction":[{"@type":"SearchAction","target":{"@type":"EntryPoint","urlTemplate":"https:\/\/teamsorare.com\/de\/?s={search_term_string}"},"query-input":{"@type":"PropertyValueSpecification","valueRequired":true,"valueName":"search_term_string"}}],"inLanguage":"en-US"},{"@type":"Organization","@id":"https:\/\/teamsorare.com\/de\/#organization","name":"TeamSorare","url":"https:\/\/teamsorare.com\/de\/","logo":{"@type":"ImageObject","inLanguage":"en-US","@id":"https:\/\/teamsorare.com\/de\/#\/schema\/logo\/image\/","url":"https:\/\/teamsorare.com\/de\/wp-content\/uploads\/sites\/2\/2021\/11\/TeamSorare-NFTs-and-Data.png","contentUrl":"https:\/\/teamsorare.com\/de\/wp-content\/uploads\/sites\/2\/2021\/11\/TeamSorare-NFTs-and-Data.png","width":200,"height":200,"caption":"TeamSorare"},"image":{"@id":"https:\/\/teamsorare.com\/de\/#\/schema\/logo\/image\/"}}]}},"_links":{"self":[{"href":"https:\/\/teamsorare.com\/de\/wp-json\/wp\/v2\/pages\/1283","targetHints":{"allow":["GET"]}}],"collection":[{"href":"https:\/\/teamsorare.com\/de\/wp-json\/wp\/v2\/pages"}],"about":[{"href":"https:\/\/teamsorare.com\/de\/wp-json\/wp\/v2\/types\/page"}],"author":[{"embeddable":true,"href":"https:\/\/teamsorare.com\/de\/wp-json\/wp\/v2\/users\/1"}],"replies":[{"embeddable":true,"href":"https:\/\/teamsorare.com\/de\/wp-json\/wp\/v2\/comments?post=1283"}],"version-history":[{"count":1,"href":"https:\/\/teamsorare.com\/de\/wp-json\/wp\/v2\/pages\/1283\/revisions"}],"predecessor-version":[{"id":1288,"href":"https:\/\/teamsorare.com\/de\/wp-json\/wp\/v2\/pages\/1283\/revisions\/1288"}],"up":[{"embeddable":true,"href":"https:\/\/teamsorare.com\/de\/wp-json\/wp\/v2\/pages\/886"}],"wp:attachment":[{"href":"https:\/\/teamsorare.com\/de\/wp-json\/wp\/v2\/media?parent=1283"}],"curies":[{"name":"wp","href":"https:\/\/api.w.org\/{rel}","templated":true}]}}