{"id":1284,"date":"2021-11-22T14:08:46","date_gmt":"2021-11-22T14:08:46","guid":{"rendered":"https:\/\/teamsorare.com\/de\/?page_id=1284"},"modified":"2021-12-11T15:43:29","modified_gmt":"2021-12-11T15:43:29","slug":"anmeldung","status":"publish","type":"page","link":"https:\/\/teamsorare.com\/de\/anmeldung\/","title":{"rendered":"Sorare Anmeldung \u2013 Wie starte ich bei Sorare?"},"content":{"rendered":"\n<p>Die Anmeldung bei Sorare ist wirklich sehr einfach, wir m\u00f6chten es aber an dieser Stelle noch genau erkl\u00e4ren.<\/p>\n\n\n\n<h2 class=\"wp-block-heading\"><a href=\"https:\/\/teamsorare.com\/go\/sorare\" target=\"_blank\" rel=\"noreferrer noopener sponsored nofollow\">Schritt 1: Gehe zu Sorare \u00fcber diesen Link!<\/a><\/h2>\n\n\n\n<p>Ganz wichtig: Benutze wirklich <a href=\"https:\/\/teamsorare.com\/go\/sorare\" target=\"_blank\" rel=\"noreferrer noopener sponsored nofollow\">diesen Link<\/a>, denn dar\u00fcber bekommst du eine gratis Limited Karte nachdem du f\u00fcnf Karten gekauft hast. Das bekommst du nicht wenn du dich direkt bei Sorare anmeldest.<\/p>\n\n\n\n<h2 class=\"wp-block-heading\">Schritt 2: Klicke auf Registrierung<\/h2>\n\n\n\n<div class=\"wp-block-image\"><figure class=\"aligncenter size-large\"><img decoding=\"async\" src=\"https:\/\/teamsorare.com\/wp-content\/uploads\/2021\/11\/Sorare-Signup-1024x476.png\" alt=\"\" class=\"wp-image-1189\"\/><\/figure><\/div>\n\n\n\n<p>Nun sollte sich ein Popup \u00f6ffnen das deine Daten verlangt und zwar eine Emailadresse, einen Spitznamen und ein Passwort. Achtung: Das Passwort musst du nicht doppelt eingeben, daher solltest du sicher gehen, dass du dich nicht vertippt hast.<\/p>\n\n\n\n<div class=\"wp-block-image\"><figure class=\"aligncenter size-full\"><img decoding=\"async\" src=\"https:\/\/teamsorare.com\/wp-content\/uploads\/2021\/11\/Sorare-Register-Popup.png\" alt=\"\" class=\"wp-image-1190\"\/><\/figure><\/div>\n\n\n\n<p>Stimme den Nutzungsbedingungen zu.<\/p>\n\n\n\n<p>Du musst nicht zustimmen, dass du Angebote von Sorare bekommst und den Newsletter abonnieren musst.<\/p>\n\n\n\n<p>Es ist au\u00dferdem m\u00f6glich dich mit deinem Google- oder Facebook Konto zu registrieren. Hier solltest du dir bewusst sein, dass auch die gleiche Email Adresse verwendet wird. Die Registrierung ist auch ohne Google und Facebook sehr einfach bei Sorare. Daher ist dies nicht unbedingt notwendig und dauert auch nicht unbedingt l\u00e4nger.<\/p>\n\n\n\n<div class=\"wp-block-image\"><figure class=\"aligncenter size-full\"><img decoding=\"async\" src=\"https:\/\/teamsorare.com\/wp-content\/uploads\/2021\/11\/Sorare-Google-Login.png\" alt=\"\" class=\"wp-image-1191\"\/><\/figure><\/div>\n\n\n\n<div class=\"wp-block-image\"><figure class=\"aligncenter size-full\"><img decoding=\"async\" src=\"https:\/\/teamsorare.com\/wp-content\/uploads\/2021\/11\/Sorare-Facebook-Login.png\" alt=\"\" class=\"wp-image-1192\"\/><\/figure><\/div>\n\n\n\n<h2 class=\"wp-block-heading\">Schritt 3: Best\u00e4tige deine Email Adresse<\/h2>\n\n\n\n<p>Nun musst du noch deine Email Adresse verifizieren und den Best\u00e4tigungslink klicken. Wenn du nicht gleich eine Email bekommst, schau auch in den Spam Ordner. In der Regel sollte die Mail aber innerhalb weniger Sekunden eintreffen.<\/p>\n\n\n\n<div class=\"wp-block-image\"><figure class=\"aligncenter size-full\"><img decoding=\"async\" src=\"https:\/\/teamsorare.com\/wp-content\/uploads\/2021\/11\/Confirm-email-Sorare.png\" alt=\"\" class=\"wp-image-1193\"\/><\/figure><\/div>\n\n\n\n<h2 class=\"wp-block-heading\">Schritt 4: Erstelle deinen Club<\/h2>\n\n\n\n<p>Nun geht es darum deinen Club anzulegen. Grunds\u00e4tzlich spielt es keine Rolle, aber wenn du m\u00f6chtest, dass dich die Community in einer bestimmten Form wahrnimmt, musst du hier ein geeignetes Profil anlegen. Und zwar mit Username, Clubname (Standardm\u00e4\u00dfig Username FC) und Profilfoto. Das meiste davon kannst du jederzeit \u00e4ndern.<\/p>\n\n\n\n<div class=\"wp-block-image\"><figure class=\"aligncenter size-full\"><img decoding=\"async\" src=\"https:\/\/teamsorare.com\/wp-content\/uploads\/2021\/11\/Create-Club-at-Sorare.png\" alt=\"\" class=\"wp-image-1194\"\/><\/figure><\/div>\n\n\n\n<h2 class=\"wp-block-heading\">Schritt 5: W\u00e4hle deine Lieblingsclubs<\/h2>\n\n\n\n<p>Ok, eigentlich nicht. Denn du w\u00e4hlst nun Vereine aus von denen du Common Karten erhalten m\u00f6chtest. Common Karten sind gratis und k\u00f6nnen auch nicht gehandelt werden. Sie haben in dem Sinn auch keinen Wert. ABER! Du m\u00f6chtest vielleicht in einer Liga spielen bei denen Common Karten eingesetzt werden k\u00f6nnen und du Preisgelder gewinnen kannst. Bei der \u201eThreshold\u201c Liga z.B. kannst du vier Rare und eine Common Karte w\u00e4hlen. Und die Common Karte sollte der Torwart sein, da \u201eRare Torh\u00fcter\u201c praktisch unbezahlbar sind. Kurz gesagt: w\u00e4hle Clubs mit guten Torh\u00fctern also z.B. den FC Bayern. Mit etwas Gl\u00fcck bekommst du Manuel Neuer.<\/p>\n\n\n\n<div class=\"wp-block-image\"><figure class=\"aligncenter size-large\"><img decoding=\"async\" src=\"https:\/\/teamsorare.com\/wp-content\/uploads\/2021\/11\/Sorare-Club-Selection-1024x662.png\" alt=\"\" class=\"wp-image-1195\"\/><\/figure><\/div>\n\n\n\n<h2 class=\"wp-block-heading\">Schritt 6: Decke deine Common Karten auf<\/h2>\n\n\n\n<p>Nun kannst du deine Common Karten aufdecken und schauen was du bekommst.<\/p>\n\n\n\n<div class=\"wp-block-image\"><figure class=\"aligncenter size-full\"><img decoding=\"async\" src=\"https:\/\/teamsorare.com\/wp-content\/uploads\/2021\/11\/Sorare-Common-Cards.png\" alt=\"\" class=\"wp-image-1196\"\/><\/figure><\/div>\n\n\n\n<p>Anschlie\u00dfend wirst du noch etwas eingef\u00fchrt wie Sorare funktioniert. Das Tutorial solltest du durchmachen weil es dir alles sehr gut zeigt. Im Verlauf des Tutorials bekommst du au\u00dferdem weitere Common Karten und kannst auch direkt dein Team anmelden.<\/p>\n\n\n\n<h2 class=\"wp-block-heading\">Schritt 7: T\u00e4tige eine Einzahlung<\/h2>\n\n\n\n<p>Machen wir uns nichts vor: Die \u201eCasual Liga\u201c mit den Common Karten ist ganz nett aber Preisgelder gewinnst du dabei nicht. Um bei Sorare irgendwie vorw\u00e4rts zu kommen ist es n\u00f6tig Karten zu kaufen. Und hier solltest du mit Limited Karten anfangen, also der g\u00fcnstigsten Kartenform. Wie gesagt, wenn du 5 gekauft hast, bekommst du 1 gratis und kannst komfortabel dein erstes Team anmelden.<\/p>\n\n\n\n<p>Um eine Einzahlung zu t\u00e4tigen empfehlen wir (bisher) Ramp als Zahlungsanbieter zu nutzen und nicht Ethereum. Der Grund ist der, dass die Gas Fees bei Ethereum Transaktionen gut und gerne 50\u20ac ausmachen k\u00f6nnen \u2013 w\u00e4hrend du bei der Einzahlung mit Kreditkarten oder \u00dcberweisung keine Geb\u00fchren zahlst.<\/p>\n\n\n\n<p>Klicke jetzt rechts oben auf die Geldb\u00f6rse.<\/p>\n\n\n\n<div class=\"wp-block-image\"><figure class=\"aligncenter size-full\"><img decoding=\"async\" src=\"https:\/\/teamsorare.com\/wp-content\/uploads\/2021\/11\/Sorare-Wallet.png\" alt=\"\" class=\"wp-image-1197\"\/><\/figure><\/div>\n\n\n\n<p>W\u00e4hle dann \u201eRamp\u201c aus.<\/p>\n\n\n\n<div class=\"wp-block-image\"><figure class=\"aligncenter size-full\"><img decoding=\"async\" src=\"https:\/\/teamsorare.com\/wp-content\/uploads\/2021\/11\/Sorare-Deposit-Options.png\" alt=\"\" class=\"wp-image-1198\"\/><\/figure><\/div>\n\n\n\n<h2 class=\"wp-block-heading\">Schritt 8: Betrag ausw\u00e4hlen<\/h2>\n\n\n\n<p>Nun musst du einen Euro Betrag ausw\u00e4hlen den du einzahlen m\u00f6chtest. Es wird dir auch gleich angezeigt wie viele ETH du daf\u00fcr bekommst. ETH ist die Basisw\u00e4hrung bei Sorare \u2013 immerhin sind wir in der Blockchain, daher ist das klar\u2026 ETH schwankt nat\u00fcrlich stark im Wert und so kannst du nat\u00fcrlich komplett unterschiedliche Betr\u00e4ge sehen als bei unseren Screenshots. W\u00e4hrend du heute f\u00fcr 100 Euro 0,0256 ETH bekommst, sind es in drei Wochen wom\u00f6glich nur noch 0,021\u2026<\/p>\n\n\n\n<div class=\"wp-block-image\"><figure class=\"aligncenter size-full\"><img decoding=\"async\" src=\"https:\/\/teamsorare.com\/wp-content\/uploads\/2021\/11\/Select-Amount.png\" alt=\"\" class=\"wp-image-1199\"\/><\/figure><\/div>\n\n\n\n<div class=\"wp-block-image\"><figure class=\"aligncenter size-full\"><img decoding=\"async\" src=\"https:\/\/teamsorare.com\/wp-content\/uploads\/2021\/11\/Confirm-email-address.png\" alt=\"\" class=\"wp-image-1200\"\/><figcaption>Email Adresse eingeben mit der du angemeldet bist<\/figcaption><\/figure><\/div>\n\n\n\n<div class=\"wp-block-image\"><figure class=\"aligncenter size-full\"><img decoding=\"async\" src=\"https:\/\/teamsorare.com\/wp-content\/uploads\/2021\/11\/Select-your-key.png\" alt=\"\" class=\"wp-image-1201\"\/><figcaption>Sorare Wallet ausw\u00e4hlen<\/figcaption><\/figure><\/div>\n\n\n\n<h2 class=\"wp-block-heading\">Schritt 9: Zahlungsmethode w\u00e4hlen<\/h2>\n\n\n\n<p>Dir stehen mit Ramp einige Zahlungsmethoden zur Verf\u00fcgung:<\/p>\n\n\n\n<ul class=\"wp-block-list\"><li><strong>Sofort\u00fcberweisung<\/strong> \u00fcber Revolut \u2013 hier musst du dich in deinem online Banking einloggen und die Zahlung best\u00e4tigen.<\/li><li><strong>Bank\u00fcberweisung<\/strong> \u2013 Das kann nat\u00fcrlich ein paar Tage dauern<\/li><li><strong>Kreditkarte<\/strong> \u2013 Funktioniert sofort, du musst aber alle Daten der Kreditkarte zur Hand haben<\/li><li><strong>Apple Pay<\/strong> \u2013 eigentlich selbsterkl\u00e4rend<\/li><\/ul>\n\n\n\n<p>Sorare \u00fcbernimmt bei der Einzahlung komplett die Geb\u00fchren, egal wof\u00fcr du dich entscheidest.<\/p>\n\n\n\n<div class=\"wp-block-image\"><figure class=\"aligncenter size-full\"><img decoding=\"async\" src=\"https:\/\/teamsorare.com\/wp-content\/uploads\/2021\/11\/Sorare-Payment-Methods.png\" alt=\"\" class=\"wp-image-1202\"\/><\/figure><\/div>\n\n\n\n<h2 class=\"wp-block-heading\">Schritt 10: Zahlung abschlie\u00dfen<\/h2>\n\n\n\n<p>Gehe auf \u201eWeiter\u201c um die Transaktion zu best\u00e4tigen bzw. zu Revolut oder Apple Pay weitergeleitet zu werden.<\/p>\n\n\n\n<p>Fertig!<\/p>\n\n\n\n<p>Bitte beachte, dass Sorare ab einer gewissen Summe (in der Regel so 250\u20ac) eine Verifizierung von dir verlangt. Diese kannst du online ohne einen Mitarbeiter und komplett digital durchf\u00fchren. Meine Verifizierung dauert ca. 10 Minuten bis zur Best\u00e4tigung. Hierzu musst du nur deinen Personalausweis oder Reisepass zur Hand haben. Danach hast du grunds\u00e4tzlich keine Limits mehr und kannst einkaufen gehen \ud83d\ude42<\/p>\n\n\n\n<h2 class=\"wp-block-heading\">Schritt 11: Bilde dich aus um erfolgreich zu sein<\/h2>\n\n\n\n<p>Auf TeamSorare findest du etliche Artikel, die dir dabei helfen bei Sorare Erfolg zu haben.<\/p>\n\n\n\n<p>Am besten f\u00e4ngst du mit den folgenden an:<\/p>\n\n\n\n<figure class=\"wp-block-embed is-type-wp-embed is-provider-teamsorare wp-block-embed-teamsorare\"><div class=\"wp-block-embed__wrapper\">\n<blockquote class=\"wp-embedded-content\" data-secret=\"R1fkO3teLK\"><a href=\"https:\/\/teamsorare.com\/de\/guide\/\">Sorare-Einsteigerguide: Alles, was du \u00fcber das NFT-basierte Fu\u00dfballspiel wissen musst<\/a><\/blockquote><iframe loading=\"lazy\" class=\"wp-embedded-content\" sandbox=\"allow-scripts\" security=\"restricted\" style=\"position: absolute; visibility: hidden;\" title=\"&#8220;Sorare-Einsteigerguide: Alles, was du \u00fcber das NFT-basierte Fu\u00dfballspiel wissen musst&#8221; &#8212; TeamSorare\" src=\"https:\/\/teamsorare.com\/de\/guide\/embed\/#?secret=Jk1Gs1RDTR#?secret=R1fkO3teLK\" data-secret=\"R1fkO3teLK\" width=\"500\" height=\"282\" frameborder=\"0\" marginwidth=\"0\" marginheight=\"0\" scrolling=\"no\"><\/iframe>\n<\/div><\/figure>\n\n\n\n<figure class=\"wp-block-embed is-type-wp-embed is-provider-teamsorare wp-block-embed-teamsorare\"><div class=\"wp-block-embed__wrapper\">\n<blockquote class=\"wp-embedded-content\" data-secret=\"5fe2QUGJEO\"><a href=\"https:\/\/teamsorare.com\/de\/was-ist-sorare\/\">Was ist Sorare?<\/a><\/blockquote><iframe loading=\"lazy\" class=\"wp-embedded-content\" sandbox=\"allow-scripts\" security=\"restricted\" style=\"position: absolute; visibility: hidden;\" title=\"&#8220;Was ist Sorare?&#8221; &#8212; TeamSorare\" src=\"https:\/\/teamsorare.com\/de\/was-ist-sorare\/embed\/#?secret=5qGMLdOtoU#?secret=5fe2QUGJEO\" data-secret=\"5fe2QUGJEO\" width=\"500\" height=\"282\" frameborder=\"0\" marginwidth=\"0\" marginheight=\"0\" scrolling=\"no\"><\/iframe>\n<\/div><\/figure>\n\n\n\n<figure class=\"wp-block-embed is-type-wp-embed is-provider-teamsorare wp-block-embed-teamsorare\"><div class=\"wp-block-embed__wrapper\">\n<blockquote class=\"wp-embedded-content\" data-secret=\"bcQCIQFoyz\"><a href=\"https:\/\/teamsorare.com\/de\/universitaet\/geld-verdienen-mit-sorare\/\">Mit Sorare Geld verdienen?<\/a><\/blockquote><iframe loading=\"lazy\" class=\"wp-embedded-content\" sandbox=\"allow-scripts\" security=\"restricted\" style=\"position: absolute; visibility: hidden;\" title=\"&#8220;Mit Sorare Geld verdienen?&#8221; &#8212; TeamSorare\" src=\"https:\/\/teamsorare.com\/de\/universitaet\/geld-verdienen-mit-sorare\/embed\/#?secret=ZJcQNzUm86#?secret=bcQCIQFoyz\" data-secret=\"bcQCIQFoyz\" width=\"500\" height=\"282\" frameborder=\"0\" marginwidth=\"0\" marginheight=\"0\" scrolling=\"no\"><\/iframe>\n<\/div><\/figure>\n\n\n\n<figure class=\"wp-block-embed is-type-wp-embed is-provider-teamsorare wp-block-embed-teamsorare\"><div class=\"wp-block-embed__wrapper\">\n<blockquote class=\"wp-embedded-content\" data-secret=\"sxBuD4aPe0\"><a href=\"https:\/\/teamsorare.com\/de\/universitaet\/ressourcen-und-werkzeuge\/\">Sorare Resources und Links \u2013 Die besten Tools 2022<\/a><\/blockquote><iframe loading=\"lazy\" class=\"wp-embedded-content\" sandbox=\"allow-scripts\" security=\"restricted\" style=\"position: absolute; visibility: hidden;\" title=\"&#8220;Sorare Resources und Links \u2013 Die besten Tools 2022&#8221; &#8212; TeamSorare\" src=\"https:\/\/teamsorare.com\/de\/universitaet\/ressourcen-und-werkzeuge\/embed\/#?secret=dvufOBPDTJ#?secret=sxBuD4aPe0\" data-secret=\"sxBuD4aPe0\" width=\"500\" height=\"282\" frameborder=\"0\" marginwidth=\"0\" marginheight=\"0\" scrolling=\"no\"><\/iframe>\n<\/div><\/figure>\n","protected":false},"excerpt":{"rendered":"<p>Die Anmeldung bei Sorare ist wirklich sehr einfach, wir m\u00f6chten es aber an dieser Stelle noch genau erkl\u00e4ren. Schritt 1: Gehe zu Sorare \u00fcber diesen Link! Ganz wichtig: Benutze wirklich diesen Link, denn dar\u00fcber bekommst du eine gratis Limited Karte nachdem du f\u00fcnf Karten gekauft hast. Das bekommst du nicht wenn du dich direkt bei &hellip;<\/p>\n<p class=\"read-more\"> <a class=\"\" href=\"https:\/\/teamsorare.com\/de\/anmeldung\/\"> <span class=\"screen-reader-text\">Sorare Anmeldung \u2013 Wie starte ich bei Sorare?<\/span> Read More &raquo;<\/a><\/p>\n","protected":false},"author":1,"featured_media":0,"parent":0,"menu_order":0,"comment_status":"open","ping_status":"closed","template":"","meta":{"site-sidebar-layout":"","site-content-layout":"","ast-main-header-display":"","ast-hfb-above-header-display":"","ast-hfb-below-header-display":"","ast-hfb-mobile-header-display":"","site-post-title":"","ast-breadcrumbs-content":"","ast-featured-img":"","footer-sml-layout":"","theme-transparent-header-meta":"","adv-header-id-meta":"","stick-header-meta":"","header-above-stick-meta":"","header-main-stick-meta":"","header-below-stick-meta":"","footnotes":""},"class_list":["post-1284","page","type-page","status-publish","hentry"],"yoast_head":"<!-- This site is optimized with the Yoast SEO plugin v26.9 - https:\/\/yoast.com\/product\/yoast-seo-wordpress\/ -->\n<title>Sorare Anmeldung \u2013 Wie starte ich bei Sorare? - TeamSorare<\/title>\n<meta name=\"robots\" content=\"index, follow, max-snippet:-1, max-image-preview:large, max-video-preview:-1\" \/>\n<link rel=\"canonical\" href=\"https:\/\/teamsorare.com\/de\/anmeldung\/\" \/>\n<meta property=\"og:locale\" content=\"en_US\" \/>\n<meta property=\"og:type\" content=\"article\" \/>\n<meta property=\"og:title\" content=\"Sorare Anmeldung \u2013 Wie starte ich bei Sorare? - TeamSorare\" \/>\n<meta property=\"og:description\" content=\"Die Anmeldung bei Sorare ist wirklich sehr einfach, wir m\u00f6chten es aber an dieser Stelle noch genau erkl\u00e4ren. Schritt 1: Gehe zu Sorare \u00fcber diesen Link! Ganz wichtig: Benutze wirklich diesen Link, denn dar\u00fcber bekommst du eine gratis Limited Karte nachdem du f\u00fcnf Karten gekauft hast. Das bekommst du nicht wenn du dich direkt bei &hellip; Sorare Anmeldung \u2013 Wie starte ich bei Sorare? Read More &raquo;\" \/>\n<meta property=\"og:url\" content=\"https:\/\/teamsorare.com\/de\/anmeldung\/\" \/>\n<meta property=\"og:site_name\" content=\"TeamSorare\" \/>\n<meta property=\"article:modified_time\" content=\"2021-12-11T15:43:29+00:00\" \/>\n<meta property=\"og:image\" content=\"https:\/\/teamsorare.com\/wp-content\/uploads\/2021\/11\/Sorare-Signup-1024x476.png\" \/>\n<meta name=\"twitter:card\" content=\"summary_large_image\" \/>\n<meta name=\"twitter:label1\" content=\"Est. reading time\" \/>\n\t<meta name=\"twitter:data1\" content=\"7 minutes\" \/>\n<script type=\"application\/ld+json\" class=\"yoast-schema-graph\">{\"@context\":\"https:\/\/schema.org\",\"@graph\":[{\"@type\":\"WebPage\",\"@id\":\"https:\/\/teamsorare.com\/de\/anmeldung\/\",\"url\":\"https:\/\/teamsorare.com\/de\/anmeldung\/\",\"name\":\"Sorare Anmeldung \u2013 Wie starte ich bei Sorare? - TeamSorare\",\"isPartOf\":{\"@id\":\"https:\/\/teamsorare.com\/de\/#website\"},\"primaryImageOfPage\":{\"@id\":\"https:\/\/teamsorare.com\/de\/anmeldung\/#primaryimage\"},\"image\":{\"@id\":\"https:\/\/teamsorare.com\/de\/anmeldung\/#primaryimage\"},\"thumbnailUrl\":\"https:\/\/teamsorare.com\/wp-content\/uploads\/2021\/11\/Sorare-Signup-1024x476.png\",\"datePublished\":\"2021-11-22T14:08:46+00:00\",\"dateModified\":\"2021-12-11T15:43:29+00:00\",\"breadcrumb\":{\"@id\":\"https:\/\/teamsorare.com\/de\/anmeldung\/#breadcrumb\"},\"inLanguage\":\"en-US\",\"potentialAction\":[{\"@type\":\"ReadAction\",\"target\":[\"https:\/\/teamsorare.com\/de\/anmeldung\/\"]}]},{\"@type\":\"ImageObject\",\"inLanguage\":\"en-US\",\"@id\":\"https:\/\/teamsorare.com\/de\/anmeldung\/#primaryimage\",\"url\":\"https:\/\/teamsorare.com\/wp-content\/uploads\/2021\/11\/Sorare-Signup-1024x476.png\",\"contentUrl\":\"https:\/\/teamsorare.com\/wp-content\/uploads\/2021\/11\/Sorare-Signup-1024x476.png\"},{\"@type\":\"BreadcrumbList\",\"@id\":\"https:\/\/teamsorare.com\/de\/anmeldung\/#breadcrumb\",\"itemListElement\":[{\"@type\":\"ListItem\",\"position\":1,\"name\":\"Home\",\"item\":\"https:\/\/teamsorare.com\/de\/\"},{\"@type\":\"ListItem\",\"position\":2,\"name\":\"Sorare Anmeldung \u2013 Wie starte ich bei Sorare?\"}]},{\"@type\":\"WebSite\",\"@id\":\"https:\/\/teamsorare.com\/de\/#website\",\"url\":\"https:\/\/teamsorare.com\/de\/\",\"name\":\"TeamSorare\",\"description\":\"NFT Sammelkarten &amp; Fu\u00dfball Fantasy Manager\",\"publisher\":{\"@id\":\"https:\/\/teamsorare.com\/de\/#organization\"},\"potentialAction\":[{\"@type\":\"SearchAction\",\"target\":{\"@type\":\"EntryPoint\",\"urlTemplate\":\"https:\/\/teamsorare.com\/de\/?s={search_term_string}\"},\"query-input\":{\"@type\":\"PropertyValueSpecification\",\"valueRequired\":true,\"valueName\":\"search_term_string\"}}],\"inLanguage\":\"en-US\"},{\"@type\":\"Organization\",\"@id\":\"https:\/\/teamsorare.com\/de\/#organization\",\"name\":\"TeamSorare\",\"url\":\"https:\/\/teamsorare.com\/de\/\",\"logo\":{\"@type\":\"ImageObject\",\"inLanguage\":\"en-US\",\"@id\":\"https:\/\/teamsorare.com\/de\/#\/schema\/logo\/image\/\",\"url\":\"https:\/\/teamsorare.com\/de\/wp-content\/uploads\/sites\/2\/2021\/11\/TeamSorare-NFTs-and-Data.png\",\"contentUrl\":\"https:\/\/teamsorare.com\/de\/wp-content\/uploads\/sites\/2\/2021\/11\/TeamSorare-NFTs-and-Data.png\",\"width\":200,\"height\":200,\"caption\":\"TeamSorare\"},\"image\":{\"@id\":\"https:\/\/teamsorare.com\/de\/#\/schema\/logo\/image\/\"}}]}<\/script>\n<!-- \/ Yoast SEO plugin. -->","yoast_head_json":{"title":"Sorare Anmeldung \u2013 Wie starte ich bei Sorare? - TeamSorare","robots":{"index":"index","follow":"follow","max-snippet":"max-snippet:-1","max-image-preview":"max-image-preview:large","max-video-preview":"max-video-preview:-1"},"canonical":"https:\/\/teamsorare.com\/de\/anmeldung\/","og_locale":"en_US","og_type":"article","og_title":"Sorare Anmeldung \u2013 Wie starte ich bei Sorare? - TeamSorare","og_description":"Die Anmeldung bei Sorare ist wirklich sehr einfach, wir m\u00f6chten es aber an dieser Stelle noch genau erkl\u00e4ren. Schritt 1: Gehe zu Sorare \u00fcber diesen Link! Ganz wichtig: Benutze wirklich diesen Link, denn dar\u00fcber bekommst du eine gratis Limited Karte nachdem du f\u00fcnf Karten gekauft hast. Das bekommst du nicht wenn du dich direkt bei &hellip; Sorare Anmeldung \u2013 Wie starte ich bei Sorare? Read More &raquo;","og_url":"https:\/\/teamsorare.com\/de\/anmeldung\/","og_site_name":"TeamSorare","article_modified_time":"2021-12-11T15:43:29+00:00","og_image":[{"url":"https:\/\/teamsorare.com\/wp-content\/uploads\/2021\/11\/Sorare-Signup-1024x476.png","type":"","width":"","height":""}],"twitter_card":"summary_large_image","twitter_misc":{"Est. reading time":"7 minutes"},"schema":{"@context":"https:\/\/schema.org","@graph":[{"@type":"WebPage","@id":"https:\/\/teamsorare.com\/de\/anmeldung\/","url":"https:\/\/teamsorare.com\/de\/anmeldung\/","name":"Sorare Anmeldung \u2013 Wie starte ich bei Sorare? - TeamSorare","isPartOf":{"@id":"https:\/\/teamsorare.com\/de\/#website"},"primaryImageOfPage":{"@id":"https:\/\/teamsorare.com\/de\/anmeldung\/#primaryimage"},"image":{"@id":"https:\/\/teamsorare.com\/de\/anmeldung\/#primaryimage"},"thumbnailUrl":"https:\/\/teamsorare.com\/wp-content\/uploads\/2021\/11\/Sorare-Signup-1024x476.png","datePublished":"2021-11-22T14:08:46+00:00","dateModified":"2021-12-11T15:43:29+00:00","breadcrumb":{"@id":"https:\/\/teamsorare.com\/de\/anmeldung\/#breadcrumb"},"inLanguage":"en-US","potentialAction":[{"@type":"ReadAction","target":["https:\/\/teamsorare.com\/de\/anmeldung\/"]}]},{"@type":"ImageObject","inLanguage":"en-US","@id":"https:\/\/teamsorare.com\/de\/anmeldung\/#primaryimage","url":"https:\/\/teamsorare.com\/wp-content\/uploads\/2021\/11\/Sorare-Signup-1024x476.png","contentUrl":"https:\/\/teamsorare.com\/wp-content\/uploads\/2021\/11\/Sorare-Signup-1024x476.png"},{"@type":"BreadcrumbList","@id":"https:\/\/teamsorare.com\/de\/anmeldung\/#breadcrumb","itemListElement":[{"@type":"ListItem","position":1,"name":"Home","item":"https:\/\/teamsorare.com\/de\/"},{"@type":"ListItem","position":2,"name":"Sorare Anmeldung \u2013 Wie starte ich bei Sorare?"}]},{"@type":"WebSite","@id":"https:\/\/teamsorare.com\/de\/#website","url":"https:\/\/teamsorare.com\/de\/","name":"TeamSorare","description":"NFT Sammelkarten &amp; Fu\u00dfball Fantasy Manager","publisher":{"@id":"https:\/\/teamsorare.com\/de\/#organization"},"potentialAction":[{"@type":"SearchAction","target":{"@type":"EntryPoint","urlTemplate":"https:\/\/teamsorare.com\/de\/?s={search_term_string}"},"query-input":{"@type":"PropertyValueSpecification","valueRequired":true,"valueName":"search_term_string"}}],"inLanguage":"en-US"},{"@type":"Organization","@id":"https:\/\/teamsorare.com\/de\/#organization","name":"TeamSorare","url":"https:\/\/teamsorare.com\/de\/","logo":{"@type":"ImageObject","inLanguage":"en-US","@id":"https:\/\/teamsorare.com\/de\/#\/schema\/logo\/image\/","url":"https:\/\/teamsorare.com\/de\/wp-content\/uploads\/sites\/2\/2021\/11\/TeamSorare-NFTs-and-Data.png","contentUrl":"https:\/\/teamsorare.com\/de\/wp-content\/uploads\/sites\/2\/2021\/11\/TeamSorare-NFTs-and-Data.png","width":200,"height":200,"caption":"TeamSorare"},"image":{"@id":"https:\/\/teamsorare.com\/de\/#\/schema\/logo\/image\/"}}]}},"_links":{"self":[{"href":"https:\/\/teamsorare.com\/de\/wp-json\/wp\/v2\/pages\/1284","targetHints":{"allow":["GET"]}}],"collection":[{"href":"https:\/\/teamsorare.com\/de\/wp-json\/wp\/v2\/pages"}],"about":[{"href":"https:\/\/teamsorare.com\/de\/wp-json\/wp\/v2\/types\/page"}],"author":[{"embeddable":true,"href":"https:\/\/teamsorare.com\/de\/wp-json\/wp\/v2\/users\/1"}],"replies":[{"embeddable":true,"href":"https:\/\/teamsorare.com\/de\/wp-json\/wp\/v2\/comments?post=1284"}],"version-history":[{"count":1,"href":"https:\/\/teamsorare.com\/de\/wp-json\/wp\/v2\/pages\/1284\/revisions"}],"predecessor-version":[{"id":1285,"href":"https:\/\/teamsorare.com\/de\/wp-json\/wp\/v2\/pages\/1284\/revisions\/1285"}],"wp:attachment":[{"href":"https:\/\/teamsorare.com\/de\/wp-json\/wp\/v2\/media?parent=1284"}],"curies":[{"name":"wp","href":"https:\/\/api.w.org\/{rel}","templated":true}]}}