{"id":1292,"date":"2021-12-03T08:38:23","date_gmt":"2021-12-03T08:38:23","guid":{"rendered":"https:\/\/teamsorare.com\/de\/?page_id=1292"},"modified":"2021-12-03T08:38:24","modified_gmt":"2021-12-03T08:38:24","slug":"wenig-geld","status":"publish","type":"page","link":"https:\/\/teamsorare.com\/de\/universitaet\/wenig-geld\/","title":{"rendered":"Wie stellt man ein Team mit m\u00f6glichst wenig Geld zusammen?"},"content":{"rendered":"\n<p>Tja, das ist die Frage aller Fragen. Denn wer sich bei Sorare angemeldet hat und starten m\u00f6chte muss erst einmal feststellen, dass die Preise teilweise doch sehr happig sind. Selbst in einer Limited Liga musst du nicht wenig Geld in die Hand nehmen um konkurrenzf\u00e4hig zu sein. Also am besten einfach sein lassen? Keineswegs! Denn es gibt zum Gl\u00fcck etliche M\u00f6glichkeiten wie man bei Sorare auch mit wenig Budget zum Erfolg kommt. Dabei muss man aber auch etwas kreativ sein und ein paar Regeln befolgen.<\/p>\n\n\n\n<h2 class=\"wp-block-heading\">Regel #1: Mach keinesfalls das was alle machen<\/h2>\n\n\n\n<p>Sorare ist vor allem in Europa, insbesondere Frankreich, Spanien und Italien bekannt. Deutschland zieht langsam nach. Was daraus folgt ist, dass die Manager eine klare Pr\u00e4ferenz f\u00fcr ihre eigenen Ligen haben. Champion Europe wo die gr\u00f6\u00dften Europ\u00e4ischen Ligen vertreten sind, ist entsprechend beliebt. Genauso aber auch Challenger Europe weil es dort so viele Ligen gibt \u2013 n\u00e4mlich alle restlichen Europ\u00e4ischen Ligen sowie T\u00fcrkei und Russland.<\/p>\n\n\n\n<p>Wenn du dir jetzt die Champion Europe Limited Liga anschaust wirst du feststellen, dass du \u00fcber 300 Punkte am Spieltag holen musst um eine Chance auf die letzten Preisgeldr\u00e4nge zu haben \u2013 in der Regel und zumindest Stand Dezember 2021.<\/p>\n\n\n\n<p>Wenn du jetzt deine Hausaufgaben machst wirst du sehen, dass dies fast 60 Punkten pro Spieler entspricht + Bonuspunkte um auf ca. 315 zu kommen womit du eine gute Chance hast. 60 Punkte holen nicht allzu viele Spieler \u2013 vor allem nicht alle f\u00fcnf. Also daf\u00fcr brauchst du tats\u00e4chlich ein paar sehr gute Spieler.<\/p>\n\n\n\n<p>Interessanter sind daher grunds\u00e4tzlich eben auch andere Ligen wie Amerika oder Asien. Gerade auch deshalb weil die Spieler dort nicht so gefragt sind und f\u00fcr ihre Leistungen deutlich g\u00fcnstiger zu haben sind.<\/p>\n\n\n\n<p><strong>Fazit: St\u00fcrze dich nicht auf Ligen und Spieler, die hoch im Kurs stehen. Ansonsten wirst du unter 500\u20ac vermutlich kein Limited Team auf die Beine stellen k\u00f6nnen.<\/strong><\/p>\n\n\n\n<h2 class=\"wp-block-heading\">Regel #2: Kaufe Spieler zu niedrigsten Preisen ein<\/h2>\n\n\n\n<p>Das h\u00f6rt sich jetzt leichter an als es tats\u00e4chlich ist, aber es stehen dir etliche M\u00f6glichkeiten hierf\u00fcr zur Verf\u00fcgung. Spieler sind dann g\u00fcnstig wenn die Nachfrage gering ist und daf\u00fcr gibt es mehrere Gr\u00fcnde: Der Spieler performed gerade schlecht, er ist verletzt, ihm droht die Ersatzbank, es kursieren Wechselger\u00fcchte in eine Liga, die von Sorare nicht abgedeckt wird, er k\u00f6nnte bald seine Karriere beenden, usw.<\/p>\n\n\n\n<p>Deine Aufgabe ist es jetzt Spieler zu finden, die dem entsprechen. Besonders beliebt ist dabei die Form, denn die ist \u00fcberlicherweise nur kurzzeitig. Wenn du jetzt stur nach dem L5 Wert gehst (also der durchschnittlichen Leistung aus den letzten 5 Eins\u00e4tzen) wird es schwer, denn das ist der Wert der sofort ins Auge f\u00e4llt und worauf die meisten Manager achten. Einen Spieler mit einem L5 von 60 wirst du in keiner Auktion g\u00fcnstig abstauben k\u00f6nnen. Auch wird ihn dir kein Manager g\u00fcnstig abgeben. Was du brauchst sind Spieler mit einem niedrigen L5 in einem Formtief so dass sie bei Auktionen unterm Radar bleiben und Manager entt\u00e4uscht sind und diese Spieler abstauben.<\/p>\n\n\n\n<p>Du musst allerdings gut beurteilen was die Gr\u00fcnde hierf\u00fcr sind. Ist ein Spieler zB angeschlagen und spielt keine 90 Minuten leidet nat\u00fcrlich der Punkteschnitt. Aber bald wird er wieder fit und kann voll punkten. Am besten nutzt du Soraredata in Kombination mit Rotowire oder Transfermarkt. N\u00e4here Infos hierzu findest du in unserem Guide zu den Tools f\u00fcr Sorare.<\/p>\n\n\n\n<p><strong>Fazit: Suche gezielt nach Spielern in einem Formtief oder einer kurzfristigen Verletzung<\/strong><\/p>\n\n\n\n<h2 class=\"wp-block-heading\">Regel #3: Schlage zum Saisonende zu<\/h2>\n\n\n\n<p>Wenn du Sorare als langfrstige Investition verstehst, ist es eine M\u00f6glichkeit gegen Ende der Saison und noch in der Saisonpause Spieler zu kaufen. Zu dieser Zeit bringen diese Spieler keine Punkte (mehr) und haben nat\u00fcrlich das Problem, dass sie in der neuen Saison ohne 5% Bonus auskommen m\u00fcssen. Das ist nicht ideal und dein Kapital ist \u00fcber ein paar Wochen gebunden ohne jede Rendite. Aber daf\u00fcr kannst du Spielerkarten zu einem Bruchteil des sonst \u00fcblichen Marktpreises kaufen. Zugegeben, diese Strategie ist nicht f\u00fcr jeden aber eben eine gute Option g\u00fcnstig ein ordentliches Team zusammen zu stellen. Die Nachfrage nach diesen Karten ist im Keller und du wirst selbst f\u00fcr ein paar Euro sehr solide Stammspieler erwerben k\u00f6nnen.<\/p>\n\n\n\n<h2 class=\"wp-block-heading\">Regel #4: L\u00f6se das Torwartproblem kreativ<\/h2>\n\n\n\n<p>Das ist wohl der wichtigste Punkt, denn Torh\u00fcter sind unversch\u00e4mt teuer. Das ist auch klar, jeder braucht einen, die Auswahl ist begrenzt und in der Regel rotieren Torh\u00fcter selten. Wenn du jetzt einen durchschnittlichen Torh\u00fcter zB aus Champion Europe kaufen m\u00f6chtest musst du mit ca. 150\u20ac aufw\u00e4rts rechnen.<\/p>\n\n\n\n<p>Leider wirst du hier nicht viel machen k\u00f6nnen, gerade nicht wenn du sofort voll einsteigen und Punkte holen willst. Es gibt jedoch ein paar Optionen. So sind Reserverkeeper in der Regel sehr g\u00fcnstig. Diese m\u00f6chte normalerweise niemand haben weil sie eben nie spielen. Aber auch der beste Stammkeeper kann sich einmal verletzen. Du kannst z.B. 5 Reservekeeper kaufen und darauf spekulieren, dass sich die Nummer Eins einmal verletzt oder geschont wird. Ja, du wirst nicht immer einen Keeper haben der auch spielt, aber diese 5 Keeper werden dich wahrscheinlich nicht einmal die H\u00e4lfte von einem Stammtorwart kosten.<\/p>\n\n\n\n<p>Besser ist es allerdings st\u00e4ndig die Verletzungen abzuchecken und in einem solchen Fall sofort den Ersatztorwart zu kaufen. Wenn sich ein Stammkeeper bereits verletzt hat und ein paar Wochen ausf\u00e4llt schl\u00e4gt sich das sofort im Preis wieder. So kannst du einen solchen Keeper gut unter Marktwert kaufen und nach ein paar Wochen ist er wieder voll einsatzbereit, bringt Punkte ein und ist das Doppelte wert. Du musst hier etwas Geduld haben. Wenn du nicht voll f\u00fcr einen Stammkeeper bezahlen m\u00f6chtest, sind die M\u00f6glichkeiten nun einmal begrenzt.<\/p>\n\n\n\n<p><strong>Fazit: Informationen und Geduld sind der Schl\u00fcssel um g\u00fcnstig an einen guten Torwart zu kommen<\/strong><\/p>\n\n\n\n<h2 class=\"wp-block-heading\">Regel #5: Manage dein Team sehr smart<\/h2>\n\n\n\n<p>Die allermeisten Manager vertrauen voll auf Sorare selbst wenn es um die Aufstellung geht. Sie w\u00e4hlen einfach diejenigen Spieler mit dem h\u00f6chsten L5 Wert aus und fertig. Aber genau das ist nicht die L\u00f6sung und im Grunde interessiert dich nicht der Wert aus der Vergangenheit, sondern was am Spieltag zu erwarten ist. Soraredata liefert hier schon deutlich bessere Infos und berechnet auch die Siegchancen mit ein. Perfekt ist es jedoch auch nicht und wir empfehlen den Einsatz von einem Tool wie Rotowire oder Scoutpad um zu ermitteln ob ein Spieler auch tats\u00e4chlich in der Startelf steht und wie hoch die Aussicht auf Erfolg ist. So kannst du nicht nur einen DNP verhindern, sondern auch das Meiste aus einem eigentlich schwachen Spieler herausholen.<\/p>\n\n\n\n<p><strong>Fazit: Die meisten Manager nehmen den einfachsten Weg. Du solltest das nicht tun und alle M\u00f6glichkeiten nutzen.<\/strong><\/p>\n\n\n\n<h2 class=\"wp-block-heading\">Regel #6: Setze nicht nur auf Stammspieler<\/h2>\n\n\n\n<p>Klar, Stammspieler sind teuer aber Stammspieler hei\u00dft nicht gleich Stammspieler. Je besser du dich mit einem Team auskennst, umso eher kannst du Spieler identifizieren, die demn\u00e4chst zu Stammspielern werden k\u00f6nnten. Hier nutzt du am besten wieder Tools wie Scoutpad um z.B. einen Ersatz bzw. einen Nachfolger eines Stammspielers zu identifizieren. Bei manchen Spielern zeichnet sich ein baldiges Karriereende oder ein Wechsel ab und oft steht schon ein Nachfolger in den Startl\u00f6chern. Den kannst du normalerweise g\u00fcnstig einkaufen und er wird dir bald entsprechend Punkte einbringen.<\/p>\n\n\n\n<h2 class=\"wp-block-heading\">Regel #7: Trade dich nach oben<\/h2>\n\n\n\n<p>Traden ist gar nicht so schwer und bereits mit einfachen Mitteln m\u00f6glich. Auch wenn du nicht sofort ein 300 Punkte Team nur durch kluge Trades zustande bekommen wirst, kannst du dir den Weg nach oben \u201eertraden\u201c. Du musst Karten (die du wom\u00f6glich gar nicht brauchst) sehr g\u00fcnstig einkaufen und teuer verkaufen. Strategien hierzu haben wir teilweise bereits in den oberen Regeln erkl\u00e4rt.<\/p>\n\n\n\n<p>Eine sehr simple Strategie ist folgende: Du schast bei Soraredata auf \u201eRising Players\u201c und w\u00e4hlst \u201erising\u201c ab. Damit landest du bei den \u201eFalling Players\u201c. Das sind Spieler, die stark an Marktwert verloren haben. Die Frage ist immer: warum ist das so? Karriereende? Verletzung? Schlechte Leistung? Wechsel au\u00dferhalb einer Sorare Liga? Wie auch immer. Du musst Spieler identifizieren, die nur kurzfristig an Wert verloren haben. Dann suchst du dir die aktuellen Angebote. Das sind meist Manager, die bestimmte Karten unbedingt loswerden m\u00f6chten. Nun sendest du ihnen Angebote, die noch einmal deutlich unter dem geforderten Preis liegen. Manche Manager sind einfach frustriert und froh wenn sie einen bestimmten Spieler loswerden. Der Punkt ist aber: du musst davon \u00fcberzeugt sein, dass der Spieler bald seine Leistung bringt. Du kannst ihn nach dem g\u00fcnstigen Einkauf gleich wieder zum Verkauf anbieten und nat\u00fcrlich deinen Gewinn draufschlagen. Mit etwas Gl\u00fcck verkauft sich der Spieler bereits wieder innerhalb weniger Tage. Mit dieser Strategie kannst du relativ einfach deine 10-20% machen. Wenn du das Ganze einige male gemacht hast, solltest du direkt mehr Budget f\u00fcr Karten haben, die du auch einsetzen m\u00f6chtest. Vergiss nicht den Spieler trotzdem immer einzusetzen, zB im Training damit er Erfahrungspunkte sammeln kann.<\/p>\n\n\n\n<h2 class=\"wp-block-heading\">Zusammenfassung<\/h2>\n\n\n\n<p>Ja, Sorare ist nicht billig und du musst nicht nur bereit sein etwas Geld zu investieren sondern auch kreativ sein. Nur so wirst du eine Chance auf Preisgelder haben. Du musst immer etwas \u201eout of the box\u201c denken und du solltest vor allem auf lange Sicht im Spiel sein. Wenn du sofort voll durchstarten m\u00f6chtest wird es tats\u00e4chlich schwierig.<\/p>\n","protected":false},"excerpt":{"rendered":"<p>Tja, das ist die Frage aller Fragen. Denn wer sich bei Sorare angemeldet hat und starten m\u00f6chte muss erst einmal feststellen, dass die Preise teilweise doch sehr happig sind. Selbst in einer Limited Liga musst du nicht wenig Geld in die Hand nehmen um konkurrenzf\u00e4hig zu sein. Also am besten einfach sein lassen? Keineswegs! Denn &hellip;<\/p>\n<p class=\"read-more\"> <a class=\"\" href=\"https:\/\/teamsorare.com\/de\/universitaet\/wenig-geld\/\"> <span class=\"screen-reader-text\">Wie stellt man ein Team mit m\u00f6glichst wenig Geld zusammen?<\/span> Read More &raquo;<\/a><\/p>\n","protected":false},"author":1,"featured_media":0,"parent":886,"menu_order":0,"comment_status":"closed","ping_status":"closed","template":"","meta":{"site-sidebar-layout":"","site-content-layout":"","ast-main-header-display":"","ast-hfb-above-header-display":"","ast-hfb-below-header-display":"","ast-hfb-mobile-header-display":"","site-post-title":"","ast-breadcrumbs-content":"","ast-featured-img":"","footer-sml-layout":"","theme-transparent-header-meta":"","adv-header-id-meta":"","stick-header-meta":"","header-above-stick-meta":"","header-main-stick-meta":"","header-below-stick-meta":"","footnotes":""},"class_list":["post-1292","page","type-page","status-publish","hentry"],"yoast_head":"<!-- This site is optimized with the Yoast SEO plugin v26.9 - https:\/\/yoast.com\/product\/yoast-seo-wordpress\/ -->\n<title>Wie stellt man ein Team mit m\u00f6glichst wenig Geld zusammen? - TeamSorare<\/title>\n<meta name=\"robots\" content=\"index, follow, max-snippet:-1, max-image-preview:large, max-video-preview:-1\" \/>\n<link rel=\"canonical\" href=\"https:\/\/teamsorare.com\/de\/universitaet\/wenig-geld\/\" \/>\n<meta property=\"og:locale\" content=\"en_US\" \/>\n<meta property=\"og:type\" content=\"article\" \/>\n<meta property=\"og:title\" content=\"Wie stellt man ein Team mit m\u00f6glichst wenig Geld zusammen? - TeamSorare\" \/>\n<meta property=\"og:description\" content=\"Tja, das ist die Frage aller Fragen. Denn wer sich bei Sorare angemeldet hat und starten m\u00f6chte muss erst einmal feststellen, dass die Preise teilweise doch sehr happig sind. Selbst in einer Limited Liga musst du nicht wenig Geld in die Hand nehmen um konkurrenzf\u00e4hig zu sein. Also am besten einfach sein lassen? Keineswegs! Denn &hellip; Wie stellt man ein Team mit m\u00f6glichst wenig Geld zusammen? Read More &raquo;\" \/>\n<meta property=\"og:url\" content=\"https:\/\/teamsorare.com\/de\/universitaet\/wenig-geld\/\" \/>\n<meta property=\"og:site_name\" content=\"TeamSorare\" \/>\n<meta property=\"article:modified_time\" content=\"2021-12-03T08:38:24+00:00\" \/>\n<meta name=\"twitter:card\" content=\"summary_large_image\" \/>\n<meta name=\"twitter:label1\" content=\"Est. reading time\" \/>\n\t<meta name=\"twitter:data1\" content=\"7 minutes\" \/>\n<script type=\"application\/ld+json\" class=\"yoast-schema-graph\">{\"@context\":\"https:\/\/schema.org\",\"@graph\":[{\"@type\":\"WebPage\",\"@id\":\"https:\/\/teamsorare.com\/de\/universitaet\/wenig-geld\/\",\"url\":\"https:\/\/teamsorare.com\/de\/universitaet\/wenig-geld\/\",\"name\":\"Wie stellt man ein Team mit m\u00f6glichst wenig Geld zusammen? - TeamSorare\",\"isPartOf\":{\"@id\":\"https:\/\/teamsorare.com\/de\/#website\"},\"datePublished\":\"2021-12-03T08:38:23+00:00\",\"dateModified\":\"2021-12-03T08:38:24+00:00\",\"breadcrumb\":{\"@id\":\"https:\/\/teamsorare.com\/de\/universitaet\/wenig-geld\/#breadcrumb\"},\"inLanguage\":\"en-US\",\"potentialAction\":[{\"@type\":\"ReadAction\",\"target\":[\"https:\/\/teamsorare.com\/de\/universitaet\/wenig-geld\/\"]}]},{\"@type\":\"BreadcrumbList\",\"@id\":\"https:\/\/teamsorare.com\/de\/universitaet\/wenig-geld\/#breadcrumb\",\"itemListElement\":[{\"@type\":\"ListItem\",\"position\":1,\"name\":\"Home\",\"item\":\"https:\/\/teamsorare.com\/de\/\"},{\"@type\":\"ListItem\",\"position\":2,\"name\":\"Sorare Universit\u00e4t &#8211; Sorare Scouting, Strategien &#038; How To&#8217;s\",\"item\":\"https:\/\/teamsorare.com\/de\/universitaet\/\"},{\"@type\":\"ListItem\",\"position\":3,\"name\":\"Wie stellt man ein Team mit m\u00f6glichst wenig Geld zusammen?\"}]},{\"@type\":\"WebSite\",\"@id\":\"https:\/\/teamsorare.com\/de\/#website\",\"url\":\"https:\/\/teamsorare.com\/de\/\",\"name\":\"TeamSorare\",\"description\":\"NFT Sammelkarten &amp; Fu\u00dfball Fantasy Manager\",\"publisher\":{\"@id\":\"https:\/\/teamsorare.com\/de\/#organization\"},\"potentialAction\":[{\"@type\":\"SearchAction\",\"target\":{\"@type\":\"EntryPoint\",\"urlTemplate\":\"https:\/\/teamsorare.com\/de\/?s={search_term_string}\"},\"query-input\":{\"@type\":\"PropertyValueSpecification\",\"valueRequired\":true,\"valueName\":\"search_term_string\"}}],\"inLanguage\":\"en-US\"},{\"@type\":\"Organization\",\"@id\":\"https:\/\/teamsorare.com\/de\/#organization\",\"name\":\"TeamSorare\",\"url\":\"https:\/\/teamsorare.com\/de\/\",\"logo\":{\"@type\":\"ImageObject\",\"inLanguage\":\"en-US\",\"@id\":\"https:\/\/teamsorare.com\/de\/#\/schema\/logo\/image\/\",\"url\":\"https:\/\/teamsorare.com\/de\/wp-content\/uploads\/sites\/2\/2021\/11\/TeamSorare-NFTs-and-Data.png\",\"contentUrl\":\"https:\/\/teamsorare.com\/de\/wp-content\/uploads\/sites\/2\/2021\/11\/TeamSorare-NFTs-and-Data.png\",\"width\":200,\"height\":200,\"caption\":\"TeamSorare\"},\"image\":{\"@id\":\"https:\/\/teamsorare.com\/de\/#\/schema\/logo\/image\/\"}}]}<\/script>\n<!-- \/ Yoast SEO plugin. -->","yoast_head_json":{"title":"Wie stellt man ein Team mit m\u00f6glichst wenig Geld zusammen? - TeamSorare","robots":{"index":"index","follow":"follow","max-snippet":"max-snippet:-1","max-image-preview":"max-image-preview:large","max-video-preview":"max-video-preview:-1"},"canonical":"https:\/\/teamsorare.com\/de\/universitaet\/wenig-geld\/","og_locale":"en_US","og_type":"article","og_title":"Wie stellt man ein Team mit m\u00f6glichst wenig Geld zusammen? - TeamSorare","og_description":"Tja, das ist die Frage aller Fragen. Denn wer sich bei Sorare angemeldet hat und starten m\u00f6chte muss erst einmal feststellen, dass die Preise teilweise doch sehr happig sind. Selbst in einer Limited Liga musst du nicht wenig Geld in die Hand nehmen um konkurrenzf\u00e4hig zu sein. Also am besten einfach sein lassen? Keineswegs! Denn &hellip; Wie stellt man ein Team mit m\u00f6glichst wenig Geld zusammen? Read More &raquo;","og_url":"https:\/\/teamsorare.com\/de\/universitaet\/wenig-geld\/","og_site_name":"TeamSorare","article_modified_time":"2021-12-03T08:38:24+00:00","twitter_card":"summary_large_image","twitter_misc":{"Est. reading time":"7 minutes"},"schema":{"@context":"https:\/\/schema.org","@graph":[{"@type":"WebPage","@id":"https:\/\/teamsorare.com\/de\/universitaet\/wenig-geld\/","url":"https:\/\/teamsorare.com\/de\/universitaet\/wenig-geld\/","name":"Wie stellt man ein Team mit m\u00f6glichst wenig Geld zusammen? - TeamSorare","isPartOf":{"@id":"https:\/\/teamsorare.com\/de\/#website"},"datePublished":"2021-12-03T08:38:23+00:00","dateModified":"2021-12-03T08:38:24+00:00","breadcrumb":{"@id":"https:\/\/teamsorare.com\/de\/universitaet\/wenig-geld\/#breadcrumb"},"inLanguage":"en-US","potentialAction":[{"@type":"ReadAction","target":["https:\/\/teamsorare.com\/de\/universitaet\/wenig-geld\/"]}]},{"@type":"BreadcrumbList","@id":"https:\/\/teamsorare.com\/de\/universitaet\/wenig-geld\/#breadcrumb","itemListElement":[{"@type":"ListItem","position":1,"name":"Home","item":"https:\/\/teamsorare.com\/de\/"},{"@type":"ListItem","position":2,"name":"Sorare Universit\u00e4t &#8211; Sorare Scouting, Strategien &#038; How To&#8217;s","item":"https:\/\/teamsorare.com\/de\/universitaet\/"},{"@type":"ListItem","position":3,"name":"Wie stellt man ein Team mit m\u00f6glichst wenig Geld zusammen?"}]},{"@type":"WebSite","@id":"https:\/\/teamsorare.com\/de\/#website","url":"https:\/\/teamsorare.com\/de\/","name":"TeamSorare","description":"NFT Sammelkarten &amp; Fu\u00dfball Fantasy Manager","publisher":{"@id":"https:\/\/teamsorare.com\/de\/#organization"},"potentialAction":[{"@type":"SearchAction","target":{"@type":"EntryPoint","urlTemplate":"https:\/\/teamsorare.com\/de\/?s={search_term_string}"},"query-input":{"@type":"PropertyValueSpecification","valueRequired":true,"valueName":"search_term_string"}}],"inLanguage":"en-US"},{"@type":"Organization","@id":"https:\/\/teamsorare.com\/de\/#organization","name":"TeamSorare","url":"https:\/\/teamsorare.com\/de\/","logo":{"@type":"ImageObject","inLanguage":"en-US","@id":"https:\/\/teamsorare.com\/de\/#\/schema\/logo\/image\/","url":"https:\/\/teamsorare.com\/de\/wp-content\/uploads\/sites\/2\/2021\/11\/TeamSorare-NFTs-and-Data.png","contentUrl":"https:\/\/teamsorare.com\/de\/wp-content\/uploads\/sites\/2\/2021\/11\/TeamSorare-NFTs-and-Data.png","width":200,"height":200,"caption":"TeamSorare"},"image":{"@id":"https:\/\/teamsorare.com\/de\/#\/schema\/logo\/image\/"}}]}},"_links":{"self":[{"href":"https:\/\/teamsorare.com\/de\/wp-json\/wp\/v2\/pages\/1292","targetHints":{"allow":["GET"]}}],"collection":[{"href":"https:\/\/teamsorare.com\/de\/wp-json\/wp\/v2\/pages"}],"about":[{"href":"https:\/\/teamsorare.com\/de\/wp-json\/wp\/v2\/types\/page"}],"author":[{"embeddable":true,"href":"https:\/\/teamsorare.com\/de\/wp-json\/wp\/v2\/users\/1"}],"replies":[{"embeddable":true,"href":"https:\/\/teamsorare.com\/de\/wp-json\/wp\/v2\/comments?post=1292"}],"version-history":[{"count":1,"href":"https:\/\/teamsorare.com\/de\/wp-json\/wp\/v2\/pages\/1292\/revisions"}],"predecessor-version":[{"id":1294,"href":"https:\/\/teamsorare.com\/de\/wp-json\/wp\/v2\/pages\/1292\/revisions\/1294"}],"up":[{"embeddable":true,"href":"https:\/\/teamsorare.com\/de\/wp-json\/wp\/v2\/pages\/886"}],"wp:attachment":[{"href":"https:\/\/teamsorare.com\/de\/wp-json\/wp\/v2\/media?parent=1292"}],"curies":[{"name":"wp","href":"https:\/\/api.w.org\/{rel}","templated":true}]}}