{"id":1296,"date":"2021-12-06T08:44:11","date_gmt":"2021-12-06T08:44:11","guid":{"rendered":"https:\/\/teamsorare.com\/de\/?page_id=1296"},"modified":"2021-12-06T08:44:12","modified_gmt":"2021-12-06T08:44:12","slug":"sorare-token","status":"publish","type":"page","link":"https:\/\/teamsorare.com\/de\/sorare-token\/","title":{"rendered":"Sorare Token kaufen und in Sorare investieren"},"content":{"rendered":"\n<p>Sorare ist ohne jeden Zweifel ein voller Erfolg. Die Plattform kommt aber tats\u00e4chlich ganz ohne Token aus. Sorare selbst ist eine \u201enormale Firma\u201c, die z.B. auch Venture Capital aufnimmt um wachsen zu k\u00f6nnen. Nat\u00fcrlich denkt man dabei direkt an einen eigenen Token, also sowas wie SorareToken. Der existiert allerdings nicht. Sorare basiert auf Ethereum als W\u00e4hrung, kann aber auch mit Fiat W\u00e4hrungen wie Euro benutzt werden.<\/p>\n\n\n\n<h2 class=\"wp-block-heading\">In Sorare investieren<\/h2>\n\n\n\n<p>Bei Blockchain und Crypto Projekten ist es \u00fcblich, dass extra ein eigener Token aufgelegt wird mit dem man auch am Wachstum partizipieren kann und teilweise auch ein Mitspracherecht hat. Das ist bei Sorare leider nicht der Fall. In diesem Sinne gibt es also f\u00fcr dich leider auch keine M\u00f6glichkeit in Sorare zu investieren \u2013 zumindest nicht passiv als Anteilseigner.<\/p>\n\n\n\n<p>Du kannst dennoch von Sorare profitieren ohne zu spielen oder dich gro\u00df mit Fu\u00dfball auszukennen. Das ist allerdings reine Spekulation und wirklich nur etwas, das du mit Geld machen solltest das du dir auch leisten kannst zu verlieren. Hierf\u00fcr w\u00fcrde ich einfach \u201eBlue Chips\u201c als Sorare Karten kaufen und\/oder eine recht breite Auswahl an g\u00fcnstigen Talenten. Also Spielern, die jung sind und das Potential haben der n\u00e4chste Messi oder Mbappe zu werden. Hierf\u00fcr solltest du dich aber zumindest ein wenig auskennen und wissen worauf du schauen sollst. Ansonsten gibt es inzwischen aber auch gen\u00fcgend Tipp-Seiten, die solche Spieler f\u00fcr dich empfehlen.<\/p>\n\n\n\n<p>Ich kann mich allerdings nur wiederholen: Das ist keine Finanzberatung und ein riskantes Investment. Hohe Renditen gibt es allerdings nicht ohne hohes Risiko. Das muss dir klar sein. NFTs sind komplett neu und im Prinzip immer nur so viel wert wie jemand anders daf\u00fcr ausgeben m\u00f6chte. Bei Sorare haben NFTs aber immerhin noch einen inneren Wert weil du damit Preisgelder gewinnen kannst. Leider sind die H\u00fcrden f\u00fcr diese Preisgelder recht hoch. Du wirst nicht mit 100\u20ac einsteigen und erwarten k\u00f6nnen etwas zu gewinnen.<\/p>\n\n\n\n<h2 class=\"wp-block-heading\">Wie sieht die Zukunft von Sorare aus?<\/h2>\n\n\n\n<p>Bleiben wir bei den Fakten: NFTs sind komplett neu und noch lange nicht im Mainstream angekommen. Sorare hat im Prinzip ein Monopol weil es die Lizenzen der Fu\u00dfballspieler und -Clubs hat, die es nur einmal gibt. Deswegen kann niemand das Gesch\u00e4ftsmodell einfach kopieren. Es werden st\u00e4ndig neue M\u00e4rkte erschlossen und vor allem entsprechendes Marketing betrieben. Und hier gibt es noch etliche. Selbst in Deutschland ist Sorare noch nicht wirklich angekommen. In den USA genauso wenig. Dann stellt sich nat\u00fcrlich die Frage ob Sorare nicht auch andere Sportarten wie American Football, Basketball, Handball, etc. ebenfalls anbietet. Kurz gesagt: die M\u00f6glichkeiten sind fast unbegrenzt und je mehr Spieler\/Manager auf der Plattform landen, desto gr\u00f6\u00dfer wird die Nachfrage nach Karten und entsprechend erh\u00f6hen sich die Preise. In Theorie. Eine Garantie gibt es hierf\u00fcr nicht weswegen Sorare kein sicheres Investment darstellt.<\/p>\n\n\n\n<p><strong>Kurz gesagt:<\/strong> Du kannst von Sorare keine Aktien und keinen Token kaufen um passiv am Erfolg zu partizipieren. Am besten ist es wenn du dich tats\u00e4chlich auch f\u00fcr Fu\u00dfball begeistern kannst und Spa\u00df am managen hast.<\/p>\n\n\n\n<p class=\"has-text-align-center\">Wenn du dich trotzdem bei Sorare anmelden und eine gratis Karte haben m\u00f6chtest, <a href=\"https:\/\/teamsorare.com\/go\/sorare\" target=\"_blank\" rel=\"noreferrer noopener sponsored nofollow\">klick einfach hier!<\/a><\/p>\n","protected":false},"excerpt":{"rendered":"<p>Sorare ist ohne jeden Zweifel ein voller Erfolg. Die Plattform kommt aber tats\u00e4chlich ganz ohne Token aus. Sorare selbst ist eine \u201enormale Firma\u201c, die z.B. auch Venture Capital aufnimmt um wachsen zu k\u00f6nnen. Nat\u00fcrlich denkt man dabei direkt an einen eigenen Token, also sowas wie SorareToken. Der existiert allerdings nicht. Sorare basiert auf Ethereum als &hellip;<\/p>\n<p class=\"read-more\"> <a class=\"\" href=\"https:\/\/teamsorare.com\/de\/sorare-token\/\"> <span class=\"screen-reader-text\">Sorare Token kaufen und in Sorare investieren<\/span> Read More &raquo;<\/a><\/p>\n","protected":false},"author":1,"featured_media":0,"parent":0,"menu_order":0,"comment_status":"closed","ping_status":"closed","template":"","meta":{"site-sidebar-layout":"","site-content-layout":"","ast-main-header-display":"","ast-hfb-above-header-display":"","ast-hfb-below-header-display":"","ast-hfb-mobile-header-display":"","site-post-title":"","ast-breadcrumbs-content":"","ast-featured-img":"","footer-sml-layout":"","theme-transparent-header-meta":"","adv-header-id-meta":"","stick-header-meta":"","header-above-stick-meta":"","header-main-stick-meta":"","header-below-stick-meta":"","footnotes":""},"class_list":["post-1296","page","type-page","status-publish","hentry"],"yoast_head":"<!-- This site is optimized with the Yoast SEO plugin v26.9 - https:\/\/yoast.com\/product\/yoast-seo-wordpress\/ -->\n<title>Sorare Token kaufen und in Sorare investieren - TeamSorare<\/title>\n<meta name=\"robots\" content=\"index, follow, max-snippet:-1, max-image-preview:large, max-video-preview:-1\" \/>\n<link rel=\"canonical\" href=\"https:\/\/teamsorare.com\/de\/sorare-token\/\" \/>\n<meta property=\"og:locale\" content=\"en_US\" \/>\n<meta property=\"og:type\" content=\"article\" \/>\n<meta property=\"og:title\" content=\"Sorare Token kaufen und in Sorare investieren - TeamSorare\" \/>\n<meta property=\"og:description\" content=\"Sorare ist ohne jeden Zweifel ein voller Erfolg. Die Plattform kommt aber tats\u00e4chlich ganz ohne Token aus. Sorare selbst ist eine \u201enormale Firma\u201c, die z.B. auch Venture Capital aufnimmt um wachsen zu k\u00f6nnen. Nat\u00fcrlich denkt man dabei direkt an einen eigenen Token, also sowas wie SorareToken. Der existiert allerdings nicht. Sorare basiert auf Ethereum als &hellip; Sorare Token kaufen und in Sorare investieren Read More &raquo;\" \/>\n<meta property=\"og:url\" content=\"https:\/\/teamsorare.com\/de\/sorare-token\/\" \/>\n<meta property=\"og:site_name\" content=\"TeamSorare\" \/>\n<meta property=\"article:modified_time\" content=\"2021-12-06T08:44:12+00:00\" \/>\n<meta name=\"twitter:card\" content=\"summary_large_image\" \/>\n<meta name=\"twitter:label1\" content=\"Est. reading time\" \/>\n\t<meta name=\"twitter:data1\" content=\"3 minutes\" \/>\n<script type=\"application\/ld+json\" class=\"yoast-schema-graph\">{\"@context\":\"https:\/\/schema.org\",\"@graph\":[{\"@type\":\"WebPage\",\"@id\":\"https:\/\/teamsorare.com\/de\/sorare-token\/\",\"url\":\"https:\/\/teamsorare.com\/de\/sorare-token\/\",\"name\":\"Sorare Token kaufen und in Sorare investieren - TeamSorare\",\"isPartOf\":{\"@id\":\"https:\/\/teamsorare.com\/de\/#website\"},\"datePublished\":\"2021-12-06T08:44:11+00:00\",\"dateModified\":\"2021-12-06T08:44:12+00:00\",\"breadcrumb\":{\"@id\":\"https:\/\/teamsorare.com\/de\/sorare-token\/#breadcrumb\"},\"inLanguage\":\"en-US\",\"potentialAction\":[{\"@type\":\"ReadAction\",\"target\":[\"https:\/\/teamsorare.com\/de\/sorare-token\/\"]}]},{\"@type\":\"BreadcrumbList\",\"@id\":\"https:\/\/teamsorare.com\/de\/sorare-token\/#breadcrumb\",\"itemListElement\":[{\"@type\":\"ListItem\",\"position\":1,\"name\":\"Home\",\"item\":\"https:\/\/teamsorare.com\/de\/\"},{\"@type\":\"ListItem\",\"position\":2,\"name\":\"Sorare Token kaufen und in Sorare investieren\"}]},{\"@type\":\"WebSite\",\"@id\":\"https:\/\/teamsorare.com\/de\/#website\",\"url\":\"https:\/\/teamsorare.com\/de\/\",\"name\":\"TeamSorare\",\"description\":\"NFT Sammelkarten &amp; Fu\u00dfball Fantasy Manager\",\"publisher\":{\"@id\":\"https:\/\/teamsorare.com\/de\/#organization\"},\"potentialAction\":[{\"@type\":\"SearchAction\",\"target\":{\"@type\":\"EntryPoint\",\"urlTemplate\":\"https:\/\/teamsorare.com\/de\/?s={search_term_string}\"},\"query-input\":{\"@type\":\"PropertyValueSpecification\",\"valueRequired\":true,\"valueName\":\"search_term_string\"}}],\"inLanguage\":\"en-US\"},{\"@type\":\"Organization\",\"@id\":\"https:\/\/teamsorare.com\/de\/#organization\",\"name\":\"TeamSorare\",\"url\":\"https:\/\/teamsorare.com\/de\/\",\"logo\":{\"@type\":\"ImageObject\",\"inLanguage\":\"en-US\",\"@id\":\"https:\/\/teamsorare.com\/de\/#\/schema\/logo\/image\/\",\"url\":\"https:\/\/teamsorare.com\/de\/wp-content\/uploads\/sites\/2\/2021\/11\/TeamSorare-NFTs-and-Data.png\",\"contentUrl\":\"https:\/\/teamsorare.com\/de\/wp-content\/uploads\/sites\/2\/2021\/11\/TeamSorare-NFTs-and-Data.png\",\"width\":200,\"height\":200,\"caption\":\"TeamSorare\"},\"image\":{\"@id\":\"https:\/\/teamsorare.com\/de\/#\/schema\/logo\/image\/\"}}]}<\/script>\n<!-- \/ Yoast SEO plugin. -->","yoast_head_json":{"title":"Sorare Token kaufen und in Sorare investieren - TeamSorare","robots":{"index":"index","follow":"follow","max-snippet":"max-snippet:-1","max-image-preview":"max-image-preview:large","max-video-preview":"max-video-preview:-1"},"canonical":"https:\/\/teamsorare.com\/de\/sorare-token\/","og_locale":"en_US","og_type":"article","og_title":"Sorare Token kaufen und in Sorare investieren - TeamSorare","og_description":"Sorare ist ohne jeden Zweifel ein voller Erfolg. Die Plattform kommt aber tats\u00e4chlich ganz ohne Token aus. Sorare selbst ist eine \u201enormale Firma\u201c, die z.B. auch Venture Capital aufnimmt um wachsen zu k\u00f6nnen. Nat\u00fcrlich denkt man dabei direkt an einen eigenen Token, also sowas wie SorareToken. Der existiert allerdings nicht. Sorare basiert auf Ethereum als &hellip; Sorare Token kaufen und in Sorare investieren Read More &raquo;","og_url":"https:\/\/teamsorare.com\/de\/sorare-token\/","og_site_name":"TeamSorare","article_modified_time":"2021-12-06T08:44:12+00:00","twitter_card":"summary_large_image","twitter_misc":{"Est. reading time":"3 minutes"},"schema":{"@context":"https:\/\/schema.org","@graph":[{"@type":"WebPage","@id":"https:\/\/teamsorare.com\/de\/sorare-token\/","url":"https:\/\/teamsorare.com\/de\/sorare-token\/","name":"Sorare Token kaufen und in Sorare investieren - TeamSorare","isPartOf":{"@id":"https:\/\/teamsorare.com\/de\/#website"},"datePublished":"2021-12-06T08:44:11+00:00","dateModified":"2021-12-06T08:44:12+00:00","breadcrumb":{"@id":"https:\/\/teamsorare.com\/de\/sorare-token\/#breadcrumb"},"inLanguage":"en-US","potentialAction":[{"@type":"ReadAction","target":["https:\/\/teamsorare.com\/de\/sorare-token\/"]}]},{"@type":"BreadcrumbList","@id":"https:\/\/teamsorare.com\/de\/sorare-token\/#breadcrumb","itemListElement":[{"@type":"ListItem","position":1,"name":"Home","item":"https:\/\/teamsorare.com\/de\/"},{"@type":"ListItem","position":2,"name":"Sorare Token kaufen und in Sorare investieren"}]},{"@type":"WebSite","@id":"https:\/\/teamsorare.com\/de\/#website","url":"https:\/\/teamsorare.com\/de\/","name":"TeamSorare","description":"NFT Sammelkarten &amp; Fu\u00dfball Fantasy Manager","publisher":{"@id":"https:\/\/teamsorare.com\/de\/#organization"},"potentialAction":[{"@type":"SearchAction","target":{"@type":"EntryPoint","urlTemplate":"https:\/\/teamsorare.com\/de\/?s={search_term_string}"},"query-input":{"@type":"PropertyValueSpecification","valueRequired":true,"valueName":"search_term_string"}}],"inLanguage":"en-US"},{"@type":"Organization","@id":"https:\/\/teamsorare.com\/de\/#organization","name":"TeamSorare","url":"https:\/\/teamsorare.com\/de\/","logo":{"@type":"ImageObject","inLanguage":"en-US","@id":"https:\/\/teamsorare.com\/de\/#\/schema\/logo\/image\/","url":"https:\/\/teamsorare.com\/de\/wp-content\/uploads\/sites\/2\/2021\/11\/TeamSorare-NFTs-and-Data.png","contentUrl":"https:\/\/teamsorare.com\/de\/wp-content\/uploads\/sites\/2\/2021\/11\/TeamSorare-NFTs-and-Data.png","width":200,"height":200,"caption":"TeamSorare"},"image":{"@id":"https:\/\/teamsorare.com\/de\/#\/schema\/logo\/image\/"}}]}},"_links":{"self":[{"href":"https:\/\/teamsorare.com\/de\/wp-json\/wp\/v2\/pages\/1296","targetHints":{"allow":["GET"]}}],"collection":[{"href":"https:\/\/teamsorare.com\/de\/wp-json\/wp\/v2\/pages"}],"about":[{"href":"https:\/\/teamsorare.com\/de\/wp-json\/wp\/v2\/types\/page"}],"author":[{"embeddable":true,"href":"https:\/\/teamsorare.com\/de\/wp-json\/wp\/v2\/users\/1"}],"replies":[{"embeddable":true,"href":"https:\/\/teamsorare.com\/de\/wp-json\/wp\/v2\/comments?post=1296"}],"version-history":[{"count":1,"href":"https:\/\/teamsorare.com\/de\/wp-json\/wp\/v2\/pages\/1296\/revisions"}],"predecessor-version":[{"id":1297,"href":"https:\/\/teamsorare.com\/de\/wp-json\/wp\/v2\/pages\/1296\/revisions\/1297"}],"wp:attachment":[{"href":"https:\/\/teamsorare.com\/de\/wp-json\/wp\/v2\/media?parent=1296"}],"curies":[{"name":"wp","href":"https:\/\/api.w.org\/{rel}","templated":true}]}}