{"id":1299,"date":"2021-12-08T10:15:11","date_gmt":"2021-12-08T10:15:11","guid":{"rendered":"https:\/\/teamsorare.com\/de\/?page_id=1299"},"modified":"2021-12-11T17:55:01","modified_gmt":"2021-12-11T17:55:01","slug":"sorare-data-guide","status":"publish","type":"page","link":"https:\/\/teamsorare.com\/de\/sorare-data-guide\/","title":{"rendered":"Sorare Data Guide"},"content":{"rendered":"\n<p><a href=\"https:\/\/soraredata.com\" target=\"_blank\" rel=\"noreferrer noopener\">Sorare Data<\/a> ist sicherlich das wertvollste Tool in Kombination mit Sorare. So wertvoll, dass Sorare selbst dort eingestiegen ist und investiert. Eigentlich war Sorare Data nur ein Wochenendprojekt, aber inzwischen ist es zu einem richtigen Unternehmen geworden. Wie Sorare Data Geld verdient ist allerdings fraglich, denn die Nutzung ist komplett kostenlos und Sorare Data wirbt (nach aktuellem Stand) keine neuen Manager f\u00fcr Sorare. Dir kann das egal sein. Wichtig ist, dass du wei\u00dft wie du mit Sorare Data umgehst und welchen Nutzen du daraus ziehen kannst.<\/p>\n\n\n\n<p>Sorare Data ist extrem umfangreich und es macht wenig Sinn in diesem Guide wirklich alle M\u00f6glichkeiten aufzulisten. Unser Ziel ist es dir die allerwichtigsten Funktionen von Sorare Data vorzustellen \u2013 und das daf\u00fcr sehr tiefgehend.<\/p>\n\n\n\n<h2 class=\"wp-block-heading\">1. Der Player Finder<\/h2>\n\n\n\n<p>Machen wir uns nichts vor: Sorare selbst ist absolut ungeeignet wenn es um Transfers oder Auktionen geht. Es werden viel zu wenige Informationen abgebildet und die M\u00f6glichkeiten zu filtern sind sehr eingeschr\u00e4nkt. Ich w\u00fcrde sagen, dass nur \u201eDumb Money\u201c (also Manager, die \u00fcber kurz oder lang nur Geld liegen lassen werden) direkt bei Sorare scouted und einkauft.<\/p>\n\n\n\n<p>Der Player Finder bietet nat\u00fcrlich eine Menge Optionen zum Filtern. Und an dieser Stelle musst du auch sehr genau wissen wonach du suchst. Am besten eignet sich der Filter um potentielle Spieler f\u00fcr bestimmte Positionen in deinem Kader zu finden, oder eben um einfach so nach guten und g\u00fcnstigen Spielern zu scouten.<\/p>\n\n\n\n<div class=\"wp-block-image\"><figure class=\"aligncenter size-full\"><img decoding=\"async\" src=\"https:\/\/teamsorare.com\/wp-content\/uploads\/2021\/12\/SorareData-Find-the-Player.png\" alt=\"\" class=\"wp-image-1291\"\/><\/figure><\/div>\n\n\n\n<p>Oben stellst du die gr\u00f6beren Daten ein wie Position, Liga, Alter, Starter, usw. ein. Weiter unten kannst du dann ins Detail gehen und die Leistungen und Starts genauer filtern. Das solltest du in der Regel auch machen, aber eben auch im Vorfeld genau wissen wonach du suchst.<\/p>\n\n\n\n<p>Z.B. kannst du dar\u00fcber sehr gut potentielle Rare Karten f\u00fcr Threshold Ligen ausfindig machen. Hier brauchst du Spieler, die zwischen 40 und 50 Punkte holen im Schnitt, aber eben auch zu 100% spielen. Hier eignet sich der Filter \u201eover the past 15 games\u201c da dieser nicht zu kurz- oder langfristig ist. Hierf\u00fcr stellst du den SO5 Score Average zwischen 40 und 50 und % of games started auf 90-100%. Das bedeutet, du hast einen Spieler der die letzten 15 Spiele im Schnitt 40-50 Punkte erzielt hat und zu mind. 90% in der Startelf stand. Das kombinierst du am besten noch mit einem Alter unter 32 um Spieler zu finden, die auch nicht ausgewechselt werden weil sie konditionell nachlassen. Wobei dies wiederum abh\u00e4ngig von der Position ist. Bei einem Torwart oder Verteidiger spielt das keine gro\u00dfe Rolle.<\/p>\n\n\n\n<p>Bei den <strong>Market Filters<\/strong> kannst du noch die Scarcity einstellen, also ob Limited, Rare, Super Rare oder Unique sowie den Preis.<\/p>\n\n\n\n<p>Hier gibt es zum einen den \u201eBest Market Price\u201c &#8211; dieser ist sehr wichtig und gibt an zu welchem Preis der Spieler auf dem Transfermarkt angeboten wird \u2013 also der niedrigste Preis. Das solltest du grunds\u00e4tzlich immer als oberes Limit f\u00fcr einen Kauf nehmen, denn es bedeutet, dass der Spieler aktuell nicht teurer verkauft werden kann. Etwas anderes ist es wenn du davon ausgehst, dass der Wert des Spielers aus irgendeinem Grund stark steigen wird.<\/p>\n\n\n\n<p>Der Average Price ist der Durchschnittspreis (der letzten 7 Tage). Bei Limited Karten funktioniert dieser recht gut, da diese oft gehandelt werden, bei Rare und aufw\u00e4rts eher weniger. Du solltest daher lieber mit dem best Market Price arbeiten.<\/p>\n\n\n\n<p>An dieser Stelle kannst du beides einstellen und das Ergebnis sieht dann z.B. so aus:<\/p>\n\n\n\n<div class=\"wp-block-image\"><figure class=\"aligncenter size-full\"><img decoding=\"async\" src=\"https:\/\/teamsorare.com\/wp-content\/uploads\/2021\/12\/SorareData-Player-Finder.png\" alt=\"\" class=\"wp-image-1292\"\/><\/figure><\/div>\n\n\n\n<p>Das ergibt unsere Suche nach guten Rare Spielern, die f\u00fcr eine Threshold Liga in Frage kommen.<\/p>\n\n\n\n<p>Wir k\u00f6nnen uns den Spieler dann im Detail anschauen:<\/p>\n\n\n\n<h2 class=\"wp-block-heading\">2. Das Spielerprofil<\/h2>\n\n\n\n<p>Ohne jeden Zweifel ist das die eigentliche Goldgrube von Sorare Data, denn hier findest du so viele Details zu einem Spieler wie sonst nirgends. Man verliert aber schnell den \u00dcberblick weswegen wir jetzt die wichtigsten Infos durchgehen:<\/p>\n\n\n\n<p>Hier siehst du die Marktpreise der verschiedenen Karten sowie die Anzahl an Karten, die es gibt.<\/p>\n\n\n\n<div class=\"wp-block-image\"><figure class=\"aligncenter size-large\"><img decoding=\"async\" src=\"https:\/\/teamsorare.com\/wp-content\/uploads\/2021\/12\/SorareData-Profile-and-Prices-1024x222.png\" alt=\"\" class=\"wp-image-1293\"\/><\/figure><\/div>\n\n\n\n<p>Der 3 Tages, 7 Tages, 2 Wochen und 1 Monats Average ist immer der Durchschnitt aller Verk\u00e4ufe. Diese sind immer etwas mit Vorsicht zu genie\u00dfen, gerade bei Rare und Super Rare wenn es nur wenige Transaktionen gibt.<\/p>\n\n\n\n<p>Das \u201eBest Offer\u201c ist wiederum das aktuell g\u00fcnstigste Angebot am Markt.<\/p>\n\n\n\n<p>Mit den Durchschnitten kannst du zumindest einen Trend erkennen und schauen wie stark dieser Wert vom Best Offer abweicht.<\/p>\n\n\n\n<p>Um es kurz zu machen: Die beste Sch\u00e4tzung f\u00fcr einen \u201efairen Marktwert\u201c liegt irgendwo zwischen dem 7 Tages Durchschnitt und dem best Market Offer. Das kannst du als ungef\u00e4hren Richtwert bzw. als Obergrenze f\u00fcr Gebote verwenden.<\/p>\n\n\n\n<h3 class=\"wp-block-heading\">Price Graph<\/h3>\n\n\n\n<p>Interessant ist insbesondere aber auch der \u201ePrice Graph\u201c:<\/p>\n\n\n\n<div class=\"wp-block-image\"><figure class=\"aligncenter size-large\"><img decoding=\"async\" src=\"https:\/\/teamsorare.com\/wp-content\/uploads\/2021\/12\/SorareData-Price-Graph-1024x677.png\" alt=\"\" class=\"wp-image-1294\"\/><\/figure><\/div>\n\n\n\n<p>Hier musst du auf jeden Fall die groben Ausreisser ignorieren. Es gibt Manager, die schenken sich untereinander Karten oder verkaufen diese zu teuer an sich selbst. Das hat nichts mit dem fairen Wert zu tun!<\/p>\n\n\n\n<p>Wonach du gehen solltest ist die untere Grenze von Verk\u00e4ufen aus der j\u00fcngsten Vergangenheit, z.B. der letzten 10 Tage.<\/p>\n\n\n\n<p>Der Price Graph gibt dir jedenfalls auch einen guten Trend an: wie g\u00fcnstig ist der Spieler aktuell im Vergleich zur Vergangenheit? Wie hat sich der Preis entwickelt? Usw. Hier musst du nat\u00fcrlich auch Saisonstarts, Verletzungen etc. ber\u00fccksichtigen. Nur so bekommst du ein gutes Gesamtbild. Je langfristiger du aktiv bist, desto weiter solltest du in die Vergangenheit schauen.<\/p>\n\n\n\n<h3 class=\"wp-block-heading\">SO5 Scores<\/h3>\n\n\n\n<p>Absolut entscheidend ist nat\u00fcrlich die Punkteleistung des Spielers und Sorare Data gibt hier einen viel tieferen Einblick. Du siehst hier die Entwicklung im Zeitverlauf und entsprechend die Spiele aus der Vergangenheit:<\/p>\n\n\n\n<div class=\"wp-block-image\"><figure class=\"aligncenter size-large\"><img decoding=\"async\" src=\"https:\/\/teamsorare.com\/wp-content\/uploads\/2021\/12\/SO5-Performance-1024x544.png\" alt=\"\" class=\"wp-image-1295\"\/><\/figure><\/div>\n\n\n\n<p>Hier erkennst du auch gut Formtiefs, Verletzungen, usw. auch das musst du bei der Beurteilung ber\u00fccksichtigen.<\/p>\n\n\n\n<h3 class=\"wp-block-heading\">Offers<\/h3>\n\n\n\n<p>Wenn es dann um den Einkauf eines Spielers geht kannst du hier die aktuellen Angebote am Markt sehen:<\/p>\n\n\n\n<div class=\"wp-block-image\"><figure class=\"aligncenter size-full\"><img decoding=\"async\" src=\"https:\/\/teamsorare.com\/wp-content\/uploads\/2021\/12\/SorareData-Offers.png\" alt=\"\" class=\"wp-image-1296\"\/><\/figure><\/div>\n\n\n\n<p>Diese Offers sind immer nach den g\u00fcnstigsten sortiert. In diesem Fall 0,099. Du kannst nun auf die Karte klicken:<\/p>\n\n\n\n<div class=\"wp-block-image\"><figure class=\"aligncenter size-full\"><img decoding=\"async\" src=\"https:\/\/teamsorare.com\/wp-content\/uploads\/2021\/12\/Lucas-Janson-Soraredata.png\" alt=\"\" class=\"wp-image-1297\"\/><\/figure><\/div>\n\n\n\n<p>Und dann auf \u201eView card on Sorare\u201c. Du wirst dann auf Sorare weiter geleitet und kannst den Spieler entweder sofort zu diesem Betrag kaufen, oder dem Manager ein Angebot unterbreiten. Achte dabei auf jeden Fall auf den \u201eMarktwert\u201c und deine eigene Einsch\u00e4tzung.<\/p>\n\n\n\n<p><em>Bei Angeboten kommt es darauf an ob der Manager den Spieler einfach nur loshaben m\u00f6chte (unwahrscheinlich in diesem Fall, aber bei einer Verletzung, Formtief, o\u00e4 gut m\u00f6glich), oder ob er den Spieler in der Hoffnung auf gro\u00dfen Gewinn verkauft. Entscheidend ist hier auch wiederum wie g\u00fcnstig der Manager den Spieler bekommen hat \u2013 das siehst du bei Sorare selbst in der Historie der Karte. Zur\u00fcck zum Thema.<\/em><\/p>\n\n\n\n<p>Es gibt noch weitere M\u00f6glichkeiten im Spielerprofil, aber das sind die Punkte, die meiner Meinung nach am wichtigsten sind.<\/p>\n\n\n\n<h2 class=\"wp-block-heading\">3. Falling Players<\/h2>\n\n\n\n<p>Sehr n\u00fctzlich ist au\u00dferdem das Falling Players Ranking. Hier kannst du Spieler ausfindig machen, die in der letzten Zeit stark an Marktwert verloren haben. Deine Aufgabe w\u00e4re es jetzt herauszufinden, bei welchen Spielern das nur tempor\u00e4r der Fall ist und welche Spieler in den n\u00e4chsten Wochen wieder zur\u00fcck kommen. Es gibt nat\u00fcrlich viele Gr\u00fcnde warum ein Spieler an Wert verliert. Er kann verletzt sein oder sein Karriereende bekannt gegeben haben. SorareData sagt dir dazu leider nichts weswegen du auf andere Quellen angewiesen bist.<\/p>\n\n\n\n<p>Du kannst leider nicht nach SO5 Scores filtern weswegen es recht m\u00fchsam ist gute Spieler ausfindig zu machen. Es lohnt sich aber eigentlich t\u00e4glich dort vorbeizuschauen und zu sehen was sich getan hat.<\/p>\n\n\n\n<div class=\"wp-block-image\"><figure class=\"aligncenter size-full\"><img decoding=\"async\" src=\"https:\/\/teamsorare.com\/wp-content\/uploads\/2021\/12\/SorareData-Falling-Players.png\" alt=\"\" class=\"wp-image-1298\"\/><\/figure><\/div>\n\n\n\n<h2 class=\"wp-block-heading\">4. Der Lineup Builder<\/h2>\n\n\n\n<p>Wenn du dein Sorare Konto mit SorareData verbunden hast, wei\u00df SorareData welche Karten du hast und kann dir dabei helfen eine Aufstellung vorzunehmen und optimal aufzustellen. Zumindest mit gewissen Einschr\u00e4nkungen, die da w\u00e4re:<\/p>\n\n\n\n<p class=\"has-text-align-center\"><strong>SorareData wei\u00df nicht ob ein Spieler spielen wird oder nicht (au\u00dfer er ist gesperrt oder die Verletzung ist bekannt). Es gibt bessere Quellen um die Wahrscheinlichkeit eines Einsatzes zu ermitteln \u2013 siehe dazu unsere <a href=\"https:\/\/teamsorare.com\/de\/universitaet\/ressourcen-und-werkzeuge\/\" target=\"_blank\" rel=\"noreferrer noopener\">Tools &amp; Ressourcen<\/a>.<\/strong><\/p>\n\n\n\n<p>Was SorareData jedenfalls besser macht als Sorare ist den zu erwarteten Score zu ermitteln und zwar abh\u00e4ngig von der St\u00e4rke des Gegners, und ob die Mannschaft zuhause oder ausw\u00e4rts spielt. Im Zweifel gehst du einfach danach von welchem Spieler du die meisten Punkte erwarten kannst.<\/p>\n\n\n\n<p><strong>ACHTUNG: <\/strong>Du kannst zwar eine Aufstellung anlegen und speichern, aber deswegen ist dein Team noch nicht auf Sorare gemeldet. Das musst du extra machen. SorareData kann nicht auf deine Sorare Aufstellung zugreifen und gibt dir damit lediglich eine Empfehlung, die du noch umsetzen musst.<\/p>\n\n\n\n<div class=\"wp-block-image\"><figure class=\"aligncenter size-large\"><img decoding=\"async\" src=\"https:\/\/teamsorare.com\/wp-content\/uploads\/2021\/12\/SorareData-Lineup-Builder-1024x730.png\" alt=\"\" class=\"wp-image-1299\"\/><\/figure><\/div>\n\n\n\n<h2 class=\"wp-block-heading\">Fazit<\/h2>\n\n\n\n<p>Zu SorareData g\u00e4be es noch wesentlich mehr zu sagen, allerdings halten wir diese vier Punkte f\u00fcr die wichtigsten. Es ist ein guter Einstieg um erfolgreich Spieler zu scouten, faire Werte zu ermitteln, g\u00fcnstige Karten zu finden und deine Aufstellung zu optimieren. Das sind schon eine Menge Werkzeuge, die dir sicherlich dabei helfen ein besserer Manager zu werden.<\/p>\n\n\n\n<h2 class=\"wp-block-heading\">Nachfolgend ein sehr n\u00fctzliches Video zu SorareData auf Youtube:<\/h2>\n\n\n\n<iframe loading=\"lazy\" width=\"560\" height=\"315\" src=\"https:\/\/www.youtube-nocookie.com\/embed\/LZRZ80L9PoY\" title=\"YouTube video player\" frameborder=\"0\" allow=\"accelerometer; autoplay; clipboard-write; encrypted-media; gyroscope; picture-in-picture\" allowfullscreen><\/iframe>\n","protected":false},"excerpt":{"rendered":"<p>Sorare Data ist sicherlich das wertvollste Tool in Kombination mit Sorare. So wertvoll, dass Sorare selbst dort eingestiegen ist und investiert. Eigentlich war Sorare Data nur ein Wochenendprojekt, aber inzwischen ist es zu einem richtigen Unternehmen geworden. Wie Sorare Data Geld verdient ist allerdings fraglich, denn die Nutzung ist komplett kostenlos und Sorare Data wirbt &hellip;<\/p>\n<p class=\"read-more\"> <a class=\"\" href=\"https:\/\/teamsorare.com\/de\/sorare-data-guide\/\"> <span class=\"screen-reader-text\">Sorare Data Guide<\/span> Read More &raquo;<\/a><\/p>\n","protected":false},"author":1,"featured_media":0,"parent":0,"menu_order":0,"comment_status":"open","ping_status":"closed","template":"","meta":{"site-sidebar-layout":"","site-content-layout":"","ast-main-header-display":"","ast-hfb-above-header-display":"","ast-hfb-below-header-display":"","ast-hfb-mobile-header-display":"","site-post-title":"","ast-breadcrumbs-content":"","ast-featured-img":"","footer-sml-layout":"","theme-transparent-header-meta":"","adv-header-id-meta":"","stick-header-meta":"","header-above-stick-meta":"","header-main-stick-meta":"","header-below-stick-meta":"","footnotes":""},"class_list":["post-1299","page","type-page","status-publish","hentry"],"yoast_head":"<!-- This site is optimized with the Yoast SEO plugin v26.9 - https:\/\/yoast.com\/product\/yoast-seo-wordpress\/ -->\n<title>Sorare Data Guide - TeamSorare<\/title>\n<meta name=\"robots\" content=\"index, follow, max-snippet:-1, max-image-preview:large, max-video-preview:-1\" \/>\n<link rel=\"canonical\" href=\"https:\/\/teamsorare.com\/de\/sorare-data-guide\/\" \/>\n<meta property=\"og:locale\" content=\"en_US\" \/>\n<meta property=\"og:type\" content=\"article\" \/>\n<meta property=\"og:title\" content=\"Sorare Data Guide - TeamSorare\" \/>\n<meta property=\"og:description\" content=\"Sorare Data ist sicherlich das wertvollste Tool in Kombination mit Sorare. So wertvoll, dass Sorare selbst dort eingestiegen ist und investiert. Eigentlich war Sorare Data nur ein Wochenendprojekt, aber inzwischen ist es zu einem richtigen Unternehmen geworden. Wie Sorare Data Geld verdient ist allerdings fraglich, denn die Nutzung ist komplett kostenlos und Sorare Data wirbt &hellip; Sorare Data Guide Read More &raquo;\" \/>\n<meta property=\"og:url\" content=\"https:\/\/teamsorare.com\/de\/sorare-data-guide\/\" \/>\n<meta property=\"og:site_name\" content=\"TeamSorare\" \/>\n<meta property=\"article:modified_time\" content=\"2021-12-11T17:55:01+00:00\" \/>\n<meta property=\"og:image\" content=\"https:\/\/teamsorare.com\/wp-content\/uploads\/2021\/12\/SorareData-Find-the-Player.png\" \/>\n<meta name=\"twitter:card\" content=\"summary_large_image\" \/>\n<meta name=\"twitter:label1\" content=\"Est. reading time\" \/>\n\t<meta name=\"twitter:data1\" content=\"9 minutes\" \/>\n<script type=\"application\/ld+json\" class=\"yoast-schema-graph\">{\"@context\":\"https:\/\/schema.org\",\"@graph\":[{\"@type\":\"WebPage\",\"@id\":\"https:\/\/teamsorare.com\/de\/sorare-data-guide\/\",\"url\":\"https:\/\/teamsorare.com\/de\/sorare-data-guide\/\",\"name\":\"Sorare Data Guide - TeamSorare\",\"isPartOf\":{\"@id\":\"https:\/\/teamsorare.com\/de\/#website\"},\"primaryImageOfPage\":{\"@id\":\"https:\/\/teamsorare.com\/de\/sorare-data-guide\/#primaryimage\"},\"image\":{\"@id\":\"https:\/\/teamsorare.com\/de\/sorare-data-guide\/#primaryimage\"},\"thumbnailUrl\":\"https:\/\/teamsorare.com\/wp-content\/uploads\/2021\/12\/SorareData-Find-the-Player.png\",\"datePublished\":\"2021-12-08T10:15:11+00:00\",\"dateModified\":\"2021-12-11T17:55:01+00:00\",\"breadcrumb\":{\"@id\":\"https:\/\/teamsorare.com\/de\/sorare-data-guide\/#breadcrumb\"},\"inLanguage\":\"en-US\",\"potentialAction\":[{\"@type\":\"ReadAction\",\"target\":[\"https:\/\/teamsorare.com\/de\/sorare-data-guide\/\"]}]},{\"@type\":\"ImageObject\",\"inLanguage\":\"en-US\",\"@id\":\"https:\/\/teamsorare.com\/de\/sorare-data-guide\/#primaryimage\",\"url\":\"https:\/\/teamsorare.com\/wp-content\/uploads\/2021\/12\/SorareData-Find-the-Player.png\",\"contentUrl\":\"https:\/\/teamsorare.com\/wp-content\/uploads\/2021\/12\/SorareData-Find-the-Player.png\"},{\"@type\":\"BreadcrumbList\",\"@id\":\"https:\/\/teamsorare.com\/de\/sorare-data-guide\/#breadcrumb\",\"itemListElement\":[{\"@type\":\"ListItem\",\"position\":1,\"name\":\"Home\",\"item\":\"https:\/\/teamsorare.com\/de\/\"},{\"@type\":\"ListItem\",\"position\":2,\"name\":\"Sorare Data Guide\"}]},{\"@type\":\"WebSite\",\"@id\":\"https:\/\/teamsorare.com\/de\/#website\",\"url\":\"https:\/\/teamsorare.com\/de\/\",\"name\":\"TeamSorare\",\"description\":\"NFT Sammelkarten &amp; Fu\u00dfball Fantasy Manager\",\"publisher\":{\"@id\":\"https:\/\/teamsorare.com\/de\/#organization\"},\"potentialAction\":[{\"@type\":\"SearchAction\",\"target\":{\"@type\":\"EntryPoint\",\"urlTemplate\":\"https:\/\/teamsorare.com\/de\/?s={search_term_string}\"},\"query-input\":{\"@type\":\"PropertyValueSpecification\",\"valueRequired\":true,\"valueName\":\"search_term_string\"}}],\"inLanguage\":\"en-US\"},{\"@type\":\"Organization\",\"@id\":\"https:\/\/teamsorare.com\/de\/#organization\",\"name\":\"TeamSorare\",\"url\":\"https:\/\/teamsorare.com\/de\/\",\"logo\":{\"@type\":\"ImageObject\",\"inLanguage\":\"en-US\",\"@id\":\"https:\/\/teamsorare.com\/de\/#\/schema\/logo\/image\/\",\"url\":\"https:\/\/teamsorare.com\/de\/wp-content\/uploads\/sites\/2\/2021\/11\/TeamSorare-NFTs-and-Data.png\",\"contentUrl\":\"https:\/\/teamsorare.com\/de\/wp-content\/uploads\/sites\/2\/2021\/11\/TeamSorare-NFTs-and-Data.png\",\"width\":200,\"height\":200,\"caption\":\"TeamSorare\"},\"image\":{\"@id\":\"https:\/\/teamsorare.com\/de\/#\/schema\/logo\/image\/\"}}]}<\/script>\n<!-- \/ Yoast SEO plugin. -->","yoast_head_json":{"title":"Sorare Data Guide - TeamSorare","robots":{"index":"index","follow":"follow","max-snippet":"max-snippet:-1","max-image-preview":"max-image-preview:large","max-video-preview":"max-video-preview:-1"},"canonical":"https:\/\/teamsorare.com\/de\/sorare-data-guide\/","og_locale":"en_US","og_type":"article","og_title":"Sorare Data Guide - TeamSorare","og_description":"Sorare Data ist sicherlich das wertvollste Tool in Kombination mit Sorare. So wertvoll, dass Sorare selbst dort eingestiegen ist und investiert. Eigentlich war Sorare Data nur ein Wochenendprojekt, aber inzwischen ist es zu einem richtigen Unternehmen geworden. Wie Sorare Data Geld verdient ist allerdings fraglich, denn die Nutzung ist komplett kostenlos und Sorare Data wirbt &hellip; Sorare Data Guide Read More &raquo;","og_url":"https:\/\/teamsorare.com\/de\/sorare-data-guide\/","og_site_name":"TeamSorare","article_modified_time":"2021-12-11T17:55:01+00:00","og_image":[{"url":"https:\/\/teamsorare.com\/wp-content\/uploads\/2021\/12\/SorareData-Find-the-Player.png","type":"","width":"","height":""}],"twitter_card":"summary_large_image","twitter_misc":{"Est. reading time":"9 minutes"},"schema":{"@context":"https:\/\/schema.org","@graph":[{"@type":"WebPage","@id":"https:\/\/teamsorare.com\/de\/sorare-data-guide\/","url":"https:\/\/teamsorare.com\/de\/sorare-data-guide\/","name":"Sorare Data Guide - TeamSorare","isPartOf":{"@id":"https:\/\/teamsorare.com\/de\/#website"},"primaryImageOfPage":{"@id":"https:\/\/teamsorare.com\/de\/sorare-data-guide\/#primaryimage"},"image":{"@id":"https:\/\/teamsorare.com\/de\/sorare-data-guide\/#primaryimage"},"thumbnailUrl":"https:\/\/teamsorare.com\/wp-content\/uploads\/2021\/12\/SorareData-Find-the-Player.png","datePublished":"2021-12-08T10:15:11+00:00","dateModified":"2021-12-11T17:55:01+00:00","breadcrumb":{"@id":"https:\/\/teamsorare.com\/de\/sorare-data-guide\/#breadcrumb"},"inLanguage":"en-US","potentialAction":[{"@type":"ReadAction","target":["https:\/\/teamsorare.com\/de\/sorare-data-guide\/"]}]},{"@type":"ImageObject","inLanguage":"en-US","@id":"https:\/\/teamsorare.com\/de\/sorare-data-guide\/#primaryimage","url":"https:\/\/teamsorare.com\/wp-content\/uploads\/2021\/12\/SorareData-Find-the-Player.png","contentUrl":"https:\/\/teamsorare.com\/wp-content\/uploads\/2021\/12\/SorareData-Find-the-Player.png"},{"@type":"BreadcrumbList","@id":"https:\/\/teamsorare.com\/de\/sorare-data-guide\/#breadcrumb","itemListElement":[{"@type":"ListItem","position":1,"name":"Home","item":"https:\/\/teamsorare.com\/de\/"},{"@type":"ListItem","position":2,"name":"Sorare Data Guide"}]},{"@type":"WebSite","@id":"https:\/\/teamsorare.com\/de\/#website","url":"https:\/\/teamsorare.com\/de\/","name":"TeamSorare","description":"NFT Sammelkarten &amp; Fu\u00dfball Fantasy Manager","publisher":{"@id":"https:\/\/teamsorare.com\/de\/#organization"},"potentialAction":[{"@type":"SearchAction","target":{"@type":"EntryPoint","urlTemplate":"https:\/\/teamsorare.com\/de\/?s={search_term_string}"},"query-input":{"@type":"PropertyValueSpecification","valueRequired":true,"valueName":"search_term_string"}}],"inLanguage":"en-US"},{"@type":"Organization","@id":"https:\/\/teamsorare.com\/de\/#organization","name":"TeamSorare","url":"https:\/\/teamsorare.com\/de\/","logo":{"@type":"ImageObject","inLanguage":"en-US","@id":"https:\/\/teamsorare.com\/de\/#\/schema\/logo\/image\/","url":"https:\/\/teamsorare.com\/de\/wp-content\/uploads\/sites\/2\/2021\/11\/TeamSorare-NFTs-and-Data.png","contentUrl":"https:\/\/teamsorare.com\/de\/wp-content\/uploads\/sites\/2\/2021\/11\/TeamSorare-NFTs-and-Data.png","width":200,"height":200,"caption":"TeamSorare"},"image":{"@id":"https:\/\/teamsorare.com\/de\/#\/schema\/logo\/image\/"}}]}},"_links":{"self":[{"href":"https:\/\/teamsorare.com\/de\/wp-json\/wp\/v2\/pages\/1299","targetHints":{"allow":["GET"]}}],"collection":[{"href":"https:\/\/teamsorare.com\/de\/wp-json\/wp\/v2\/pages"}],"about":[{"href":"https:\/\/teamsorare.com\/de\/wp-json\/wp\/v2\/types\/page"}],"author":[{"embeddable":true,"href":"https:\/\/teamsorare.com\/de\/wp-json\/wp\/v2\/users\/1"}],"replies":[{"embeddable":true,"href":"https:\/\/teamsorare.com\/de\/wp-json\/wp\/v2\/comments?post=1299"}],"version-history":[{"count":2,"href":"https:\/\/teamsorare.com\/de\/wp-json\/wp\/v2\/pages\/1299\/revisions"}],"predecessor-version":[{"id":1475,"href":"https:\/\/teamsorare.com\/de\/wp-json\/wp\/v2\/pages\/1299\/revisions\/1475"}],"wp:attachment":[{"href":"https:\/\/teamsorare.com\/de\/wp-json\/wp\/v2\/media?parent=1299"}],"curies":[{"name":"wp","href":"https:\/\/api.w.org\/{rel}","templated":true}]}}