{"id":1399,"date":"2021-12-09T21:11:54","date_gmt":"2021-12-09T21:11:54","guid":{"rendered":"https:\/\/teamsorare.com\/de\/?page_id=1399"},"modified":"2021-12-11T15:43:29","modified_gmt":"2021-12-11T15:43:29","slug":"kosten","status":"publish","type":"page","link":"https:\/\/teamsorare.com\/de\/kosten\/","title":{"rendered":"Sorare Kosten (unterschiedliche Budgets f\u00fcr unterschiedliche Anspr\u00fcche)"},"content":{"rendered":"\n<p>Grunds\u00e4tzlich ist Sorare kostenlos, es fallen keine Geb\u00fchren an. ABER die Funktionsweise von Sorare sind sogenannte NFTs, also virtuelle Sammelkarten deren Eigent\u00fcmer du auch wirst. Das bedeutet, du musst diese erwerben und besitzen um teilzunehmen. Es gibt zwar grunds\u00e4tzlich die sogenannte \u201eCasual League\u201c bei der du mit \u201eCommons Karten\u201c mitspielen kannst, aber diese haben im Grunde keinen Wert. Du bekommst diese Karten gratis nach der Anmeldung und gewinnst diese auch bei schlechten Leistungen in den Casual Ligen. F\u00fcr wirkliche Manager ist diese Liga also nicht interessant und man muss sich die Frage stellen: wie hoch sind die Kosten um wirklich Preise gewinnen zu k\u00f6nnen. Und dieser Frage m\u00f6chten wir mit diesem Artikel auf den Grund gehen:<\/p>\n\n\n\n<h2 class=\"wp-block-heading\">Limited Ligen<\/h2>\n\n\n\n<p>Die Limited Karten sind als g\u00fcnstiger Einstieg gedacht. Du kannst bereits f\u00fcr 30 Cent welche ersteigern \u2013 die besten Spieler sind das allerdings nicht. Limited Karten von Weltstars kosten auch vierstellige Betr\u00e4ge und eines ist klar: die Konkurrenz ist hier besonders hart und du brauchst tats\u00e4chlich auch 5 richtig gute Spieler, die viele Punkte liefern. Nur so kannst du Preisgelder gewinnen.<\/p>\n\n\n\n<p>Auch bringt es nicht viel auf Ligen au\u00dferhalb von Champion Europe auszuweichen. Das ist sozusagen die \u201eK\u00f6nigsklasse\u201c mit den wertvollsten Spielern aus Premier League, Bundesliga, LaLiga, Ligue 1 und Serie A. Bei \u201eChallenger Europe\u201c hast du alle \u00fcbrigen Ligen wie auch T\u00fcrkei und Russland. Spieler sind hier zwar grunds\u00e4tzlich g\u00fcnstiger aber auch hier ist der Wettbewerb nicht ohne.<\/p>\n\n\n\n<p>Als Faustregel (die sich nat\u00fcrlich laufend \u00e4ndern kann) solltest du dir merken, dass du zu den top 10% der Manager geh\u00f6ren musst um \u00fcberhaupt ins Preisgeld zu kommen.<\/p>\n\n\n\n<p>Das gro\u00dfe Problem bei Limited Ligen sind auch die Torh\u00fcter. Denn hier brauchst du einen guten, der regelm\u00e4\u00dfig Punkte bringt ansonsten hast du keine Chance auf Preisgelder. Und das tut richtig weh. So mancher Limited Torwart kostet hoch dreistellig oder auch vierstellig.<\/p>\n\n\n\n<p>Selbst wenn du gutes Scouting betreibst und g\u00fcnstig an die eine oder andere Karte kommst:<\/p>\n\n\n\n<p>Unter 500\u20ac ein Limited Team aufzustellen, das auch wirklich regelm\u00e4\u00dfig ins Preisgeld kommt ist eher unwahrscheinlich. Du bekommst zwar f\u00fcr 50-80\u20ac bereits sehr ordentliche Feldspieler, aber der Torwart kostet eher 150\u20ac und mehr. Dann solltest du auch immer einen Ersatzspieler haben und eher mit 6 Spielern kalkulieren.<\/p>\n\n\n\n<p>Aber nat\u00fcrlich ist Limited der g\u00fcnstigste Einstieg um mitmischen zu k\u00f6nnen, gerade wenn du keine Anspr\u00fcche auf Gewinne hast und nur spielen m\u00f6chtest.<\/p>\n\n\n\n<h2 class=\"wp-block-heading\">Threshold Ligen<\/h2>\n\n\n\n<p>Noch gibt es bei Sorare sogenannte Threshold Ligen mit vier Rare und einer Common Karte. Dabei geht es nicht nur um irgendeine Platzierung, sondern du musst insgesamt 205 oder 250 Punkte holen um 0,01 bzw. 0,02 ETH als Preisgeld zu holen. Zus\u00e4tzlich gibt es nat\u00fcrlich noch Rare Karten wof\u00fcr du jedoch mehr Punkte ben\u00f6tigst in der Regel.<\/p>\n\n\n\n<p>Der gro\u00dfe Vorteil ist, dass der Torwart eine kostenlose Commons Karte sein kann. Daf\u00fcr werden dir zwar etwas Punkte abgezogen aber ein Rare Torwart ist praktisch unbezahlbar\u2026 Daher gibt es hierzu eigentlich keine Alternative.<\/p>\n\n\n\n<p>Der Nachteil ist nat\u00fcrlich: du brauchst 4 Rare Karten und die sind teuer. K\u00f6nnen sie zumindest sein. Wenn du jetzt einfach Stammspieler nimmst, die im Schnitt 50 Punkte holen und die keine 35 Jahre alt sind wird es tats\u00e4chlich teuer. Dann musst du etwa 400-500 Euro pro Spieler rechnen.<\/p>\n\n\n\n<p>Wenn du hierf\u00fcr kein Budget hast musst du entsprechend kreativ sein:<\/p>\n\n\n\n<ul class=\"wp-block-list\"><li>Du darfst alle Ligen der Welt nehmen und kannst daher auch auf eher \u201eunbeliebte\u201c Ligen wie Superlig, MLS oder Asiatische Ligen zur\u00fcck greifen<\/li><li>Versuche Spieler in einem Formtief oder w\u00e4hrend einer Verletzung g\u00fcnstig zu kaufen<\/li><li>Setze eher auf unbekannte Spieler mit wenig Fans aber solider Performance<\/li><\/ul>\n\n\n\n<p>So ist es definitiv machbar f\u00fcr 100\u20ac potentiell sehr gute Spieler zu kaufen die zum aktuellen Zeitpunkt niemand wirklich haben m\u00f6chte. Nat\u00fcrlich wird nicht jeder dieser Spieler zum Stammspieler mit 50 Punkten \u2013 aber je nach Scouting und etwas Gl\u00fcck 4 von 5. So kannst du f\u00fcr 500-600\u20ac ein solides Team zusammen stellen, das zumindest regelm\u00e4\u00dfig die Chance hat die Thresholds zu holen.<\/p>\n\n\n\n<p>Das waren unsere Empfehlungen f\u00fcr \u201eSorare mit Budget und wenig Kosten\u201c &#8211; alles andere ist definitiv noch einmal eine andere Liga. Super Rare und Unique Karten sind nat\u00fcrlich noch einmal sehr viel teurer. Und auch wenn es weniger Manager in diesen Ligen gibt, die Anfangsinvestition sprengt erst einmal sogut wie jedes Budget.<\/p>\n","protected":false},"excerpt":{"rendered":"<p>Grunds\u00e4tzlich ist Sorare kostenlos, es fallen keine Geb\u00fchren an. ABER die Funktionsweise von Sorare sind sogenannte NFTs, also virtuelle Sammelkarten deren Eigent\u00fcmer du auch wirst. Das bedeutet, du musst diese erwerben und besitzen um teilzunehmen. Es gibt zwar grunds\u00e4tzlich die sogenannte \u201eCasual League\u201c bei der du mit \u201eCommons Karten\u201c mitspielen kannst, aber diese haben im &hellip;<\/p>\n<p class=\"read-more\"> <a class=\"\" href=\"https:\/\/teamsorare.com\/de\/kosten\/\"> <span class=\"screen-reader-text\">Sorare Kosten (unterschiedliche Budgets f\u00fcr unterschiedliche Anspr\u00fcche)<\/span> Read More &raquo;<\/a><\/p>\n","protected":false},"author":1,"featured_media":0,"parent":0,"menu_order":0,"comment_status":"open","ping_status":"closed","template":"","meta":{"site-sidebar-layout":"","site-content-layout":"","ast-main-header-display":"","ast-hfb-above-header-display":"","ast-hfb-below-header-display":"","ast-hfb-mobile-header-display":"","site-post-title":"","ast-breadcrumbs-content":"","ast-featured-img":"","footer-sml-layout":"","theme-transparent-header-meta":"","adv-header-id-meta":"","stick-header-meta":"","header-above-stick-meta":"","header-main-stick-meta":"","header-below-stick-meta":"","footnotes":""},"class_list":["post-1399","page","type-page","status-publish","hentry"],"yoast_head":"<!-- This site is optimized with the Yoast SEO plugin v26.9 - https:\/\/yoast.com\/product\/yoast-seo-wordpress\/ -->\n<title>Sorare Kosten (unterschiedliche Budgets f\u00fcr unterschiedliche Anspr\u00fcche) - TeamSorare<\/title>\n<meta name=\"robots\" content=\"index, follow, max-snippet:-1, max-image-preview:large, max-video-preview:-1\" \/>\n<link rel=\"canonical\" href=\"https:\/\/teamsorare.com\/de\/kosten\/\" \/>\n<meta property=\"og:locale\" content=\"en_US\" \/>\n<meta property=\"og:type\" content=\"article\" \/>\n<meta property=\"og:title\" content=\"Sorare Kosten (unterschiedliche Budgets f\u00fcr unterschiedliche Anspr\u00fcche) - TeamSorare\" \/>\n<meta property=\"og:description\" content=\"Grunds\u00e4tzlich ist Sorare kostenlos, es fallen keine Geb\u00fchren an. ABER die Funktionsweise von Sorare sind sogenannte NFTs, also virtuelle Sammelkarten deren Eigent\u00fcmer du auch wirst. Das bedeutet, du musst diese erwerben und besitzen um teilzunehmen. Es gibt zwar grunds\u00e4tzlich die sogenannte \u201eCasual League\u201c bei der du mit \u201eCommons Karten\u201c mitspielen kannst, aber diese haben im &hellip; Sorare Kosten (unterschiedliche Budgets f\u00fcr unterschiedliche Anspr\u00fcche) Read More &raquo;\" \/>\n<meta property=\"og:url\" content=\"https:\/\/teamsorare.com\/de\/kosten\/\" \/>\n<meta property=\"og:site_name\" content=\"TeamSorare\" \/>\n<meta property=\"article:modified_time\" content=\"2021-12-11T15:43:29+00:00\" \/>\n<meta name=\"twitter:card\" content=\"summary_large_image\" \/>\n<meta name=\"twitter:label1\" content=\"Est. reading time\" \/>\n\t<meta name=\"twitter:data1\" content=\"4 minutes\" \/>\n<script type=\"application\/ld+json\" class=\"yoast-schema-graph\">{\"@context\":\"https:\/\/schema.org\",\"@graph\":[{\"@type\":\"WebPage\",\"@id\":\"https:\/\/teamsorare.com\/de\/kosten\/\",\"url\":\"https:\/\/teamsorare.com\/de\/kosten\/\",\"name\":\"Sorare Kosten (unterschiedliche Budgets f\u00fcr unterschiedliche Anspr\u00fcche) - TeamSorare\",\"isPartOf\":{\"@id\":\"https:\/\/teamsorare.com\/de\/#website\"},\"datePublished\":\"2021-12-09T21:11:54+00:00\",\"dateModified\":\"2021-12-11T15:43:29+00:00\",\"breadcrumb\":{\"@id\":\"https:\/\/teamsorare.com\/de\/kosten\/#breadcrumb\"},\"inLanguage\":\"en-US\",\"potentialAction\":[{\"@type\":\"ReadAction\",\"target\":[\"https:\/\/teamsorare.com\/de\/kosten\/\"]}]},{\"@type\":\"BreadcrumbList\",\"@id\":\"https:\/\/teamsorare.com\/de\/kosten\/#breadcrumb\",\"itemListElement\":[{\"@type\":\"ListItem\",\"position\":1,\"name\":\"Home\",\"item\":\"https:\/\/teamsorare.com\/de\/\"},{\"@type\":\"ListItem\",\"position\":2,\"name\":\"Sorare Kosten (unterschiedliche Budgets f\u00fcr unterschiedliche Anspr\u00fcche)\"}]},{\"@type\":\"WebSite\",\"@id\":\"https:\/\/teamsorare.com\/de\/#website\",\"url\":\"https:\/\/teamsorare.com\/de\/\",\"name\":\"TeamSorare\",\"description\":\"NFT Sammelkarten &amp; Fu\u00dfball Fantasy Manager\",\"publisher\":{\"@id\":\"https:\/\/teamsorare.com\/de\/#organization\"},\"potentialAction\":[{\"@type\":\"SearchAction\",\"target\":{\"@type\":\"EntryPoint\",\"urlTemplate\":\"https:\/\/teamsorare.com\/de\/?s={search_term_string}\"},\"query-input\":{\"@type\":\"PropertyValueSpecification\",\"valueRequired\":true,\"valueName\":\"search_term_string\"}}],\"inLanguage\":\"en-US\"},{\"@type\":\"Organization\",\"@id\":\"https:\/\/teamsorare.com\/de\/#organization\",\"name\":\"TeamSorare\",\"url\":\"https:\/\/teamsorare.com\/de\/\",\"logo\":{\"@type\":\"ImageObject\",\"inLanguage\":\"en-US\",\"@id\":\"https:\/\/teamsorare.com\/de\/#\/schema\/logo\/image\/\",\"url\":\"https:\/\/teamsorare.com\/de\/wp-content\/uploads\/sites\/2\/2021\/11\/TeamSorare-NFTs-and-Data.png\",\"contentUrl\":\"https:\/\/teamsorare.com\/de\/wp-content\/uploads\/sites\/2\/2021\/11\/TeamSorare-NFTs-and-Data.png\",\"width\":200,\"height\":200,\"caption\":\"TeamSorare\"},\"image\":{\"@id\":\"https:\/\/teamsorare.com\/de\/#\/schema\/logo\/image\/\"}}]}<\/script>\n<!-- \/ Yoast SEO plugin. -->","yoast_head_json":{"title":"Sorare Kosten (unterschiedliche Budgets f\u00fcr unterschiedliche Anspr\u00fcche) - TeamSorare","robots":{"index":"index","follow":"follow","max-snippet":"max-snippet:-1","max-image-preview":"max-image-preview:large","max-video-preview":"max-video-preview:-1"},"canonical":"https:\/\/teamsorare.com\/de\/kosten\/","og_locale":"en_US","og_type":"article","og_title":"Sorare Kosten (unterschiedliche Budgets f\u00fcr unterschiedliche Anspr\u00fcche) - TeamSorare","og_description":"Grunds\u00e4tzlich ist Sorare kostenlos, es fallen keine Geb\u00fchren an. ABER die Funktionsweise von Sorare sind sogenannte NFTs, also virtuelle Sammelkarten deren Eigent\u00fcmer du auch wirst. Das bedeutet, du musst diese erwerben und besitzen um teilzunehmen. Es gibt zwar grunds\u00e4tzlich die sogenannte \u201eCasual League\u201c bei der du mit \u201eCommons Karten\u201c mitspielen kannst, aber diese haben im &hellip; Sorare Kosten (unterschiedliche Budgets f\u00fcr unterschiedliche Anspr\u00fcche) Read More &raquo;","og_url":"https:\/\/teamsorare.com\/de\/kosten\/","og_site_name":"TeamSorare","article_modified_time":"2021-12-11T15:43:29+00:00","twitter_card":"summary_large_image","twitter_misc":{"Est. reading time":"4 minutes"},"schema":{"@context":"https:\/\/schema.org","@graph":[{"@type":"WebPage","@id":"https:\/\/teamsorare.com\/de\/kosten\/","url":"https:\/\/teamsorare.com\/de\/kosten\/","name":"Sorare Kosten (unterschiedliche Budgets f\u00fcr unterschiedliche Anspr\u00fcche) - TeamSorare","isPartOf":{"@id":"https:\/\/teamsorare.com\/de\/#website"},"datePublished":"2021-12-09T21:11:54+00:00","dateModified":"2021-12-11T15:43:29+00:00","breadcrumb":{"@id":"https:\/\/teamsorare.com\/de\/kosten\/#breadcrumb"},"inLanguage":"en-US","potentialAction":[{"@type":"ReadAction","target":["https:\/\/teamsorare.com\/de\/kosten\/"]}]},{"@type":"BreadcrumbList","@id":"https:\/\/teamsorare.com\/de\/kosten\/#breadcrumb","itemListElement":[{"@type":"ListItem","position":1,"name":"Home","item":"https:\/\/teamsorare.com\/de\/"},{"@type":"ListItem","position":2,"name":"Sorare Kosten (unterschiedliche Budgets f\u00fcr unterschiedliche Anspr\u00fcche)"}]},{"@type":"WebSite","@id":"https:\/\/teamsorare.com\/de\/#website","url":"https:\/\/teamsorare.com\/de\/","name":"TeamSorare","description":"NFT Sammelkarten &amp; Fu\u00dfball Fantasy Manager","publisher":{"@id":"https:\/\/teamsorare.com\/de\/#organization"},"potentialAction":[{"@type":"SearchAction","target":{"@type":"EntryPoint","urlTemplate":"https:\/\/teamsorare.com\/de\/?s={search_term_string}"},"query-input":{"@type":"PropertyValueSpecification","valueRequired":true,"valueName":"search_term_string"}}],"inLanguage":"en-US"},{"@type":"Organization","@id":"https:\/\/teamsorare.com\/de\/#organization","name":"TeamSorare","url":"https:\/\/teamsorare.com\/de\/","logo":{"@type":"ImageObject","inLanguage":"en-US","@id":"https:\/\/teamsorare.com\/de\/#\/schema\/logo\/image\/","url":"https:\/\/teamsorare.com\/de\/wp-content\/uploads\/sites\/2\/2021\/11\/TeamSorare-NFTs-and-Data.png","contentUrl":"https:\/\/teamsorare.com\/de\/wp-content\/uploads\/sites\/2\/2021\/11\/TeamSorare-NFTs-and-Data.png","width":200,"height":200,"caption":"TeamSorare"},"image":{"@id":"https:\/\/teamsorare.com\/de\/#\/schema\/logo\/image\/"}}]}},"_links":{"self":[{"href":"https:\/\/teamsorare.com\/de\/wp-json\/wp\/v2\/pages\/1399","targetHints":{"allow":["GET"]}}],"collection":[{"href":"https:\/\/teamsorare.com\/de\/wp-json\/wp\/v2\/pages"}],"about":[{"href":"https:\/\/teamsorare.com\/de\/wp-json\/wp\/v2\/types\/page"}],"author":[{"embeddable":true,"href":"https:\/\/teamsorare.com\/de\/wp-json\/wp\/v2\/users\/1"}],"replies":[{"embeddable":true,"href":"https:\/\/teamsorare.com\/de\/wp-json\/wp\/v2\/comments?post=1399"}],"version-history":[{"count":1,"href":"https:\/\/teamsorare.com\/de\/wp-json\/wp\/v2\/pages\/1399\/revisions"}],"predecessor-version":[{"id":1400,"href":"https:\/\/teamsorare.com\/de\/wp-json\/wp\/v2\/pages\/1399\/revisions\/1400"}],"wp:attachment":[{"href":"https:\/\/teamsorare.com\/de\/wp-json\/wp\/v2\/media?parent=1399"}],"curies":[{"name":"wp","href":"https:\/\/api.w.org\/{rel}","templated":true}]}}