{"id":1484,"date":"2021-12-13T12:31:38","date_gmt":"2021-12-13T12:31:38","guid":{"rendered":"https:\/\/teamsorare.com\/de\/?page_id=1484"},"modified":"2026-04-14T15:51:08","modified_gmt":"2026-04-14T15:51:08","slug":"rb-leipzig","status":"publish","type":"page","link":"https:\/\/teamsorare.com\/de\/leagues\/bundesliga\/rb-leipzig\/","title":{"rendered":"NFTs f\u00fcr RB Leipzig Spieler bei Sorare"},"content":{"rendered":"\n<p>Der Verein wurde 2009 auf Initiative des Unternehmens Red Bull GmbH gegr\u00fcndet. Der neue Verein kaufte die Spielrechte des F\u00fcnftligisten SSV Markranst\u00e4dt. Der Profifu\u00dfballverein der M\u00e4nner wird von der ausgegliederten RasenBallsport Leipzig GmbH betrieben. RB Leipzig tr\u00e4gt seine Heimspiele in der Red Bull Arena aus. Der Verein wurde 2009 gegr\u00fcndet, nachdem er in seiner ersten Saison die NOFV-Oberliga S\u00fcd (V) gewonnen hatte. Es ist die erste Mannschaft seit der Einf\u00fchrung der 3. Liga, die nach nur einer Saison den Aufstieg geschafft hat.<\/p>\n\n\n\n<p>Im Jahr 2016 stieg der Verein in die Bundesliga auf und qualifizierte sich als Vizemeister der Bundesliga f\u00fcr die UEFA Champions League 2017\/18. Am 18. August 2020 schrieb der Verein mit der erstmaligen Teilnahme am Halbfinale der Champions League Geschichte.<\/p>\n\n\n\n<h2 class=\"wp-block-heading\">Wer sind die beliebtesten Spieler von RB Leipzig?<\/h2>\n\n\n\n<h3 class=\"wp-block-heading\">Dani Olmo<\/h3>\n\n\n\n<p>Dani Olmo ist ein junger Spieler mit gro\u00dfen technischen F\u00e4higkeiten. Er ist sehr schnell und wendig, und obwohl er nicht viele Tore schie\u00dft, ist er ein guter Dribbler. Auch sein Passspiel ist sehr gut. Er ist ein vielseitiger Spieler, der \u00fcberall in der ersten Reihe spielen kann. Er ist ein sehr wichtiger Spieler f\u00fcr Leipzig und war ma\u00dfgeblich an den j\u00fcngsten Erfolgen der Mannschaft beteiligt.<\/p>\n\n\n\n<h3 class=\"wp-block-heading\">Christopher Nkunku<\/h3>\n\n\n\n<p>Christopher Nkunku ist ein vielseitiger Angreifer, der auf jeder Position in der ersten Reihe spielen kann. Er hat in dieser Saison in der Bundesliga beeindruckt und das Interesse einiger gro\u00dfer Vereine geweckt.<\/p>\n\n\n\n<h3 class=\"wp-block-heading\">Andre Silva<\/h3>\n\n\n\n<p>Der brasilianische St\u00fcrmer erzielte 28 Tore in 32 Spielen f\u00fcr Red Bull Salzburg und RB Leipzig. Er war damit der zweitbeste Torsch\u00fctze der Liga, gleich hinter Robert Lewandowski von Bayern M\u00fcnchen. Seit seinem Wechsel zur deutschen Meisterschaft nach der COVID-19-Epidemie hat Silva in zehn Spielen acht Tore erzielt. RB Leipzig hat den portugiesischen St\u00fcrmer Andr\u00e9 Silva f\u00fcr 25,3 Millionen Dollar von Eintracht Frankfurt verpflichtet. Christopher Nkunku sorgte mit einem Doppelpack f\u00fcr den dritten Bundesligasieg der Gastgeber in dieser Saison. Der ehemalige Mail\u00e4nder St\u00fcrmer wurde mit Manchester City und Manchester United in Verbindung gebracht.<\/p>\n\n\n\n<h3 class=\"wp-block-heading\">Angeli\u00f1o<\/h3>\n\n\n\n<p>Wenn er in 12 Spielen zum Einsatz kommt, wird die Leihgabe unbefristet sein. Er hat in dieser Saison mehr Minuten f\u00fcr RB Leipzig gespielt als jeder andere Spieler. Der erste Leihvertrag enthielt Berichten zufolge eine Kaufoption f\u00fcr 27 Millionen PS. Angelino von Manchester City hat einen unbefristeten Vertrag bei RB Leipzig unterzeichnet. Der 24-J\u00e4hrige war seit Januar an den Bundesligisten ausgeliehen. City hat die Option, Angelino f\u00fcr rund 35 Millionen Pfund in der Zukunft zu verpflichten.<\/p>\n\n\n\n<h2 class=\"wp-block-heading\">Was muss man \u00fcber Fantasy Football und NFTs wissen?<\/h2>\n\n\n\n<p>Fantasy Football ist ein Spiel, bei dem Sie Ihr eigenes Team aus echten Fu\u00dfballspielern verwalten. Sie k\u00f6nnen an der Weltmeisterschaft, der Europameisterschaft und anderen gro\u00dfen Turnieren teilnehmen. Das Ziel ist es, das Turnier zu gewinnen, indem Sie mehr Tore schie\u00dfen als Ihre Gegner.<\/p>\n\n\n\n<p>Du kannst auch deine eigene Liga gr\u00fcnden oder einer bereits gegr\u00fcndeten Liga beitreten.<br>Das Spiel hat viele Funktionen, wie zum Beispiel:<\/p>\n\n\n\n<ul class=\"wp-block-list\"><li>Erstellen Sie Ihre eigene Liga mit bis zu 10 Mannschaften<\/li><li>Spiele gegen Freunde auf Facebook<\/li><li>Spiele gegen Spieler aus der ganzen Welt<\/li><li>Spiele in verschiedenen Ligen<\/li><li>Verwalte die Trainingseinheiten deiner Spieler<\/li><li>Verwalte die Taktik deines Teams<\/li><li>W\u00e4hle deine Aufstellung<\/li><li>Passe dein Stadion an<\/li><li>Kaufe neue Spieler<\/li><li>Transfer von Spielern zwischen Vereinen<\/li><li>Gewinne Preise f\u00fcr gewonnene Wettbewerbe<\/li><li>Verwende dein Handy, um Statistiken \u00fcber deinen Verein abzurufen<\/li><li>Detaillierte Berichte \u00fcber deine Spieler anzeigen<\/li><li>Senden Sie Nachrichten an Ihre Spieler<\/li><li>Sehen Sie, wie Ihr Team im Vergleich zu anderen abschneidet<\/li><li>Speichern Sie Ihren Fortschritt, damit Sie nicht wieder von vorne anfangen m\u00fcssen, wenn Sie Ihr Ger\u00e4t verlieren<br>Warum sollten Sie Fantasy Football bei Sorare spielen?<\/li><li>Du kannst Geldpreise gewinnen.<\/li><li>Es macht Spa\u00df!<\/li><li>Du lernst neue Leute kennen.<\/li><li>Sie k\u00f6nnen Punkte f\u00fcr kostenlose Geschenke sammeln.<\/li><li>Sie k\u00f6nnen kostenlos an Fantasy-Football-Ligen teilnehmen.<\/li><\/ul>\n\n\n\n<h3 class=\"wp-block-heading\">\u00dcber NFTs<\/h3>\n\n\n\n<p>Nicht-fungible Token (NFTs) sind digitale Verm\u00f6genswerte, die nicht einfach kopiert oder dupliziert werden k\u00f6nnen. Sie werden h\u00e4ufig f\u00fcr den Handel mit Sammlerst\u00fccken wie Videospielfiguren oder seltenen Kunstwerken verwendet. Diese G\u00fcter haben ihre eigenen eindeutigen Identifikatoren, die &#8220;Token&#8221; genannt werden. Jedes Token steht f\u00fcr das Eigentum an einem Gegenstand, und jedes Token ist eindeutig identifizierbar.<\/p>\n\n\n\n<p>Das Sch\u00f6ne an der Blockchain-Technologie ist die M\u00f6glichkeit, alle Transaktionen zu verfolgen, ohne sich auf einen zentralisierten Dritten verlassen zu m\u00fcssen. Dadurch wird das Betrugsrisiko beseitigt und Transparenz gew\u00e4hrleistet.<\/p>\n\n\n\n<h3 class=\"wp-block-heading\">Warum die Blockchain-Technologie nutzen?<\/h3>\n\n\n\n<p>Es gibt viele Gr\u00fcnde, warum Unternehmen den Einsatz der Blockchain-Technologie in Betracht ziehen sollten. Hier sind nur einige davon:<br><strong>Sicherheit<\/strong><br>Da Blockchains mit Verschl\u00fcsselung arbeiten, bieten sie dort Sicherheit, wo sie bei anderen Systemen fehlt. Wenn jemand versucht, Informationen aus einer Blockchain zu \u00e4ndern oder zu l\u00f6schen, w\u00fcrde dies eine enorme Menge an Rechenleistung erfordern.<br><strong>Geschwindigkeit<\/strong><br>Ein weiterer Vorteil der Blockchain-Technologie ist ihre Schnelligkeit. Da Blockchains \u00f6ffentlich sind, kann jeder die Transaktionen sofort einsehen und validieren. Im Gegensatz zu herk\u00f6mmlichen Datenbanken, die Informationen offline speichern, sind Blockchains immer auf dem neuesten Stand.<br><strong>Dezentralisierung<\/strong><br>Ein weiterer Vorteil der Blockchain-Technologie ist die Dezentralisierung. Anders als herk\u00f6mmliche Datenbanken werden Blockchains nicht von einer zentralen Beh\u00f6rde kontrolliert. Stattdessen werden sie von einer Gruppe unabh\u00e4ngiger Knotenpunkte verwaltet.<br><strong>Effizienz<\/strong><br>Da es sich bei Blockchains um offene Netzwerke handelt, erm\u00f6glichen sie eine viel schnellere Verarbeitung als die meisten anderen Arten von Datenbanken.<br>Wie Sie sehen, bietet die Blockchain-Technologie eine Vielzahl von Vorteilen. Das bedeutet jedoch nicht, dass sie perfekt ist. Tats\u00e4chlich gibt es einige Nachteile der Technologie, die vor ihrer Einf\u00fchrung bedacht werden m\u00fcssen. Schauen wir uns diese Probleme jetzt genauer an.<br><strong>Beschr\u00e4nkungen der Blockchain<\/strong><br>Obwohl Blockchains mehrere Vorteile gegen\u00fcber herk\u00f6mmlichen Datenbanken bieten, haben sie auch ihre Grenzen. Einige davon sind:<br><strong>Kosten<\/strong><br>Eine der gr\u00f6\u00dften Herausforderungen f\u00fcr die Blockchain-Technologie sind die Kosten. W\u00e4hrend herk\u00f6mmliche Datenbanken relativ kosteng\u00fcnstig sind, sind Blockchains teuer in der Wartung. Bei Bitcoin zum Beispiel sind Miner erforderlich, um Transaktionen zu verarbeiten, aber das kostet sie Geld.<br><strong>Gr\u00f6\u00dfe<\/strong><br>Ein weiterer Nachteil von Blockchains ist ihre Gr\u00f6\u00dfe. Sie m\u00fcssen eine gro\u00dfe Anzahl von Datens\u00e4tzen speichern, da sie auf Kryptografie beruhen. Das macht sie f\u00fcr die Speicherung extrem gro\u00dfer Datenmengen unpraktisch.<br><strong>Datenschutz<\/strong><br>Blockchains sind nicht nur kostspielig, sondern auch nicht privat. Jeder kann die Transaktionen innerhalb des Netzwerks einsehen und \u00fcberpr\u00fcfen.<\/p>\n<div class=\"so_cv_last_mod\">Letzte Aktualisierung am: 14. April, 2026<\/div>","protected":false},"excerpt":{"rendered":"<p>Der Verein wurde 2009 auf Initiative des Unternehmens Red Bull GmbH gegr\u00fcndet. Der neue Verein kaufte die Spielrechte des F\u00fcnftligisten SSV Markranst\u00e4dt. Der Profifu\u00dfballverein der M\u00e4nner wird von der ausgegliederten RasenBallsport Leipzig GmbH betrieben. RB Leipzig tr\u00e4gt seine Heimspiele in der Red Bull Arena aus. Der Verein wurde 2009 gegr\u00fcndet, nachdem er in seiner ersten &hellip;<\/p>\n<p class=\"read-more\"> <a class=\"\" href=\"https:\/\/teamsorare.com\/de\/leagues\/bundesliga\/rb-leipzig\/\"> <span class=\"screen-reader-text\">NFTs f\u00fcr RB Leipzig Spieler bei Sorare<\/span> Read More &raquo;<\/a><\/p>\n","protected":false},"author":1,"featured_media":0,"parent":169,"menu_order":0,"comment_status":"closed","ping_status":"closed","template":"","meta":{"site-sidebar-layout":"","site-content-layout":"","ast-main-header-display":"","ast-hfb-above-header-display":"","ast-hfb-below-header-display":"","ast-hfb-mobile-header-display":"","site-post-title":"","ast-breadcrumbs-content":"","ast-featured-img":"","footer-sml-layout":"","theme-transparent-header-meta":"","adv-header-id-meta":"","stick-header-meta":"","header-above-stick-meta":"","header-main-stick-meta":"","header-below-stick-meta":"","footnotes":""},"class_list":["post-1484","page","type-page","status-publish","hentry"],"yoast_head":"<!-- This site is optimized with the Yoast SEO plugin v26.9 - https:\/\/yoast.com\/product\/yoast-seo-wordpress\/ -->\n<title>NFTs f\u00fcr RB Leipzig Spieler bei Sorare - TeamSorare<\/title>\n<meta name=\"robots\" content=\"index, follow, max-snippet:-1, max-image-preview:large, max-video-preview:-1\" \/>\n<link rel=\"canonical\" href=\"https:\/\/teamsorare.com\/de\/leagues\/bundesliga\/rb-leipzig\/\" \/>\n<meta property=\"og:locale\" content=\"en_US\" \/>\n<meta property=\"og:type\" content=\"article\" \/>\n<meta property=\"og:title\" content=\"NFTs f\u00fcr RB Leipzig Spieler bei Sorare - TeamSorare\" \/>\n<meta property=\"og:description\" content=\"Der Verein wurde 2009 auf Initiative des Unternehmens Red Bull GmbH gegr\u00fcndet. Der neue Verein kaufte die Spielrechte des F\u00fcnftligisten SSV Markranst\u00e4dt. Der Profifu\u00dfballverein der M\u00e4nner wird von der ausgegliederten RasenBallsport Leipzig GmbH betrieben. RB Leipzig tr\u00e4gt seine Heimspiele in der Red Bull Arena aus. Der Verein wurde 2009 gegr\u00fcndet, nachdem er in seiner ersten &hellip; NFTs f\u00fcr RB Leipzig Spieler bei Sorare Read More &raquo;\" \/>\n<meta property=\"og:url\" content=\"https:\/\/teamsorare.com\/de\/leagues\/bundesliga\/rb-leipzig\/\" \/>\n<meta property=\"og:site_name\" content=\"TeamSorare\" \/>\n<meta property=\"article:modified_time\" content=\"2026-04-14T15:51:08+00:00\" \/>\n<meta name=\"twitter:card\" content=\"summary_large_image\" \/>\n<meta name=\"twitter:label1\" content=\"Est. reading time\" \/>\n\t<meta name=\"twitter:data1\" content=\"5 minutes\" \/>\n<script type=\"application\/ld+json\" class=\"yoast-schema-graph\">{\"@context\":\"https:\/\/schema.org\",\"@graph\":[{\"@type\":\"WebPage\",\"@id\":\"https:\/\/teamsorare.com\/de\/leagues\/bundesliga\/rb-leipzig\/\",\"url\":\"https:\/\/teamsorare.com\/de\/leagues\/bundesliga\/rb-leipzig\/\",\"name\":\"NFTs f\u00fcr RB Leipzig Spieler bei Sorare - TeamSorare\",\"isPartOf\":{\"@id\":\"https:\/\/teamsorare.com\/de\/#website\"},\"datePublished\":\"2021-12-13T12:31:38+00:00\",\"dateModified\":\"2026-04-14T15:51:08+00:00\",\"breadcrumb\":{\"@id\":\"https:\/\/teamsorare.com\/de\/leagues\/bundesliga\/rb-leipzig\/#breadcrumb\"},\"inLanguage\":\"en-US\",\"potentialAction\":[{\"@type\":\"ReadAction\",\"target\":[\"https:\/\/teamsorare.com\/de\/leagues\/bundesliga\/rb-leipzig\/\"]}]},{\"@type\":\"BreadcrumbList\",\"@id\":\"https:\/\/teamsorare.com\/de\/leagues\/bundesliga\/rb-leipzig\/#breadcrumb\",\"itemListElement\":[{\"@type\":\"ListItem\",\"position\":1,\"name\":\"Home\",\"item\":\"https:\/\/teamsorare.com\/de\/\"},{\"@type\":\"ListItem\",\"position\":2,\"name\":\"Sorare Football Leagues and Teams\",\"item\":\"https:\/\/teamsorare.com\/de\/leagues\/\"},{\"@type\":\"ListItem\",\"position\":3,\"name\":\"Sorare Bundesliga NFT Sammlerkarten\",\"item\":\"https:\/\/teamsorare.com\/de\/leagues\/bundesliga\/\"},{\"@type\":\"ListItem\",\"position\":4,\"name\":\"NFTs f\u00fcr RB Leipzig Spieler bei Sorare\"}]},{\"@type\":\"WebSite\",\"@id\":\"https:\/\/teamsorare.com\/de\/#website\",\"url\":\"https:\/\/teamsorare.com\/de\/\",\"name\":\"TeamSorare\",\"description\":\"NFT Sammelkarten &amp; Fu\u00dfball Fantasy Manager\",\"publisher\":{\"@id\":\"https:\/\/teamsorare.com\/de\/#organization\"},\"potentialAction\":[{\"@type\":\"SearchAction\",\"target\":{\"@type\":\"EntryPoint\",\"urlTemplate\":\"https:\/\/teamsorare.com\/de\/?s={search_term_string}\"},\"query-input\":{\"@type\":\"PropertyValueSpecification\",\"valueRequired\":true,\"valueName\":\"search_term_string\"}}],\"inLanguage\":\"en-US\"},{\"@type\":\"Organization\",\"@id\":\"https:\/\/teamsorare.com\/de\/#organization\",\"name\":\"TeamSorare\",\"url\":\"https:\/\/teamsorare.com\/de\/\",\"logo\":{\"@type\":\"ImageObject\",\"inLanguage\":\"en-US\",\"@id\":\"https:\/\/teamsorare.com\/de\/#\/schema\/logo\/image\/\",\"url\":\"https:\/\/teamsorare.com\/de\/wp-content\/uploads\/sites\/2\/2021\/11\/TeamSorare-NFTs-and-Data.png\",\"contentUrl\":\"https:\/\/teamsorare.com\/de\/wp-content\/uploads\/sites\/2\/2021\/11\/TeamSorare-NFTs-and-Data.png\",\"width\":200,\"height\":200,\"caption\":\"TeamSorare\"},\"image\":{\"@id\":\"https:\/\/teamsorare.com\/de\/#\/schema\/logo\/image\/\"}}]}<\/script>\n<!-- \/ Yoast SEO plugin. -->","yoast_head_json":{"title":"NFTs f\u00fcr RB Leipzig Spieler bei Sorare - TeamSorare","robots":{"index":"index","follow":"follow","max-snippet":"max-snippet:-1","max-image-preview":"max-image-preview:large","max-video-preview":"max-video-preview:-1"},"canonical":"https:\/\/teamsorare.com\/de\/leagues\/bundesliga\/rb-leipzig\/","og_locale":"en_US","og_type":"article","og_title":"NFTs f\u00fcr RB Leipzig Spieler bei Sorare - TeamSorare","og_description":"Der Verein wurde 2009 auf Initiative des Unternehmens Red Bull GmbH gegr\u00fcndet. Der neue Verein kaufte die Spielrechte des F\u00fcnftligisten SSV Markranst\u00e4dt. Der Profifu\u00dfballverein der M\u00e4nner wird von der ausgegliederten RasenBallsport Leipzig GmbH betrieben. RB Leipzig tr\u00e4gt seine Heimspiele in der Red Bull Arena aus. Der Verein wurde 2009 gegr\u00fcndet, nachdem er in seiner ersten &hellip; NFTs f\u00fcr RB Leipzig Spieler bei Sorare Read More &raquo;","og_url":"https:\/\/teamsorare.com\/de\/leagues\/bundesliga\/rb-leipzig\/","og_site_name":"TeamSorare","article_modified_time":"2026-04-14T15:51:08+00:00","twitter_card":"summary_large_image","twitter_misc":{"Est. reading time":"5 minutes"},"schema":{"@context":"https:\/\/schema.org","@graph":[{"@type":"WebPage","@id":"https:\/\/teamsorare.com\/de\/leagues\/bundesliga\/rb-leipzig\/","url":"https:\/\/teamsorare.com\/de\/leagues\/bundesliga\/rb-leipzig\/","name":"NFTs f\u00fcr RB Leipzig Spieler bei Sorare - TeamSorare","isPartOf":{"@id":"https:\/\/teamsorare.com\/de\/#website"},"datePublished":"2021-12-13T12:31:38+00:00","dateModified":"2026-04-14T15:51:08+00:00","breadcrumb":{"@id":"https:\/\/teamsorare.com\/de\/leagues\/bundesliga\/rb-leipzig\/#breadcrumb"},"inLanguage":"en-US","potentialAction":[{"@type":"ReadAction","target":["https:\/\/teamsorare.com\/de\/leagues\/bundesliga\/rb-leipzig\/"]}]},{"@type":"BreadcrumbList","@id":"https:\/\/teamsorare.com\/de\/leagues\/bundesliga\/rb-leipzig\/#breadcrumb","itemListElement":[{"@type":"ListItem","position":1,"name":"Home","item":"https:\/\/teamsorare.com\/de\/"},{"@type":"ListItem","position":2,"name":"Sorare Football Leagues and Teams","item":"https:\/\/teamsorare.com\/de\/leagues\/"},{"@type":"ListItem","position":3,"name":"Sorare Bundesliga NFT Sammlerkarten","item":"https:\/\/teamsorare.com\/de\/leagues\/bundesliga\/"},{"@type":"ListItem","position":4,"name":"NFTs f\u00fcr RB Leipzig Spieler bei Sorare"}]},{"@type":"WebSite","@id":"https:\/\/teamsorare.com\/de\/#website","url":"https:\/\/teamsorare.com\/de\/","name":"TeamSorare","description":"NFT Sammelkarten &amp; Fu\u00dfball Fantasy Manager","publisher":{"@id":"https:\/\/teamsorare.com\/de\/#organization"},"potentialAction":[{"@type":"SearchAction","target":{"@type":"EntryPoint","urlTemplate":"https:\/\/teamsorare.com\/de\/?s={search_term_string}"},"query-input":{"@type":"PropertyValueSpecification","valueRequired":true,"valueName":"search_term_string"}}],"inLanguage":"en-US"},{"@type":"Organization","@id":"https:\/\/teamsorare.com\/de\/#organization","name":"TeamSorare","url":"https:\/\/teamsorare.com\/de\/","logo":{"@type":"ImageObject","inLanguage":"en-US","@id":"https:\/\/teamsorare.com\/de\/#\/schema\/logo\/image\/","url":"https:\/\/teamsorare.com\/de\/wp-content\/uploads\/sites\/2\/2021\/11\/TeamSorare-NFTs-and-Data.png","contentUrl":"https:\/\/teamsorare.com\/de\/wp-content\/uploads\/sites\/2\/2021\/11\/TeamSorare-NFTs-and-Data.png","width":200,"height":200,"caption":"TeamSorare"},"image":{"@id":"https:\/\/teamsorare.com\/de\/#\/schema\/logo\/image\/"}}]}},"_links":{"self":[{"href":"https:\/\/teamsorare.com\/de\/wp-json\/wp\/v2\/pages\/1484","targetHints":{"allow":["GET"]}}],"collection":[{"href":"https:\/\/teamsorare.com\/de\/wp-json\/wp\/v2\/pages"}],"about":[{"href":"https:\/\/teamsorare.com\/de\/wp-json\/wp\/v2\/types\/page"}],"author":[{"embeddable":true,"href":"https:\/\/teamsorare.com\/de\/wp-json\/wp\/v2\/users\/1"}],"replies":[{"embeddable":true,"href":"https:\/\/teamsorare.com\/de\/wp-json\/wp\/v2\/comments?post=1484"}],"version-history":[{"count":2,"href":"https:\/\/teamsorare.com\/de\/wp-json\/wp\/v2\/pages\/1484\/revisions"}],"predecessor-version":[{"id":1486,"href":"https:\/\/teamsorare.com\/de\/wp-json\/wp\/v2\/pages\/1484\/revisions\/1486"}],"up":[{"embeddable":true,"href":"https:\/\/teamsorare.com\/de\/wp-json\/wp\/v2\/pages\/169"}],"wp:attachment":[{"href":"https:\/\/teamsorare.com\/de\/wp-json\/wp\/v2\/media?parent=1484"}],"curies":[{"name":"wp","href":"https:\/\/api.w.org\/{rel}","templated":true}]}}