{"id":1489,"date":"2021-12-16T15:03:59","date_gmt":"2021-12-16T15:03:59","guid":{"rendered":"https:\/\/teamsorare.com\/de\/?page_id=1489"},"modified":"2021-12-16T15:04:00","modified_gmt":"2021-12-16T15:04:00","slug":"strategien","status":"publish","type":"page","link":"https:\/\/teamsorare.com\/de\/strategien\/","title":{"rendered":"Sorare Strategien 2022 \u2013 Wie kannst du mit Sorare tats\u00e4chlich Geld verdienen?"},"content":{"rendered":"\n<p>Sorare hat ein extrem lukratives Gesch\u00e4ftsmodell gefunden und schafft es zwei Welten miteinander zu kombinieren: Fantasy Fussball und NFTs. Damit hast du grunds\u00e4tzlich zwei M\u00f6glichkeiten Geld zu verdienen. Du kannst entweder \u00fcber die Fantasy Fussball Funktion Preisgelder gewinnen, und\/oder mit NFTs handeln. NFTs waren 2021 das Trendthema schlechthin und f\u00fcr einfache JPG Bilder wurden zweistellige Millionenbetr\u00e4ge bezahlt. Das ist bei Sorare NFTs zwar noch nicht der Fall, aber der Trend geht nat\u00fcrlich stetig nach oben.<\/p>\n\n\n\n<p>\u00dcbrigens, falls du noch nicht bei Sorare angemeldet bist solltest du das <a href=\"https:\/\/teamsorare.com\/go\/sorare\" target=\"_blank\" rel=\"noreferrer noopener sponsored nofollow\">\u00fcber diesen Link machen<\/a> und dir deine gratis Limited Karte holen!<\/p>\n\n\n\n<p>Du hast also zwei M\u00f6glichkeiten bei Sorare Geld zu verdienen bzw. kannst beides miteinander kombinieren. Das eine schlie\u00dft das andere nicht aus und auch wenn du nur die NFTs traden m\u00f6chtest, kannst du gleichzeitig versuchen Preisgelder zu gewinnen. Es gibt allerdings ein Problem, das du realisieren musst:<\/p>\n\n\n\n<p>Einige Manager waren bei Sorare von Anfang an dabei. Das bedeutet, dass sie damals f\u00fcr ziemlich wenig Geld richtig wertvolle Karten kaufen konnten. Damals war es auch noch so, dass die heutigen Rare Karten die Einstiegskarten waren, also vergleichbar mit den heutigen Limited Karten. Stell dir vor du konntest damals f\u00fcr wenige Euro eine Rare Karte eines Stammspielers kaufen \u2013 verr\u00fcckt oder? Die heutigen Preise sehen komplett anders aus. Das bedeutet: du konkurrierst mit Managern, die bereits sehr gute Karten haben und regelm\u00e4\u00dfig ihre Preisgelder abr\u00e4umen.<\/p>\n\n\n\n<div class=\"wp-block-image\"><figure class=\"aligncenter size-full\"><img decoding=\"async\" src=\"https:\/\/teamsorare.com\/wp-content\/uploads\/2021\/12\/Sorare-Strategies-and-Auctions.png\" alt=\"\" class=\"wp-image-1458\"\/><\/figure><\/div>\n\n\n\n<p>Das sollte dich aber nicht davon abhalten mit Sorare zu starten. Im Gegenteil: wir befinden uns noch ganz am Anfang der Entwicklung. Stell dir einmal vor was passiert wenn Sorare in Deutschland, USA, S\u00fcdamerika und Asien erst richtig abhebt. Es gibt noch so viele unerschlossene M\u00e4rkte und das Konzept ist so genial, dass es \u00fcberall funktionieren wird. Es ist auch nicht ausgeschlossen, dass Sorare noch eine weitere Karten-Kategorie einf\u00fchrt, die noch einmal g\u00fcnstiger ist als Limited. Dann werden die heutigen Limited Karten die Rare Karten von morgen. Das ist eigentlich auch notwendig wenn Sorare auch f\u00fcr Budgets unter 100\u20ac attraktiv sein m\u00f6chte. Denn das sind nat\u00fcrlich bereits sehr gro\u00dfe Summen f\u00fcr einen Fusballfan aus Brasilien oder den Philippinen.<\/p>\n\n\n\n<p>Kommen wir aber jetzt zu den bew\u00e4hrtesten Sorare Strategien, die auch noch 2022 funktionieren werden:<\/p>\n\n\n\n<h2 class=\"wp-block-heading\">Strategie #1: Threshold Ligen<\/h2>\n\n\n\n<p>Noch gibt es diese M\u00f6glichkeit: In der Global All Stars Division kannst du mit vier Rare Karten und einer Commons Karte sogenannte Thresholds gewinnen. Dabei musst du \u201enur\u201c 205 oder 250 Punkte an einem Spieltag erreichen und bekommst 0,01 bzw. 0,02 ETH ausgesch\u00fcttet \u2013 ganz egal wie viele Manager teilnehmen oder was deine Konkurrenz so macht.<\/p>\n\n\n\n<p>Es ist nicht ganz sicher wie lange es diese Liga noch geben wird, aber es ist auf jeden Fall sehr attraktiv. Du setzt deinen Commons Torwart ein, den du bei der Anmeldung erhalten hast. Denn dieser w\u00e4re als Rare Karte viel zu teuer zu kaufen. Unter 1000\u20ac bekommst du hier aktuell keinen. Dann brauchst du \u201enur\u201c noch vier Feldspieler, die auch regelm\u00e4\u00dfig Punkte holen und praktisch Stammspieler sind. Denn um \u00fcber 200 Punkte zu erreichen, sollten die Spieler schon ihre 40 Punkte holen k\u00f6nnen. Und das auch noch zeitgleich. F\u00e4llt einer aus und spielt nicht, wird es schwer dies zu kompensieren.<\/p>\n\n\n\n<p>Es ist also immer mit etwas Risiko verbunden und eigentlich brauchst du zumindest noch einen Ersatzspieler. Auch solltest du schauen, dass die Spieler m\u00f6glichst in der selben Liga spielen \u2013 oder zumindest sehr \u00e4hnlich. Es bringt dir nichts zwei Spieler aus Europa und drei aus der MLS zu haben wenn sich die Pausen \u00fcberschneiden.<\/p>\n\n\n\n<p>Die drei wichtigsten Tipps f\u00fcr die Threshold Strategie sind also:<\/p>\n\n\n\n<ul class=\"wp-block-list\"><li>Unbedingt einen guten Commons Torh\u00fcter einsetzen (deswegen lohnt es sich immer in der Casual Liga mitzuspielen damit du immer einen hast, der auch spielt und gut punktet)<\/li><li>Achte darauf, dass sich die Spielpl\u00e4ne der Ligen \u00fcberschneiden und alle Spieler gleichzeitig spielen<\/li><li>Deine Spieler m\u00fcssen konstant punkten und praktisch Stamm spielen. Nur so sind 40 Punkte und mehr realistisch<\/li><\/ul>\n\n\n\n<p>Wenn wir uns diese drei Bedingungen anschauen stellt man fest, dass das nicht ganz so einfach wird wie es zun\u00e4chst aussieht. Vor allem wenn man nach Spielern scoutet kommen einem immer wieder Rare Karten unter mit z.B. 40 Punkten als L5. Sorare macht das ganz klug und l\u00e4sst Spieler immer besser aussehen als sie tats\u00e4chlich sind. Wenn man aber genau schaut, z.B. bei Soraredata f\u00e4llt einem schnell auf, dass der Spieler wom\u00f6glich doch h\u00e4ufiger DNP ist, oder nur unkonstante Leistungen bringt. Oder in einer Liga spielt, die gerade Pause hat.<\/p>\n\n\n\n<p>Das hei\u00dft: lass dich nicht verleiten und erledige deine Hausaufgaben gewissenhaft. Ansonsten investierst du mehrere hundert Euro in ein Team das eigentlich keine Chance hat die Thresholds zu holen.<\/p>\n\n\n\n<p><strong>Deine Aufgabe lautet also:<\/strong><\/p>\n\n\n\n<p>Wie findest du Spieler, die die obigen Bedingungen erf\u00fcllen und preislich erschwinglich sind?<\/p>\n\n\n\n<p>Hierf\u00fcr gibt es verschiedene Ans\u00e4tze, die du auch miteinander kombinieren kannst.<\/p>\n\n\n\n<p>Spieler sind dann g\u00fcnstig wenn sie in einer Krise stecken oder verletzt sind. Sie sind au\u00dferdem g\u00fcnstiger wenn sie keine Stammplatzgarantie haben. Und sie sind besonders w\u00e4hrend der Pause und Wochen vor dem Saisonstart g\u00fcnstig.<\/p>\n\n\n\n<p>Deine Aufgabe ist es Spieler zu finden, die nur kurzzeitig in einer Krise stecken und sich bald erholen. Spieler, die garantiert die Verletzung \u00fcberstehen und bald wieder bei 100% sind. Spieler, die in naher Zukunft wieder stamm spielen. Und Spieler, die wom\u00f6glich Erfahrungspunkte gesammelt haben und auch ohne 5% Bonus gut punkten k\u00f6nnen.<\/p>\n\n\n\n<p>Letzteres bedeutet, dass du eine Karte kaufst, die vom Manager stets gut eingesetzt wurde so dass du mit dem Spieler bald auf Level 10 kommst. Denn das kompensiert die fehlenden 5% die du f\u00fcr die aktuelle Saisonkarte bekommst. Achte beim Kauf also auch auf ein hohes Level. Das ist umso wichtiger je n\u00e4her der Saisonstart der kommenden Saison r\u00fcckt.<\/p>\n\n\n\n<p>F\u00fcr alle anderen Punkte kommst du nicht drum herum deine eigenen Recherchen zu machen z.B. mit den <a href=\"https:\/\/teamsorare.com\/de\/universitaet\/ressourcen-und-werkzeuge\/\">Sorare Tools, die wir hier<\/a> vorgestellt haben.<\/p>\n\n\n\n<h2 class=\"wp-block-heading\">Strategie #2: Spieltage ohne Konkurrenz<\/h2>\n\n\n\n<p>Ja, so etwas gibt es. Allerdings sind es Sonderf\u00e4lle, die nicht immer auftreten. Die Strategie ist Folgende: du schaust gezielt nach L\u00e4nderspielpausen, Pokalspielen, etc. &#8211; alles au\u00dferhalb des \u201enormalen\u201c Ligabetriebs. Denn hier bieten sich h\u00e4ufig sehr lukrative Chancen.<\/p>\n\n\n\n<p>Das sieht z.B. so aus:<\/p>\n\n\n\n<p>In der Rare Liga von Amerika sind unter der Woche L\u00e4nderspiele weniger Nationalmannschaften. Viele der Spieler, die z.B. f\u00fcr Brasilien in der Nationalelf spielen, spielen jedoch in Europa und nicht in der heimischen Liga. Nur sehr wenige Spieler z.B. aus der Brasilianischen Liga sind gleichzeitig Nationalspieler. Und genau diese Spieler k\u00f6nnen dir dann Punkte bringen w\u00e4hrend die anderen Manager leer ausgehen. Denn die meisten Manager haben Spieler aus den heimischen Ligen, die eben nicht Nationalspieler sind und an einem solchen Spieltag keine Punkte holen.<\/p>\n\n\n\n<p>Das Ergebnis sieht dann so aus, dass du z.B. mit nur einem Spieler gen\u00fcgend Punkte holst um in die Preisgeldr\u00e4nge zu kommen. Ziemlich genial oder?<\/p>\n\n\n\n<p>Die Strategie w\u00fcrde dann wie folgt aussehen:<\/p>\n\n\n\n<p>Du spielst grunds\u00e4tzlich nach Strategie 1 in der All Star Division und versuchst Thresholds zu erreichen. An einem au\u00dfergew\u00f6hnlichen Spieltag schaust du welche Spieler wahrscheinlich f\u00fcr ihre jeweiligen Nationalmannschaften spielen. In diesem Fall kannst du nur f\u00fcr den einen Spieltag einen Spieler kaufen. Diesen setzt du dann mit deinem bestehenden Team ein und spekulierst darauf ins Preisgeld zu kommen. Anschlie\u00dfend kannst du beide wieder verkaufen. Selbst die wertlosesten Rare Karten sollten dir 30\u20ac+ einbringen. Insofern lohnt sich das alle mal.<\/p>\n\n\n\n<h2 class=\"wp-block-heading\">Strategie #3: Buy low sell high<\/h2>\n\n\n\n<p>Bei dieser Strategie konzentrierst du dich auf sogenanntes \u201eFlippen\u201c. Du kaufst also g\u00fcnstig Spieler ein um sie wieder teuer zu verkaufen. Dein vorrangiges Ziel ist es dadurch Gewinn zu erzielen und eben nicht durch Preisgelder. Wobei du nat\u00fcrlich trotzdem immer Teams melden kannst \u2013 und das solltest du auch weil dadurch die Karten Erfahrungspunkte sammeln und an Wert gewinnen.<\/p>\n\n\n\n<p>Folgende Faktoren sind entscheidend:<\/p>\n\n\n\n<ul class=\"wp-block-list\"><li>Spieler, die beliebt sind und viele Follower haben verkaufen sich leichter<\/li><li>Spieler, die in einer Formkrise oder verletzt sind k\u00f6nnen g\u00fcnstig eingekauft werden<\/li><li>Von Auktionen solltest du meist die Finger lassen, da hier h\u00e4ufig \u00fcber den tats\u00e4chlichen Wert hinaus geboten wird<\/li><li>Manche Manager haben kein Interesse Karten zu halten und geben sie g\u00fcnstig ab<\/li><li>Setze Spieler kurz vor ihrem Spiel auf die Verkaufsliste. Manche schauen die Spiele und schlagen direkt zu wenn ein Spieler scored oder sich bew\u00e4hrt.<\/li><\/ul>\n\n\n\n<p>Wenn du diese vier Faktoren zusammen nimmst kannst du ohne weiteres deine 10-20% an einem Spieler verdienen. Nat\u00fcrlich nicht mit allen, denn es gibt Dinge, die du nicht kontrollieren kannst. Manchmal hast du einfach Pech z.B. weil sich die Verletzung als schlimmer heraus stellt, der Spieler pl\u00f6tzlich von seiner Stammposition verdr\u00e4ngt wird, er sein Karriereende verk\u00fcndet, in eine Liga wechselt, die von Sorare nicht unterst\u00fctzt wird, usw. Was z\u00e4hlt ist, dass du unterm Strich Gewinne einf\u00e4hrst, nicht mit jedem einzelnen Spieler.<\/p>\n\n\n\n<p>Eine Sache ist wirklich positiv bei Sorare. Denn du kannst grunds\u00e4tzlich jedem Manager ein Angebot machen und das auch deutlich unter dem angebotenen Preis sofern er keinen Mindestpreis festgelegt hat. Das bedeutet: es gibt gef\u00fchlt unendlich viele Manager. Du kannst \u00fcberall dein Gl\u00fcck versuchen und ein Angebot abgeben. Ob er annimmt oder nicht liegt nicht in deiner Hand. Du darfst es nat\u00fcrlich nicht \u00fcbertreiben ansonsten wirst du schnell blockiert. Gibt also faire und seri\u00f6se Angebote ab nach den oben genannten Kritierien.<\/p>\n\n\n\n<p>Und achte auch immer auf die Historie einer Karte. Hat ein Manager gestern die Karte f\u00fcr 0,01 ETH ersteigert wird er sie dir heute nicht f\u00fcr 0,008 ETH verkaufen wollen. So ein Angebot kannst du dir gleich sparen. Siehst du aber, dass er sie f\u00fcr 0,008 ETH ersteigert hat und die Karte ist eigentlich 0,01 wert, kann er durchaus f\u00fcr 0,009 ETH verkaufen. F\u00fcr ihn ist das ein netter Gewinn innerhalb eines Tages und du bekommst eine Karte unter Wert.<\/p>\n\n\n\n<p>Bei <a href=\"https:\/\/www.soraredata.com\/\">Soraredata<\/a> siehst du auch das Portfolio eines jeden Managers. Jemand, der einen Kaderwert von 5 ETH hat und vor allem Rare und Super Rare liegen spielt, k\u00fcmmert sich nicht gro\u00df um eine Limited Karte im Wert von 0,001 ETH. Wenn du ihm irgendein Angebot machst kann es sein dass er ohne gro\u00df zu \u00fcberlegen akzeptiert.<\/p>\n\n\n\n<h2 class=\"wp-block-heading\">Fazit<\/h2>\n\n\n\n<p>Bei Sorare wird dir nichts geschenkt. Du musst deinen eigenen Weg finden und diesen stets optimieren. Nur so wirst du \u00fcber kurz oder lang Erfolg haben k\u00f6nnen. Wenn dir dieser Artikel gefallen hat freuen wir uns \u00fcber deinen Kommentar. Oder vielleicht m\u00f6chtest du anderen Lesern von TeamSorare deine Erfahrungen mitteilen.<\/p>\n","protected":false},"excerpt":{"rendered":"<p>Sorare hat ein extrem lukratives Gesch\u00e4ftsmodell gefunden und schafft es zwei Welten miteinander zu kombinieren: Fantasy Fussball und NFTs. Damit hast du grunds\u00e4tzlich zwei M\u00f6glichkeiten Geld zu verdienen. Du kannst entweder \u00fcber die Fantasy Fussball Funktion Preisgelder gewinnen, und\/oder mit NFTs handeln. NFTs waren 2021 das Trendthema schlechthin und f\u00fcr einfache JPG Bilder wurden zweistellige &hellip;<\/p>\n<p class=\"read-more\"> <a class=\"\" href=\"https:\/\/teamsorare.com\/de\/strategien\/\"> <span class=\"screen-reader-text\">Sorare Strategien 2022 \u2013 Wie kannst du mit Sorare tats\u00e4chlich Geld verdienen?<\/span> Read More &raquo;<\/a><\/p>\n","protected":false},"author":1,"featured_media":0,"parent":0,"menu_order":0,"comment_status":"open","ping_status":"closed","template":"","meta":{"site-sidebar-layout":"","site-content-layout":"","ast-main-header-display":"","ast-hfb-above-header-display":"","ast-hfb-below-header-display":"","ast-hfb-mobile-header-display":"","site-post-title":"","ast-breadcrumbs-content":"","ast-featured-img":"","footer-sml-layout":"","theme-transparent-header-meta":"","adv-header-id-meta":"","stick-header-meta":"","header-above-stick-meta":"","header-main-stick-meta":"","header-below-stick-meta":"","footnotes":""},"class_list":["post-1489","page","type-page","status-publish","hentry"],"yoast_head":"<!-- This site is optimized with the Yoast SEO plugin v26.9 - https:\/\/yoast.com\/product\/yoast-seo-wordpress\/ -->\n<title>Sorare Strategien 2022 \u2013 Wie kannst du mit Sorare tats\u00e4chlich Geld verdienen? - TeamSorare<\/title>\n<meta name=\"robots\" content=\"index, follow, max-snippet:-1, max-image-preview:large, max-video-preview:-1\" \/>\n<link rel=\"canonical\" href=\"https:\/\/teamsorare.com\/de\/strategien\/\" \/>\n<meta property=\"og:locale\" content=\"en_US\" \/>\n<meta property=\"og:type\" content=\"article\" \/>\n<meta property=\"og:title\" content=\"Sorare Strategien 2022 \u2013 Wie kannst du mit Sorare tats\u00e4chlich Geld verdienen? - TeamSorare\" \/>\n<meta property=\"og:description\" content=\"Sorare hat ein extrem lukratives Gesch\u00e4ftsmodell gefunden und schafft es zwei Welten miteinander zu kombinieren: Fantasy Fussball und NFTs. Damit hast du grunds\u00e4tzlich zwei M\u00f6glichkeiten Geld zu verdienen. Du kannst entweder \u00fcber die Fantasy Fussball Funktion Preisgelder gewinnen, und\/oder mit NFTs handeln. NFTs waren 2021 das Trendthema schlechthin und f\u00fcr einfache JPG Bilder wurden zweistellige &hellip; Sorare Strategien 2022 \u2013 Wie kannst du mit Sorare tats\u00e4chlich Geld verdienen? Read More &raquo;\" \/>\n<meta property=\"og:url\" content=\"https:\/\/teamsorare.com\/de\/strategien\/\" \/>\n<meta property=\"og:site_name\" content=\"TeamSorare\" \/>\n<meta property=\"article:modified_time\" content=\"2021-12-16T15:04:00+00:00\" \/>\n<meta property=\"og:image\" content=\"https:\/\/teamsorare.com\/wp-content\/uploads\/2021\/12\/Sorare-Strategies-and-Auctions.png\" \/>\n<meta name=\"twitter:card\" content=\"summary_large_image\" \/>\n<meta name=\"twitter:label1\" content=\"Est. reading time\" \/>\n\t<meta name=\"twitter:data1\" content=\"8 minutes\" \/>\n<script type=\"application\/ld+json\" class=\"yoast-schema-graph\">{\"@context\":\"https:\/\/schema.org\",\"@graph\":[{\"@type\":\"WebPage\",\"@id\":\"https:\/\/teamsorare.com\/de\/strategien\/\",\"url\":\"https:\/\/teamsorare.com\/de\/strategien\/\",\"name\":\"Sorare Strategien 2022 \u2013 Wie kannst du mit Sorare tats\u00e4chlich Geld verdienen? - TeamSorare\",\"isPartOf\":{\"@id\":\"https:\/\/teamsorare.com\/de\/#website\"},\"primaryImageOfPage\":{\"@id\":\"https:\/\/teamsorare.com\/de\/strategien\/#primaryimage\"},\"image\":{\"@id\":\"https:\/\/teamsorare.com\/de\/strategien\/#primaryimage\"},\"thumbnailUrl\":\"https:\/\/teamsorare.com\/wp-content\/uploads\/2021\/12\/Sorare-Strategies-and-Auctions.png\",\"datePublished\":\"2021-12-16T15:03:59+00:00\",\"dateModified\":\"2021-12-16T15:04:00+00:00\",\"breadcrumb\":{\"@id\":\"https:\/\/teamsorare.com\/de\/strategien\/#breadcrumb\"},\"inLanguage\":\"en-US\",\"potentialAction\":[{\"@type\":\"ReadAction\",\"target\":[\"https:\/\/teamsorare.com\/de\/strategien\/\"]}]},{\"@type\":\"ImageObject\",\"inLanguage\":\"en-US\",\"@id\":\"https:\/\/teamsorare.com\/de\/strategien\/#primaryimage\",\"url\":\"https:\/\/teamsorare.com\/wp-content\/uploads\/2021\/12\/Sorare-Strategies-and-Auctions.png\",\"contentUrl\":\"https:\/\/teamsorare.com\/wp-content\/uploads\/2021\/12\/Sorare-Strategies-and-Auctions.png\"},{\"@type\":\"BreadcrumbList\",\"@id\":\"https:\/\/teamsorare.com\/de\/strategien\/#breadcrumb\",\"itemListElement\":[{\"@type\":\"ListItem\",\"position\":1,\"name\":\"Home\",\"item\":\"https:\/\/teamsorare.com\/de\/\"},{\"@type\":\"ListItem\",\"position\":2,\"name\":\"Sorare Strategien 2022 \u2013 Wie kannst du mit Sorare tats\u00e4chlich Geld verdienen?\"}]},{\"@type\":\"WebSite\",\"@id\":\"https:\/\/teamsorare.com\/de\/#website\",\"url\":\"https:\/\/teamsorare.com\/de\/\",\"name\":\"TeamSorare\",\"description\":\"NFT Sammelkarten &amp; Fu\u00dfball Fantasy Manager\",\"publisher\":{\"@id\":\"https:\/\/teamsorare.com\/de\/#organization\"},\"potentialAction\":[{\"@type\":\"SearchAction\",\"target\":{\"@type\":\"EntryPoint\",\"urlTemplate\":\"https:\/\/teamsorare.com\/de\/?s={search_term_string}\"},\"query-input\":{\"@type\":\"PropertyValueSpecification\",\"valueRequired\":true,\"valueName\":\"search_term_string\"}}],\"inLanguage\":\"en-US\"},{\"@type\":\"Organization\",\"@id\":\"https:\/\/teamsorare.com\/de\/#organization\",\"name\":\"TeamSorare\",\"url\":\"https:\/\/teamsorare.com\/de\/\",\"logo\":{\"@type\":\"ImageObject\",\"inLanguage\":\"en-US\",\"@id\":\"https:\/\/teamsorare.com\/de\/#\/schema\/logo\/image\/\",\"url\":\"https:\/\/teamsorare.com\/de\/wp-content\/uploads\/sites\/2\/2021\/11\/TeamSorare-NFTs-and-Data.png\",\"contentUrl\":\"https:\/\/teamsorare.com\/de\/wp-content\/uploads\/sites\/2\/2021\/11\/TeamSorare-NFTs-and-Data.png\",\"width\":200,\"height\":200,\"caption\":\"TeamSorare\"},\"image\":{\"@id\":\"https:\/\/teamsorare.com\/de\/#\/schema\/logo\/image\/\"}}]}<\/script>\n<!-- \/ Yoast SEO plugin. -->","yoast_head_json":{"title":"Sorare Strategien 2022 \u2013 Wie kannst du mit Sorare tats\u00e4chlich Geld verdienen? - TeamSorare","robots":{"index":"index","follow":"follow","max-snippet":"max-snippet:-1","max-image-preview":"max-image-preview:large","max-video-preview":"max-video-preview:-1"},"canonical":"https:\/\/teamsorare.com\/de\/strategien\/","og_locale":"en_US","og_type":"article","og_title":"Sorare Strategien 2022 \u2013 Wie kannst du mit Sorare tats\u00e4chlich Geld verdienen? - TeamSorare","og_description":"Sorare hat ein extrem lukratives Gesch\u00e4ftsmodell gefunden und schafft es zwei Welten miteinander zu kombinieren: Fantasy Fussball und NFTs. Damit hast du grunds\u00e4tzlich zwei M\u00f6glichkeiten Geld zu verdienen. Du kannst entweder \u00fcber die Fantasy Fussball Funktion Preisgelder gewinnen, und\/oder mit NFTs handeln. NFTs waren 2021 das Trendthema schlechthin und f\u00fcr einfache JPG Bilder wurden zweistellige &hellip; Sorare Strategien 2022 \u2013 Wie kannst du mit Sorare tats\u00e4chlich Geld verdienen? Read More &raquo;","og_url":"https:\/\/teamsorare.com\/de\/strategien\/","og_site_name":"TeamSorare","article_modified_time":"2021-12-16T15:04:00+00:00","og_image":[{"url":"https:\/\/teamsorare.com\/wp-content\/uploads\/2021\/12\/Sorare-Strategies-and-Auctions.png","type":"","width":"","height":""}],"twitter_card":"summary_large_image","twitter_misc":{"Est. reading time":"8 minutes"},"schema":{"@context":"https:\/\/schema.org","@graph":[{"@type":"WebPage","@id":"https:\/\/teamsorare.com\/de\/strategien\/","url":"https:\/\/teamsorare.com\/de\/strategien\/","name":"Sorare Strategien 2022 \u2013 Wie kannst du mit Sorare tats\u00e4chlich Geld verdienen? - TeamSorare","isPartOf":{"@id":"https:\/\/teamsorare.com\/de\/#website"},"primaryImageOfPage":{"@id":"https:\/\/teamsorare.com\/de\/strategien\/#primaryimage"},"image":{"@id":"https:\/\/teamsorare.com\/de\/strategien\/#primaryimage"},"thumbnailUrl":"https:\/\/teamsorare.com\/wp-content\/uploads\/2021\/12\/Sorare-Strategies-and-Auctions.png","datePublished":"2021-12-16T15:03:59+00:00","dateModified":"2021-12-16T15:04:00+00:00","breadcrumb":{"@id":"https:\/\/teamsorare.com\/de\/strategien\/#breadcrumb"},"inLanguage":"en-US","potentialAction":[{"@type":"ReadAction","target":["https:\/\/teamsorare.com\/de\/strategien\/"]}]},{"@type":"ImageObject","inLanguage":"en-US","@id":"https:\/\/teamsorare.com\/de\/strategien\/#primaryimage","url":"https:\/\/teamsorare.com\/wp-content\/uploads\/2021\/12\/Sorare-Strategies-and-Auctions.png","contentUrl":"https:\/\/teamsorare.com\/wp-content\/uploads\/2021\/12\/Sorare-Strategies-and-Auctions.png"},{"@type":"BreadcrumbList","@id":"https:\/\/teamsorare.com\/de\/strategien\/#breadcrumb","itemListElement":[{"@type":"ListItem","position":1,"name":"Home","item":"https:\/\/teamsorare.com\/de\/"},{"@type":"ListItem","position":2,"name":"Sorare Strategien 2022 \u2013 Wie kannst du mit Sorare tats\u00e4chlich Geld verdienen?"}]},{"@type":"WebSite","@id":"https:\/\/teamsorare.com\/de\/#website","url":"https:\/\/teamsorare.com\/de\/","name":"TeamSorare","description":"NFT Sammelkarten &amp; Fu\u00dfball Fantasy Manager","publisher":{"@id":"https:\/\/teamsorare.com\/de\/#organization"},"potentialAction":[{"@type":"SearchAction","target":{"@type":"EntryPoint","urlTemplate":"https:\/\/teamsorare.com\/de\/?s={search_term_string}"},"query-input":{"@type":"PropertyValueSpecification","valueRequired":true,"valueName":"search_term_string"}}],"inLanguage":"en-US"},{"@type":"Organization","@id":"https:\/\/teamsorare.com\/de\/#organization","name":"TeamSorare","url":"https:\/\/teamsorare.com\/de\/","logo":{"@type":"ImageObject","inLanguage":"en-US","@id":"https:\/\/teamsorare.com\/de\/#\/schema\/logo\/image\/","url":"https:\/\/teamsorare.com\/de\/wp-content\/uploads\/sites\/2\/2021\/11\/TeamSorare-NFTs-and-Data.png","contentUrl":"https:\/\/teamsorare.com\/de\/wp-content\/uploads\/sites\/2\/2021\/11\/TeamSorare-NFTs-and-Data.png","width":200,"height":200,"caption":"TeamSorare"},"image":{"@id":"https:\/\/teamsorare.com\/de\/#\/schema\/logo\/image\/"}}]}},"_links":{"self":[{"href":"https:\/\/teamsorare.com\/de\/wp-json\/wp\/v2\/pages\/1489","targetHints":{"allow":["GET"]}}],"collection":[{"href":"https:\/\/teamsorare.com\/de\/wp-json\/wp\/v2\/pages"}],"about":[{"href":"https:\/\/teamsorare.com\/de\/wp-json\/wp\/v2\/types\/page"}],"author":[{"embeddable":true,"href":"https:\/\/teamsorare.com\/de\/wp-json\/wp\/v2\/users\/1"}],"replies":[{"embeddable":true,"href":"https:\/\/teamsorare.com\/de\/wp-json\/wp\/v2\/comments?post=1489"}],"version-history":[{"count":1,"href":"https:\/\/teamsorare.com\/de\/wp-json\/wp\/v2\/pages\/1489\/revisions"}],"predecessor-version":[{"id":1490,"href":"https:\/\/teamsorare.com\/de\/wp-json\/wp\/v2\/pages\/1489\/revisions\/1490"}],"wp:attachment":[{"href":"https:\/\/teamsorare.com\/de\/wp-json\/wp\/v2\/media?parent=1489"}],"curies":[{"name":"wp","href":"https:\/\/api.w.org\/{rel}","templated":true}]}}