{"id":157,"date":"2021-10-19T14:41:00","date_gmt":"2021-10-19T14:41:00","guid":{"rendered":"https:\/\/sorarees.com\/?page_id=157"},"modified":"2021-12-09T21:18:31","modified_gmt":"2021-12-09T21:18:31","slug":"premier-league","status":"publish","type":"page","link":"https:\/\/teamsorare.com\/de\/leagues\/premier-league\/","title":{"rendered":"Sorare Premier League NFT Sammlerkarten"},"content":{"rendered":"\n<div class=\"wp-block-image\"><figure class=\"alignright size-full\"><img loading=\"lazy\" decoding=\"async\" width=\"320\" height=\"517\" src=\"https:\/\/teamsorare.com\/de\/wp-content\/uploads\/sites\/2\/2021\/12\/Premier-League-Sorare.png\" alt=\"\" class=\"wp-image-1402\" srcset=\"https:\/\/teamsorare.com\/de\/wp-content\/uploads\/sites\/2\/2021\/12\/Premier-League-Sorare.png 320w, https:\/\/teamsorare.com\/de\/wp-content\/uploads\/sites\/2\/2021\/12\/Premier-League-Sorare-186x300.png 186w\" sizes=\"auto, (max-width: 320px) 100vw, 320px\" \/><\/figure><\/div>\n\n\n\n<p>Der einzige aktuell vertretene Verein aus der Premier League ist tats\u00e4chlich nur der FC Liverpool. Und nat\u00fcrlich stellen sich viele Sorare Manager die Frage, was mit dem Rest los ist.<\/p>\n\n\n\n<p>Normalerweise kann Sorare in den meisten Ligen auch einen Gro\u00dfteil der Vereine f\u00fcr sich gewinnen wie das z.B. in der Bundesliga auch der Fall ist. Gleiches gilt f\u00fcr die anderen gro\u00dfen Ligen in Europa insbesondere Spanien und Frankreich. Die Premier League ist hier jedoch noch eine gro\u00dfe Ausnahme, ansonsten g\u00e4be es deutlich mehr Clubs als Liverpool. Man kann es auch so sagen: die Premier League ist in ihrer Vermarktung noch einmal eine andere Hausnummer als alle anderen Europ\u00e4ischen Ligen. Die Verhandlungen sind schwieriger, die Anspr\u00fcche h\u00f6her. Manche Clubs haben auch Partnerschaften mit gro\u00dfen Wettanbietern, die \u2013 zumindest entfernt \u2013 mit Sorare konkurrieren.<\/p>\n\n\n\n<p>Insofern ist es nicht unverst\u00e4ndlich, dass weitere Premier League Clubs noch auf sich warten lassen. Wir sind jedoch recht zuversichtlich, dass im Laufe des Jahres 2022 noch weitere Clubs folgen werden und das Angebot entsprechend erweitert wird.<\/p>\n\n\n\n<p><a href=\"https:\/\/teamsorare.com\/go\/sorare\" target=\"_blank\" rel=\"noreferrer noopener sponsored nofollow\">Klicke hier<\/a> um dich bereits jetzt f\u00fcr die Premier League bereit zu machen und dir eine gratis Karte abzuholen!<\/p>\n\n\n\n<h2 class=\"wp-block-heading\">\u00dcber die Premier League<\/h2>\n\n\n\n<p>Die englische Association Football League wird von 20 Vereinen ausgetragen und verf\u00fcgt \u00fcber ein Auf- und Abstiegssystem neben der English Football League (EFL). Die h\u00f6chste Spielklasse der EFL ist die Premier League. Die EFL besteht auch aus der Premier League und der EFL Championship.<\/p>\n\n\n\n<p>Die Premier League ist die unterhaltsamste Liga in Europa, weil sie unberechenbar ist und ein unerbittliches Tempo vorlegt. Die sechs Spitzenvereine &#8211; Manchester United, Arsenal, Chelsea, Liverpool, Manchester City und Tottenham Hotspur &#8211; sind Mannschaften, die die Liga dominieren k\u00f6nnen und es an ihrem Tag mit den besten Gegnern aufnehmen. Die Premier League wurde 1992 gegr\u00fcndet, als die Vereine der FA, der Premier League und der First Division beschlossen, die 1888 gegr\u00fcndete englische Liga zu verlassen. Sie hat die meisten Zuschauer in der Welt.<\/p>\n\n\n\n<p>Die Saison 2020\/21 der Premier League verlief aufgrund der Auswirkungen der COVID-19-Pandemie turbulent. Liverpool startete als Titelverteidiger in die Saison, musste aber am Weihnachtstag die Tabellenf\u00fchrung abgeben.<\/p>\n\n\n\n<p>Manchester City hingegen ist langsam in die Premier-League-Saison 2020-21 gestartet, hat sich aber im Laufe der Spielzeit gesteigert. Die Kluft zwischen der Premier League und der Football League wird immer gr\u00f6\u00dfer.<\/p>\n\n\n\n<p>Die Website der Premier League verwendet Cookies, um ihre Funktionsweise und Ihr Nutzererlebnis zu verbessern. In Zusammenarbeit mit Statsbomb haben wir f\u00fcr ausgew\u00e4hlte Wettbewerbe erweiterte analytische Daten wie xG und xA erfasst.<\/p>\n\n\n\n<p>Arsene Wenger ist der dienst\u00e4lteste Trainer, der den FC Arsenal seit 1996 bis zu seinem Abschied am Ende der Saison 2017-18 in der Premier League trainiert hat, und h\u00e4lt mit 828 Spielen f\u00fcr die Gunners den Rekord f\u00fcr die meisten Spiele in der Liga. Au\u00dferdem brach er den Rekord von Alex Ferguson, der von Beginn der Premier League bis zu seinem R\u00fccktritt am Ende der Saison 2012\/13 810 Spiele f\u00fcr Manchester United bestritt. Ferguson war seit November 1986 bei Manchester United, und sein R\u00fccktritt bedeutete, dass er die letzten f\u00fcnf Spielzeiten der alten Football League, der Premier League und die ersten 21 Spielzeiten der Champions League als Manager verbrachte.<\/p>\n\n\n\n<p>Wie gesagt, die Planer waren Manchester City wohlgesonnen und erlaubten ihnen eine halbwegs ordentliche Leistung nach der anderen, aber die Siege standen nie in Frage. Das Verletzungspech hat Liverpool am Ende der Saison zugesetzt.<\/p>\n\n\n\n<p>Es gibt keinen Grund, warum West Ham nicht zumindest in dieser Saison einen Platz unter den ersten sechs anstreben sollte. Die Spurs hatten \u00fcber weite Strecken der Saison Probleme, ein Tor zu erzielen, aber sie haben drei Tore geschossen, und sie haben so viele Tore geschossen, dass dieses Spiel \u00fcber jeden Zweifel erhaben war. West Ham war gut organisiert, hatte ein hervorragendes Stellungsspiel und war sehr gut im Spiel.<\/p>\n\n\n\n<p>Broja brachte einen gef\u00e4hrlichen Kopfball nach einer Ecke aufs Tor. Es war ein echtes Kopf-an-Kopf-Rennen, aber es war auch eine der besten Torh\u00fcterleistungen der letzten Zeit. Maguires Tag unterstrich, wie wichtig Raphael Varane f\u00fcr ihn geworden ist, und der Assist war sogar noch besser, da er von innerhalb des Strafraums kam.<\/p>\n","protected":false},"excerpt":{"rendered":"<p>Der einzige aktuell vertretene Verein aus der Premier League ist tats\u00e4chlich nur der FC Liverpool. Und nat\u00fcrlich stellen sich viele Sorare Manager die Frage, was mit dem Rest los ist. Normalerweise kann Sorare in den meisten Ligen auch einen Gro\u00dfteil der Vereine f\u00fcr sich gewinnen wie das z.B. in der Bundesliga auch der Fall ist. &hellip;<\/p>\n<p class=\"read-more\"> <a class=\"\" href=\"https:\/\/teamsorare.com\/de\/leagues\/premier-league\/\"> <span class=\"screen-reader-text\">Sorare Premier League NFT Sammlerkarten<\/span> Read More &raquo;<\/a><\/p>\n","protected":false},"author":1,"featured_media":0,"parent":283,"menu_order":0,"comment_status":"closed","ping_status":"closed","template":"","meta":{"site-sidebar-layout":"default","site-content-layout":"default","ast-main-header-display":"","ast-hfb-above-header-display":"","ast-hfb-below-header-display":"","ast-hfb-mobile-header-display":"","site-post-title":"","ast-breadcrumbs-content":"","ast-featured-img":"","footer-sml-layout":"","theme-transparent-header-meta":"default","adv-header-id-meta":"","stick-header-meta":"","header-above-stick-meta":"","header-main-stick-meta":"","header-below-stick-meta":"","footnotes":""},"class_list":["post-157","page","type-page","status-publish","hentry"],"yoast_head":"<!-- This site is optimized with the Yoast SEO plugin v26.9 - https:\/\/yoast.com\/product\/yoast-seo-wordpress\/ -->\n<title>Sorare Premier League NFT Sammlerkarten - TeamSorare<\/title>\n<meta name=\"robots\" content=\"index, follow, max-snippet:-1, max-image-preview:large, max-video-preview:-1\" \/>\n<link rel=\"canonical\" href=\"https:\/\/teamsorare.com\/de\/leagues\/premier-league\/\" \/>\n<meta property=\"og:locale\" content=\"en_US\" \/>\n<meta property=\"og:type\" content=\"article\" \/>\n<meta property=\"og:title\" content=\"Sorare Premier League NFT Sammlerkarten - TeamSorare\" \/>\n<meta property=\"og:description\" content=\"Der einzige aktuell vertretene Verein aus der Premier League ist tats\u00e4chlich nur der FC Liverpool. Und nat\u00fcrlich stellen sich viele Sorare Manager die Frage, was mit dem Rest los ist. Normalerweise kann Sorare in den meisten Ligen auch einen Gro\u00dfteil der Vereine f\u00fcr sich gewinnen wie das z.B. in der Bundesliga auch der Fall ist. &hellip; Sorare Premier League NFT Sammlerkarten Read More &raquo;\" \/>\n<meta property=\"og:url\" content=\"https:\/\/teamsorare.com\/de\/leagues\/premier-league\/\" \/>\n<meta property=\"og:site_name\" content=\"TeamSorare\" \/>\n<meta property=\"article:modified_time\" content=\"2021-12-09T21:18:31+00:00\" \/>\n<meta property=\"og:image\" content=\"https:\/\/teamsorare.com\/de\/wp-content\/uploads\/sites\/2\/2021\/12\/Premier-League-Sorare.png\" \/>\n<meta name=\"twitter:card\" content=\"summary_large_image\" \/>\n<meta name=\"twitter:label1\" content=\"Est. reading time\" \/>\n\t<meta name=\"twitter:data1\" content=\"4 minutes\" \/>\n<script type=\"application\/ld+json\" class=\"yoast-schema-graph\">{\"@context\":\"https:\/\/schema.org\",\"@graph\":[{\"@type\":\"WebPage\",\"@id\":\"https:\/\/teamsorare.com\/de\/leagues\/premier-league\/\",\"url\":\"https:\/\/teamsorare.com\/de\/leagues\/premier-league\/\",\"name\":\"Sorare Premier League NFT Sammlerkarten - TeamSorare\",\"isPartOf\":{\"@id\":\"https:\/\/teamsorare.com\/de\/#website\"},\"primaryImageOfPage\":{\"@id\":\"https:\/\/teamsorare.com\/de\/leagues\/premier-league\/#primaryimage\"},\"image\":{\"@id\":\"https:\/\/teamsorare.com\/de\/leagues\/premier-league\/#primaryimage\"},\"thumbnailUrl\":\"https:\/\/teamsorare.com\/de\/wp-content\/uploads\/sites\/2\/2021\/12\/Premier-League-Sorare.png\",\"datePublished\":\"2021-10-19T14:41:00+00:00\",\"dateModified\":\"2021-12-09T21:18:31+00:00\",\"breadcrumb\":{\"@id\":\"https:\/\/teamsorare.com\/de\/leagues\/premier-league\/#breadcrumb\"},\"inLanguage\":\"en-US\",\"potentialAction\":[{\"@type\":\"ReadAction\",\"target\":[\"https:\/\/teamsorare.com\/de\/leagues\/premier-league\/\"]}]},{\"@type\":\"ImageObject\",\"inLanguage\":\"en-US\",\"@id\":\"https:\/\/teamsorare.com\/de\/leagues\/premier-league\/#primaryimage\",\"url\":\"https:\/\/teamsorare.com\/de\/wp-content\/uploads\/sites\/2\/2021\/12\/Premier-League-Sorare.png\",\"contentUrl\":\"https:\/\/teamsorare.com\/de\/wp-content\/uploads\/sites\/2\/2021\/12\/Premier-League-Sorare.png\",\"width\":320,\"height\":517},{\"@type\":\"BreadcrumbList\",\"@id\":\"https:\/\/teamsorare.com\/de\/leagues\/premier-league\/#breadcrumb\",\"itemListElement\":[{\"@type\":\"ListItem\",\"position\":1,\"name\":\"Home\",\"item\":\"https:\/\/teamsorare.com\/de\/\"},{\"@type\":\"ListItem\",\"position\":2,\"name\":\"Sorare Football Leagues and Teams\",\"item\":\"https:\/\/teamsorare.com\/de\/leagues\/\"},{\"@type\":\"ListItem\",\"position\":3,\"name\":\"Sorare Premier League NFT Sammlerkarten\"}]},{\"@type\":\"WebSite\",\"@id\":\"https:\/\/teamsorare.com\/de\/#website\",\"url\":\"https:\/\/teamsorare.com\/de\/\",\"name\":\"TeamSorare\",\"description\":\"NFT Sammelkarten &amp; Fu\u00dfball Fantasy Manager\",\"publisher\":{\"@id\":\"https:\/\/teamsorare.com\/de\/#organization\"},\"potentialAction\":[{\"@type\":\"SearchAction\",\"target\":{\"@type\":\"EntryPoint\",\"urlTemplate\":\"https:\/\/teamsorare.com\/de\/?s={search_term_string}\"},\"query-input\":{\"@type\":\"PropertyValueSpecification\",\"valueRequired\":true,\"valueName\":\"search_term_string\"}}],\"inLanguage\":\"en-US\"},{\"@type\":\"Organization\",\"@id\":\"https:\/\/teamsorare.com\/de\/#organization\",\"name\":\"TeamSorare\",\"url\":\"https:\/\/teamsorare.com\/de\/\",\"logo\":{\"@type\":\"ImageObject\",\"inLanguage\":\"en-US\",\"@id\":\"https:\/\/teamsorare.com\/de\/#\/schema\/logo\/image\/\",\"url\":\"https:\/\/teamsorare.com\/de\/wp-content\/uploads\/sites\/2\/2021\/11\/TeamSorare-NFTs-and-Data.png\",\"contentUrl\":\"https:\/\/teamsorare.com\/de\/wp-content\/uploads\/sites\/2\/2021\/11\/TeamSorare-NFTs-and-Data.png\",\"width\":200,\"height\":200,\"caption\":\"TeamSorare\"},\"image\":{\"@id\":\"https:\/\/teamsorare.com\/de\/#\/schema\/logo\/image\/\"}}]}<\/script>\n<!-- \/ Yoast SEO plugin. -->","yoast_head_json":{"title":"Sorare Premier League NFT Sammlerkarten - TeamSorare","robots":{"index":"index","follow":"follow","max-snippet":"max-snippet:-1","max-image-preview":"max-image-preview:large","max-video-preview":"max-video-preview:-1"},"canonical":"https:\/\/teamsorare.com\/de\/leagues\/premier-league\/","og_locale":"en_US","og_type":"article","og_title":"Sorare Premier League NFT Sammlerkarten - TeamSorare","og_description":"Der einzige aktuell vertretene Verein aus der Premier League ist tats\u00e4chlich nur der FC Liverpool. Und nat\u00fcrlich stellen sich viele Sorare Manager die Frage, was mit dem Rest los ist. Normalerweise kann Sorare in den meisten Ligen auch einen Gro\u00dfteil der Vereine f\u00fcr sich gewinnen wie das z.B. in der Bundesliga auch der Fall ist. &hellip; Sorare Premier League NFT Sammlerkarten Read More &raquo;","og_url":"https:\/\/teamsorare.com\/de\/leagues\/premier-league\/","og_site_name":"TeamSorare","article_modified_time":"2021-12-09T21:18:31+00:00","og_image":[{"url":"https:\/\/teamsorare.com\/de\/wp-content\/uploads\/sites\/2\/2021\/12\/Premier-League-Sorare.png","type":"","width":"","height":""}],"twitter_card":"summary_large_image","twitter_misc":{"Est. reading time":"4 minutes"},"schema":{"@context":"https:\/\/schema.org","@graph":[{"@type":"WebPage","@id":"https:\/\/teamsorare.com\/de\/leagues\/premier-league\/","url":"https:\/\/teamsorare.com\/de\/leagues\/premier-league\/","name":"Sorare Premier League NFT Sammlerkarten - TeamSorare","isPartOf":{"@id":"https:\/\/teamsorare.com\/de\/#website"},"primaryImageOfPage":{"@id":"https:\/\/teamsorare.com\/de\/leagues\/premier-league\/#primaryimage"},"image":{"@id":"https:\/\/teamsorare.com\/de\/leagues\/premier-league\/#primaryimage"},"thumbnailUrl":"https:\/\/teamsorare.com\/de\/wp-content\/uploads\/sites\/2\/2021\/12\/Premier-League-Sorare.png","datePublished":"2021-10-19T14:41:00+00:00","dateModified":"2021-12-09T21:18:31+00:00","breadcrumb":{"@id":"https:\/\/teamsorare.com\/de\/leagues\/premier-league\/#breadcrumb"},"inLanguage":"en-US","potentialAction":[{"@type":"ReadAction","target":["https:\/\/teamsorare.com\/de\/leagues\/premier-league\/"]}]},{"@type":"ImageObject","inLanguage":"en-US","@id":"https:\/\/teamsorare.com\/de\/leagues\/premier-league\/#primaryimage","url":"https:\/\/teamsorare.com\/de\/wp-content\/uploads\/sites\/2\/2021\/12\/Premier-League-Sorare.png","contentUrl":"https:\/\/teamsorare.com\/de\/wp-content\/uploads\/sites\/2\/2021\/12\/Premier-League-Sorare.png","width":320,"height":517},{"@type":"BreadcrumbList","@id":"https:\/\/teamsorare.com\/de\/leagues\/premier-league\/#breadcrumb","itemListElement":[{"@type":"ListItem","position":1,"name":"Home","item":"https:\/\/teamsorare.com\/de\/"},{"@type":"ListItem","position":2,"name":"Sorare Football Leagues and Teams","item":"https:\/\/teamsorare.com\/de\/leagues\/"},{"@type":"ListItem","position":3,"name":"Sorare Premier League NFT Sammlerkarten"}]},{"@type":"WebSite","@id":"https:\/\/teamsorare.com\/de\/#website","url":"https:\/\/teamsorare.com\/de\/","name":"TeamSorare","description":"NFT Sammelkarten &amp; Fu\u00dfball Fantasy Manager","publisher":{"@id":"https:\/\/teamsorare.com\/de\/#organization"},"potentialAction":[{"@type":"SearchAction","target":{"@type":"EntryPoint","urlTemplate":"https:\/\/teamsorare.com\/de\/?s={search_term_string}"},"query-input":{"@type":"PropertyValueSpecification","valueRequired":true,"valueName":"search_term_string"}}],"inLanguage":"en-US"},{"@type":"Organization","@id":"https:\/\/teamsorare.com\/de\/#organization","name":"TeamSorare","url":"https:\/\/teamsorare.com\/de\/","logo":{"@type":"ImageObject","inLanguage":"en-US","@id":"https:\/\/teamsorare.com\/de\/#\/schema\/logo\/image\/","url":"https:\/\/teamsorare.com\/de\/wp-content\/uploads\/sites\/2\/2021\/11\/TeamSorare-NFTs-and-Data.png","contentUrl":"https:\/\/teamsorare.com\/de\/wp-content\/uploads\/sites\/2\/2021\/11\/TeamSorare-NFTs-and-Data.png","width":200,"height":200,"caption":"TeamSorare"},"image":{"@id":"https:\/\/teamsorare.com\/de\/#\/schema\/logo\/image\/"}}]}},"_links":{"self":[{"href":"https:\/\/teamsorare.com\/de\/wp-json\/wp\/v2\/pages\/157","targetHints":{"allow":["GET"]}}],"collection":[{"href":"https:\/\/teamsorare.com\/de\/wp-json\/wp\/v2\/pages"}],"about":[{"href":"https:\/\/teamsorare.com\/de\/wp-json\/wp\/v2\/types\/page"}],"author":[{"embeddable":true,"href":"https:\/\/teamsorare.com\/de\/wp-json\/wp\/v2\/users\/1"}],"replies":[{"embeddable":true,"href":"https:\/\/teamsorare.com\/de\/wp-json\/wp\/v2\/comments?post=157"}],"version-history":[{"count":2,"href":"https:\/\/teamsorare.com\/de\/wp-json\/wp\/v2\/pages\/157\/revisions"}],"predecessor-version":[{"id":1404,"href":"https:\/\/teamsorare.com\/de\/wp-json\/wp\/v2\/pages\/157\/revisions\/1404"}],"up":[{"embeddable":true,"href":"https:\/\/teamsorare.com\/de\/wp-json\/wp\/v2\/pages\/283"}],"wp:attachment":[{"href":"https:\/\/teamsorare.com\/de\/wp-json\/wp\/v2\/media?parent=157"}],"curies":[{"name":"wp","href":"https:\/\/api.w.org\/{rel}","templated":true}]}}