{"id":174,"date":"2021-10-20T09:50:44","date_gmt":"2021-10-20T09:50:44","guid":{"rendered":"https:\/\/sorarees.com\/?page_id=174"},"modified":"2021-11-18T09:58:00","modified_gmt":"2021-11-18T09:58:00","slug":"eredivisie","status":"publish","type":"page","link":"https:\/\/teamsorare.com\/de\/leagues\/eredivisie\/","title":{"rendered":"Sorare Eredivisie NFT Sammlerkarten"},"content":{"rendered":"\n<p>Die Eredivisie ist die h\u00f6chste Spielklasse des Profifu\u00dfballs in den Niederlanden. Die Liga gilt als eine der besten europ\u00e4ischen Ligen und wird weithin als eine der besten Ligen der Welt angesehen. Wenn Sie weitere Informationen \u00fcber die Fu\u00dfballliga suchen, besuchen Sie die Website der EredIVisienl, wo Sie viele Informationen \u00fcber Mannschaften, Nachrichten, aktuelle Ranglisten und bevorstehende Ligaspiele finden.<\/p>\n\n\n\n<p>Am 8. August 2012 wurde bekannt gegeben, dass sich der Tycoon Rupert Murdoch die Rechte an der Liga f\u00fcr 12 Jahre, beginnend mit der Saison 2013\/14, f\u00fcr 1 Milliarde Euro gesichert hat. Die Blockchain-basierte globale Fantasy-Fu\u00dfballplattform Sorare hat einen ligaweiten Lizenzvertrag mit der Eredivisie, der h\u00f6chsten niederl\u00e4ndischen Fu\u00dfballliga, unterzeichnet.<\/p>\n\n\n\n<p>Die Bene ist eine Liga, in der niederl\u00e4ndische und belgische Spitzenmannschaften im In- und Ausland gegeneinander antreten. Seit der Gr\u00fcndung der niederl\u00e4ndischen Fu\u00dfballmeisterschaft von 1898 bis 1954 wird der Wettbewerb durch ein Entscheidungsspiel zwischen einer Handvoll Vereine entschieden, die ihre regionalen Ligen gewonnen haben.<\/p>\n\n\n\n<p>Die als &#8220;Schlafzimmerkonferenz&#8221; bezeichnete Zusammenkunft f\u00fchrte dazu, dass der KNVB die Halbprofessionalit\u00e4t akzeptierte. Der KNVB hat beschlossen, dass die sieben niederl\u00e4ndischen Vereine, die in der Bene League gespielt haben, in der Saison 2015\/16 wieder in der niederl\u00e4ndischen Eredivisie antreten werden. Die Entscheidung wurde am Freitag nach einer Abstimmung der Vereine in der h\u00f6chsten niederl\u00e4ndischen Spielklasse bekannt gegeben.<\/p>\n\n\n\n<p>Der niederl\u00e4ndische Fu\u00dfball in der Eredivisie funktioniert in zwei Kreisen: die Agentur und die Arbeit selbst. Saoed Habieb, der Datenbankmanager der Liga, sagte, die Zusammenarbeit schaffe einen Mehrwert f\u00fcr die Liga, ihre Vereine und ihre Partner.<\/p>\n\n\n\n<p>Sie k\u00f6nnen f\u00fcr Ihre Wahl in der offiziellen One to Watch&#8221;-Kampagne der Eredivisies abstimmen. Hier finden Sie eine Liste der Gewinner bis 2022, und Sie k\u00f6nnen die SBCs, die die Gewinner rekrutieren, mit dem Ultimate Team erg\u00e4nzen.<\/p>\n\n\n\n<p>Die Saison l\u00e4uft von August bis Mai, wobei die Teams zu Hause und ausw\u00e4rts antreten und insgesamt 34 Spiele bestreiten. Die UEFA gab am Donnerstag bekannt, dass sie den Ligen, die durch Regierungsbeschl\u00fcsse gezwungen sind, besondere Vorkehrungen zu treffen, entgegengekommen ist und den L\u00e4ndern geraten hat, ihre nationalen Spielzeiten vorzeitig zu beenden. Die Liga verf\u00fcgt zwar nicht \u00fcber die Top-Talente der f\u00fcnf gro\u00dfen Ligen, aber es gibt eine Menge kluger Kader, um die man bauen kann.<\/p>\n\n\n\n<p>Alle Produkte, Dienstleistungen, Werbeaktionen und sonstigen Angebote von Partnern und Werbetreibenden unterliegen diesen Allgemeinen Gesch\u00e4ftsbedingungen. F\u00fcr den Zugriff auf Inhalte auf Mobilger\u00e4ten und Live-TV-Abonnements k\u00f6nnen Standortdaten erforderlich sein.<\/p>\n\n\n\n<p>Willem II spielt in ihrer Heimatstadt Tilburg, wo das Stadion derzeit 14.700 Zuschauer fasst. Vitesse, die Mannschaft in der h\u00f6chsten Spielklasse der Fu\u00dfballliga, hat ihren Sitz in Arnheim und fasst derzeit 25.500 Zuschauer. Der VVV-Venlo, der ebenfalls in der Eredivisie spielt, tr\u00e4gt seine Heimspiele in der Stadt Venlo aus und hat ein Fassungsverm\u00f6gen von 8.000 Zuschauern.<\/p>\n\n\n\n<p>Diese drei Vereine werden als die &#8220;Gro\u00dfen Drei&#8221; bezeichnet und sind die traditionellen Spitzenvereine im niederl\u00e4ndischen Fu\u00dfball. Sie haben seit 1965 drei Eredivisie-Titel gewonnen: AZ gewann die Titel 1981 und 2009, w\u00e4hrend der FC Twente den Titel 2010 gewann.<\/p>\n\n\n\n<p>Seit 1965 haben diese drei Vereine drei Titel gewonnen: AZ 1981 und 2009 und der FC Twente 2010. Sie sind die einzigen Vereine, die in ihrer jetzigen Form noch nie aus der Eredivisie abgestiegen sind, seit es sie gibt. Der vierte Verein, der FC Utrecht, der aus der Fusion von drei Stadtvereinen zu VV DOS hervorgegangen ist, ist noch nie aus der Liga abgestiegen.<\/p>\n\n\n\n<p>Feyenoord blieb nach einem Kopfballtor von Bryan Linssen und einem sehenswerten Linksschuss von Steven Berghuis vier Punkte hinter dem f\u00fcnften Platz und gewann mit 2:0 gegen De Kuip bei Fortuna Sittard. Vitesse Arnheim blieb durch einen Sieg im Elfmeterschie\u00dfen gegen den FC Twente auf der Jagd nach einem zweiten Champions-League-Platz. Ousmane Demb\u00e9l\u00e9 erzielte den umstrittensten Treffer der G\u00e4ste mit dem letzten Elfmeter des Spiels, nachdem Maximilan Wittek im Strafraum zu Fall gebracht worden war.<\/p>\n\n\n\n<p>NEC Nijmegen setzte seinen beeindruckenden Saisonstart mit einem 3:1-Sieg gegen Fortuna Sittart in Limburg fort. Jonathan Okita steuerte ein Tor und zwei Vorlagen bei.<\/p>\n\n\n\n<p>Im ersten Aufeinandertreffen in der Eredivisie seit 20 Jahren teilte sich der RKC Waalwicz mit den Adlern die Punkte. Groningen und der FC Twente sorgten daf\u00fcr, dass die Norddeutschen unter den letzten drei Mannschaften blieben.<\/p>\n\n\n\n<p>Ajax stellte einen Eredivisie-Rekord auf, als sie am Samstag gegen den VVV Venlo (10 Spieler) 13 Tore erzielten und damit die Tabellenf\u00fchrung \u00fcbernahmen, wobei sieben verschiedene Spieler in die Torsch\u00fctzenliste eingingen. Sam Beukema, der mit einer beeindruckenden Leistung in der zweiten Liga in die Saison gestartet war, traf gegen die Eagles nicht.<\/p>\n\n\n\n<p>Kenneth Taylor, der in der Saison 2020\/21 eine beeindruckende Saison mit der U21-Mannschaft absolvierte, wird wahrscheinlich in den Kader von Ajax berufen. Der 22-J\u00e4hrige spielte in der vergangenen Saison als Spielmacher in der Tiefe f\u00fcr Keuken Kampioen in der Liga und erzielte dabei 11 Tore. Taylor m\u00f6chte an seine drei Eins\u00e4tze in der ersten Mannschaft im vergangenen Jahr ankn\u00fcpfen und hofft, dass er seinen Wert beweisen und seine bemerkenswerte Entwicklung fortsetzen kann.<\/p>\n\n\n\n<p>Der im Januar von Manchester City verpflichtete Spieler hat bewiesen, dass er in der n\u00e4chsten Saison zu den Top-Talenten geh\u00f6ren kann und eine gro\u00dfe Chance hat, sich in Europa zu entwickeln. Als 18-J\u00e4hriger hat sich Taylor mit dem SC Heerenveen das richtige Ziel ausgesucht, einen Verein mit einer langen Tradition in der F\u00f6rderung junger Talente.<\/p>\n","protected":false},"excerpt":{"rendered":"<p>Die Eredivisie ist die h\u00f6chste Spielklasse des Profifu\u00dfballs in den Niederlanden. Die Liga gilt als eine der besten europ\u00e4ischen Ligen und wird weithin als eine der besten Ligen der Welt angesehen. Wenn Sie weitere Informationen \u00fcber die Fu\u00dfballliga suchen, besuchen Sie die Website der EredIVisienl, wo Sie viele Informationen \u00fcber Mannschaften, Nachrichten, aktuelle Ranglisten und &hellip;<\/p>\n<p class=\"read-more\"> <a class=\"\" href=\"https:\/\/teamsorare.com\/de\/leagues\/eredivisie\/\"> <span class=\"screen-reader-text\">Sorare Eredivisie NFT Sammlerkarten<\/span> Read More &raquo;<\/a><\/p>\n","protected":false},"author":1,"featured_media":0,"parent":283,"menu_order":0,"comment_status":"closed","ping_status":"closed","template":"","meta":{"site-sidebar-layout":"default","site-content-layout":"default","ast-main-header-display":"","ast-hfb-above-header-display":"","ast-hfb-below-header-display":"","ast-hfb-mobile-header-display":"","site-post-title":"","ast-breadcrumbs-content":"","ast-featured-img":"","footer-sml-layout":"","theme-transparent-header-meta":"default","adv-header-id-meta":"","stick-header-meta":"","header-above-stick-meta":"","header-main-stick-meta":"","header-below-stick-meta":"","footnotes":""},"class_list":["post-174","page","type-page","status-publish","hentry"],"yoast_head":"<!-- This site is optimized with the Yoast SEO plugin v26.9 - https:\/\/yoast.com\/product\/yoast-seo-wordpress\/ -->\n<title>Sorare Eredivisie NFT Sammlerkarten - TeamSorare<\/title>\n<meta name=\"robots\" content=\"index, follow, max-snippet:-1, max-image-preview:large, max-video-preview:-1\" \/>\n<link rel=\"canonical\" href=\"https:\/\/teamsorare.com\/de\/leagues\/eredivisie\/\" \/>\n<meta property=\"og:locale\" content=\"en_US\" \/>\n<meta property=\"og:type\" content=\"article\" \/>\n<meta property=\"og:title\" content=\"Sorare Eredivisie NFT Sammlerkarten - TeamSorare\" \/>\n<meta property=\"og:description\" content=\"Die Eredivisie ist die h\u00f6chste Spielklasse des Profifu\u00dfballs in den Niederlanden. Die Liga gilt als eine der besten europ\u00e4ischen Ligen und wird weithin als eine der besten Ligen der Welt angesehen. Wenn Sie weitere Informationen \u00fcber die Fu\u00dfballliga suchen, besuchen Sie die Website der EredIVisienl, wo Sie viele Informationen \u00fcber Mannschaften, Nachrichten, aktuelle Ranglisten und &hellip; Sorare Eredivisie NFT Sammlerkarten Read More &raquo;\" \/>\n<meta property=\"og:url\" content=\"https:\/\/teamsorare.com\/de\/leagues\/eredivisie\/\" \/>\n<meta property=\"og:site_name\" content=\"TeamSorare\" \/>\n<meta property=\"article:modified_time\" content=\"2021-11-18T09:58:00+00:00\" \/>\n<meta name=\"twitter:card\" content=\"summary_large_image\" \/>\n<meta name=\"twitter:label1\" content=\"Est. reading time\" \/>\n\t<meta name=\"twitter:data1\" content=\"4 minutes\" \/>\n<script type=\"application\/ld+json\" class=\"yoast-schema-graph\">{\"@context\":\"https:\/\/schema.org\",\"@graph\":[{\"@type\":\"WebPage\",\"@id\":\"https:\/\/teamsorare.com\/de\/leagues\/eredivisie\/\",\"url\":\"https:\/\/teamsorare.com\/de\/leagues\/eredivisie\/\",\"name\":\"Sorare Eredivisie NFT Sammlerkarten - TeamSorare\",\"isPartOf\":{\"@id\":\"https:\/\/teamsorare.com\/de\/#website\"},\"datePublished\":\"2021-10-20T09:50:44+00:00\",\"dateModified\":\"2021-11-18T09:58:00+00:00\",\"breadcrumb\":{\"@id\":\"https:\/\/teamsorare.com\/de\/leagues\/eredivisie\/#breadcrumb\"},\"inLanguage\":\"en-US\",\"potentialAction\":[{\"@type\":\"ReadAction\",\"target\":[\"https:\/\/teamsorare.com\/de\/leagues\/eredivisie\/\"]}]},{\"@type\":\"BreadcrumbList\",\"@id\":\"https:\/\/teamsorare.com\/de\/leagues\/eredivisie\/#breadcrumb\",\"itemListElement\":[{\"@type\":\"ListItem\",\"position\":1,\"name\":\"Home\",\"item\":\"https:\/\/teamsorare.com\/de\/\"},{\"@type\":\"ListItem\",\"position\":2,\"name\":\"Sorare Football Leagues and Teams\",\"item\":\"https:\/\/teamsorare.com\/de\/leagues\/\"},{\"@type\":\"ListItem\",\"position\":3,\"name\":\"Sorare Eredivisie NFT Sammlerkarten\"}]},{\"@type\":\"WebSite\",\"@id\":\"https:\/\/teamsorare.com\/de\/#website\",\"url\":\"https:\/\/teamsorare.com\/de\/\",\"name\":\"TeamSorare\",\"description\":\"NFT Sammelkarten &amp; Fu\u00dfball Fantasy Manager\",\"publisher\":{\"@id\":\"https:\/\/teamsorare.com\/de\/#organization\"},\"potentialAction\":[{\"@type\":\"SearchAction\",\"target\":{\"@type\":\"EntryPoint\",\"urlTemplate\":\"https:\/\/teamsorare.com\/de\/?s={search_term_string}\"},\"query-input\":{\"@type\":\"PropertyValueSpecification\",\"valueRequired\":true,\"valueName\":\"search_term_string\"}}],\"inLanguage\":\"en-US\"},{\"@type\":\"Organization\",\"@id\":\"https:\/\/teamsorare.com\/de\/#organization\",\"name\":\"TeamSorare\",\"url\":\"https:\/\/teamsorare.com\/de\/\",\"logo\":{\"@type\":\"ImageObject\",\"inLanguage\":\"en-US\",\"@id\":\"https:\/\/teamsorare.com\/de\/#\/schema\/logo\/image\/\",\"url\":\"https:\/\/teamsorare.com\/de\/wp-content\/uploads\/sites\/2\/2021\/11\/TeamSorare-NFTs-and-Data.png\",\"contentUrl\":\"https:\/\/teamsorare.com\/de\/wp-content\/uploads\/sites\/2\/2021\/11\/TeamSorare-NFTs-and-Data.png\",\"width\":200,\"height\":200,\"caption\":\"TeamSorare\"},\"image\":{\"@id\":\"https:\/\/teamsorare.com\/de\/#\/schema\/logo\/image\/\"}}]}<\/script>\n<!-- \/ Yoast SEO plugin. -->","yoast_head_json":{"title":"Sorare Eredivisie NFT Sammlerkarten - TeamSorare","robots":{"index":"index","follow":"follow","max-snippet":"max-snippet:-1","max-image-preview":"max-image-preview:large","max-video-preview":"max-video-preview:-1"},"canonical":"https:\/\/teamsorare.com\/de\/leagues\/eredivisie\/","og_locale":"en_US","og_type":"article","og_title":"Sorare Eredivisie NFT Sammlerkarten - TeamSorare","og_description":"Die Eredivisie ist die h\u00f6chste Spielklasse des Profifu\u00dfballs in den Niederlanden. Die Liga gilt als eine der besten europ\u00e4ischen Ligen und wird weithin als eine der besten Ligen der Welt angesehen. Wenn Sie weitere Informationen \u00fcber die Fu\u00dfballliga suchen, besuchen Sie die Website der EredIVisienl, wo Sie viele Informationen \u00fcber Mannschaften, Nachrichten, aktuelle Ranglisten und &hellip; Sorare Eredivisie NFT Sammlerkarten Read More &raquo;","og_url":"https:\/\/teamsorare.com\/de\/leagues\/eredivisie\/","og_site_name":"TeamSorare","article_modified_time":"2021-11-18T09:58:00+00:00","twitter_card":"summary_large_image","twitter_misc":{"Est. reading time":"4 minutes"},"schema":{"@context":"https:\/\/schema.org","@graph":[{"@type":"WebPage","@id":"https:\/\/teamsorare.com\/de\/leagues\/eredivisie\/","url":"https:\/\/teamsorare.com\/de\/leagues\/eredivisie\/","name":"Sorare Eredivisie NFT Sammlerkarten - TeamSorare","isPartOf":{"@id":"https:\/\/teamsorare.com\/de\/#website"},"datePublished":"2021-10-20T09:50:44+00:00","dateModified":"2021-11-18T09:58:00+00:00","breadcrumb":{"@id":"https:\/\/teamsorare.com\/de\/leagues\/eredivisie\/#breadcrumb"},"inLanguage":"en-US","potentialAction":[{"@type":"ReadAction","target":["https:\/\/teamsorare.com\/de\/leagues\/eredivisie\/"]}]},{"@type":"BreadcrumbList","@id":"https:\/\/teamsorare.com\/de\/leagues\/eredivisie\/#breadcrumb","itemListElement":[{"@type":"ListItem","position":1,"name":"Home","item":"https:\/\/teamsorare.com\/de\/"},{"@type":"ListItem","position":2,"name":"Sorare Football Leagues and Teams","item":"https:\/\/teamsorare.com\/de\/leagues\/"},{"@type":"ListItem","position":3,"name":"Sorare Eredivisie NFT Sammlerkarten"}]},{"@type":"WebSite","@id":"https:\/\/teamsorare.com\/de\/#website","url":"https:\/\/teamsorare.com\/de\/","name":"TeamSorare","description":"NFT Sammelkarten &amp; Fu\u00dfball Fantasy Manager","publisher":{"@id":"https:\/\/teamsorare.com\/de\/#organization"},"potentialAction":[{"@type":"SearchAction","target":{"@type":"EntryPoint","urlTemplate":"https:\/\/teamsorare.com\/de\/?s={search_term_string}"},"query-input":{"@type":"PropertyValueSpecification","valueRequired":true,"valueName":"search_term_string"}}],"inLanguage":"en-US"},{"@type":"Organization","@id":"https:\/\/teamsorare.com\/de\/#organization","name":"TeamSorare","url":"https:\/\/teamsorare.com\/de\/","logo":{"@type":"ImageObject","inLanguage":"en-US","@id":"https:\/\/teamsorare.com\/de\/#\/schema\/logo\/image\/","url":"https:\/\/teamsorare.com\/de\/wp-content\/uploads\/sites\/2\/2021\/11\/TeamSorare-NFTs-and-Data.png","contentUrl":"https:\/\/teamsorare.com\/de\/wp-content\/uploads\/sites\/2\/2021\/11\/TeamSorare-NFTs-and-Data.png","width":200,"height":200,"caption":"TeamSorare"},"image":{"@id":"https:\/\/teamsorare.com\/de\/#\/schema\/logo\/image\/"}}]}},"_links":{"self":[{"href":"https:\/\/teamsorare.com\/de\/wp-json\/wp\/v2\/pages\/174","targetHints":{"allow":["GET"]}}],"collection":[{"href":"https:\/\/teamsorare.com\/de\/wp-json\/wp\/v2\/pages"}],"about":[{"href":"https:\/\/teamsorare.com\/de\/wp-json\/wp\/v2\/types\/page"}],"author":[{"embeddable":true,"href":"https:\/\/teamsorare.com\/de\/wp-json\/wp\/v2\/users\/1"}],"replies":[{"embeddable":true,"href":"https:\/\/teamsorare.com\/de\/wp-json\/wp\/v2\/comments?post=174"}],"version-history":[{"count":1,"href":"https:\/\/teamsorare.com\/de\/wp-json\/wp\/v2\/pages\/174\/revisions"}],"predecessor-version":[{"id":1251,"href":"https:\/\/teamsorare.com\/de\/wp-json\/wp\/v2\/pages\/174\/revisions\/1251"}],"up":[{"embeddable":true,"href":"https:\/\/teamsorare.com\/de\/wp-json\/wp\/v2\/pages\/283"}],"wp:attachment":[{"href":"https:\/\/teamsorare.com\/de\/wp-json\/wp\/v2\/media?parent=174"}],"curies":[{"name":"wp","href":"https:\/\/api.w.org\/{rel}","templated":true}]}}