{"id":176,"date":"2021-10-20T09:51:41","date_gmt":"2021-10-20T09:51:41","guid":{"rendered":"https:\/\/sorarees.com\/?page_id=176"},"modified":"2021-11-18T09:58:35","modified_gmt":"2021-11-18T09:58:35","slug":"la-liga","status":"publish","type":"page","link":"https:\/\/teamsorare.com\/de\/leagues\/la-liga\/","title":{"rendered":"Sorare La Liga &#8211; Primera Divisi\u00f3n NFT-Karten"},"content":{"rendered":"\n<p>W\u00e4hrend Barcelona 1929 seinen ersten La-Liga-Titel gewann und Real Madrid 1932 und 1933 seinen ersten Titel holte, war es der Sportclub, der 1930, 1931, 1934 und 1936 die Primera Divisi\u00f3n gewann und damit das Tempo vorgab. In der Saison 2012-2013 gewann Barcelona unter Trainer Tito Vilanova einen weiteren La-Liga-Titel und wiederholte damit den 100-Punkte-Rekord, den Real Madrid im Jahr zuvor aufgestellt hatte. Real Madrid holte seinen 32. Ligatitel mit 100 Punkten, ein damaliger Rekord.<\/p>\n\n\n\n<p>Die Campeonato Nacional de Liga de Primera Division A, die aus Gr\u00fcnden des Sponsorings auch als La Liga B oder La Liga Santander [2] bezeichnet wird, ist die h\u00f6chste professionelle Fu\u00dfballliga im spanischen Ligensystem. Neun Mannschaften wurden Meister, Real Madrid gewann den Titel 34 Mal und der FC Barcelona 26 Mal. Im Jahr 1935 gewann Real Betis, damals noch unter dem Namen Betis Balompie, seinen ersten und bisher einzigen Titel.<\/p>\n","protected":false},"excerpt":{"rendered":"<p>W\u00e4hrend Barcelona 1929 seinen ersten La-Liga-Titel gewann und Real Madrid 1932 und 1933 seinen ersten Titel holte, war es der Sportclub, der 1930, 1931, 1934 und 1936 die Primera Divisi\u00f3n gewann und damit das Tempo vorgab. In der Saison 2012-2013 gewann Barcelona unter Trainer Tito Vilanova einen weiteren La-Liga-Titel und wiederholte damit den 100-Punkte-Rekord, den &hellip;<\/p>\n<p class=\"read-more\"> <a class=\"\" href=\"https:\/\/teamsorare.com\/de\/leagues\/la-liga\/\"> <span class=\"screen-reader-text\">Sorare La Liga &#8211; Primera Divisi\u00f3n NFT-Karten<\/span> Read More &raquo;<\/a><\/p>\n","protected":false},"author":1,"featured_media":0,"parent":283,"menu_order":0,"comment_status":"closed","ping_status":"closed","template":"","meta":{"site-sidebar-layout":"default","site-content-layout":"default","ast-main-header-display":"","ast-hfb-above-header-display":"","ast-hfb-below-header-display":"","ast-hfb-mobile-header-display":"","site-post-title":"","ast-breadcrumbs-content":"","ast-featured-img":"","footer-sml-layout":"","theme-transparent-header-meta":"default","adv-header-id-meta":"","stick-header-meta":"","header-above-stick-meta":"","header-main-stick-meta":"","header-below-stick-meta":"","footnotes":""},"class_list":["post-176","page","type-page","status-publish","hentry"],"yoast_head":"<!-- This site is optimized with the Yoast SEO plugin v26.9 - https:\/\/yoast.com\/product\/yoast-seo-wordpress\/ -->\n<title>Sorare La Liga - Primera Divisi\u00f3n NFT-Karten - TeamSorare<\/title>\n<meta name=\"robots\" content=\"index, follow, max-snippet:-1, max-image-preview:large, max-video-preview:-1\" \/>\n<link rel=\"canonical\" href=\"https:\/\/teamsorare.com\/de\/leagues\/la-liga\/\" \/>\n<meta property=\"og:locale\" content=\"en_US\" \/>\n<meta property=\"og:type\" content=\"article\" \/>\n<meta property=\"og:title\" content=\"Sorare La Liga - Primera Divisi\u00f3n NFT-Karten - TeamSorare\" \/>\n<meta property=\"og:description\" content=\"W\u00e4hrend Barcelona 1929 seinen ersten La-Liga-Titel gewann und Real Madrid 1932 und 1933 seinen ersten Titel holte, war es der Sportclub, der 1930, 1931, 1934 und 1936 die Primera Divisi\u00f3n gewann und damit das Tempo vorgab. In der Saison 2012-2013 gewann Barcelona unter Trainer Tito Vilanova einen weiteren La-Liga-Titel und wiederholte damit den 100-Punkte-Rekord, den &hellip; Sorare La Liga &#8211; Primera Divisi\u00f3n NFT-Karten Read More &raquo;\" \/>\n<meta property=\"og:url\" content=\"https:\/\/teamsorare.com\/de\/leagues\/la-liga\/\" \/>\n<meta property=\"og:site_name\" content=\"TeamSorare\" \/>\n<meta property=\"article:modified_time\" content=\"2021-11-18T09:58:35+00:00\" \/>\n<meta name=\"twitter:card\" content=\"summary_large_image\" \/>\n<meta name=\"twitter:label1\" content=\"Est. reading time\" \/>\n\t<meta name=\"twitter:data1\" content=\"1 minute\" \/>\n<script type=\"application\/ld+json\" class=\"yoast-schema-graph\">{\"@context\":\"https:\/\/schema.org\",\"@graph\":[{\"@type\":\"WebPage\",\"@id\":\"https:\/\/teamsorare.com\/de\/leagues\/la-liga\/\",\"url\":\"https:\/\/teamsorare.com\/de\/leagues\/la-liga\/\",\"name\":\"Sorare La Liga - Primera Divisi\u00f3n NFT-Karten - TeamSorare\",\"isPartOf\":{\"@id\":\"https:\/\/teamsorare.com\/de\/#website\"},\"datePublished\":\"2021-10-20T09:51:41+00:00\",\"dateModified\":\"2021-11-18T09:58:35+00:00\",\"breadcrumb\":{\"@id\":\"https:\/\/teamsorare.com\/de\/leagues\/la-liga\/#breadcrumb\"},\"inLanguage\":\"en-US\",\"potentialAction\":[{\"@type\":\"ReadAction\",\"target\":[\"https:\/\/teamsorare.com\/de\/leagues\/la-liga\/\"]}]},{\"@type\":\"BreadcrumbList\",\"@id\":\"https:\/\/teamsorare.com\/de\/leagues\/la-liga\/#breadcrumb\",\"itemListElement\":[{\"@type\":\"ListItem\",\"position\":1,\"name\":\"Home\",\"item\":\"https:\/\/teamsorare.com\/de\/\"},{\"@type\":\"ListItem\",\"position\":2,\"name\":\"Sorare Football Leagues and Teams\",\"item\":\"https:\/\/teamsorare.com\/de\/leagues\/\"},{\"@type\":\"ListItem\",\"position\":3,\"name\":\"Sorare La Liga &#8211; Primera Divisi\u00f3n NFT-Karten\"}]},{\"@type\":\"WebSite\",\"@id\":\"https:\/\/teamsorare.com\/de\/#website\",\"url\":\"https:\/\/teamsorare.com\/de\/\",\"name\":\"TeamSorare\",\"description\":\"NFT Sammelkarten &amp; Fu\u00dfball Fantasy Manager\",\"publisher\":{\"@id\":\"https:\/\/teamsorare.com\/de\/#organization\"},\"potentialAction\":[{\"@type\":\"SearchAction\",\"target\":{\"@type\":\"EntryPoint\",\"urlTemplate\":\"https:\/\/teamsorare.com\/de\/?s={search_term_string}\"},\"query-input\":{\"@type\":\"PropertyValueSpecification\",\"valueRequired\":true,\"valueName\":\"search_term_string\"}}],\"inLanguage\":\"en-US\"},{\"@type\":\"Organization\",\"@id\":\"https:\/\/teamsorare.com\/de\/#organization\",\"name\":\"TeamSorare\",\"url\":\"https:\/\/teamsorare.com\/de\/\",\"logo\":{\"@type\":\"ImageObject\",\"inLanguage\":\"en-US\",\"@id\":\"https:\/\/teamsorare.com\/de\/#\/schema\/logo\/image\/\",\"url\":\"https:\/\/teamsorare.com\/de\/wp-content\/uploads\/sites\/2\/2021\/11\/TeamSorare-NFTs-and-Data.png\",\"contentUrl\":\"https:\/\/teamsorare.com\/de\/wp-content\/uploads\/sites\/2\/2021\/11\/TeamSorare-NFTs-and-Data.png\",\"width\":200,\"height\":200,\"caption\":\"TeamSorare\"},\"image\":{\"@id\":\"https:\/\/teamsorare.com\/de\/#\/schema\/logo\/image\/\"}}]}<\/script>\n<!-- \/ Yoast SEO plugin. -->","yoast_head_json":{"title":"Sorare La Liga - Primera Divisi\u00f3n NFT-Karten - TeamSorare","robots":{"index":"index","follow":"follow","max-snippet":"max-snippet:-1","max-image-preview":"max-image-preview:large","max-video-preview":"max-video-preview:-1"},"canonical":"https:\/\/teamsorare.com\/de\/leagues\/la-liga\/","og_locale":"en_US","og_type":"article","og_title":"Sorare La Liga - Primera Divisi\u00f3n NFT-Karten - TeamSorare","og_description":"W\u00e4hrend Barcelona 1929 seinen ersten La-Liga-Titel gewann und Real Madrid 1932 und 1933 seinen ersten Titel holte, war es der Sportclub, der 1930, 1931, 1934 und 1936 die Primera Divisi\u00f3n gewann und damit das Tempo vorgab. In der Saison 2012-2013 gewann Barcelona unter Trainer Tito Vilanova einen weiteren La-Liga-Titel und wiederholte damit den 100-Punkte-Rekord, den &hellip; Sorare La Liga &#8211; Primera Divisi\u00f3n NFT-Karten Read More &raquo;","og_url":"https:\/\/teamsorare.com\/de\/leagues\/la-liga\/","og_site_name":"TeamSorare","article_modified_time":"2021-11-18T09:58:35+00:00","twitter_card":"summary_large_image","twitter_misc":{"Est. reading time":"1 minute"},"schema":{"@context":"https:\/\/schema.org","@graph":[{"@type":"WebPage","@id":"https:\/\/teamsorare.com\/de\/leagues\/la-liga\/","url":"https:\/\/teamsorare.com\/de\/leagues\/la-liga\/","name":"Sorare La Liga - Primera Divisi\u00f3n NFT-Karten - TeamSorare","isPartOf":{"@id":"https:\/\/teamsorare.com\/de\/#website"},"datePublished":"2021-10-20T09:51:41+00:00","dateModified":"2021-11-18T09:58:35+00:00","breadcrumb":{"@id":"https:\/\/teamsorare.com\/de\/leagues\/la-liga\/#breadcrumb"},"inLanguage":"en-US","potentialAction":[{"@type":"ReadAction","target":["https:\/\/teamsorare.com\/de\/leagues\/la-liga\/"]}]},{"@type":"BreadcrumbList","@id":"https:\/\/teamsorare.com\/de\/leagues\/la-liga\/#breadcrumb","itemListElement":[{"@type":"ListItem","position":1,"name":"Home","item":"https:\/\/teamsorare.com\/de\/"},{"@type":"ListItem","position":2,"name":"Sorare Football Leagues and Teams","item":"https:\/\/teamsorare.com\/de\/leagues\/"},{"@type":"ListItem","position":3,"name":"Sorare La Liga &#8211; Primera Divisi\u00f3n NFT-Karten"}]},{"@type":"WebSite","@id":"https:\/\/teamsorare.com\/de\/#website","url":"https:\/\/teamsorare.com\/de\/","name":"TeamSorare","description":"NFT Sammelkarten &amp; Fu\u00dfball Fantasy Manager","publisher":{"@id":"https:\/\/teamsorare.com\/de\/#organization"},"potentialAction":[{"@type":"SearchAction","target":{"@type":"EntryPoint","urlTemplate":"https:\/\/teamsorare.com\/de\/?s={search_term_string}"},"query-input":{"@type":"PropertyValueSpecification","valueRequired":true,"valueName":"search_term_string"}}],"inLanguage":"en-US"},{"@type":"Organization","@id":"https:\/\/teamsorare.com\/de\/#organization","name":"TeamSorare","url":"https:\/\/teamsorare.com\/de\/","logo":{"@type":"ImageObject","inLanguage":"en-US","@id":"https:\/\/teamsorare.com\/de\/#\/schema\/logo\/image\/","url":"https:\/\/teamsorare.com\/de\/wp-content\/uploads\/sites\/2\/2021\/11\/TeamSorare-NFTs-and-Data.png","contentUrl":"https:\/\/teamsorare.com\/de\/wp-content\/uploads\/sites\/2\/2021\/11\/TeamSorare-NFTs-and-Data.png","width":200,"height":200,"caption":"TeamSorare"},"image":{"@id":"https:\/\/teamsorare.com\/de\/#\/schema\/logo\/image\/"}}]}},"_links":{"self":[{"href":"https:\/\/teamsorare.com\/de\/wp-json\/wp\/v2\/pages\/176","targetHints":{"allow":["GET"]}}],"collection":[{"href":"https:\/\/teamsorare.com\/de\/wp-json\/wp\/v2\/pages"}],"about":[{"href":"https:\/\/teamsorare.com\/de\/wp-json\/wp\/v2\/types\/page"}],"author":[{"embeddable":true,"href":"https:\/\/teamsorare.com\/de\/wp-json\/wp\/v2\/users\/1"}],"replies":[{"embeddable":true,"href":"https:\/\/teamsorare.com\/de\/wp-json\/wp\/v2\/comments?post=176"}],"version-history":[{"count":1,"href":"https:\/\/teamsorare.com\/de\/wp-json\/wp\/v2\/pages\/176\/revisions"}],"predecessor-version":[{"id":1252,"href":"https:\/\/teamsorare.com\/de\/wp-json\/wp\/v2\/pages\/176\/revisions\/1252"}],"up":[{"embeddable":true,"href":"https:\/\/teamsorare.com\/de\/wp-json\/wp\/v2\/pages\/283"}],"wp:attachment":[{"href":"https:\/\/teamsorare.com\/de\/wp-json\/wp\/v2\/media?parent=176"}],"curies":[{"name":"wp","href":"https:\/\/api.w.org\/{rel}","templated":true}]}}