{"id":178,"date":"2021-10-20T09:52:54","date_gmt":"2021-10-20T09:52:54","guid":{"rendered":"https:\/\/sorarees.com\/?page_id=178"},"modified":"2021-11-18T09:59:27","modified_gmt":"2021-11-18T09:59:27","slug":"mls","status":"publish","type":"page","link":"https:\/\/teamsorare.com\/de\/leagues\/mls\/","title":{"rendered":"Sorare MLS Players Association NFT-Karten"},"content":{"rendered":"\n<p>Die MLS Players Association (MLSPA) ist die Vereinigung der Profispieler der Major League Soccer. Sie fungiert als exklusiver Tarifverhandlungsvertreter f\u00fcr alle aktuellen Spieler der MLS. Die MLSPA wurde im April 2003 gegr\u00fcndet, kurz nach dem Abschluss von Fraser V, Major League Soccers No.<\/p>\n\n\n\n<p>Die Gewerkschaft, die auch Spieler der United Soccer League, der Women&#8217;s National Basketball Association und anderer Sportorganisationen vertritt, hat sich in einem laufenden Arbeitskonflikt auf die Seite der Major League Soccer gestellt. Die MLS Players Association wurde im April 2003 gegr\u00fcndet und setzt sich f\u00fcr den Schutz und die Rechte ehemaliger, aktueller und k\u00fcnftiger Spieler der Major League Soccer ein, f\u00f6rdert ihre Interessen und st\u00e4rkt ihre Stimme. Zu den Gr\u00fcndungsmitgliedern der MLSPAs geh\u00f6ren Ben Olsen, Tim Howard, Chris Klein, Alexi Lalas und Landon Donovan.<\/p>\n\n\n\n<p>Die Major League Soccer und die MLS Players Association haben sich nach langen Verhandlungen auf einen neuen Tarifvertrag geeinigt. Der neue Tarifvertrag wurde am 8. Februar abgeschlossen, und die Gewerkschaft hat seit 26 Jahren keine Aussperrung ihrer Spieler mehr erlebt. Die MLS-Spieler stimmten einstimmig f\u00fcr die Ratifizierung eines ge\u00e4nderten Tarifvertrags (CBA) mit der MLS, um eine Aussperrung zu vermeiden, indem sie einem Vertrag zustimmten, der f\u00fcr die Saison bis 2027 gilt.<\/p>\n\n\n\n<p>Wie ESPN berichtet, hat der Vorstand der MLS Players Association, der sich aus MLS-Kommissar Don Garber und den jeweiligen Haupteigent\u00fcmern der 27 MLS-Vereine zusammensetzt, den Vorschlag f\u00fcr einen Tarifvertrag angenommen. Der Vorstand und der Verhandlungsausschuss der Gewerkschaft stimmten mit 24:11 Stimmen f\u00fcr eine vorl\u00e4ufige Einigung zur \u00dcberarbeitung des Tarifvertrags, hei\u00dft es. Eine Mehrheit der Mitglieder der Spielergewerkschaft und die Zustimmung des MLS-Verwaltungsrats sind erforderlich, um die Saison 2021 in der Major League Soccer voranzutreiben.<\/p>\n\n\n\n<p>MLS-Commissioner Don Garber w\u00fcnschte sich am Mittwochnachmittag auf seiner eigenen Pressekonferenz eine Art Antwort der Spieler und der Liga auf das CBA-Angebot f\u00fcr 2021 &#8211; einen Tag nach mehr als einer Woche des Schweigens der MLS Players Association und bevor er es bekam. In den letzten Wochen drohte die MLS mit einer Aussperrung ihrer eigenen Spieler, da die Teambesitzer einen neuen Tarifvertrag forderten, der den im letzten Sommer unterzeichneten Vertrag ersetzen sollte, der wiederum durch einen Tarifvertrag ersetzt wurde, der im Februar zwar angenommen, aber nie ratifiziert wurde. Das Gegenangebot des MLSPA-Vorstandsvorsitzenden Bob Foose beruhte auf der Frustration \u00fcber die, wie er es nannte, opportunistischen Versuche der Ligen, die CBA-Bedingungen neu zu verhandeln und sich auf die Klausel der h\u00f6heren Gewalt zu berufen, \u00fcber die &#8220;Unkenrufe der MLS \u00fcber das Coronavirus-Klima und seine m\u00f6glichen Auswirkungen auf die Saison 2020, \u00fcber Garbers harte 30-Tage-Frist, \u00fcber den Mangel an Klarheit \u00fcber den Zeitplan f\u00fcr die Off-Season und \u00fcber die offensichtliche Entscheidung der Ligen, \u00fcber die Medien zu verhandeln&#8221;.<\/p>\n\n\n\n<p>Die Liga berief sich im vergangenen Monat auf die Klausel \u00fcber h\u00f6here Gewalt im CBA, der im Juni ratifiziert wurde. Nach den Bestimmungen des aktuellen CBA kann die MLS den Vertrag vor Ablauf der 30-Tage-Frist k\u00fcndigen. Die Ligabesitzer haben bei der Festlegung der Frist eine aggressive Haltung eingenommen, die nach Ansicht der MLSPA nicht auf der vertraglichen Erw\u00e4hnung der M\u00f6glichkeit beruht, Spieler mehrfach auszusperren.<\/p>\n\n\n\n<p>Der neue Vertrag sieht vor, dass die Spieler mindestens 24 Jahre alt sein m\u00fcssen, mindestens vier Jahre Ligapraxis haben und ab 2026 ohne Qualit\u00e4tseinbu\u00dfen spielen k\u00f6nnen. Das Mindestgehalt f\u00fcr alle Spieler steigt von 113.400 Dollar im Jahr 2020 auf 125.875 Dollar in 27 Jahren. Die Spieler werden unabh\u00e4ngig von den finanziellen Auswirkungen von COVID-19 das volle Gehalt erhalten.<\/p>\n\n\n\n<p>Wird der Vorschlag angenommen, ist der Weg frei f\u00fcr den Beginn der Saison 2021 Anfang April. Die Spieler erhalten 100 Prozent ihres Gehalts f\u00fcr die n\u00e4chste MLS-Saison 2021, wenn sie im Gegenzug den CBA bis 2027 beibehalten. Wenn dem Antrag der Spieler stattgegeben wird, wird es ab 2026 keine \u00c4nderungen bei der Freiberuflichkeit geben.<\/p>\n\n\n\n<p>Nach der Ank\u00fcndigung der Modernisierung der Liga bedankte sich die MLSPA f\u00fcr die Modernisierung der Liga zum Schutz der derzeitigen und k\u00fcnftigen Spieler. Der Ank\u00fcndigung des neuen Tarifvertrags gingen jahrelange Verhandlungen voraus, um den MLS-Spielern eine faire Bezahlung zu erm\u00f6glichen. Der CBA geht auf die Auswirkungen von COVID-19 ein, modernisiert die Medienlandschaft und sorgt f\u00fcr eine angemessene Verg\u00fctung der Profifu\u00dfballer in der gesamten Liga.<\/p>\n\n\n\n<p>Die MLS-Fans, mich eingeschlossen, sind zwar erfreut, aber es ist wichtig zu beachten, dass dies nicht die Aufnahme der MLS in eFootball als vollst\u00e4ndige Liga garantiert. Die oben ver\u00f6ffentlichten Daten enthalten nur eine Teilmenge der Daten, die in der vollst\u00e4ndigen Form der 990 zu finden sind. Es bedeutet jedoch, dass die MLS-Spieler zum ersten Mal seit Konamis ESPN MLS Night im Jahr 2000 in eFootball enthalten sein werden.<\/p>\n\n\n\n<p>Es gibt 27 gemeinn\u00fctzige Bezeichnungen, die auf den nummerierten Unterabschnitten von Abschnitt 501 (c) der Abgabenordnung basieren. Darunter befinden sich auch steuerpflichtige Trusts und private Stiftungen, die das Formular 990PF einreichen m\u00fcssen. Kleinere Organisationen, die das Formular 9 90N e-postcards einreichen, sind in diesen Daten nicht enthalten.<\/p>\n\n\n\n<p>IMAG, der f\u00fchrende Gesch\u00e4ftsbereich f\u00fcr Foto- und Kabeldienstleistungen von Gannett Co., Inc. gab heute eine mehrj\u00e4hrige Verl\u00e4ngerung ihrer Partnerschaft als offizieller Fotograf der Major League Soccer (MLS) und Soccer United Marketing (SUM) &#8211; dem f\u00fchrenden kommerziellen Fu\u00dfballunternehmen in Nordamerika &#8211; bekannt, das f\u00fcr die Vermarktung, das Marketing, die Promotion und die operative Umsetzung der erfolgreichsten Fu\u00dfballunternehmen der Region verantwortlich ist. Die US-Tournee von SUM mit der mexikanischen Nationalmannschaft (MNT) in Mexiko beginnt am 29. Mai in Arlington, Texas, wenn die MNT gegen Irland antritt. Cincy Shirts, ein Team von lokalen Designern, bietet die ersten FC Cincinnati Spieler-T-Shirts an.<\/p>\n","protected":false},"excerpt":{"rendered":"<p>Die MLS Players Association (MLSPA) ist die Vereinigung der Profispieler der Major League Soccer. Sie fungiert als exklusiver Tarifverhandlungsvertreter f\u00fcr alle aktuellen Spieler der MLS. Die MLSPA wurde im April 2003 gegr\u00fcndet, kurz nach dem Abschluss von Fraser V, Major League Soccers No. Die Gewerkschaft, die auch Spieler der United Soccer League, der Women&#8217;s National &hellip;<\/p>\n<p class=\"read-more\"> <a class=\"\" href=\"https:\/\/teamsorare.com\/de\/leagues\/mls\/\"> <span class=\"screen-reader-text\">Sorare MLS Players Association NFT-Karten<\/span> Read More &raquo;<\/a><\/p>\n","protected":false},"author":1,"featured_media":0,"parent":283,"menu_order":0,"comment_status":"closed","ping_status":"closed","template":"","meta":{"site-sidebar-layout":"default","site-content-layout":"default","ast-main-header-display":"","ast-hfb-above-header-display":"","ast-hfb-below-header-display":"","ast-hfb-mobile-header-display":"","site-post-title":"","ast-breadcrumbs-content":"","ast-featured-img":"","footer-sml-layout":"","theme-transparent-header-meta":"default","adv-header-id-meta":"","stick-header-meta":"","header-above-stick-meta":"","header-main-stick-meta":"","header-below-stick-meta":"","footnotes":""},"class_list":["post-178","page","type-page","status-publish","hentry"],"yoast_head":"<!-- This site is optimized with the Yoast SEO plugin v26.9 - https:\/\/yoast.com\/product\/yoast-seo-wordpress\/ -->\n<title>Sorare MLS Players Association NFT-Karten - TeamSorare<\/title>\n<meta name=\"robots\" content=\"index, follow, max-snippet:-1, max-image-preview:large, max-video-preview:-1\" \/>\n<link rel=\"canonical\" href=\"https:\/\/teamsorare.com\/de\/leagues\/mls\/\" \/>\n<meta property=\"og:locale\" content=\"en_US\" \/>\n<meta property=\"og:type\" content=\"article\" \/>\n<meta property=\"og:title\" content=\"Sorare MLS Players Association NFT-Karten - TeamSorare\" \/>\n<meta property=\"og:description\" content=\"Die MLS Players Association (MLSPA) ist die Vereinigung der Profispieler der Major League Soccer. Sie fungiert als exklusiver Tarifverhandlungsvertreter f\u00fcr alle aktuellen Spieler der MLS. Die MLSPA wurde im April 2003 gegr\u00fcndet, kurz nach dem Abschluss von Fraser V, Major League Soccers No. Die Gewerkschaft, die auch Spieler der United Soccer League, der Women&#8217;s National &hellip; Sorare MLS Players Association NFT-Karten Read More &raquo;\" \/>\n<meta property=\"og:url\" content=\"https:\/\/teamsorare.com\/de\/leagues\/mls\/\" \/>\n<meta property=\"og:site_name\" content=\"TeamSorare\" \/>\n<meta property=\"article:modified_time\" content=\"2021-11-18T09:59:27+00:00\" \/>\n<meta name=\"twitter:card\" content=\"summary_large_image\" \/>\n<meta name=\"twitter:label1\" content=\"Est. reading time\" \/>\n\t<meta name=\"twitter:data1\" content=\"4 minutes\" \/>\n<script type=\"application\/ld+json\" class=\"yoast-schema-graph\">{\"@context\":\"https:\/\/schema.org\",\"@graph\":[{\"@type\":\"WebPage\",\"@id\":\"https:\/\/teamsorare.com\/de\/leagues\/mls\/\",\"url\":\"https:\/\/teamsorare.com\/de\/leagues\/mls\/\",\"name\":\"Sorare MLS Players Association NFT-Karten - TeamSorare\",\"isPartOf\":{\"@id\":\"https:\/\/teamsorare.com\/de\/#website\"},\"datePublished\":\"2021-10-20T09:52:54+00:00\",\"dateModified\":\"2021-11-18T09:59:27+00:00\",\"breadcrumb\":{\"@id\":\"https:\/\/teamsorare.com\/de\/leagues\/mls\/#breadcrumb\"},\"inLanguage\":\"en-US\",\"potentialAction\":[{\"@type\":\"ReadAction\",\"target\":[\"https:\/\/teamsorare.com\/de\/leagues\/mls\/\"]}]},{\"@type\":\"BreadcrumbList\",\"@id\":\"https:\/\/teamsorare.com\/de\/leagues\/mls\/#breadcrumb\",\"itemListElement\":[{\"@type\":\"ListItem\",\"position\":1,\"name\":\"Home\",\"item\":\"https:\/\/teamsorare.com\/de\/\"},{\"@type\":\"ListItem\",\"position\":2,\"name\":\"Sorare Football Leagues and Teams\",\"item\":\"https:\/\/teamsorare.com\/de\/leagues\/\"},{\"@type\":\"ListItem\",\"position\":3,\"name\":\"Sorare MLS Players Association NFT-Karten\"}]},{\"@type\":\"WebSite\",\"@id\":\"https:\/\/teamsorare.com\/de\/#website\",\"url\":\"https:\/\/teamsorare.com\/de\/\",\"name\":\"TeamSorare\",\"description\":\"NFT Sammelkarten &amp; Fu\u00dfball Fantasy Manager\",\"publisher\":{\"@id\":\"https:\/\/teamsorare.com\/de\/#organization\"},\"potentialAction\":[{\"@type\":\"SearchAction\",\"target\":{\"@type\":\"EntryPoint\",\"urlTemplate\":\"https:\/\/teamsorare.com\/de\/?s={search_term_string}\"},\"query-input\":{\"@type\":\"PropertyValueSpecification\",\"valueRequired\":true,\"valueName\":\"search_term_string\"}}],\"inLanguage\":\"en-US\"},{\"@type\":\"Organization\",\"@id\":\"https:\/\/teamsorare.com\/de\/#organization\",\"name\":\"TeamSorare\",\"url\":\"https:\/\/teamsorare.com\/de\/\",\"logo\":{\"@type\":\"ImageObject\",\"inLanguage\":\"en-US\",\"@id\":\"https:\/\/teamsorare.com\/de\/#\/schema\/logo\/image\/\",\"url\":\"https:\/\/teamsorare.com\/de\/wp-content\/uploads\/sites\/2\/2021\/11\/TeamSorare-NFTs-and-Data.png\",\"contentUrl\":\"https:\/\/teamsorare.com\/de\/wp-content\/uploads\/sites\/2\/2021\/11\/TeamSorare-NFTs-and-Data.png\",\"width\":200,\"height\":200,\"caption\":\"TeamSorare\"},\"image\":{\"@id\":\"https:\/\/teamsorare.com\/de\/#\/schema\/logo\/image\/\"}}]}<\/script>\n<!-- \/ Yoast SEO plugin. -->","yoast_head_json":{"title":"Sorare MLS Players Association NFT-Karten - TeamSorare","robots":{"index":"index","follow":"follow","max-snippet":"max-snippet:-1","max-image-preview":"max-image-preview:large","max-video-preview":"max-video-preview:-1"},"canonical":"https:\/\/teamsorare.com\/de\/leagues\/mls\/","og_locale":"en_US","og_type":"article","og_title":"Sorare MLS Players Association NFT-Karten - TeamSorare","og_description":"Die MLS Players Association (MLSPA) ist die Vereinigung der Profispieler der Major League Soccer. Sie fungiert als exklusiver Tarifverhandlungsvertreter f\u00fcr alle aktuellen Spieler der MLS. Die MLSPA wurde im April 2003 gegr\u00fcndet, kurz nach dem Abschluss von Fraser V, Major League Soccers No. Die Gewerkschaft, die auch Spieler der United Soccer League, der Women&#8217;s National &hellip; Sorare MLS Players Association NFT-Karten Read More &raquo;","og_url":"https:\/\/teamsorare.com\/de\/leagues\/mls\/","og_site_name":"TeamSorare","article_modified_time":"2021-11-18T09:59:27+00:00","twitter_card":"summary_large_image","twitter_misc":{"Est. reading time":"4 minutes"},"schema":{"@context":"https:\/\/schema.org","@graph":[{"@type":"WebPage","@id":"https:\/\/teamsorare.com\/de\/leagues\/mls\/","url":"https:\/\/teamsorare.com\/de\/leagues\/mls\/","name":"Sorare MLS Players Association NFT-Karten - TeamSorare","isPartOf":{"@id":"https:\/\/teamsorare.com\/de\/#website"},"datePublished":"2021-10-20T09:52:54+00:00","dateModified":"2021-11-18T09:59:27+00:00","breadcrumb":{"@id":"https:\/\/teamsorare.com\/de\/leagues\/mls\/#breadcrumb"},"inLanguage":"en-US","potentialAction":[{"@type":"ReadAction","target":["https:\/\/teamsorare.com\/de\/leagues\/mls\/"]}]},{"@type":"BreadcrumbList","@id":"https:\/\/teamsorare.com\/de\/leagues\/mls\/#breadcrumb","itemListElement":[{"@type":"ListItem","position":1,"name":"Home","item":"https:\/\/teamsorare.com\/de\/"},{"@type":"ListItem","position":2,"name":"Sorare Football Leagues and Teams","item":"https:\/\/teamsorare.com\/de\/leagues\/"},{"@type":"ListItem","position":3,"name":"Sorare MLS Players Association NFT-Karten"}]},{"@type":"WebSite","@id":"https:\/\/teamsorare.com\/de\/#website","url":"https:\/\/teamsorare.com\/de\/","name":"TeamSorare","description":"NFT Sammelkarten &amp; Fu\u00dfball Fantasy Manager","publisher":{"@id":"https:\/\/teamsorare.com\/de\/#organization"},"potentialAction":[{"@type":"SearchAction","target":{"@type":"EntryPoint","urlTemplate":"https:\/\/teamsorare.com\/de\/?s={search_term_string}"},"query-input":{"@type":"PropertyValueSpecification","valueRequired":true,"valueName":"search_term_string"}}],"inLanguage":"en-US"},{"@type":"Organization","@id":"https:\/\/teamsorare.com\/de\/#organization","name":"TeamSorare","url":"https:\/\/teamsorare.com\/de\/","logo":{"@type":"ImageObject","inLanguage":"en-US","@id":"https:\/\/teamsorare.com\/de\/#\/schema\/logo\/image\/","url":"https:\/\/teamsorare.com\/de\/wp-content\/uploads\/sites\/2\/2021\/11\/TeamSorare-NFTs-and-Data.png","contentUrl":"https:\/\/teamsorare.com\/de\/wp-content\/uploads\/sites\/2\/2021\/11\/TeamSorare-NFTs-and-Data.png","width":200,"height":200,"caption":"TeamSorare"},"image":{"@id":"https:\/\/teamsorare.com\/de\/#\/schema\/logo\/image\/"}}]}},"_links":{"self":[{"href":"https:\/\/teamsorare.com\/de\/wp-json\/wp\/v2\/pages\/178","targetHints":{"allow":["GET"]}}],"collection":[{"href":"https:\/\/teamsorare.com\/de\/wp-json\/wp\/v2\/pages"}],"about":[{"href":"https:\/\/teamsorare.com\/de\/wp-json\/wp\/v2\/types\/page"}],"author":[{"embeddable":true,"href":"https:\/\/teamsorare.com\/de\/wp-json\/wp\/v2\/users\/1"}],"replies":[{"embeddable":true,"href":"https:\/\/teamsorare.com\/de\/wp-json\/wp\/v2\/comments?post=178"}],"version-history":[{"count":1,"href":"https:\/\/teamsorare.com\/de\/wp-json\/wp\/v2\/pages\/178\/revisions"}],"predecessor-version":[{"id":1253,"href":"https:\/\/teamsorare.com\/de\/wp-json\/wp\/v2\/pages\/178\/revisions\/1253"}],"up":[{"embeddable":true,"href":"https:\/\/teamsorare.com\/de\/wp-json\/wp\/v2\/pages\/283"}],"wp:attachment":[{"href":"https:\/\/teamsorare.com\/de\/wp-json\/wp\/v2\/media?parent=178"}],"curies":[{"name":"wp","href":"https:\/\/api.w.org\/{rel}","templated":true}]}}