{"id":663,"date":"2021-10-25T11:37:34","date_gmt":"2021-10-25T11:37:34","guid":{"rendered":"https:\/\/sorarees.com\/?page_id=663"},"modified":"2021-11-18T09:55:05","modified_gmt":"2021-11-18T09:55:05","slug":"ligue-1","status":"publish","type":"page","link":"https:\/\/teamsorare.com\/de\/leagues\/ligue-1\/","title":{"rendered":"Ligue 1 NFT Sorare Karten"},"content":{"rendered":"\n<p>An diesem Wochenende beginnt die Ligue 1 mit der Vorbereitung auf die Saison 2021 \/ 22. Wir gehen auf einige h\u00e4ufig gestellte Fragen ein, um Sie auf den neuesten Stand zu bringen, was Sie erwarten k\u00f6nnen und wie Sie die Liga in dieser Saison in Aktion sehen k\u00f6nnen.<\/p>\n\n\n\n<p>Paris Saint-Germain ist nicht nur das beste Team der Ligue 1, sondern auch das bekannteste. Ich werde Ihnen einen \u00dcberblick \u00fcber alle Mannschaften der Liga geben und Ihnen sagen, wann sie das letzte Mal in Liga 1 waren und wie oft sie den Titel gewonnen haben.<\/p>\n\n\n\n<p>Die beste Bilanz in der Liga hat Bordeaux, das seit dem Aufstieg in der Saison 2008\/09 nicht weniger als sechs Mal den Titel der Ligue 1 gewonnen hat. Saint-Etienne ist mit zehn Titeln der erfolgreichste Verein Frankreichs, w\u00e4hrend Olympique Lyonnais mit sieben Titeln in Folge zwischen 2002 und 2008 die meisten Titel gewann. Obwohl Olympique Marseille seit 71 Spielzeiten in der franz\u00f6sischen Liga vertreten ist, h\u00e4lt es den Rekord f\u00fcr die meisten Spielzeiten in der Eliteliga, w\u00e4hrend Paris Saint-Germain mit 47 aufeinanderfolgenden Spielzeiten von 1974 bis heute den Rekord f\u00fcr die l\u00e4ngste Spielzeit h\u00e4lt.<\/p>\n\n\n\n<p>Die Ligue 1 wird von 20 Vereinen bestritten und unterliegt dem System des Auf- und Abstiegs aus der Ligue 2. Seit ihrer Gr\u00fcndung in der Saison 1932\/33, beginnend mit der Saison 2021\/22, haben insgesamt 74 Vereine in der Ligue 1 gespielt.<\/p>\n\n\n\n<p>Die Ligue 1 ist die h\u00f6chste Spielklasse des franz\u00f6sischen Fu\u00dfballs und liegt eine Stufe unter der aktuellen Ligue 2. Bis 2002 war die Ligue 1 nach der obersten Spielklasse der franz\u00f6sischen Fu\u00dfballliga benannt und hie\u00df dann Division 1.<\/p>\n\n\n\n<p>Die Ligue 1 wird in der Saison 2021-2022 als erste der f\u00fcnf europ\u00e4ischen Topligen an den Start gehen. Die Liga in ihrer urspr\u00fcnglichen Form wurde 1932 gegr\u00fcndet, zwei Jahre bevor der Profifu\u00dfball in der franz\u00f6sischen Fu\u00dfballliga zugelassen wurde.<\/p>\n\n\n\n<p>Nachstehend finden Sie den Spielplan, das Format, die Ergebnisse und die wichtigsten Daten, damit Sie keinen Spieltag der Ligue 1 verpassen. Die franz\u00f6sische Premier League setzt ihren Lauf in diesem Jahr fort, w\u00e4hrend die europ\u00e4ischen Ligen in das neue Jahr starten. Nach einer langen und unterhaltsamen Sommerpause mit vielen internationalen Wettbewerben startet Frankreichs h\u00f6chste Fu\u00dfballliga als erste der f\u00fcnf europ\u00e4ischen Topligen in die Saison 2021-2022.<\/p>\n\n\n\n<p>Im Mittelpunkt steht dabei Paris Saint-Germain, das neben dem Wechsel von Messi in die Ligue 1 mit der Verpflichtung von Real Madrid-Star Sergio Ramos einen gro\u00dfen Schritt gemacht hat. Ramos ist ein gl\u00e4nzender Neuzugang im Staraufgebot von PSG.<\/p>\n\n\n\n<p>Verfolgen Sie den Fu\u00dfball in der Ligue 1 in der Saison 2021 \/ 22 im Fernsehen und im Online-Stream: Alle Spiele der Ligue 1 werden auf bein sports im Fernsehen gezeigt. Alle Spiele der Ligue 1 in den USA werden live auf BT Sport \u00fcbertragen, das bis zum Ende der Saison 2023\/24 die Exklusivrechte an allen LaLiga-Spielen besitzt.<\/p>\n\n\n\n<p>Die Fans in den Vereinigten Staaten k\u00f6nnen die Ligue 1 auf Bein Sports verfolgen, das einen Vertrag zur \u00dcbertragung der Liga bis zur Saison 2023-24 hat. Der Sender, der bis zum Ende der Saison 2021\/23 die Exklusivrechte an allen Spielen der Ligue 1 besitzt, wird alle Spiele von PSG im Fernsehen und die anderer Mannschaften \u00fcber seinen Streaming-Dienst Bein Sport Connect \u00fcbertragen.<\/p>\n\n\n\n<p>Le Pass Ligue 1, das Premium-Produkt des digitalen Giganten f\u00fcr Fu\u00dfball-Streaming und -\u00dcbertragungen, wurde letzten Monat auf Amazon eingef\u00fchrt, nachdem das Unternehmen im Juni einen Schock-Deal abgeschlossen hatte, der der Fu\u00dfball-Profiliga (LFP) angeblich 275 Millionen Euro pro Jahr einbringt, von denen Amazon den Gro\u00dfteil im Kampf um die nationalen Rechte aufgestockt hat. Amazon stimmte der Partnerschaft kostenlos zu und stellte Le Pass auf der Plattform des Telekommunikationsunternehmens zur Verf\u00fcgung. Fans, die kein Kabelfernsehen haben, k\u00f6nnen ein Paket abonnieren, das Bein Sports, das einen Vertrag zur \u00dcbertragung der Liga bis zur Saison 2023-24 hat, und andere von Le Pass angebotene Dienste umfasst.<\/p>\n\n\n\n<p>Die Ligue 1 (aus Sponsoringgr\u00fcnden auch als Ligue 1 Uber Eats bezeichnet) ist die franz\u00f6sische Profifu\u00dfballliga f\u00fcr M\u00e4nnerfu\u00dfballvereine. Sie ist die Spitze des franz\u00f6sischen Ligasystems und der wichtigste Fu\u00dfballwettbewerb des Landes. Die von der Ligue de Football Professionalnel verwaltete Liga wird von 20 Vereinen bestritten und funktioniert nach einem System von Auf- und Abstieg, zusammen mit der Ligue 2.<\/p>\n\n\n\n<p>Ein Fu\u00dfballspiel der franz\u00f6sischen Liga zwischen Nizza und Marseille wurde am Sonntag abgebrochen, nachdem sich Marseille geweigert hatte, das Spiel fortzusetzen, nachdem die heimischen Fans Wurfgeschosse geworfen und das Spielfeld gest\u00fcrmt hatten. Das Spiel wurde 15 Minuten vor dem Ende aufgrund von Fanausschreitungen unterbrochen. In einer surrealen Szene nahm ein G\u00e4stespieler eine Ecke von Marseille an, und als er pfiff, wurde das Spiel abgebrochen.<\/p>\n\n\n\n<p>Aleksandr Golovin, der Mittelfeldspieler von Monaco, erzielte beim 3:1-Sieg in der Champions-League-Qualifikation zwei Tore. Er wird diese Minuten verwalten m\u00fcssen, wenn Monaco am Dienstag in den Playoffs der Champions League auf Shakhtar Donetsk trifft.<\/p>\n\n\n\n<p>Lionel Messi, sein ehemaliger Barcelona-Teamkollege Neymar und Frankreichs Star Kylian Mbappe sorgten f\u00fcr einen der (auf dem Papier) besten Angriffe, den der Klubfu\u00dfball je gesehen hat.<\/p>\n\n\n\n<p>Suchen und vergleichen Sie auf unserer Website Tickets f\u00fcr die franz\u00f6sische Ligue 1 f\u00fcr die Saison 2021-2022 und buchen Sie sie jetzt. Die franz\u00f6sische Fu\u00dfballmeisterschaft der M\u00e4nner (Ligue 1 oder L1) besteht aus 20 Profivereinen und wird mit insgesamt 380 Spielen an 38 Tagen ausgetragen.<\/p>\n\n\n\n<p>Amerikaner in aller Welt haben einen neuen Grund, sich f\u00fcr die europ\u00e4ische Fu\u00dfballliga zu interessieren. Mit Lionel Messi, der vor 20 Jahren von La Liga Barcelona verdr\u00e4ngt wurde und bei Paris Saint-Germain unterschrieb, wird die Liga noch interessanter. Die Ligue 1 geh\u00f6rt zu den Top 10 der UEFA (Europ\u00e4ische Fu\u00dfball-Union) und zu den Top 5.<\/p>\n","protected":false},"excerpt":{"rendered":"<p>An diesem Wochenende beginnt die Ligue 1 mit der Vorbereitung auf die Saison 2021 \/ 22. Wir gehen auf einige h\u00e4ufig gestellte Fragen ein, um Sie auf den neuesten Stand zu bringen, was Sie erwarten k\u00f6nnen und wie Sie die Liga in dieser Saison in Aktion sehen k\u00f6nnen. Paris Saint-Germain ist nicht nur das beste &hellip;<\/p>\n<p class=\"read-more\"> <a class=\"\" href=\"https:\/\/teamsorare.com\/de\/leagues\/ligue-1\/\"> <span class=\"screen-reader-text\">Ligue 1 NFT Sorare Karten<\/span> Read More &raquo;<\/a><\/p>\n","protected":false},"author":1,"featured_media":0,"parent":283,"menu_order":0,"comment_status":"closed","ping_status":"closed","template":"","meta":{"site-sidebar-layout":"default","site-content-layout":"plain-container","ast-main-header-display":"","ast-hfb-above-header-display":"","ast-hfb-below-header-display":"","ast-hfb-mobile-header-display":"","site-post-title":"","ast-breadcrumbs-content":"","ast-featured-img":"","footer-sml-layout":"","theme-transparent-header-meta":"default","adv-header-id-meta":"","stick-header-meta":"","header-above-stick-meta":"","header-main-stick-meta":"","header-below-stick-meta":"","footnotes":""},"class_list":["post-663","page","type-page","status-publish","hentry"],"yoast_head":"<!-- This site is optimized with the Yoast SEO plugin v26.9 - https:\/\/yoast.com\/product\/yoast-seo-wordpress\/ -->\n<title>Ligue 1 NFT Sorare Karten - TeamSorare<\/title>\n<meta name=\"robots\" content=\"index, follow, max-snippet:-1, max-image-preview:large, max-video-preview:-1\" \/>\n<link rel=\"canonical\" href=\"https:\/\/teamsorare.com\/de\/leagues\/ligue-1\/\" \/>\n<meta property=\"og:locale\" content=\"en_US\" \/>\n<meta property=\"og:type\" content=\"article\" \/>\n<meta property=\"og:title\" content=\"Ligue 1 NFT Sorare Karten - TeamSorare\" \/>\n<meta property=\"og:description\" content=\"An diesem Wochenende beginnt die Ligue 1 mit der Vorbereitung auf die Saison 2021 \/ 22. Wir gehen auf einige h\u00e4ufig gestellte Fragen ein, um Sie auf den neuesten Stand zu bringen, was Sie erwarten k\u00f6nnen und wie Sie die Liga in dieser Saison in Aktion sehen k\u00f6nnen. Paris Saint-Germain ist nicht nur das beste &hellip; Ligue 1 NFT Sorare Karten Read More &raquo;\" \/>\n<meta property=\"og:url\" content=\"https:\/\/teamsorare.com\/de\/leagues\/ligue-1\/\" \/>\n<meta property=\"og:site_name\" content=\"TeamSorare\" \/>\n<meta property=\"article:modified_time\" content=\"2021-11-18T09:55:05+00:00\" \/>\n<meta name=\"twitter:card\" content=\"summary_large_image\" \/>\n<meta name=\"twitter:label1\" content=\"Est. reading time\" \/>\n\t<meta name=\"twitter:data1\" content=\"4 minutes\" \/>\n<script type=\"application\/ld+json\" class=\"yoast-schema-graph\">{\"@context\":\"https:\/\/schema.org\",\"@graph\":[{\"@type\":\"WebPage\",\"@id\":\"https:\/\/teamsorare.com\/de\/leagues\/ligue-1\/\",\"url\":\"https:\/\/teamsorare.com\/de\/leagues\/ligue-1\/\",\"name\":\"Ligue 1 NFT Sorare Karten - TeamSorare\",\"isPartOf\":{\"@id\":\"https:\/\/teamsorare.com\/de\/#website\"},\"datePublished\":\"2021-10-25T11:37:34+00:00\",\"dateModified\":\"2021-11-18T09:55:05+00:00\",\"breadcrumb\":{\"@id\":\"https:\/\/teamsorare.com\/de\/leagues\/ligue-1\/#breadcrumb\"},\"inLanguage\":\"en-US\",\"potentialAction\":[{\"@type\":\"ReadAction\",\"target\":[\"https:\/\/teamsorare.com\/de\/leagues\/ligue-1\/\"]}]},{\"@type\":\"BreadcrumbList\",\"@id\":\"https:\/\/teamsorare.com\/de\/leagues\/ligue-1\/#breadcrumb\",\"itemListElement\":[{\"@type\":\"ListItem\",\"position\":1,\"name\":\"Home\",\"item\":\"https:\/\/teamsorare.com\/de\/\"},{\"@type\":\"ListItem\",\"position\":2,\"name\":\"Sorare Football Leagues and Teams\",\"item\":\"https:\/\/teamsorare.com\/de\/leagues\/\"},{\"@type\":\"ListItem\",\"position\":3,\"name\":\"Ligue 1 NFT Sorare Karten\"}]},{\"@type\":\"WebSite\",\"@id\":\"https:\/\/teamsorare.com\/de\/#website\",\"url\":\"https:\/\/teamsorare.com\/de\/\",\"name\":\"TeamSorare\",\"description\":\"NFT Sammelkarten &amp; Fu\u00dfball Fantasy Manager\",\"publisher\":{\"@id\":\"https:\/\/teamsorare.com\/de\/#organization\"},\"potentialAction\":[{\"@type\":\"SearchAction\",\"target\":{\"@type\":\"EntryPoint\",\"urlTemplate\":\"https:\/\/teamsorare.com\/de\/?s={search_term_string}\"},\"query-input\":{\"@type\":\"PropertyValueSpecification\",\"valueRequired\":true,\"valueName\":\"search_term_string\"}}],\"inLanguage\":\"en-US\"},{\"@type\":\"Organization\",\"@id\":\"https:\/\/teamsorare.com\/de\/#organization\",\"name\":\"TeamSorare\",\"url\":\"https:\/\/teamsorare.com\/de\/\",\"logo\":{\"@type\":\"ImageObject\",\"inLanguage\":\"en-US\",\"@id\":\"https:\/\/teamsorare.com\/de\/#\/schema\/logo\/image\/\",\"url\":\"https:\/\/teamsorare.com\/de\/wp-content\/uploads\/sites\/2\/2021\/11\/TeamSorare-NFTs-and-Data.png\",\"contentUrl\":\"https:\/\/teamsorare.com\/de\/wp-content\/uploads\/sites\/2\/2021\/11\/TeamSorare-NFTs-and-Data.png\",\"width\":200,\"height\":200,\"caption\":\"TeamSorare\"},\"image\":{\"@id\":\"https:\/\/teamsorare.com\/de\/#\/schema\/logo\/image\/\"}}]}<\/script>\n<!-- \/ Yoast SEO plugin. -->","yoast_head_json":{"title":"Ligue 1 NFT Sorare Karten - TeamSorare","robots":{"index":"index","follow":"follow","max-snippet":"max-snippet:-1","max-image-preview":"max-image-preview:large","max-video-preview":"max-video-preview:-1"},"canonical":"https:\/\/teamsorare.com\/de\/leagues\/ligue-1\/","og_locale":"en_US","og_type":"article","og_title":"Ligue 1 NFT Sorare Karten - TeamSorare","og_description":"An diesem Wochenende beginnt die Ligue 1 mit der Vorbereitung auf die Saison 2021 \/ 22. Wir gehen auf einige h\u00e4ufig gestellte Fragen ein, um Sie auf den neuesten Stand zu bringen, was Sie erwarten k\u00f6nnen und wie Sie die Liga in dieser Saison in Aktion sehen k\u00f6nnen. Paris Saint-Germain ist nicht nur das beste &hellip; Ligue 1 NFT Sorare Karten Read More &raquo;","og_url":"https:\/\/teamsorare.com\/de\/leagues\/ligue-1\/","og_site_name":"TeamSorare","article_modified_time":"2021-11-18T09:55:05+00:00","twitter_card":"summary_large_image","twitter_misc":{"Est. reading time":"4 minutes"},"schema":{"@context":"https:\/\/schema.org","@graph":[{"@type":"WebPage","@id":"https:\/\/teamsorare.com\/de\/leagues\/ligue-1\/","url":"https:\/\/teamsorare.com\/de\/leagues\/ligue-1\/","name":"Ligue 1 NFT Sorare Karten - TeamSorare","isPartOf":{"@id":"https:\/\/teamsorare.com\/de\/#website"},"datePublished":"2021-10-25T11:37:34+00:00","dateModified":"2021-11-18T09:55:05+00:00","breadcrumb":{"@id":"https:\/\/teamsorare.com\/de\/leagues\/ligue-1\/#breadcrumb"},"inLanguage":"en-US","potentialAction":[{"@type":"ReadAction","target":["https:\/\/teamsorare.com\/de\/leagues\/ligue-1\/"]}]},{"@type":"BreadcrumbList","@id":"https:\/\/teamsorare.com\/de\/leagues\/ligue-1\/#breadcrumb","itemListElement":[{"@type":"ListItem","position":1,"name":"Home","item":"https:\/\/teamsorare.com\/de\/"},{"@type":"ListItem","position":2,"name":"Sorare Football Leagues and Teams","item":"https:\/\/teamsorare.com\/de\/leagues\/"},{"@type":"ListItem","position":3,"name":"Ligue 1 NFT Sorare Karten"}]},{"@type":"WebSite","@id":"https:\/\/teamsorare.com\/de\/#website","url":"https:\/\/teamsorare.com\/de\/","name":"TeamSorare","description":"NFT Sammelkarten &amp; Fu\u00dfball Fantasy Manager","publisher":{"@id":"https:\/\/teamsorare.com\/de\/#organization"},"potentialAction":[{"@type":"SearchAction","target":{"@type":"EntryPoint","urlTemplate":"https:\/\/teamsorare.com\/de\/?s={search_term_string}"},"query-input":{"@type":"PropertyValueSpecification","valueRequired":true,"valueName":"search_term_string"}}],"inLanguage":"en-US"},{"@type":"Organization","@id":"https:\/\/teamsorare.com\/de\/#organization","name":"TeamSorare","url":"https:\/\/teamsorare.com\/de\/","logo":{"@type":"ImageObject","inLanguage":"en-US","@id":"https:\/\/teamsorare.com\/de\/#\/schema\/logo\/image\/","url":"https:\/\/teamsorare.com\/de\/wp-content\/uploads\/sites\/2\/2021\/11\/TeamSorare-NFTs-and-Data.png","contentUrl":"https:\/\/teamsorare.com\/de\/wp-content\/uploads\/sites\/2\/2021\/11\/TeamSorare-NFTs-and-Data.png","width":200,"height":200,"caption":"TeamSorare"},"image":{"@id":"https:\/\/teamsorare.com\/de\/#\/schema\/logo\/image\/"}}]}},"_links":{"self":[{"href":"https:\/\/teamsorare.com\/de\/wp-json\/wp\/v2\/pages\/663","targetHints":{"allow":["GET"]}}],"collection":[{"href":"https:\/\/teamsorare.com\/de\/wp-json\/wp\/v2\/pages"}],"about":[{"href":"https:\/\/teamsorare.com\/de\/wp-json\/wp\/v2\/types\/page"}],"author":[{"embeddable":true,"href":"https:\/\/teamsorare.com\/de\/wp-json\/wp\/v2\/users\/1"}],"replies":[{"embeddable":true,"href":"https:\/\/teamsorare.com\/de\/wp-json\/wp\/v2\/comments?post=663"}],"version-history":[{"count":1,"href":"https:\/\/teamsorare.com\/de\/wp-json\/wp\/v2\/pages\/663\/revisions"}],"predecessor-version":[{"id":1248,"href":"https:\/\/teamsorare.com\/de\/wp-json\/wp\/v2\/pages\/663\/revisions\/1248"}],"up":[{"embeddable":true,"href":"https:\/\/teamsorare.com\/de\/wp-json\/wp\/v2\/pages\/283"}],"wp:attachment":[{"href":"https:\/\/teamsorare.com\/de\/wp-json\/wp\/v2\/media?parent=663"}],"curies":[{"name":"wp","href":"https:\/\/api.w.org\/{rel}","templated":true}]}}