{"id":886,"date":"2021-11-11T09:59:17","date_gmt":"2021-11-11T09:59:17","guid":{"rendered":"https:\/\/sorarees.com\/?page_id=886"},"modified":"2021-11-17T20:52:14","modified_gmt":"2021-11-17T20:52:14","slug":"universitaet","status":"publish","type":"page","link":"https:\/\/teamsorare.com\/de\/universitaet\/","title":{"rendered":"Sorare Universit\u00e4t &#8211; Sorare Scouting, Strategien &#038; How To&#8217;s"},"content":{"rendered":"\n<p>Sorare ist nicht einfach ein Hype. Sorare wird der einzige Anbieter von Fu\u00dfball NFTs in Kombination mit einer Fantasy Management Funktion sein. Warum? Ganz einfach deswegen weil Sorare es geschafft hat sich die Rechte an (bald) allen Spielern und Vereinen zu sichern. Es gibt kaum einen gro\u00dfen Namen der noch nicht auf Sorare zu finden ist. Und das Ganze kombiniert Sorare mit einer Fantasy Funktion, die sicherlich die beste am Markt ist aktuell. Hier spielst du mit tausenden anderen Managern um attraktive Preisgelder. Du kannst an jedem Spieltag mindestens eine Karte gewinnen, aber eben auch \u201eGeldpreise\u201c wie Ethereum.<\/p>\n\n\n\n<p>Zwar verschenkt Sorare hier eine Menge Geld, es ist aber inzwischen hart umk\u00e4mpft. Das hei\u00dft, dass du dich erst einmal gegen all die anderen Manager durchsetzen k\u00f6nnen musst. Und das wird nat\u00fcrlich nicht mehr einfacher, denn die lukrativen Anfangszeiten von Sorare sind bereits vorbei.<\/p>\n\n\n\n<p>Was aber nicht bedeutet, dass es nicht mehr m\u00f6glich ist profitabel zu spielen und zu traden. Im Gegenteil: Scouting, kluges Einkaufen, die richtige Auswahl an Ligen und kluge Aufstellungen zahlen sich nach wie vor sehr gut aus. Einige k\u00f6nnen inzwischen locker von Sorare leben und fahren w\u00f6chentlich umgerechnet vierstellige Euro Betr\u00e4ge ein.<\/p>\n\n\n\n<p>Nat\u00fcrlich musst du daf\u00fcr auch etwas Geld in die Hand nehmen. Die Zeiten in denen man g\u00fcnstig an Sorare Karten kommt sind definitiv vorbei. Es kommt nat\u00fcrlich ganz darauf an in welchen Ligen und Kategorien du mitspielen m\u00f6chtest. Der Einstieg in eine Limited Liga ist noch mit wenigen hundert Euro m\u00f6glich. F\u00fcr manch andere Ligen musst du jedoch mehrere tausend Euro investieren um mithalten zu k\u00f6nnen.<\/p>\n\n\n\n<p>In unserer Sorare Universit\u00e4t geht es daher um die verschiedensten Themen um deine Erfolgschancen zu erh\u00f6hen. Wir zeigen dir wie du g\u00fcnstig an gute Karten kommst, wie du vermeidest, dass du die falschen Spieler aufstellst, wie du entscheidest in welcher Liga du spielst, wann deine Spieler \u00fcberhaupt Punkte bringen und wann nicht, und so weiter. Das Sorare Universum ist gro\u00df und wir fangen erst an es zu erkunden. Werde Teil und klick dich durch unsere Sorare Universit\u00e4t.<\/p>\n","protected":false},"excerpt":{"rendered":"<p>Sorare ist nicht einfach ein Hype. Sorare wird der einzige Anbieter von Fu\u00dfball NFTs in Kombination mit einer Fantasy Management Funktion sein. Warum? Ganz einfach deswegen weil Sorare es geschafft hat sich die Rechte an (bald) allen Spielern und Vereinen zu sichern. Es gibt kaum einen gro\u00dfen Namen der noch nicht auf Sorare zu finden &hellip;<\/p>\n<p class=\"read-more\"> <a class=\"\" href=\"https:\/\/teamsorare.com\/de\/universitaet\/\"> <span class=\"screen-reader-text\">Sorare Universit\u00e4t &#8211; Sorare Scouting, Strategien &#038; How To&#8217;s<\/span> Read More &raquo;<\/a><\/p>\n","protected":false},"author":1,"featured_media":0,"parent":0,"menu_order":0,"comment_status":"closed","ping_status":"closed","template":"","meta":{"site-sidebar-layout":"","site-content-layout":"","ast-main-header-display":"","ast-hfb-above-header-display":"","ast-hfb-below-header-display":"","ast-hfb-mobile-header-display":"","site-post-title":"","ast-breadcrumbs-content":"","ast-featured-img":"","footer-sml-layout":"","theme-transparent-header-meta":"","adv-header-id-meta":"","stick-header-meta":"","header-above-stick-meta":"","header-main-stick-meta":"","header-below-stick-meta":"","footnotes":""},"class_list":["post-886","page","type-page","status-publish","hentry"],"yoast_head":"<!-- This site is optimized with the Yoast SEO plugin v26.9 - https:\/\/yoast.com\/product\/yoast-seo-wordpress\/ -->\n<title>Sorare Universit\u00e4t - Sorare Scouting, Strategien &amp; How To&#039;s - TeamSorare<\/title>\n<meta name=\"robots\" content=\"index, follow, max-snippet:-1, max-image-preview:large, max-video-preview:-1\" \/>\n<link rel=\"canonical\" href=\"https:\/\/teamsorare.com\/de\/universitaet\/\" \/>\n<meta property=\"og:locale\" content=\"en_US\" \/>\n<meta property=\"og:type\" content=\"article\" \/>\n<meta property=\"og:title\" content=\"Sorare Universit\u00e4t - Sorare Scouting, Strategien &amp; How To&#039;s - TeamSorare\" \/>\n<meta property=\"og:description\" content=\"Sorare ist nicht einfach ein Hype. Sorare wird der einzige Anbieter von Fu\u00dfball NFTs in Kombination mit einer Fantasy Management Funktion sein. Warum? Ganz einfach deswegen weil Sorare es geschafft hat sich die Rechte an (bald) allen Spielern und Vereinen zu sichern. Es gibt kaum einen gro\u00dfen Namen der noch nicht auf Sorare zu finden &hellip; Sorare Universit\u00e4t &#8211; Sorare Scouting, Strategien &#038; How To&#8217;s Read More &raquo;\" \/>\n<meta property=\"og:url\" content=\"https:\/\/teamsorare.com\/de\/universitaet\/\" \/>\n<meta property=\"og:site_name\" content=\"TeamSorare\" \/>\n<meta property=\"article:modified_time\" content=\"2021-11-17T20:52:14+00:00\" \/>\n<meta name=\"twitter:card\" content=\"summary_large_image\" \/>\n<meta name=\"twitter:label1\" content=\"Est. reading time\" \/>\n\t<meta name=\"twitter:data1\" content=\"2 minutes\" \/>\n<script type=\"application\/ld+json\" class=\"yoast-schema-graph\">{\"@context\":\"https:\/\/schema.org\",\"@graph\":[{\"@type\":\"WebPage\",\"@id\":\"https:\/\/teamsorare.com\/de\/universitaet\/\",\"url\":\"https:\/\/teamsorare.com\/de\/universitaet\/\",\"name\":\"Sorare Universit\u00e4t - Sorare Scouting, Strategien & How To's - TeamSorare\",\"isPartOf\":{\"@id\":\"https:\/\/teamsorare.com\/de\/#website\"},\"datePublished\":\"2021-11-11T09:59:17+00:00\",\"dateModified\":\"2021-11-17T20:52:14+00:00\",\"breadcrumb\":{\"@id\":\"https:\/\/teamsorare.com\/de\/universitaet\/#breadcrumb\"},\"inLanguage\":\"en-US\",\"potentialAction\":[{\"@type\":\"ReadAction\",\"target\":[\"https:\/\/teamsorare.com\/de\/universitaet\/\"]}]},{\"@type\":\"BreadcrumbList\",\"@id\":\"https:\/\/teamsorare.com\/de\/universitaet\/#breadcrumb\",\"itemListElement\":[{\"@type\":\"ListItem\",\"position\":1,\"name\":\"Home\",\"item\":\"https:\/\/teamsorare.com\/de\/\"},{\"@type\":\"ListItem\",\"position\":2,\"name\":\"Sorare Universit\u00e4t &#8211; Sorare Scouting, Strategien &#038; How To&#8217;s\"}]},{\"@type\":\"WebSite\",\"@id\":\"https:\/\/teamsorare.com\/de\/#website\",\"url\":\"https:\/\/teamsorare.com\/de\/\",\"name\":\"TeamSorare\",\"description\":\"NFT Sammelkarten &amp; Fu\u00dfball Fantasy Manager\",\"publisher\":{\"@id\":\"https:\/\/teamsorare.com\/de\/#organization\"},\"potentialAction\":[{\"@type\":\"SearchAction\",\"target\":{\"@type\":\"EntryPoint\",\"urlTemplate\":\"https:\/\/teamsorare.com\/de\/?s={search_term_string}\"},\"query-input\":{\"@type\":\"PropertyValueSpecification\",\"valueRequired\":true,\"valueName\":\"search_term_string\"}}],\"inLanguage\":\"en-US\"},{\"@type\":\"Organization\",\"@id\":\"https:\/\/teamsorare.com\/de\/#organization\",\"name\":\"TeamSorare\",\"url\":\"https:\/\/teamsorare.com\/de\/\",\"logo\":{\"@type\":\"ImageObject\",\"inLanguage\":\"en-US\",\"@id\":\"https:\/\/teamsorare.com\/de\/#\/schema\/logo\/image\/\",\"url\":\"https:\/\/teamsorare.com\/de\/wp-content\/uploads\/sites\/2\/2021\/11\/TeamSorare-NFTs-and-Data.png\",\"contentUrl\":\"https:\/\/teamsorare.com\/de\/wp-content\/uploads\/sites\/2\/2021\/11\/TeamSorare-NFTs-and-Data.png\",\"width\":200,\"height\":200,\"caption\":\"TeamSorare\"},\"image\":{\"@id\":\"https:\/\/teamsorare.com\/de\/#\/schema\/logo\/image\/\"}}]}<\/script>\n<!-- \/ Yoast SEO plugin. -->","yoast_head_json":{"title":"Sorare Universit\u00e4t - Sorare Scouting, Strategien & How To's - TeamSorare","robots":{"index":"index","follow":"follow","max-snippet":"max-snippet:-1","max-image-preview":"max-image-preview:large","max-video-preview":"max-video-preview:-1"},"canonical":"https:\/\/teamsorare.com\/de\/universitaet\/","og_locale":"en_US","og_type":"article","og_title":"Sorare Universit\u00e4t - Sorare Scouting, Strategien & How To's - TeamSorare","og_description":"Sorare ist nicht einfach ein Hype. Sorare wird der einzige Anbieter von Fu\u00dfball NFTs in Kombination mit einer Fantasy Management Funktion sein. Warum? Ganz einfach deswegen weil Sorare es geschafft hat sich die Rechte an (bald) allen Spielern und Vereinen zu sichern. Es gibt kaum einen gro\u00dfen Namen der noch nicht auf Sorare zu finden &hellip; Sorare Universit\u00e4t &#8211; Sorare Scouting, Strategien &#038; How To&#8217;s Read More &raquo;","og_url":"https:\/\/teamsorare.com\/de\/universitaet\/","og_site_name":"TeamSorare","article_modified_time":"2021-11-17T20:52:14+00:00","twitter_card":"summary_large_image","twitter_misc":{"Est. reading time":"2 minutes"},"schema":{"@context":"https:\/\/schema.org","@graph":[{"@type":"WebPage","@id":"https:\/\/teamsorare.com\/de\/universitaet\/","url":"https:\/\/teamsorare.com\/de\/universitaet\/","name":"Sorare Universit\u00e4t - Sorare Scouting, Strategien & How To's - TeamSorare","isPartOf":{"@id":"https:\/\/teamsorare.com\/de\/#website"},"datePublished":"2021-11-11T09:59:17+00:00","dateModified":"2021-11-17T20:52:14+00:00","breadcrumb":{"@id":"https:\/\/teamsorare.com\/de\/universitaet\/#breadcrumb"},"inLanguage":"en-US","potentialAction":[{"@type":"ReadAction","target":["https:\/\/teamsorare.com\/de\/universitaet\/"]}]},{"@type":"BreadcrumbList","@id":"https:\/\/teamsorare.com\/de\/universitaet\/#breadcrumb","itemListElement":[{"@type":"ListItem","position":1,"name":"Home","item":"https:\/\/teamsorare.com\/de\/"},{"@type":"ListItem","position":2,"name":"Sorare Universit\u00e4t &#8211; Sorare Scouting, Strategien &#038; How To&#8217;s"}]},{"@type":"WebSite","@id":"https:\/\/teamsorare.com\/de\/#website","url":"https:\/\/teamsorare.com\/de\/","name":"TeamSorare","description":"NFT Sammelkarten &amp; Fu\u00dfball Fantasy Manager","publisher":{"@id":"https:\/\/teamsorare.com\/de\/#organization"},"potentialAction":[{"@type":"SearchAction","target":{"@type":"EntryPoint","urlTemplate":"https:\/\/teamsorare.com\/de\/?s={search_term_string}"},"query-input":{"@type":"PropertyValueSpecification","valueRequired":true,"valueName":"search_term_string"}}],"inLanguage":"en-US"},{"@type":"Organization","@id":"https:\/\/teamsorare.com\/de\/#organization","name":"TeamSorare","url":"https:\/\/teamsorare.com\/de\/","logo":{"@type":"ImageObject","inLanguage":"en-US","@id":"https:\/\/teamsorare.com\/de\/#\/schema\/logo\/image\/","url":"https:\/\/teamsorare.com\/de\/wp-content\/uploads\/sites\/2\/2021\/11\/TeamSorare-NFTs-and-Data.png","contentUrl":"https:\/\/teamsorare.com\/de\/wp-content\/uploads\/sites\/2\/2021\/11\/TeamSorare-NFTs-and-Data.png","width":200,"height":200,"caption":"TeamSorare"},"image":{"@id":"https:\/\/teamsorare.com\/de\/#\/schema\/logo\/image\/"}}]}},"_links":{"self":[{"href":"https:\/\/teamsorare.com\/de\/wp-json\/wp\/v2\/pages\/886","targetHints":{"allow":["GET"]}}],"collection":[{"href":"https:\/\/teamsorare.com\/de\/wp-json\/wp\/v2\/pages"}],"about":[{"href":"https:\/\/teamsorare.com\/de\/wp-json\/wp\/v2\/types\/page"}],"author":[{"embeddable":true,"href":"https:\/\/teamsorare.com\/de\/wp-json\/wp\/v2\/users\/1"}],"replies":[{"embeddable":true,"href":"https:\/\/teamsorare.com\/de\/wp-json\/wp\/v2\/comments?post=886"}],"version-history":[{"count":1,"href":"https:\/\/teamsorare.com\/de\/wp-json\/wp\/v2\/pages\/886\/revisions"}],"predecessor-version":[{"id":1184,"href":"https:\/\/teamsorare.com\/de\/wp-json\/wp\/v2\/pages\/886\/revisions\/1184"}],"wp:attachment":[{"href":"https:\/\/teamsorare.com\/de\/wp-json\/wp\/v2\/media?parent=886"}],"curies":[{"name":"wp","href":"https:\/\/api.w.org\/{rel}","templated":true}]}}