{"id":888,"date":"2021-11-11T10:15:02","date_gmt":"2021-11-11T10:15:02","guid":{"rendered":"https:\/\/sorarees.com\/?page_id=888"},"modified":"2021-12-11T17:57:36","modified_gmt":"2021-12-11T17:57:36","slug":"was-ist-sorare","status":"publish","type":"page","link":"https:\/\/teamsorare.com\/de\/was-ist-sorare\/","title":{"rendered":"Was ist Sorare?"},"content":{"rendered":"\n<p>Sorare ist sicherlich nicht der erste \u201eFu\u00dfballmanager\u201c. Er ist jedoch einer der ersten und inzwischen sicherlich der modernste der auf \u201eechten Ergebnissen\u201c beruht. Fantasy Football ist nichts Neues und in den USA bereits seit einigen Jahren ein Trend. American Football ist einfacher in der Bewertung der Spielerperformance weil mehr Leistungsdaten zur Verf\u00fcgung stehen. Beim \u201erichtigen\u201c Fu\u00dfball muss man etwas kreativer sein und Sorare hat hier eindeutig die beste Arbeit geleistet um die Leistungen von Spielern gut beurteilen zu k\u00f6nnen. Im Grunde war das bereits der wichtigste Erfolgsfaktor weswegen Sorare auch tats\u00e4chlich der beste Fantasy Fu\u00dfball Manager geworden ist.<\/p>\n\n\n\n<p>Aber das ist noch nicht alles, denn Sorare erm\u00f6glicht die Teilnahme nur mit Spielerkarten, die man auch tats\u00e4chlich besitzen muss. Bei diesen Karten handelt es sich um NFTs (Non-Fungible-Tokens). Vereinfacht gesagt ist das lediglich eine eindeutige Zuweisung in der Blockchain. Diese besagt, dass Karte XY der Adresse ZX geh\u00f6rt. Du bist mit deinem Sorare Konto Eigent\u00fcmer dieser Adresse. Und wenn du jetzt eine Karte von Cristiano Ronaldo hast, wird diese dir zugeordnet und kann nicht von irgendjemandem weggenommen werden.<\/p>\n\n\n\n<p>Das ist der gro\u00dfe Vorteil von NFTs: sie sind einmalig, k\u00f6nnen eindeutig zugewiesen und nachverfolgt werden und sind au\u00dferdem nur in deiner Hand. EA Sports k\u00f6nnte jederzeit einen Spieler von FUT einfach so entfernen und du wirst nichts dagegen machen k\u00f6nnten. Mit NFTs ist das nicht m\u00f6glich.<\/p>\n\n\n\n<p><strong>Kurz gesagt: Die Spielerkarten bei Sorare sind NFTs und damit Plattform unabh\u00e4ngig und dein Eigentum. Du kannst sie auch au\u00dferhalb von Sorare verkaufen.<\/strong><\/p>\n\n\n\n<h2 class=\"wp-block-heading\">Ist Sorare kostenlos?<\/h2>\n\n\n\n<p>Jetzt ist es nat\u00fcrlich so, dass diese NFTs einen Wert haben \u2013 und zwar immer den Wert, der jemand anders bereit ist zu bezahlen. Das bedeutet zum einen, dass du diese NFTs nicht einfach so geschenkt bekommst. Du musst sie in der Regel kaufen. Je wertvoller, desto teurer. Daf\u00fcr profitierst du aber auch von der Wertsteigerung der Karten. Du setzt sie ein um bei Sorare mitzuspielen, kannst sie aber sp\u00e4ter auch wieder verkaufen. Die Teilnahme an Sorare ist grunds\u00e4tzlich kostenlos. Du ben\u00f6tigst lediglich die Karten. Sorare schenkt dir zu Beginn ein Team f\u00fcr eine Commons Liga. Das sind die \u201egratis NFT Karten\u201c bei Sorare die in dem Sinn auch kaum Wert haben. Trotzdem kannst du damit Fantasy Fu\u00dfball spielen und Preise gewinnen. M\u00f6chtest du aber in den h\u00f6heren Ligan teilnehmen brauchst du zumindest sogenannte Limited Karten. Und diese Kosten mindestens ein paar Euro \u2013 f\u00fcr eher schwache Spieler\u2026<\/p>\n\n\n\n<p><strong>Also, ist Sorare kostenlos?<\/strong> Prinzipiell schon. Es gibt keine Teilnehmergeb\u00fchr, du musst kein Geld setzen und du kannst in der Common Liga mit Gratiskarten spielen. M\u00f6chtest du jedoch in h\u00f6heren Ligen spielen musst du in Karten investieren. Diese geh\u00f6ren dir aber auch und sind frei handelbar.<\/p>\n\n\n\n<h2 class=\"wp-block-heading\">Wie verdient Sorare Geld?<\/h2>\n\n\n\n<p>Sorare ist ein eigenes \u00d6kosystem, funktioniert aber ohne eigene Token. Du wirst also keinen Sorare Token oder \u00e4hnliches finden. Du kannst bei Sorare ganz normal mit Kreditkarte und in Euro und nat\u00fcrlich in Ethereum bezahlen. Die Gas Fees \u00fcbernimmt Sorare (aktuell) so dass du dir dar\u00fcber wenig Sorgen machen musst.<\/p>\n\n\n\n<p>Sorare erh\u00e4lt keine Provision an Managerverk\u00e4ufen. Wenn du also einen Manager kontaktierst und ihm eine Karte abkaufst, verdient Sorare daran kein Geld. Auch die Teilnahme an den Ligen ist kostenlos und ohne Geb\u00fchr.<\/p>\n\n\n\n<p>Das h\u00f6rt sich nicht unbedingt nach einem guten Gesch\u00e4ftsmodell an: Sorare \u00fcbernimmt deine Zahlungsgeb\u00fchren, sie erhalten keine Provision beim Handel mit Karten. Aber nicht so schnell. Sorare kann schlie\u00dflich jede Saison neue Karten ausgeben. Aktuell sind 183 Clubs bei Sorare (Stand Dezember 2021). Jeder Club hat nat\u00fcrlich seine 15-20 Spieler im Kader, je nachdem. Und von jedem Spieler gibt es 1000 Limited, 100 Rare, 10 Super Rare und 1 Unique Karte. Also insgesamt 1111 Karten\/Spieler\/Saison. Das sind also insgesamt \u00fcber 3 Millionen Karten \u2013 und das bereits jetzt in einem fr\u00fchen Stadium von Sorare.<\/p>\n\n\n\n<p>Diese Karten werden zu Beginn versteigert. Das hei\u00dft, Sorare \u201edropped\u201c diese Karten teilweise \u2013 und vergibt sie teilweise als Preisgelder. Bei letzterem macht Sorare nat\u00fcrlich kein Geld und verschenkt die Karten. Aber wenn sie versteigert werden wandern die Einnahmen direkt in die Kassen von Sorare. Und das ist mehr als genug, dass du dir keine Sorgen dar\u00fcber machen musst wie Sorare seine Mitarbeiter und die ganzen Preisgelder bezahlt.<\/p>\n\n\n\n<p>Je mehr Manager sich in Auktionen nach oben bieten, desto mehr Geld wird eingenommen und desto h\u00f6here Preisgelder stehen zur Verf\u00fcgung. Das geht nat\u00fcrlich auch in die andere Richtung. Du musst dir aber keine Sorgen machen, dass Sorare ein Schneeballsystem ist. Sorare ist nicht davon abh\u00e4ngig, dass immer mehr Manager teilnehmen und die Preise der Karten immer mehr steigen.<\/p>\n\n\n\n<h2 class=\"wp-block-heading\">Wie starte ich bei Sorare?<\/h2>\n\n\n\n<p>Zun\u00e4chst einmal musst du dich hier anmelden. Das ist in einer Minute erledigt. Dann bekommst du als Willkommensgeschenk Common Karten mit denen du ein Team zusammen stellen kannst. Hierf\u00fcr musst du nur auf \u201eSpielen\u201c klicken und die \u201eCommon Liga\u201c bzw. \u201eCasual\u201c ausw\u00e4hlen:<\/p>\n\n\n\n<figure class=\"wp-block-image size-full\"><img loading=\"lazy\" decoding=\"async\" width=\"970\" height=\"681\" src=\"https:\/\/teamsorare.com\/wp-content\/uploads\/sites\/2\/2021\/11\/Sorare-Casual-League.png\" alt=\"\" class=\"wp-image-892\" srcset=\"https:\/\/teamsorare.com\/de\/wp-content\/uploads\/sites\/2\/2021\/11\/Sorare-Casual-League.png 970w, https:\/\/teamsorare.com\/de\/wp-content\/uploads\/sites\/2\/2021\/11\/Sorare-Casual-League-300x211.png 300w, https:\/\/teamsorare.com\/de\/wp-content\/uploads\/sites\/2\/2021\/11\/Sorare-Casual-League-768x539.png 768w\" sizes=\"auto, (max-width: 970px) 100vw, 970px\" \/><\/figure>\n\n\n\n<p>Klickst du auf \u201eBearbeiten\u201c bzw. \u201eAnmelden\u201c kannst du das Team aufstellen:<\/p>\n\n\n\n<figure class=\"wp-block-image size-large\"><img loading=\"lazy\" decoding=\"async\" width=\"1024\" height=\"442\" src=\"https:\/\/teamsorare.com\/wp-content\/uploads\/sites\/2\/2021\/11\/Sorare-Casual-Team-1024x442.png\" alt=\"\" class=\"wp-image-893\" srcset=\"https:\/\/teamsorare.com\/de\/wp-content\/uploads\/sites\/2\/2021\/11\/Sorare-Casual-Team-1024x442.png 1024w, https:\/\/teamsorare.com\/de\/wp-content\/uploads\/sites\/2\/2021\/11\/Sorare-Casual-Team-300x130.png 300w, https:\/\/teamsorare.com\/de\/wp-content\/uploads\/sites\/2\/2021\/11\/Sorare-Casual-Team-768x332.png 768w, https:\/\/teamsorare.com\/de\/wp-content\/uploads\/sites\/2\/2021\/11\/Sorare-Casual-Team.png 1276w\" sizes=\"auto, (max-width: 1024px) 100vw, 1024px\" \/><\/figure>\n\n\n\n<p><strong>Das Prinzip ist mehr als einfach:<\/strong><\/p>\n\n\n\n<p>Es gibt einen Torwart, einen Verteidiger, einen Mittelfeldspieler, einen St\u00fcrmer und einen auf der Ersatzbank. Au\u00dferdem kannst du einen Kapit\u00e4n bestimmen der einen Punktebonus bekommt. Diese Punkteboni sind immer prozentuale Aufschl\u00e4ge. Ein 5% Bonus bringt dir also bei einem Spieler, der 100 Punkte bringt mehr als bei einem Spieler mit 50 Punkten.<\/p>\n\n\n\n<p>Am Ende des Spieltags wird abgerechnet und ermittelt wie viele Punkte dein Team eingespielt hat. Dabei werden echte Leistungen an den Spieltagen genommen. Das bedeutet auch eins: nimmt ein Spieler aus welchem Grund auch immer nicht teil, erh\u00e4lt er keine Punkte. Das nennt sich <strong>DNP f\u00fcr Did not Play<\/strong>. Spielt er jedoch wird die Leistung ermittelt, die je nach Position unterschiedlich ist. Da geht es um Dinge wie Vorlagen, Tore, Paraden, gewonnene Zweik\u00e4mpfe, usw.<\/p>\n\n\n\n<h2 class=\"wp-block-heading\">Wie funktionieren die Ranglisten?<\/h2>\n\n\n\n<p>Ganz einfach: Je mehr Punkte du an einem Spieltag geholt hast, desto weiter oben landest du im Ranking. Und deine Belohnung h\u00e4ngt von deiner Position ab. So bekommen z.B. die ersten 100 Teams eine hochwertige Karte geschenkt, die n\u00e4chsten 100 eine weniger hochwertige, die n\u00e4chsten nur eine unterklassige Karte. Ethereum bzw. Euro Preisgelder gibt es dann f\u00fcr Rang 1-3. Das ist nur ein Beispiel, da jede Liga unterschiedlich ist und sich die Preisgelder und Strukturen laufend \u00e4ndern.<\/p>\n\n\n\n<p>Es gibt auch sogenannte Threshold Ligen wo du feste Geldpreise von z.B. 40\u20ac bekommst wenn dein Team \u00fcber 205 Punkte holt. Bei 250 Punkten gibt es noch einmal mehr. Das hei\u00dft, du wirst unabh\u00e4ngig davon bezahlt wie deine Position in der Liga aussieht. Diese Threshold Ligen gibt es aktuell noch, aber niemand wei\u00df wie lange dem so sein wird.<\/p>\n\n\n\n<h2 class=\"wp-block-heading\">Wie komme ich an Karten bei Sorare?<\/h2>\n\n\n\n<p>Karten zu kaufen ist einfach und der schnellste Einstieg geht \u00fcber Auktionen. Praktisch alle paar Sekunden endet eine Auktion und es ist sehr unwahrscheinlich, dass du nicht deine gew\u00fcnschte Karte findest. Am besten filterst du auf Soraredata nach deinen genauen Kriterien und klickst dich durch die Auktionen. Dort wirst du wieder auf Sorare verlinkt um ein Gebot abgeben zu k\u00f6nnen.<\/p>\n\n\n\n<p>Achtung: wenn du \u00fcber Kreditkarte mit Euro bietest wird der Betrag den du bietest bereits abgebucht und falls du keinen Erfolg hast wieder zur\u00fcck gebucht. Das kann sehr l\u00e4stig sein wenn du viele Gebote abgibst und h\u00e4ufig keinen Zuschlag erh\u00e4ltst. Einfacher ist es eine einmalige Einzahlung vorzunehmen und mit diesem Budget zu bieten.<\/p>\n\n\n\n<p>Neben den Auktionen gibt es noch Managerverk\u00e4ufe. Das Problem hier ist, dass 80% der Manager astronomische Preise festlegen in der Hoffnung, dass sich irgendwann ein dummer K\u00e4ufer findet. Das hei\u00dft, du musst hier wesentlich besser durchfiltern. Auch das ist \u00fcber Soraredata m\u00f6glich. Mache nicht den Fehler direkt bei Sorare zu schauen und auf Schn\u00e4ppchen zu hoffen \u2013 das ist sehr frustrierend.<\/p>\n\n\n\n<p>Du kannst Managern auch direkt ein Angebot abgeben f\u00fcr Karten \u2013 auch f\u00fcr nur 5\u20ac obwohl er die Karte f\u00fcr tausend Euro anbietet\u2026 Hier solltest du den Manager aber nicht f\u00fcr dumm verkaufen und ein faires Angebot abgeben. Ansonsten hast du nur Zeit investiert und wahrscheinlich einen Manager, der dich sofort blockiert.<\/p>\n\n\n\n<h2 class=\"wp-block-heading\">Im Folgenden ein interessantes Video zu Sorare selbst:<\/h2>\n\n\n\n<iframe loading=\"lazy\" width=\"560\" height=\"315\" src=\"https:\/\/www.youtube-nocookie.com\/embed\/SN8e1eijP9o\" title=\"YouTube video player\" frameborder=\"0\" allow=\"accelerometer; autoplay; clipboard-write; encrypted-media; gyroscope; picture-in-picture\" allowfullscreen><\/iframe>\n","protected":false},"excerpt":{"rendered":"<p>Sorare ist sicherlich nicht der erste \u201eFu\u00dfballmanager\u201c. Er ist jedoch einer der ersten und inzwischen sicherlich der modernste der auf \u201eechten Ergebnissen\u201c beruht. Fantasy Football ist nichts Neues und in den USA bereits seit einigen Jahren ein Trend. American Football ist einfacher in der Bewertung der Spielerperformance weil mehr Leistungsdaten zur Verf\u00fcgung stehen. Beim \u201erichtigen\u201c &hellip;<\/p>\n<p class=\"read-more\"> <a class=\"\" href=\"https:\/\/teamsorare.com\/de\/was-ist-sorare\/\"> <span class=\"screen-reader-text\">Was ist Sorare?<\/span> Read More &raquo;<\/a><\/p>\n","protected":false},"author":1,"featured_media":0,"parent":0,"menu_order":0,"comment_status":"open","ping_status":"closed","template":"","meta":{"site-sidebar-layout":"","site-content-layout":"","ast-main-header-display":"","ast-hfb-above-header-display":"","ast-hfb-below-header-display":"","ast-hfb-mobile-header-display":"","site-post-title":"","ast-breadcrumbs-content":"","ast-featured-img":"","footer-sml-layout":"","theme-transparent-header-meta":"","adv-header-id-meta":"","stick-header-meta":"","header-above-stick-meta":"","header-main-stick-meta":"","header-below-stick-meta":"","footnotes":""},"class_list":["post-888","page","type-page","status-publish","hentry"],"yoast_head":"<!-- This site is optimized with the Yoast SEO plugin v26.9 - https:\/\/yoast.com\/product\/yoast-seo-wordpress\/ -->\n<title>Was ist Sorare? - TeamSorare<\/title>\n<meta name=\"robots\" content=\"index, follow, max-snippet:-1, max-image-preview:large, max-video-preview:-1\" \/>\n<link rel=\"canonical\" href=\"https:\/\/teamsorare.com\/de\/was-ist-sorare\/\" \/>\n<meta property=\"og:locale\" content=\"en_US\" \/>\n<meta property=\"og:type\" content=\"article\" \/>\n<meta property=\"og:title\" content=\"Was ist Sorare? - TeamSorare\" \/>\n<meta property=\"og:description\" content=\"Sorare ist sicherlich nicht der erste \u201eFu\u00dfballmanager\u201c. Er ist jedoch einer der ersten und inzwischen sicherlich der modernste der auf \u201eechten Ergebnissen\u201c beruht. Fantasy Football ist nichts Neues und in den USA bereits seit einigen Jahren ein Trend. American Football ist einfacher in der Bewertung der Spielerperformance weil mehr Leistungsdaten zur Verf\u00fcgung stehen. Beim \u201erichtigen\u201c &hellip; Was ist Sorare? Read More &raquo;\" \/>\n<meta property=\"og:url\" content=\"https:\/\/teamsorare.com\/de\/was-ist-sorare\/\" \/>\n<meta property=\"og:site_name\" content=\"TeamSorare\" \/>\n<meta property=\"article:modified_time\" content=\"2021-12-11T17:57:36+00:00\" \/>\n<meta property=\"og:image\" content=\"https:\/\/teamsorare.com\/wp-content\/uploads\/sites\/2\/2021\/11\/Sorare-Casual-League.png\" \/>\n<meta name=\"twitter:card\" content=\"summary_large_image\" \/>\n<meta name=\"twitter:label1\" content=\"Est. reading time\" \/>\n\t<meta name=\"twitter:data1\" content=\"7 minutes\" \/>\n<script type=\"application\/ld+json\" class=\"yoast-schema-graph\">{\"@context\":\"https:\/\/schema.org\",\"@graph\":[{\"@type\":\"WebPage\",\"@id\":\"https:\/\/teamsorare.com\/de\/was-ist-sorare\/\",\"url\":\"https:\/\/teamsorare.com\/de\/was-ist-sorare\/\",\"name\":\"Was ist Sorare? - TeamSorare\",\"isPartOf\":{\"@id\":\"https:\/\/teamsorare.com\/de\/#website\"},\"primaryImageOfPage\":{\"@id\":\"https:\/\/teamsorare.com\/de\/was-ist-sorare\/#primaryimage\"},\"image\":{\"@id\":\"https:\/\/teamsorare.com\/de\/was-ist-sorare\/#primaryimage\"},\"thumbnailUrl\":\"https:\/\/teamsorare.com\/wp-content\/uploads\/sites\/2\/2021\/11\/Sorare-Casual-League.png\",\"datePublished\":\"2021-11-11T10:15:02+00:00\",\"dateModified\":\"2021-12-11T17:57:36+00:00\",\"breadcrumb\":{\"@id\":\"https:\/\/teamsorare.com\/de\/was-ist-sorare\/#breadcrumb\"},\"inLanguage\":\"en-US\",\"potentialAction\":[{\"@type\":\"ReadAction\",\"target\":[\"https:\/\/teamsorare.com\/de\/was-ist-sorare\/\"]}]},{\"@type\":\"ImageObject\",\"inLanguage\":\"en-US\",\"@id\":\"https:\/\/teamsorare.com\/de\/was-ist-sorare\/#primaryimage\",\"url\":\"https:\/\/teamsorare.com\/wp-content\/uploads\/sites\/2\/2021\/11\/Sorare-Casual-League.png\",\"contentUrl\":\"https:\/\/teamsorare.com\/wp-content\/uploads\/sites\/2\/2021\/11\/Sorare-Casual-League.png\"},{\"@type\":\"BreadcrumbList\",\"@id\":\"https:\/\/teamsorare.com\/de\/was-ist-sorare\/#breadcrumb\",\"itemListElement\":[{\"@type\":\"ListItem\",\"position\":1,\"name\":\"Home\",\"item\":\"https:\/\/teamsorare.com\/de\/\"},{\"@type\":\"ListItem\",\"position\":2,\"name\":\"Was ist Sorare?\"}]},{\"@type\":\"WebSite\",\"@id\":\"https:\/\/teamsorare.com\/de\/#website\",\"url\":\"https:\/\/teamsorare.com\/de\/\",\"name\":\"TeamSorare\",\"description\":\"NFT Sammelkarten &amp; Fu\u00dfball Fantasy Manager\",\"publisher\":{\"@id\":\"https:\/\/teamsorare.com\/de\/#organization\"},\"potentialAction\":[{\"@type\":\"SearchAction\",\"target\":{\"@type\":\"EntryPoint\",\"urlTemplate\":\"https:\/\/teamsorare.com\/de\/?s={search_term_string}\"},\"query-input\":{\"@type\":\"PropertyValueSpecification\",\"valueRequired\":true,\"valueName\":\"search_term_string\"}}],\"inLanguage\":\"en-US\"},{\"@type\":\"Organization\",\"@id\":\"https:\/\/teamsorare.com\/de\/#organization\",\"name\":\"TeamSorare\",\"url\":\"https:\/\/teamsorare.com\/de\/\",\"logo\":{\"@type\":\"ImageObject\",\"inLanguage\":\"en-US\",\"@id\":\"https:\/\/teamsorare.com\/de\/#\/schema\/logo\/image\/\",\"url\":\"https:\/\/teamsorare.com\/de\/wp-content\/uploads\/sites\/2\/2021\/11\/TeamSorare-NFTs-and-Data.png\",\"contentUrl\":\"https:\/\/teamsorare.com\/de\/wp-content\/uploads\/sites\/2\/2021\/11\/TeamSorare-NFTs-and-Data.png\",\"width\":200,\"height\":200,\"caption\":\"TeamSorare\"},\"image\":{\"@id\":\"https:\/\/teamsorare.com\/de\/#\/schema\/logo\/image\/\"}}]}<\/script>\n<!-- \/ Yoast SEO plugin. -->","yoast_head_json":{"title":"Was ist Sorare? - TeamSorare","robots":{"index":"index","follow":"follow","max-snippet":"max-snippet:-1","max-image-preview":"max-image-preview:large","max-video-preview":"max-video-preview:-1"},"canonical":"https:\/\/teamsorare.com\/de\/was-ist-sorare\/","og_locale":"en_US","og_type":"article","og_title":"Was ist Sorare? - TeamSorare","og_description":"Sorare ist sicherlich nicht der erste \u201eFu\u00dfballmanager\u201c. Er ist jedoch einer der ersten und inzwischen sicherlich der modernste der auf \u201eechten Ergebnissen\u201c beruht. Fantasy Football ist nichts Neues und in den USA bereits seit einigen Jahren ein Trend. American Football ist einfacher in der Bewertung der Spielerperformance weil mehr Leistungsdaten zur Verf\u00fcgung stehen. Beim \u201erichtigen\u201c &hellip; Was ist Sorare? Read More &raquo;","og_url":"https:\/\/teamsorare.com\/de\/was-ist-sorare\/","og_site_name":"TeamSorare","article_modified_time":"2021-12-11T17:57:36+00:00","og_image":[{"url":"https:\/\/teamsorare.com\/wp-content\/uploads\/sites\/2\/2021\/11\/Sorare-Casual-League.png","type":"","width":"","height":""}],"twitter_card":"summary_large_image","twitter_misc":{"Est. reading time":"7 minutes"},"schema":{"@context":"https:\/\/schema.org","@graph":[{"@type":"WebPage","@id":"https:\/\/teamsorare.com\/de\/was-ist-sorare\/","url":"https:\/\/teamsorare.com\/de\/was-ist-sorare\/","name":"Was ist Sorare? - TeamSorare","isPartOf":{"@id":"https:\/\/teamsorare.com\/de\/#website"},"primaryImageOfPage":{"@id":"https:\/\/teamsorare.com\/de\/was-ist-sorare\/#primaryimage"},"image":{"@id":"https:\/\/teamsorare.com\/de\/was-ist-sorare\/#primaryimage"},"thumbnailUrl":"https:\/\/teamsorare.com\/wp-content\/uploads\/sites\/2\/2021\/11\/Sorare-Casual-League.png","datePublished":"2021-11-11T10:15:02+00:00","dateModified":"2021-12-11T17:57:36+00:00","breadcrumb":{"@id":"https:\/\/teamsorare.com\/de\/was-ist-sorare\/#breadcrumb"},"inLanguage":"en-US","potentialAction":[{"@type":"ReadAction","target":["https:\/\/teamsorare.com\/de\/was-ist-sorare\/"]}]},{"@type":"ImageObject","inLanguage":"en-US","@id":"https:\/\/teamsorare.com\/de\/was-ist-sorare\/#primaryimage","url":"https:\/\/teamsorare.com\/wp-content\/uploads\/sites\/2\/2021\/11\/Sorare-Casual-League.png","contentUrl":"https:\/\/teamsorare.com\/wp-content\/uploads\/sites\/2\/2021\/11\/Sorare-Casual-League.png"},{"@type":"BreadcrumbList","@id":"https:\/\/teamsorare.com\/de\/was-ist-sorare\/#breadcrumb","itemListElement":[{"@type":"ListItem","position":1,"name":"Home","item":"https:\/\/teamsorare.com\/de\/"},{"@type":"ListItem","position":2,"name":"Was ist Sorare?"}]},{"@type":"WebSite","@id":"https:\/\/teamsorare.com\/de\/#website","url":"https:\/\/teamsorare.com\/de\/","name":"TeamSorare","description":"NFT Sammelkarten &amp; Fu\u00dfball Fantasy Manager","publisher":{"@id":"https:\/\/teamsorare.com\/de\/#organization"},"potentialAction":[{"@type":"SearchAction","target":{"@type":"EntryPoint","urlTemplate":"https:\/\/teamsorare.com\/de\/?s={search_term_string}"},"query-input":{"@type":"PropertyValueSpecification","valueRequired":true,"valueName":"search_term_string"}}],"inLanguage":"en-US"},{"@type":"Organization","@id":"https:\/\/teamsorare.com\/de\/#organization","name":"TeamSorare","url":"https:\/\/teamsorare.com\/de\/","logo":{"@type":"ImageObject","inLanguage":"en-US","@id":"https:\/\/teamsorare.com\/de\/#\/schema\/logo\/image\/","url":"https:\/\/teamsorare.com\/de\/wp-content\/uploads\/sites\/2\/2021\/11\/TeamSorare-NFTs-and-Data.png","contentUrl":"https:\/\/teamsorare.com\/de\/wp-content\/uploads\/sites\/2\/2021\/11\/TeamSorare-NFTs-and-Data.png","width":200,"height":200,"caption":"TeamSorare"},"image":{"@id":"https:\/\/teamsorare.com\/de\/#\/schema\/logo\/image\/"}}]}},"_links":{"self":[{"href":"https:\/\/teamsorare.com\/de\/wp-json\/wp\/v2\/pages\/888","targetHints":{"allow":["GET"]}}],"collection":[{"href":"https:\/\/teamsorare.com\/de\/wp-json\/wp\/v2\/pages"}],"about":[{"href":"https:\/\/teamsorare.com\/de\/wp-json\/wp\/v2\/types\/page"}],"author":[{"embeddable":true,"href":"https:\/\/teamsorare.com\/de\/wp-json\/wp\/v2\/users\/1"}],"replies":[{"embeddable":true,"href":"https:\/\/teamsorare.com\/de\/wp-json\/wp\/v2\/comments?post=888"}],"version-history":[{"count":3,"href":"https:\/\/teamsorare.com\/de\/wp-json\/wp\/v2\/pages\/888\/revisions"}],"predecessor-version":[{"id":1477,"href":"https:\/\/teamsorare.com\/de\/wp-json\/wp\/v2\/pages\/888\/revisions\/1477"}],"wp:attachment":[{"href":"https:\/\/teamsorare.com\/de\/wp-json\/wp\/v2\/media?parent=888"}],"curies":[{"name":"wp","href":"https:\/\/api.w.org\/{rel}","templated":true}]}}