{"id":897,"date":"2021-11-11T10:30:25","date_gmt":"2021-11-11T10:30:25","guid":{"rendered":"https:\/\/sorarees.com\/?page_id=895"},"modified":"2021-11-17T20:47:22","modified_gmt":"2021-11-17T20:47:22","slug":"geld-verdienen-mit-sorare","status":"publish","type":"page","link":"https:\/\/teamsorare.com\/de\/universitaet\/geld-verdienen-mit-sorare\/","title":{"rendered":"Mit Sorare Geld verdienen?"},"content":{"rendered":"\n<p>Den ersten Hype hat Sorare bereits hinter sich. Jetzt ist es an der Zeit sich zu fragen wohin die Reise in Zukunft geht und ob man von Sorare erwarten kann sich zu etablieren. Denn genau diese Frage sollte man sich zuerst stellen wenn man dar\u00fcber nachdenkt in Sorare Geld zu investieren oder die Absicht zu haben zumindest eine Wertsteigerung mit seinen Karten zu erzielen.<\/p>\n\n\n\n<p>Denn eines ist klar: Das ganze Sorare \u00d6kosystem lebt davon, dass die Gewinne attraktiv bleiben und es genug Anreiz gibt sich zu beteiligen. Warum ist das so? Ganz einfach deshalb weil niemand viel Geld in Karten investieren m\u00f6chte mit denen er nichts gewinnen kann nur in der Hoffnung sie sp\u00e4ter einmal teuer zu verkaufen. Denn dann k\u00f6nnte man genauso gut nur Common Ligen, Comunio, oder \u00e4hnliches spielen und ein paar Panini Sammelkarten kaufen. Sorare hat also ein gro\u00dfes Interesse hier ein Gleichgewicht zu halten um f\u00fcr neue und bestehende Spieler attraktiv zu bleiben. Nur so kann Sorare jede Saison tausende neuer Karten heraus geben und von Managern teilweise tausende von Euro verlangen.<\/p>\n\n\n\n<p class=\"has-text-align-center\"><strong>Um das Sorare \u00d6kosystem am laufen zu halten, ist Sorare gezwungen Preisgelder attraktiv zu machen!<\/strong><\/p>\n\n\n\n<p>Das spricht schon einmal daf\u00fcr warum es sehr wahrscheinlich immer m\u00f6glich sein wird mit Sorare Geld zu verdienen. Es gibt allerdings keine Garantie, dass dies immer noch so einfach und attraktiv sein wird wie zu Beginn.<\/p>\n\n\n\n<p>Kommen wir zu einem Punkt, der dagegen spricht: Es gibt nicht unendlich viele Ligen, nicht unendlich viele Clubs und auch nicht unendlich viele Fu\u00dfballfans. Aktuell w\u00e4chst Sorare rasant an und wird bis 2023 vermutlich so ziemlich jeden Club und auch niedrige Ligen unter Vertrag genommen haben. Mit diesem Wachstum kommt jedoch auch der Druck immer neue Manager f\u00fcr sich begeistern zu k\u00f6nnen. Was wir Anfang 2021 gesehen haben waren \u201eEarly Mover\u201c die daf\u00fcr belohnt wurden g\u00fcnstig ihre Karten kaufen zu k\u00f6nnen. 2022 werden wir mit Sorare ein extremes Wachstum sehen und das aus zwei Gr\u00fcnden: Sorare ist einmalig und kann nicht mehr kopiert werden. Denke nur einmal an Fifa. PES und andere Spiele k\u00f6nnen noch so gut sein, am Ende gewinnt derjenige mit der Lizenz. Und hier wird es neben Sorare keine Alternativen geben k\u00f6nnen. NFTs k\u00f6nnen als neue digitale Verm\u00f6genswerte angesehen werden, die noch komplett in den Kinderschuhen stecken. \u00c4hnlich wie Kryptow\u00e4hrungen in den Anfangszeiten. Kein gro\u00dfer Investor hat sich rangetraut und sie bel\u00e4chelt. Aber NFTs wird es \u00e4hnlich ergehen: irgendwann verstehen auch institutionelle Investoren was dahinter steckt und es wird viel Geld in den Markt flie\u00dfen. Facebook macht es mit Metaverse bereits vor wohin die Reise gehen wird.<\/p>\n\n\n\n<p>Aber: Sorare vergibt jede Saison neue Karten. Alte Karten verlieren an Wert. Pro Spieler gibt es irgendwann zig tausende von Karten, insbesondere Limited Karten. Es ist fraglich ob es jemals so viel Nachfrage gibt.<\/p>\n\n\n\n<p class=\"has-text-align-center\"><strong>Irgendwann wird das Wachstum ein Ende haben und alte Karten lassen sich nicht mehr mit Wertsteigerungen verkaufen.<\/strong><\/p>\n\n\n\n<p>Zugegeben, von diesem Zeitpunkt sind wir noch ein paar Jahre weg, aber man sollte nicht so naiv sein, dass ein <em>Super Rare Robert Lewandowski<\/em> der Saison 20\/21 exponentiell an Wert gewinnen wird.<\/p>\n\n\n\n<p>Ein wichtiger Punkt, der daf\u00fcr spricht, dass man mit Sorare auch \u00fcber die n\u00e4chsten Jahre Geld verdienen kann ist folgender: Sorare kann extrem kreativ sein was die Ausgestaltung und Erschaffung von Ligen angeht. Es k\u00f6nnen theoretisch die verschiedensten Ligen ins Leben gerufen werden. Ligen, die heute relativ gro\u00df sind k\u00f6nnen noch weiter konzentriert werden, z.B. in eine reine \u201eBundesliga\u201c in der nur Spieler aus der Bundesliga erlaubt sind. Oder sp\u00e4ter einmal reine Amateurligen, AK30 Teams, usw. Der Phantasie sind hier keine Grenzen gesetzt. Auch kann Sorare jederzeit die Auszahlungen anpassen und macht dies auch laufend. Zeigt sich dass in einer Liga inzwischen 10.000 Teams gemeldet sind aber nur 400 bezahlt werden, kann die Aufteilung jederzeit wieder attraktiver gemacht werden. Es k\u00f6nnen weitere \u201eThreshold Ligen\u201c eingef\u00fchrt werden, usw.<\/p>\n\n\n\n<p>Ein weiterer Punkt, der daf\u00fcr spricht mit Sorare Geld zu verdienen: wenn du Ahnung hast und die Energie investieren m\u00f6chtest, ist es im Prinzip nur eine Frage der Investition um Erfolg zu haben. Denn viele Manager springen einfach mal auf den Zug auf und \u201eschauen mal\u201c. Sie kaufen sich ein paar Spieler hier und da, melden sich f\u00fcr verschiedene Ligen an, usw. Aber sie sind dann teilweise nachl\u00e4ssig, informieren sich nicht gut genug \u00fcber die Form ihrer Spieler, machen sich keine Gedanken bzgl. der Aufstellung, sie vergessen einfach mal ein Team zu melden, etc. Kurz gesagt:<\/p>\n\n\n\n<p class=\"has-text-align-center\"><strong>Es gibt viele M\u00f6glichkeiten wie du mit dem richtigen Einsatz besser sein kannst als der Gro\u00dfteil aller Manager.<\/strong><\/p>\n\n\n\n<p>Es w\u00e4re jedoch naiv zu glauben, dass du es nur mit Idioten zu tun hast \ud83d\ude42 Auf Sorare tummeln sich sehr viele gute Manager. Einige davon haben bereits fr\u00fch im Jahr 2021 angefangen und hatten den Vorteil noch g\u00fcnstig Karten zu kaufen. Wenn du jetzt einsteigst musst du teilweise mehrere tausende Euro investieren um z.B. ein gutes Rare Team aufzustellen oder mehr als nur in einer Liga antreten zu k\u00f6nnen. Insofern muss dieser Einstieg nat\u00fcrlich gut \u00fcberlegt sein.<\/p>\n\n\n\n<p>Du solltest dir folgende Frage stellen:<\/p>\n\n\n\n<p class=\"has-text-align-center\"><strong>Welchen Wettbewerbsvorteil habe ich gegen\u00fcber 95% der anderen Manager?<\/strong><\/p>\n\n\n\n<p>Du musst kein perfekter Manager sein um bei Sorare langfristig Geld verdienen zu k\u00f6nnen. Aber du solltest dir zumindest vornehmen den Gro\u00dfteil schlagen zu k\u00f6nnen indem du entweder das bessere Management hast oder deine Karten wirtschaftlicher bekommst. Idealerweise kannst du beides.<\/p>\n\n\n\n<p>Das sieht dann z.B. so aus, dass du die richtige Liga w\u00e4hlst die am besten zu deinen Ressourcen passt. Wenn du nur 1000 \u20ac Budget hast wirst du nichts in einer Rare Liga anfangen k\u00f6nnen. Der Fehler der meisten Manager ist, dass sie sich \u00fcbersch\u00e4tzen und in einer Liga spielen, die sie nicht halten k\u00f6nnen. Z.B. wenn ein wertvoller Spieler wie ein Torwart ausf\u00e4llt und kein Budget vorhanden ist einen gleichwertigen Ersatz zu finden.<\/p>\n\n\n\n<p>Viele Manager spielen zu stark nach Sympathien. Das hei\u00dft, sie entscheiden sich eher f\u00fcr Ligen die ihnen selbst gefallen als z.B. in einer MLS oder Asia zu spielen. Ihre Aufstellungen oder das Scouting erfolgt dann auch eher nach Sympathien anstatt nach Fakten.<\/p>\n\n\n\n<p>Beim Scouting selbst und der Auswahl der Karten gibt es ebenfalls viele Fehlerquellen. Scouting kann sehr intensiv betrieben werden und gute Manager nutzen wirklich alle Quellen, die ihnen zur Verf\u00fcgung stehen. Teilweise die gleichen Ressourcen wie echte Scouts von Profiteams wie z.B. <a href=\"https:\/\/scoutpad.com\">Scoutpad<\/a>. Sie nutzen also deutlich mehr als nur <a href=\"https:\/\/www.soraredata.com\/\">Soraredata<\/a>, verfolgen die genaue Verletzungshistorie von Spielern und Nachrichten, die Aussagen \u00fcber Formkurven erlauben. Unterm Strich kannst du hier sehr viel machen.<\/p>\n\n\n\n<p>Und letztendlich geht es um den Kauf von Karten. Der Einstieg f\u00fcr die meisten Spieler sind Auktionen und hier haben viele das Gef\u00fchl ein Schn\u00e4ppchen schlagen zu k\u00f6nnen. Betrachtet man aber die Marktpreise realistisch (zumindest im April 2026) dann f\u00e4llt auf, dass solche Schn\u00e4ppchen eher selten sind. H\u00e4ufig zahlt man deutlich zu hohe Aufschl\u00e4ge in Auktionen.<\/p>\n\n\n\n<p>Managerk\u00e4ufe m\u00fcssen ebenfalls nicht besser sein und 80% der Angebote sind reine Fantasiepreise nach dem Motto \u201eirgendein Idiot wird schon kaufen\u201c. Theoretisch kannst du als Karteninhaber jeden Preis festlegen. Das hei\u00dft, viele der Angebote sind viel zu hoch angesetzt. Bem\u00fche immer eine gute Quelle wie Soraredata um realistische Preise abzusch\u00e4tzen und richte dich niemals nach den aufgerufenen Managerpreisen. Versetze dich einmal in die Lage: wenn du eine Karte zum Verkauf anbietest aber nicht dringend verkaufen musst, w\u00fcrdest du eher zu viel oder zu wenig verlangen? Eben.<\/p>\n\n\n\n<h2 class=\"wp-block-heading\">Fazit<\/h2>\n\n\n\n<p>Wir hoffen dieser Artikel hat etwas Licht ins Dunkel gebracht. Es macht keinen Sinn die Profitabilit\u00e4t der Ligen durchzurechnen weil sich diese praktisch w\u00f6chentlich \u00e4ndert \u2013 und zwar in jederlei Hinsicht. Preisgelder \u00e4ndern sich, Preisstrukturen und nat\u00fcrlich die Anzahl gemeldeter Teams. Und vor allem auch die Preise f\u00fcr Karten.<\/p>\n\n\n\n<p>Fakt ist jedoch: Sorare kann nach wie vor profitabel sein. Allerdings gilt dies ziemlich sicher nur f\u00fcr Manager, die gerne Zeit damit verbringen und sich tats\u00e4chlich daf\u00fcr interessieren. Es gibt keine einfachen Rezepte (mehr) um erfolgreich zu sein. NFTs werden nicht exponentiell an Wert steigen und du musst wissen wie du die Karten f\u00fcr dich arbeiten lassen kannst. Ansonsten wirst du \u00fcber kurz oder lang eher Geld verlieren.<\/p>\n","protected":false},"excerpt":{"rendered":"<p>Den ersten Hype hat Sorare bereits hinter sich. Jetzt ist es an der Zeit sich zu fragen wohin die Reise in Zukunft geht und ob man von Sorare erwarten kann sich zu etablieren. Denn genau diese Frage sollte man sich zuerst stellen wenn man dar\u00fcber nachdenkt in Sorare Geld zu investieren oder die Absicht zu &hellip;<\/p>\n<p class=\"read-more\"> <a class=\"\" href=\"https:\/\/teamsorare.com\/de\/universitaet\/geld-verdienen-mit-sorare\/\"> <span class=\"screen-reader-text\">Mit Sorare Geld verdienen?<\/span> Read More &raquo;<\/a><\/p>\n","protected":false},"author":1,"featured_media":0,"parent":886,"menu_order":0,"comment_status":"open","ping_status":"closed","template":"","meta":{"site-sidebar-layout":"","site-content-layout":"","ast-main-header-display":"","ast-hfb-above-header-display":"","ast-hfb-below-header-display":"","ast-hfb-mobile-header-display":"","site-post-title":"","ast-breadcrumbs-content":"","ast-featured-img":"","footer-sml-layout":"","theme-transparent-header-meta":"","adv-header-id-meta":"","stick-header-meta":"","header-above-stick-meta":"","header-main-stick-meta":"","header-below-stick-meta":"","footnotes":""},"class_list":["post-897","page","type-page","status-publish","hentry"],"yoast_head":"<!-- This site is optimized with the Yoast SEO plugin v26.9 - https:\/\/yoast.com\/product\/yoast-seo-wordpress\/ -->\n<title>Mit Sorare Geld verdienen? - TeamSorare<\/title>\n<meta name=\"robots\" content=\"index, follow, max-snippet:-1, max-image-preview:large, max-video-preview:-1\" \/>\n<link rel=\"canonical\" href=\"https:\/\/teamsorare.com\/de\/universitaet\/geld-verdienen-mit-sorare\/\" \/>\n<meta property=\"og:locale\" content=\"en_US\" \/>\n<meta property=\"og:type\" content=\"article\" \/>\n<meta property=\"og:title\" content=\"Mit Sorare Geld verdienen? - TeamSorare\" \/>\n<meta property=\"og:description\" content=\"Den ersten Hype hat Sorare bereits hinter sich. Jetzt ist es an der Zeit sich zu fragen wohin die Reise in Zukunft geht und ob man von Sorare erwarten kann sich zu etablieren. Denn genau diese Frage sollte man sich zuerst stellen wenn man dar\u00fcber nachdenkt in Sorare Geld zu investieren oder die Absicht zu &hellip; Mit Sorare Geld verdienen? Read More &raquo;\" \/>\n<meta property=\"og:url\" content=\"https:\/\/teamsorare.com\/de\/universitaet\/geld-verdienen-mit-sorare\/\" \/>\n<meta property=\"og:site_name\" content=\"TeamSorare\" \/>\n<meta property=\"article:modified_time\" content=\"2021-11-17T20:47:22+00:00\" \/>\n<meta name=\"twitter:card\" content=\"summary_large_image\" \/>\n<meta name=\"twitter:label1\" content=\"Est. reading time\" \/>\n\t<meta name=\"twitter:data1\" content=\"6 minutes\" \/>\n<script type=\"application\/ld+json\" class=\"yoast-schema-graph\">{\"@context\":\"https:\/\/schema.org\",\"@graph\":[{\"@type\":\"WebPage\",\"@id\":\"https:\/\/teamsorare.com\/de\/universitaet\/geld-verdienen-mit-sorare\/\",\"url\":\"https:\/\/teamsorare.com\/de\/universitaet\/geld-verdienen-mit-sorare\/\",\"name\":\"Mit Sorare Geld verdienen? - TeamSorare\",\"isPartOf\":{\"@id\":\"https:\/\/teamsorare.com\/de\/#website\"},\"datePublished\":\"2021-11-11T10:30:25+00:00\",\"dateModified\":\"2021-11-17T20:47:22+00:00\",\"breadcrumb\":{\"@id\":\"https:\/\/teamsorare.com\/de\/universitaet\/geld-verdienen-mit-sorare\/#breadcrumb\"},\"inLanguage\":\"en-US\",\"potentialAction\":[{\"@type\":\"ReadAction\",\"target\":[\"https:\/\/teamsorare.com\/de\/universitaet\/geld-verdienen-mit-sorare\/\"]}]},{\"@type\":\"BreadcrumbList\",\"@id\":\"https:\/\/teamsorare.com\/de\/universitaet\/geld-verdienen-mit-sorare\/#breadcrumb\",\"itemListElement\":[{\"@type\":\"ListItem\",\"position\":1,\"name\":\"Home\",\"item\":\"https:\/\/teamsorare.com\/de\/\"},{\"@type\":\"ListItem\",\"position\":2,\"name\":\"Sorare Universit\u00e4t &#8211; Sorare Scouting, Strategien &#038; How To&#8217;s\",\"item\":\"https:\/\/teamsorare.com\/de\/universitaet\/\"},{\"@type\":\"ListItem\",\"position\":3,\"name\":\"Mit Sorare Geld verdienen?\"}]},{\"@type\":\"WebSite\",\"@id\":\"https:\/\/teamsorare.com\/de\/#website\",\"url\":\"https:\/\/teamsorare.com\/de\/\",\"name\":\"TeamSorare\",\"description\":\"NFT Sammelkarten &amp; Fu\u00dfball Fantasy Manager\",\"publisher\":{\"@id\":\"https:\/\/teamsorare.com\/de\/#organization\"},\"potentialAction\":[{\"@type\":\"SearchAction\",\"target\":{\"@type\":\"EntryPoint\",\"urlTemplate\":\"https:\/\/teamsorare.com\/de\/?s={search_term_string}\"},\"query-input\":{\"@type\":\"PropertyValueSpecification\",\"valueRequired\":true,\"valueName\":\"search_term_string\"}}],\"inLanguage\":\"en-US\"},{\"@type\":\"Organization\",\"@id\":\"https:\/\/teamsorare.com\/de\/#organization\",\"name\":\"TeamSorare\",\"url\":\"https:\/\/teamsorare.com\/de\/\",\"logo\":{\"@type\":\"ImageObject\",\"inLanguage\":\"en-US\",\"@id\":\"https:\/\/teamsorare.com\/de\/#\/schema\/logo\/image\/\",\"url\":\"https:\/\/teamsorare.com\/de\/wp-content\/uploads\/sites\/2\/2021\/11\/TeamSorare-NFTs-and-Data.png\",\"contentUrl\":\"https:\/\/teamsorare.com\/de\/wp-content\/uploads\/sites\/2\/2021\/11\/TeamSorare-NFTs-and-Data.png\",\"width\":200,\"height\":200,\"caption\":\"TeamSorare\"},\"image\":{\"@id\":\"https:\/\/teamsorare.com\/de\/#\/schema\/logo\/image\/\"}}]}<\/script>\n<!-- \/ Yoast SEO plugin. -->","yoast_head_json":{"title":"Mit Sorare Geld verdienen? - TeamSorare","robots":{"index":"index","follow":"follow","max-snippet":"max-snippet:-1","max-image-preview":"max-image-preview:large","max-video-preview":"max-video-preview:-1"},"canonical":"https:\/\/teamsorare.com\/de\/universitaet\/geld-verdienen-mit-sorare\/","og_locale":"en_US","og_type":"article","og_title":"Mit Sorare Geld verdienen? - TeamSorare","og_description":"Den ersten Hype hat Sorare bereits hinter sich. Jetzt ist es an der Zeit sich zu fragen wohin die Reise in Zukunft geht und ob man von Sorare erwarten kann sich zu etablieren. Denn genau diese Frage sollte man sich zuerst stellen wenn man dar\u00fcber nachdenkt in Sorare Geld zu investieren oder die Absicht zu &hellip; Mit Sorare Geld verdienen? Read More &raquo;","og_url":"https:\/\/teamsorare.com\/de\/universitaet\/geld-verdienen-mit-sorare\/","og_site_name":"TeamSorare","article_modified_time":"2021-11-17T20:47:22+00:00","twitter_card":"summary_large_image","twitter_misc":{"Est. reading time":"6 minutes"},"schema":{"@context":"https:\/\/schema.org","@graph":[{"@type":"WebPage","@id":"https:\/\/teamsorare.com\/de\/universitaet\/geld-verdienen-mit-sorare\/","url":"https:\/\/teamsorare.com\/de\/universitaet\/geld-verdienen-mit-sorare\/","name":"Mit Sorare Geld verdienen? - TeamSorare","isPartOf":{"@id":"https:\/\/teamsorare.com\/de\/#website"},"datePublished":"2021-11-11T10:30:25+00:00","dateModified":"2021-11-17T20:47:22+00:00","breadcrumb":{"@id":"https:\/\/teamsorare.com\/de\/universitaet\/geld-verdienen-mit-sorare\/#breadcrumb"},"inLanguage":"en-US","potentialAction":[{"@type":"ReadAction","target":["https:\/\/teamsorare.com\/de\/universitaet\/geld-verdienen-mit-sorare\/"]}]},{"@type":"BreadcrumbList","@id":"https:\/\/teamsorare.com\/de\/universitaet\/geld-verdienen-mit-sorare\/#breadcrumb","itemListElement":[{"@type":"ListItem","position":1,"name":"Home","item":"https:\/\/teamsorare.com\/de\/"},{"@type":"ListItem","position":2,"name":"Sorare Universit\u00e4t &#8211; Sorare Scouting, Strategien &#038; How To&#8217;s","item":"https:\/\/teamsorare.com\/de\/universitaet\/"},{"@type":"ListItem","position":3,"name":"Mit Sorare Geld verdienen?"}]},{"@type":"WebSite","@id":"https:\/\/teamsorare.com\/de\/#website","url":"https:\/\/teamsorare.com\/de\/","name":"TeamSorare","description":"NFT Sammelkarten &amp; Fu\u00dfball Fantasy Manager","publisher":{"@id":"https:\/\/teamsorare.com\/de\/#organization"},"potentialAction":[{"@type":"SearchAction","target":{"@type":"EntryPoint","urlTemplate":"https:\/\/teamsorare.com\/de\/?s={search_term_string}"},"query-input":{"@type":"PropertyValueSpecification","valueRequired":true,"valueName":"search_term_string"}}],"inLanguage":"en-US"},{"@type":"Organization","@id":"https:\/\/teamsorare.com\/de\/#organization","name":"TeamSorare","url":"https:\/\/teamsorare.com\/de\/","logo":{"@type":"ImageObject","inLanguage":"en-US","@id":"https:\/\/teamsorare.com\/de\/#\/schema\/logo\/image\/","url":"https:\/\/teamsorare.com\/de\/wp-content\/uploads\/sites\/2\/2021\/11\/TeamSorare-NFTs-and-Data.png","contentUrl":"https:\/\/teamsorare.com\/de\/wp-content\/uploads\/sites\/2\/2021\/11\/TeamSorare-NFTs-and-Data.png","width":200,"height":200,"caption":"TeamSorare"},"image":{"@id":"https:\/\/teamsorare.com\/de\/#\/schema\/logo\/image\/"}}]}},"_links":{"self":[{"href":"https:\/\/teamsorare.com\/de\/wp-json\/wp\/v2\/pages\/897","targetHints":{"allow":["GET"]}}],"collection":[{"href":"https:\/\/teamsorare.com\/de\/wp-json\/wp\/v2\/pages"}],"about":[{"href":"https:\/\/teamsorare.com\/de\/wp-json\/wp\/v2\/types\/page"}],"author":[{"embeddable":true,"href":"https:\/\/teamsorare.com\/de\/wp-json\/wp\/v2\/users\/1"}],"replies":[{"embeddable":true,"href":"https:\/\/teamsorare.com\/de\/wp-json\/wp\/v2\/comments?post=897"}],"version-history":[{"count":2,"href":"https:\/\/teamsorare.com\/de\/wp-json\/wp\/v2\/pages\/897\/revisions"}],"predecessor-version":[{"id":1187,"href":"https:\/\/teamsorare.com\/de\/wp-json\/wp\/v2\/pages\/897\/revisions\/1187"}],"up":[{"embeddable":true,"href":"https:\/\/teamsorare.com\/de\/wp-json\/wp\/v2\/pages\/886"}],"wp:attachment":[{"href":"https:\/\/teamsorare.com\/de\/wp-json\/wp\/v2\/media?parent=897"}],"curies":[{"name":"wp","href":"https:\/\/api.w.org\/{rel}","templated":true}]}}