{"id":900,"date":"2021-11-11T11:25:15","date_gmt":"2021-11-11T11:25:15","guid":{"rendered":"https:\/\/sorarees.com\/?page_id=900"},"modified":"2021-11-17T20:47:38","modified_gmt":"2021-11-17T20:47:38","slug":"ist-sorare-ein-schneeballsystem","status":"publish","type":"page","link":"https:\/\/teamsorare.com\/de\/universitaet\/ist-sorare-ein-schneeballsystem\/","title":{"rendered":"Ist Sorare ein Schneeballsystem?"},"content":{"rendered":"\n<p>Ein Schneeballsystem kann nur so lange funktionieren wie frisches Kapital zur Verf\u00fcgung gestellt wird. Ein solches System f\u00e4llt automatisch zusammen wenn dem nicht mehr so ist. Ein ganz einfaches Schneeballsystem ist, wenn ich dir 20% Rendite ohne jedes Risiko verspreche. Du gibst mir 10.000\u20ac und erhoffst dir 12.000\u20ac nach einem Jahr zu machen. Weil du einer der ersten Investoren bist bezahle ich dir die 12.000\u20ac. Was du nicht wei\u00dft: dein Gewinn wird nur von einem anderen Investor finanziert, der ebenfalls eingezahlt hat. So lange es also immer neue Investoren gibt kann ich das System am laufen halten. Wenn sie ausbleiben und ich dir deine 20% nicht mehr bezahlen kann wirst du wahrscheinlich stutzig. Dann fragst du mich ob es nicht m\u00f6glich w\u00e4re das ganze Kapital abzuziehen. Anderen Investoren geht es genauso. Wenn ich jetzt klug bin laufe ich weg, wenn nicht zahle ich alle Investoren so lange aus bis kein Geld mehr da ist. Die, die am l\u00e4ngsten drin bleiben haben also das Nachsehen.<\/p>\n\n\n\n<p class=\"has-text-align-center\"><strong>So funktioniert ein Schneeballsystem und die Frage ist, ob Sorare ein solches ist.<\/strong><\/p>\n\n\n\n<p><a><\/a> Sorare verspricht keine Rendite. Um Preisgelder zu gewinnen musst du etwas daf\u00fcr tun. Du bezahlst keine Teilnahmegeb\u00fchr an Sorare, musst jedoch die Spielerkarten besitzen. Diese sind allerdings NFTs und frei handelbar. Das bedeutet, dass sie nicht Sorare sondern nur dir geh\u00f6ren. Du kannst sie jederzeit und auch au\u00dferhalb von Sorare verkaufen.<\/p>\n\n\n\n<p>Nun k\u00f6nnte man z.B. folgendes annehmen:<\/p>\n\n\n\n<p>Sorare gibt diese Spielerkarten aus und verdient daran nicht wenig Geld. Wenn Sorare eine neue Spielerkarte versteigert kann diese einige tausend Euro kosten. Dieses Geld wandert nicht zu einem Manager sondern zu Sorare, denn Sorare ist Eigent\u00fcmer der Karte wenn sie zum ersten mal \u201egedropped\u201c also auf den Markt gebracht wird.<\/p>\n\n\n\n<p>Sorare k\u00f6nnte jetzt dieses Geld hernehmen und die Preisgelder so attraktiv machen, dass immer mehr Manager teilnehmen und sich hohe Renditen versprechen. Verdient Sorare jedoch mit dem Verkauf neuer Karten nicht mehr ausreichend, sinken die Preisgelder, die Manager sind unzufrieden und m\u00f6chten ihre Spielerkarten verkaufen. Die Nachfrage ist aber gering und die Manager erhalten nicht ann\u00e4hernd den Wert den sie damals bezahlt haben. Jetzt k\u00f6nnte man sagen, das ist nat\u00fcrlich ein Schneeballsystem. Hier gibt es jedoch ein gro\u00dfes ABER.<\/p>\n\n\n\n<p>Der Grund warum Sorare kein Schneeballsystem ist, ist folgender: Sorare kann sowohl die Preisgelder als auch die Aussch\u00fcttung von Karten kontrollieren. Damit hat Sorare zwei wichtige Instrumente um im Markt einzugreifen. Zum einen kann es durch \u201e\u00fcbliche Preisgelder\u201c verhindern, dass die Nachfrage nach Karten zu hoch wird. Und zum anderen kann es die Anzahl an Karten, die auf den Markt kommen an der Nachfrage angleichen.<\/p>\n\n\n\n<p>Es ist also so, dass Sorare inzwischen ein gesundes Gleichgewicht relativ leicht einrichten kann. Auch kann es verhindern, dass Karten zu extremen Spekulationsobjekten werden indem es das Angebot steuert und die Preisgelder deckelt. Wenn du f\u00fcr ein Team 10.000 Euro bezahlen musst, aber j\u00e4hrlich nur 200\u20ac Preisgelder gewinnen kannst, wirst du nicht bereit sein sehr viel mehr f\u00fcr ein Team auszugeben. Und wenn es bald nicht nur 30, sondern 40 Super Rare Karten von Robert Lewandowski gibt, wirst du kaum einen gro\u00dfen Preissprung akzeptieren als Investor.<\/p>\n\n\n\n<p>Das sind die Gr\u00fcnde, die unserer Meinung nach daf\u00fcr sprechen, dass Sorare kein Schneeballsystem ist. Nat\u00fcrlich gilt aber der Grundsatz: wenn es ums Investieren geht, sei immer vorsichtig. Investiere nicht mehr als du tats\u00e4chlich verlieren kannst. Vertraue nicht darauf, dass Spielerkarten im Wert extrem steigen. Denn das ist trotz all dem Hype um Sorare wahrscheinlich nicht mehr der Fall \u2013 zumindest insgesamt gesehen. Der Grund ist der, dass es jede Saison neue Karten gibt und es sich damit also um ein \u201einflation\u00e4res Gut\u201c handelt \u2013 \u00e4hnlich wie deine Euroscheine im Geldbeutel. Diese werden n\u00e4mlich nicht mehr, sondern weniger wert. Das bedeutet nat\u00fcrlich nicht, dass du keine guten Preissteigerungen bei Karten erzielen kannst, z.B. indem du zukunftstr\u00e4chtige Spieler scoutest, oder \u00e4hnliches. Das ist definitiv m\u00f6glich. Du darfst jedoch nicht davon ausehen blind irgendwelche Karten kaufen und in einem Jahr ums Doppelte verkaufen zu k\u00f6nnen.<\/p>\n","protected":false},"excerpt":{"rendered":"<p>Ein Schneeballsystem kann nur so lange funktionieren wie frisches Kapital zur Verf\u00fcgung gestellt wird. Ein solches System f\u00e4llt automatisch zusammen wenn dem nicht mehr so ist. Ein ganz einfaches Schneeballsystem ist, wenn ich dir 20% Rendite ohne jedes Risiko verspreche. Du gibst mir 10.000\u20ac und erhoffst dir 12.000\u20ac nach einem Jahr zu machen. Weil du &hellip;<\/p>\n<p class=\"read-more\"> <a class=\"\" href=\"https:\/\/teamsorare.com\/de\/universitaet\/ist-sorare-ein-schneeballsystem\/\"> <span class=\"screen-reader-text\">Ist Sorare ein Schneeballsystem?<\/span> Read More &raquo;<\/a><\/p>\n","protected":false},"author":1,"featured_media":0,"parent":886,"menu_order":0,"comment_status":"open","ping_status":"closed","template":"","meta":{"site-sidebar-layout":"","site-content-layout":"","ast-main-header-display":"","ast-hfb-above-header-display":"","ast-hfb-below-header-display":"","ast-hfb-mobile-header-display":"","site-post-title":"","ast-breadcrumbs-content":"","ast-featured-img":"","footer-sml-layout":"","theme-transparent-header-meta":"","adv-header-id-meta":"","stick-header-meta":"","header-above-stick-meta":"","header-main-stick-meta":"","header-below-stick-meta":"","footnotes":""},"class_list":["post-900","page","type-page","status-publish","hentry"],"yoast_head":"<!-- This site is optimized with the Yoast SEO plugin v26.9 - https:\/\/yoast.com\/product\/yoast-seo-wordpress\/ -->\n<title>Ist Sorare ein Schneeballsystem? - TeamSorare<\/title>\n<meta name=\"robots\" content=\"index, follow, max-snippet:-1, max-image-preview:large, max-video-preview:-1\" \/>\n<link rel=\"canonical\" href=\"https:\/\/teamsorare.com\/de\/universitaet\/ist-sorare-ein-schneeballsystem\/\" \/>\n<meta property=\"og:locale\" content=\"en_US\" \/>\n<meta property=\"og:type\" content=\"article\" \/>\n<meta property=\"og:title\" content=\"Ist Sorare ein Schneeballsystem? - TeamSorare\" \/>\n<meta property=\"og:description\" content=\"Ein Schneeballsystem kann nur so lange funktionieren wie frisches Kapital zur Verf\u00fcgung gestellt wird. Ein solches System f\u00e4llt automatisch zusammen wenn dem nicht mehr so ist. Ein ganz einfaches Schneeballsystem ist, wenn ich dir 20% Rendite ohne jedes Risiko verspreche. Du gibst mir 10.000\u20ac und erhoffst dir 12.000\u20ac nach einem Jahr zu machen. Weil du &hellip; Ist Sorare ein Schneeballsystem? Read More &raquo;\" \/>\n<meta property=\"og:url\" content=\"https:\/\/teamsorare.com\/de\/universitaet\/ist-sorare-ein-schneeballsystem\/\" \/>\n<meta property=\"og:site_name\" content=\"TeamSorare\" \/>\n<meta property=\"article:modified_time\" content=\"2021-11-17T20:47:38+00:00\" \/>\n<meta name=\"twitter:card\" content=\"summary_large_image\" \/>\n<meta name=\"twitter:label1\" content=\"Est. reading time\" \/>\n\t<meta name=\"twitter:data1\" content=\"3 minutes\" \/>\n<script type=\"application\/ld+json\" class=\"yoast-schema-graph\">{\"@context\":\"https:\/\/schema.org\",\"@graph\":[{\"@type\":\"WebPage\",\"@id\":\"https:\/\/teamsorare.com\/de\/universitaet\/ist-sorare-ein-schneeballsystem\/\",\"url\":\"https:\/\/teamsorare.com\/de\/universitaet\/ist-sorare-ein-schneeballsystem\/\",\"name\":\"Ist Sorare ein Schneeballsystem? - TeamSorare\",\"isPartOf\":{\"@id\":\"https:\/\/teamsorare.com\/de\/#website\"},\"datePublished\":\"2021-11-11T11:25:15+00:00\",\"dateModified\":\"2021-11-17T20:47:38+00:00\",\"breadcrumb\":{\"@id\":\"https:\/\/teamsorare.com\/de\/universitaet\/ist-sorare-ein-schneeballsystem\/#breadcrumb\"},\"inLanguage\":\"en-US\",\"potentialAction\":[{\"@type\":\"ReadAction\",\"target\":[\"https:\/\/teamsorare.com\/de\/universitaet\/ist-sorare-ein-schneeballsystem\/\"]}]},{\"@type\":\"BreadcrumbList\",\"@id\":\"https:\/\/teamsorare.com\/de\/universitaet\/ist-sorare-ein-schneeballsystem\/#breadcrumb\",\"itemListElement\":[{\"@type\":\"ListItem\",\"position\":1,\"name\":\"Home\",\"item\":\"https:\/\/teamsorare.com\/de\/\"},{\"@type\":\"ListItem\",\"position\":2,\"name\":\"Sorare Universit\u00e4t &#8211; Sorare Scouting, Strategien &#038; How To&#8217;s\",\"item\":\"https:\/\/teamsorare.com\/de\/universitaet\/\"},{\"@type\":\"ListItem\",\"position\":3,\"name\":\"Ist Sorare ein Schneeballsystem?\"}]},{\"@type\":\"WebSite\",\"@id\":\"https:\/\/teamsorare.com\/de\/#website\",\"url\":\"https:\/\/teamsorare.com\/de\/\",\"name\":\"TeamSorare\",\"description\":\"NFT Sammelkarten &amp; Fu\u00dfball Fantasy Manager\",\"publisher\":{\"@id\":\"https:\/\/teamsorare.com\/de\/#organization\"},\"potentialAction\":[{\"@type\":\"SearchAction\",\"target\":{\"@type\":\"EntryPoint\",\"urlTemplate\":\"https:\/\/teamsorare.com\/de\/?s={search_term_string}\"},\"query-input\":{\"@type\":\"PropertyValueSpecification\",\"valueRequired\":true,\"valueName\":\"search_term_string\"}}],\"inLanguage\":\"en-US\"},{\"@type\":\"Organization\",\"@id\":\"https:\/\/teamsorare.com\/de\/#organization\",\"name\":\"TeamSorare\",\"url\":\"https:\/\/teamsorare.com\/de\/\",\"logo\":{\"@type\":\"ImageObject\",\"inLanguage\":\"en-US\",\"@id\":\"https:\/\/teamsorare.com\/de\/#\/schema\/logo\/image\/\",\"url\":\"https:\/\/teamsorare.com\/de\/wp-content\/uploads\/sites\/2\/2021\/11\/TeamSorare-NFTs-and-Data.png\",\"contentUrl\":\"https:\/\/teamsorare.com\/de\/wp-content\/uploads\/sites\/2\/2021\/11\/TeamSorare-NFTs-and-Data.png\",\"width\":200,\"height\":200,\"caption\":\"TeamSorare\"},\"image\":{\"@id\":\"https:\/\/teamsorare.com\/de\/#\/schema\/logo\/image\/\"}}]}<\/script>\n<!-- \/ Yoast SEO plugin. -->","yoast_head_json":{"title":"Ist Sorare ein Schneeballsystem? - TeamSorare","robots":{"index":"index","follow":"follow","max-snippet":"max-snippet:-1","max-image-preview":"max-image-preview:large","max-video-preview":"max-video-preview:-1"},"canonical":"https:\/\/teamsorare.com\/de\/universitaet\/ist-sorare-ein-schneeballsystem\/","og_locale":"en_US","og_type":"article","og_title":"Ist Sorare ein Schneeballsystem? - TeamSorare","og_description":"Ein Schneeballsystem kann nur so lange funktionieren wie frisches Kapital zur Verf\u00fcgung gestellt wird. Ein solches System f\u00e4llt automatisch zusammen wenn dem nicht mehr so ist. Ein ganz einfaches Schneeballsystem ist, wenn ich dir 20% Rendite ohne jedes Risiko verspreche. Du gibst mir 10.000\u20ac und erhoffst dir 12.000\u20ac nach einem Jahr zu machen. Weil du &hellip; Ist Sorare ein Schneeballsystem? Read More &raquo;","og_url":"https:\/\/teamsorare.com\/de\/universitaet\/ist-sorare-ein-schneeballsystem\/","og_site_name":"TeamSorare","article_modified_time":"2021-11-17T20:47:38+00:00","twitter_card":"summary_large_image","twitter_misc":{"Est. reading time":"3 minutes"},"schema":{"@context":"https:\/\/schema.org","@graph":[{"@type":"WebPage","@id":"https:\/\/teamsorare.com\/de\/universitaet\/ist-sorare-ein-schneeballsystem\/","url":"https:\/\/teamsorare.com\/de\/universitaet\/ist-sorare-ein-schneeballsystem\/","name":"Ist Sorare ein Schneeballsystem? - TeamSorare","isPartOf":{"@id":"https:\/\/teamsorare.com\/de\/#website"},"datePublished":"2021-11-11T11:25:15+00:00","dateModified":"2021-11-17T20:47:38+00:00","breadcrumb":{"@id":"https:\/\/teamsorare.com\/de\/universitaet\/ist-sorare-ein-schneeballsystem\/#breadcrumb"},"inLanguage":"en-US","potentialAction":[{"@type":"ReadAction","target":["https:\/\/teamsorare.com\/de\/universitaet\/ist-sorare-ein-schneeballsystem\/"]}]},{"@type":"BreadcrumbList","@id":"https:\/\/teamsorare.com\/de\/universitaet\/ist-sorare-ein-schneeballsystem\/#breadcrumb","itemListElement":[{"@type":"ListItem","position":1,"name":"Home","item":"https:\/\/teamsorare.com\/de\/"},{"@type":"ListItem","position":2,"name":"Sorare Universit\u00e4t &#8211; Sorare Scouting, Strategien &#038; How To&#8217;s","item":"https:\/\/teamsorare.com\/de\/universitaet\/"},{"@type":"ListItem","position":3,"name":"Ist Sorare ein Schneeballsystem?"}]},{"@type":"WebSite","@id":"https:\/\/teamsorare.com\/de\/#website","url":"https:\/\/teamsorare.com\/de\/","name":"TeamSorare","description":"NFT Sammelkarten &amp; Fu\u00dfball Fantasy Manager","publisher":{"@id":"https:\/\/teamsorare.com\/de\/#organization"},"potentialAction":[{"@type":"SearchAction","target":{"@type":"EntryPoint","urlTemplate":"https:\/\/teamsorare.com\/de\/?s={search_term_string}"},"query-input":{"@type":"PropertyValueSpecification","valueRequired":true,"valueName":"search_term_string"}}],"inLanguage":"en-US"},{"@type":"Organization","@id":"https:\/\/teamsorare.com\/de\/#organization","name":"TeamSorare","url":"https:\/\/teamsorare.com\/de\/","logo":{"@type":"ImageObject","inLanguage":"en-US","@id":"https:\/\/teamsorare.com\/de\/#\/schema\/logo\/image\/","url":"https:\/\/teamsorare.com\/de\/wp-content\/uploads\/sites\/2\/2021\/11\/TeamSorare-NFTs-and-Data.png","contentUrl":"https:\/\/teamsorare.com\/de\/wp-content\/uploads\/sites\/2\/2021\/11\/TeamSorare-NFTs-and-Data.png","width":200,"height":200,"caption":"TeamSorare"},"image":{"@id":"https:\/\/teamsorare.com\/de\/#\/schema\/logo\/image\/"}}]}},"_links":{"self":[{"href":"https:\/\/teamsorare.com\/de\/wp-json\/wp\/v2\/pages\/900","targetHints":{"allow":["GET"]}}],"collection":[{"href":"https:\/\/teamsorare.com\/de\/wp-json\/wp\/v2\/pages"}],"about":[{"href":"https:\/\/teamsorare.com\/de\/wp-json\/wp\/v2\/types\/page"}],"author":[{"embeddable":true,"href":"https:\/\/teamsorare.com\/de\/wp-json\/wp\/v2\/users\/1"}],"replies":[{"embeddable":true,"href":"https:\/\/teamsorare.com\/de\/wp-json\/wp\/v2\/comments?post=900"}],"version-history":[{"count":2,"href":"https:\/\/teamsorare.com\/de\/wp-json\/wp\/v2\/pages\/900\/revisions"}],"predecessor-version":[{"id":1185,"href":"https:\/\/teamsorare.com\/de\/wp-json\/wp\/v2\/pages\/900\/revisions\/1185"}],"up":[{"embeddable":true,"href":"https:\/\/teamsorare.com\/de\/wp-json\/wp\/v2\/pages\/886"}],"wp:attachment":[{"href":"https:\/\/teamsorare.com\/de\/wp-json\/wp\/v2\/media?parent=900"}],"curies":[{"name":"wp","href":"https:\/\/api.w.org\/{rel}","templated":true}]}}