{"id":903,"date":"2021-11-11T11:30:58","date_gmt":"2021-11-11T11:30:58","guid":{"rendered":"https:\/\/sorarees.com\/?page_id=903"},"modified":"2021-11-18T10:06:28","modified_gmt":"2021-11-18T10:06:28","slug":"schedule-of-sorare-leagues","status":"publish","type":"page","link":"https:\/\/teamsorare.com\/de\/universitaet\/schedule-of-sorare-leagues\/","title":{"rendered":"Spielplan der Sorare-Ligen"},"content":{"rendered":"\n<p>Bitte beachten Sie, dass sich dieser jederzeit \u00e4ndern kann und der Inhalt dieses Artikels m\u00f6glicherweise nicht mehr aktuell ist. Auch hat Corona die Situation in einigen Ligen (insbesondere MLS) etwas ver\u00e4ndert. Es gibt keine Garantie, dass die folgenden Informationen korrekt sind.<\/p>\n\n\n\n<p>Nachdem wir nun die &#8220;rechtlichen&#8221; Dinge gekl\u00e4rt haben, k\u00f6nnen wir zum wesentlichen Teil des Artikels \u00fcbergehen: Von wann bis wann laufen die jeweiligen Ligen bei Sorare?<\/p>\n\n\n\n<p>Sorare bietet derzeit vier verschiedene Ligen an:<br><strong>Champion Europe, Challenger Europe, Asia und America.<\/strong><\/p>\n\n\n\n<p>Jede dieser Ligen besteht aus nationalen Ligen. Derzeit sind dies (noch) die 1. Ligen. Es sollte jedoch nicht allzu lange dauern, bis weitere Ligen hinzukommen. Schauen wir uns die wichtigsten Ligen einmal genauer an.<\/p>\n\n\n\n<h2 class=\"wp-block-heading\">Von wann bis wann l\u00e4uft die Champions Europe League in Sorare?<\/h2>\n\n\n\n<p>Die folgenden Ligen sind (derzeit) in der Champion Europe League vertreten: Premier League, Ligue 1, LaLiga, Serie A und Bundesliga.<\/p>\n\n\n\n<p>Einfach ausgedr\u00fcckt: von Mitte August bis Mitte Juni. Je nachdem, ob gerade eine Welt- oder Europameisterschaft ansteht oder eine besonders beliebte Weltmeisterschaft zu Weihnachten stattfindet\u2026 Es gibt auch kleine Unterschiede in den jeweiligen Ligen und so kann es sein, dass eine Liga wie die Premier League oder LaLiga mehr Spieltage hat und sich \u00fcber einen etwas l\u00e4ngeren Zeitraum erstreckt.<\/p>\n\n\n\n<p>Es ist jedoch wichtig zu wissen, dass die Preise f\u00fcr die Spieler dieser Mannschaften zu Beginn der Saison, d. h. etwa Ende Juli, bis zum Spielbeginn, d. h. etwa Ende August, sehr hoch sind. Hierf\u00fcr gibt es zwei einfache Gr\u00fcnde: Jeder m\u00f6chte mit seinem idealen Team starten und die alten Karten verlieren ihren 5%-Bonus. Es werden also neue und wertvollere Karten verschenkt &#8211; kein guter Zeitpunkt, um Schn\u00e4ppchen zu machen. Das betrifft nat\u00fcrlich auch alle folgenden Ligen.<\/p>\n\n\n\n<h2 class=\"wp-block-heading\">Von wann bis wann findet die Challenger Europe League statt?<\/h2>\n\n\n\n<p>Dazu geh\u00f6ren: Portugal, Holland, T\u00fcrkei, Belgien, \u00d6sterreich und Russland jeweils mit: Primeria Liga, Eredivisie, S\u00fcperlig, Jupiler Pro League, \u00f6sterreichische Bundesliga und russische Premier League.<\/p>\n\n\n\n<p>Im Grunde genommen ist es hier in allen Ligen sehr \u00e4hnlich, mit der gro\u00dfen Ausnahme von Russland. Denn dort gibt es eine sehr lange Winterpause.<\/p>\n\n\n\n<p>Die anderen Ligen laufen etwa von Ende Juli bis Anfang April. Sie beginnen also fr\u00fcher als die Champions Europe Ligen und enden fr\u00fcher. In Russland beginnt der Spielbetrieb ebenfalls etwa Ende Juli, aber ab Mitte Dezember gibt es eine Winterpause. Der Spielbetrieb wird dann Ende Februar wieder aufgenommen und dauert bis Ende Mai. Zum Gl\u00fcck f\u00fcr diejenigen, die russische Spieler auf der Bank haben, k\u00f6nnen diese auch in dieser Zeit noch punkten.<\/p>\n\n\n\n<h2 class=\"wp-block-heading\">Spielzeiten in Asien<\/h2>\n\n\n\n<p>Derzeit stehen nur die J1 League und die K League 1, also die japanische und die s\u00fcdkoreanische Liga, auf dem Programm. Diese haben praktisch identische Spielzeiten von Ende Februar bis Anfang Dezember.<\/p>\n\n\n\n<h2 class=\"wp-block-heading\">Von wann bis wann spielt die America League in Sorare?<\/h2>\n\n\n\n<p>In Amerika wird es viel komplizierter, und ich empfehle jedem, der dort spielen will, sich genau zu informieren. Denn es gibt nicht nur verschiedene Saisons, sondern auch verschiedene Modi mit teilweise zwei Ligen pro Saison, Cups, etc. Au\u00dferdem gibt es in der MLS die Besonderheit, dass sich der Spielplan wegen Covid ge\u00e4ndert hat und noch nicht feststeht, wie er in Zukunft funktionieren wird.<\/p>\n\n\n\n<p>In Argentinien gibt es zwei Phasen. Eine von Mitte Februar bis Anfang Juni. Und eine von Mitte Juli bis Ende Dezember.<\/p>\n\n\n\n<p>\u00c4hnlich ist es in Mexiko mit Anfang Januar bis Mitte Mai und Ende Juli bis Anfang November.<\/p>\n\n\n\n<p>Brasilien spielt von Mitte April bis Ende Dezember.<\/p>\n\n\n\n<p>Und die MLS wird in Zukunft wahrscheinlich von Mitte April bis Mitte Dezember oder von Anfang M\u00e4rz bis Mitte Dezember spielen.<\/p>\n\n\n\n<p>Wie Sie sehen, ist das Ganze sehr komplex, und die vier Ligen \u00fcberschneiden sich nur jeweils von Mitte April bis Mitte Mai und Ende Juli bis Anfang November.<\/p>\n\n\n\n<p>Ansonsten kann man davon ausgehen, dass nicht alle Ligen immer zur gleichen Zeit spielen. Sie m\u00fcssen sich also genau \u00fcberlegen, wie Sie Ihr Team zusammenstellen und gen\u00fcgend Spieler als Reserve haben oder darauf vorbereitet sein, h\u00e4ufig zu kaufen und zu verkaufen.<\/p>\n\n\n\n<h2 class=\"wp-block-heading\">Empfehlung f\u00fcr die Saisonplanung<\/h2>\n\n\n\n<p>Die Spielzeiten haben einen gro\u00dfen Einfluss auf deine Kaderplanung. Das gilt besonders f\u00fcr Challenger Europe, aber auch f\u00fcr Amerika. Aber nicht nur das, auch bei den Kartenpreisen gibt es gro\u00dfe Schwankungen. Je l\u00e4nger eine Saison l\u00e4uft, desto wertvoller sind die aktuellen Karten.<\/p>\n\n\n\n<p>Gegen Ende der Saison erreichen die Kartenpreise ihren Tiefststand. Das ist logisch, denn man kann keine Punkte mehr sammeln und in einigen Wochen werden die neuen Karten mit einem 5%igen Bonus ausgegeben. Dann steigen die Preise entsprechend an.<\/p>\n","protected":false},"excerpt":{"rendered":"<p>Bitte beachten Sie, dass sich dieser jederzeit \u00e4ndern kann und der Inhalt dieses Artikels m\u00f6glicherweise nicht mehr aktuell ist. Auch hat Corona die Situation in einigen Ligen (insbesondere MLS) etwas ver\u00e4ndert. Es gibt keine Garantie, dass die folgenden Informationen korrekt sind. Nachdem wir nun die &#8220;rechtlichen&#8221; Dinge gekl\u00e4rt haben, k\u00f6nnen wir zum wesentlichen Teil des &hellip;<\/p>\n<p class=\"read-more\"> <a class=\"\" href=\"https:\/\/teamsorare.com\/de\/universitaet\/schedule-of-sorare-leagues\/\"> <span class=\"screen-reader-text\">Spielplan der Sorare-Ligen<\/span> Read More &raquo;<\/a><\/p>\n","protected":false},"author":1,"featured_media":0,"parent":886,"menu_order":0,"comment_status":"open","ping_status":"closed","template":"","meta":{"site-sidebar-layout":"","site-content-layout":"","ast-main-header-display":"","ast-hfb-above-header-display":"","ast-hfb-below-header-display":"","ast-hfb-mobile-header-display":"","site-post-title":"","ast-breadcrumbs-content":"","ast-featured-img":"","footer-sml-layout":"","theme-transparent-header-meta":"","adv-header-id-meta":"","stick-header-meta":"","header-above-stick-meta":"","header-main-stick-meta":"","header-below-stick-meta":"","footnotes":""},"class_list":["post-903","page","type-page","status-publish","hentry"],"yoast_head":"<!-- This site is optimized with the Yoast SEO plugin v26.9 - https:\/\/yoast.com\/product\/yoast-seo-wordpress\/ -->\n<title>Spielplan der Sorare-Ligen - TeamSorare<\/title>\n<meta name=\"robots\" content=\"index, follow, max-snippet:-1, max-image-preview:large, max-video-preview:-1\" \/>\n<link rel=\"canonical\" href=\"https:\/\/teamsorare.com\/de\/universitaet\/schedule-of-sorare-leagues\/\" \/>\n<meta property=\"og:locale\" content=\"en_US\" \/>\n<meta property=\"og:type\" content=\"article\" \/>\n<meta property=\"og:title\" content=\"Spielplan der Sorare-Ligen - TeamSorare\" \/>\n<meta property=\"og:description\" content=\"Bitte beachten Sie, dass sich dieser jederzeit \u00e4ndern kann und der Inhalt dieses Artikels m\u00f6glicherweise nicht mehr aktuell ist. Auch hat Corona die Situation in einigen Ligen (insbesondere MLS) etwas ver\u00e4ndert. Es gibt keine Garantie, dass die folgenden Informationen korrekt sind. Nachdem wir nun die &#8220;rechtlichen&#8221; Dinge gekl\u00e4rt haben, k\u00f6nnen wir zum wesentlichen Teil des &hellip; Spielplan der Sorare-Ligen Read More &raquo;\" \/>\n<meta property=\"og:url\" content=\"https:\/\/teamsorare.com\/de\/universitaet\/schedule-of-sorare-leagues\/\" \/>\n<meta property=\"og:site_name\" content=\"TeamSorare\" \/>\n<meta property=\"article:modified_time\" content=\"2021-11-18T10:06:28+00:00\" \/>\n<meta name=\"twitter:card\" content=\"summary_large_image\" \/>\n<meta name=\"twitter:label1\" content=\"Est. reading time\" \/>\n\t<meta name=\"twitter:data1\" content=\"4 minutes\" \/>\n<script type=\"application\/ld+json\" class=\"yoast-schema-graph\">{\"@context\":\"https:\/\/schema.org\",\"@graph\":[{\"@type\":\"WebPage\",\"@id\":\"https:\/\/teamsorare.com\/de\/universitaet\/schedule-of-sorare-leagues\/\",\"url\":\"https:\/\/teamsorare.com\/de\/universitaet\/schedule-of-sorare-leagues\/\",\"name\":\"Spielplan der Sorare-Ligen - TeamSorare\",\"isPartOf\":{\"@id\":\"https:\/\/teamsorare.com\/de\/#website\"},\"datePublished\":\"2021-11-11T11:30:58+00:00\",\"dateModified\":\"2021-11-18T10:06:28+00:00\",\"breadcrumb\":{\"@id\":\"https:\/\/teamsorare.com\/de\/universitaet\/schedule-of-sorare-leagues\/#breadcrumb\"},\"inLanguage\":\"en-US\",\"potentialAction\":[{\"@type\":\"ReadAction\",\"target\":[\"https:\/\/teamsorare.com\/de\/universitaet\/schedule-of-sorare-leagues\/\"]}]},{\"@type\":\"BreadcrumbList\",\"@id\":\"https:\/\/teamsorare.com\/de\/universitaet\/schedule-of-sorare-leagues\/#breadcrumb\",\"itemListElement\":[{\"@type\":\"ListItem\",\"position\":1,\"name\":\"Home\",\"item\":\"https:\/\/teamsorare.com\/de\/\"},{\"@type\":\"ListItem\",\"position\":2,\"name\":\"Sorare Universit\u00e4t &#8211; Sorare Scouting, Strategien &#038; How To&#8217;s\",\"item\":\"https:\/\/teamsorare.com\/de\/universitaet\/\"},{\"@type\":\"ListItem\",\"position\":3,\"name\":\"Spielplan der Sorare-Ligen\"}]},{\"@type\":\"WebSite\",\"@id\":\"https:\/\/teamsorare.com\/de\/#website\",\"url\":\"https:\/\/teamsorare.com\/de\/\",\"name\":\"TeamSorare\",\"description\":\"NFT Sammelkarten &amp; Fu\u00dfball Fantasy Manager\",\"publisher\":{\"@id\":\"https:\/\/teamsorare.com\/de\/#organization\"},\"potentialAction\":[{\"@type\":\"SearchAction\",\"target\":{\"@type\":\"EntryPoint\",\"urlTemplate\":\"https:\/\/teamsorare.com\/de\/?s={search_term_string}\"},\"query-input\":{\"@type\":\"PropertyValueSpecification\",\"valueRequired\":true,\"valueName\":\"search_term_string\"}}],\"inLanguage\":\"en-US\"},{\"@type\":\"Organization\",\"@id\":\"https:\/\/teamsorare.com\/de\/#organization\",\"name\":\"TeamSorare\",\"url\":\"https:\/\/teamsorare.com\/de\/\",\"logo\":{\"@type\":\"ImageObject\",\"inLanguage\":\"en-US\",\"@id\":\"https:\/\/teamsorare.com\/de\/#\/schema\/logo\/image\/\",\"url\":\"https:\/\/teamsorare.com\/de\/wp-content\/uploads\/sites\/2\/2021\/11\/TeamSorare-NFTs-and-Data.png\",\"contentUrl\":\"https:\/\/teamsorare.com\/de\/wp-content\/uploads\/sites\/2\/2021\/11\/TeamSorare-NFTs-and-Data.png\",\"width\":200,\"height\":200,\"caption\":\"TeamSorare\"},\"image\":{\"@id\":\"https:\/\/teamsorare.com\/de\/#\/schema\/logo\/image\/\"}}]}<\/script>\n<!-- \/ Yoast SEO plugin. -->","yoast_head_json":{"title":"Spielplan der Sorare-Ligen - TeamSorare","robots":{"index":"index","follow":"follow","max-snippet":"max-snippet:-1","max-image-preview":"max-image-preview:large","max-video-preview":"max-video-preview:-1"},"canonical":"https:\/\/teamsorare.com\/de\/universitaet\/schedule-of-sorare-leagues\/","og_locale":"en_US","og_type":"article","og_title":"Spielplan der Sorare-Ligen - TeamSorare","og_description":"Bitte beachten Sie, dass sich dieser jederzeit \u00e4ndern kann und der Inhalt dieses Artikels m\u00f6glicherweise nicht mehr aktuell ist. Auch hat Corona die Situation in einigen Ligen (insbesondere MLS) etwas ver\u00e4ndert. Es gibt keine Garantie, dass die folgenden Informationen korrekt sind. Nachdem wir nun die &#8220;rechtlichen&#8221; Dinge gekl\u00e4rt haben, k\u00f6nnen wir zum wesentlichen Teil des &hellip; Spielplan der Sorare-Ligen Read More &raquo;","og_url":"https:\/\/teamsorare.com\/de\/universitaet\/schedule-of-sorare-leagues\/","og_site_name":"TeamSorare","article_modified_time":"2021-11-18T10:06:28+00:00","twitter_card":"summary_large_image","twitter_misc":{"Est. reading time":"4 minutes"},"schema":{"@context":"https:\/\/schema.org","@graph":[{"@type":"WebPage","@id":"https:\/\/teamsorare.com\/de\/universitaet\/schedule-of-sorare-leagues\/","url":"https:\/\/teamsorare.com\/de\/universitaet\/schedule-of-sorare-leagues\/","name":"Spielplan der Sorare-Ligen - TeamSorare","isPartOf":{"@id":"https:\/\/teamsorare.com\/de\/#website"},"datePublished":"2021-11-11T11:30:58+00:00","dateModified":"2021-11-18T10:06:28+00:00","breadcrumb":{"@id":"https:\/\/teamsorare.com\/de\/universitaet\/schedule-of-sorare-leagues\/#breadcrumb"},"inLanguage":"en-US","potentialAction":[{"@type":"ReadAction","target":["https:\/\/teamsorare.com\/de\/universitaet\/schedule-of-sorare-leagues\/"]}]},{"@type":"BreadcrumbList","@id":"https:\/\/teamsorare.com\/de\/universitaet\/schedule-of-sorare-leagues\/#breadcrumb","itemListElement":[{"@type":"ListItem","position":1,"name":"Home","item":"https:\/\/teamsorare.com\/de\/"},{"@type":"ListItem","position":2,"name":"Sorare Universit\u00e4t &#8211; Sorare Scouting, Strategien &#038; How To&#8217;s","item":"https:\/\/teamsorare.com\/de\/universitaet\/"},{"@type":"ListItem","position":3,"name":"Spielplan der Sorare-Ligen"}]},{"@type":"WebSite","@id":"https:\/\/teamsorare.com\/de\/#website","url":"https:\/\/teamsorare.com\/de\/","name":"TeamSorare","description":"NFT Sammelkarten &amp; Fu\u00dfball Fantasy Manager","publisher":{"@id":"https:\/\/teamsorare.com\/de\/#organization"},"potentialAction":[{"@type":"SearchAction","target":{"@type":"EntryPoint","urlTemplate":"https:\/\/teamsorare.com\/de\/?s={search_term_string}"},"query-input":{"@type":"PropertyValueSpecification","valueRequired":true,"valueName":"search_term_string"}}],"inLanguage":"en-US"},{"@type":"Organization","@id":"https:\/\/teamsorare.com\/de\/#organization","name":"TeamSorare","url":"https:\/\/teamsorare.com\/de\/","logo":{"@type":"ImageObject","inLanguage":"en-US","@id":"https:\/\/teamsorare.com\/de\/#\/schema\/logo\/image\/","url":"https:\/\/teamsorare.com\/de\/wp-content\/uploads\/sites\/2\/2021\/11\/TeamSorare-NFTs-and-Data.png","contentUrl":"https:\/\/teamsorare.com\/de\/wp-content\/uploads\/sites\/2\/2021\/11\/TeamSorare-NFTs-and-Data.png","width":200,"height":200,"caption":"TeamSorare"},"image":{"@id":"https:\/\/teamsorare.com\/de\/#\/schema\/logo\/image\/"}}]}},"_links":{"self":[{"href":"https:\/\/teamsorare.com\/de\/wp-json\/wp\/v2\/pages\/903","targetHints":{"allow":["GET"]}}],"collection":[{"href":"https:\/\/teamsorare.com\/de\/wp-json\/wp\/v2\/pages"}],"about":[{"href":"https:\/\/teamsorare.com\/de\/wp-json\/wp\/v2\/types\/page"}],"author":[{"embeddable":true,"href":"https:\/\/teamsorare.com\/de\/wp-json\/wp\/v2\/users\/1"}],"replies":[{"embeddable":true,"href":"https:\/\/teamsorare.com\/de\/wp-json\/wp\/v2\/comments?post=903"}],"version-history":[{"count":2,"href":"https:\/\/teamsorare.com\/de\/wp-json\/wp\/v2\/pages\/903\/revisions"}],"predecessor-version":[{"id":1259,"href":"https:\/\/teamsorare.com\/de\/wp-json\/wp\/v2\/pages\/903\/revisions\/1259"}],"up":[{"embeddable":true,"href":"https:\/\/teamsorare.com\/de\/wp-json\/wp\/v2\/pages\/886"}],"wp:attachment":[{"href":"https:\/\/teamsorare.com\/de\/wp-json\/wp\/v2\/media?parent=903"}],"curies":[{"name":"wp","href":"https:\/\/api.w.org\/{rel}","templated":true}]}}